{"id":7728,"date":"2015-05-22T13:26:48","date_gmt":"2015-05-22T11:26:48","guid":{"rendered":"https:\/\/www.technique-italia.com\/\/products\/bez-kategorii\/alkemy-nutro-olejek-mineralizujacy\/"},"modified":"2021-11-04T09:26:31","modified_gmt":"2021-11-04T08:26:31","slug":"alkemy-nutro-olejek-mineralizujacy","status":"publish","type":"product","link":"https:\/\/www.technique-italia.com\/pl\/products\/zabiegi\/alkemy-nutro-pl\/alkemy-nutro-olejek-mineralizujacy\/","title":{"rendered":"Alkemy Nutro | Olejek Mineralizuj\u0105cy"},"content":{"rendered":"","protected":false},"excerpt":{"rendered":"<p><b>Alkemy Nutro, Olejek Mineralizuj\u0105cy<\/b><span style=\"font-weight: 400;\">, wykazuje natychmiastowe dzia\u0142anie odbudowuj\u0105ce na uszkodzone cz\u0119\u015bciach w\u0142os\u00f3w. Formu\u0142a wzbogacona <\/span><b>kompleksem<\/b> <b>minera\u0142\u00f3w <\/b><span style=\"font-weight: 400;\">i<\/span><b> woskami ochronnymi<\/b><span style=\"font-weight: 400;\">. Wykazuje dzia\u0142anie zmi\u0119kczaj\u0105ce. Zalecany do stosowania po zabiegach chemicznych (trwa\u0142a ondulacja, farbowanie i dekoloryzacja). Preparat nale\u017cy sp\u0142uka\u0107.<\/span><\/p>\n<p><span style=\"font-weight: 400;\">Do stosowania zewn\u0119trznego<\/span><\/p>\n<p><span style=\"font-weight: 400;\">Pude\u0142ko 10 ampu\u0142ek z pojedyncz\u0105 dawk\u0105 10 ml<\/span><\/p>\n","protected":false},"featured_media":7307,"template":"","meta":[],"product_brand":[],"product_cat":[602,598],"product_tag":[],"class_list":{"0":"post-7728","1":"product","2":"type-product","3":"status-publish","4":"has-post-thumbnail","6":"product_cat-alkemy-nutro-pl","7":"product_cat-zabiegi","8":"description-off","10":"first","11":"instock","12":"shipping-taxable","13":"product-type-simple"},"yoast_head":"<!-- This site is optimized with the Yoast SEO plugin v26.8 - https:\/\/yoast.com\/product\/yoast-seo-wordpress\/ -->\n<title>Alkemy Nutro | Olejek Mineralizuj\u0105cy<\/title>\n<meta name=\"description\" content=\"Alkemy Nutro, Olejek Mineralizuj\u0105cy, wykazuje natychmiastowe dzia\u0142anie odbudowuj\u0105ce na uszkodzone cz\u0119\u015bciach w\u0142os\u00f3w.\" \/>\n<meta name=\"robots\" content=\"index, follow, max-snippet:-1, max-image-preview:large, max-video-preview:-1\" \/>\n<link rel=\"canonical\" href=\"https:\/\/www.technique-italia.com\/pl\/products\/zabiegi\/alkemy-nutro-pl\/alkemy-nutro-olejek-mineralizujacy\/\" \/>\n<meta property=\"og:locale\" content=\"pl_PL\" \/>\n<meta property=\"og:type\" content=\"article\" \/>\n<meta property=\"og:title\" content=\"Alkemy Nutro | Olejek Mineralizuj\u0105cy\" \/>\n<meta property=\"og:description\" content=\"Alkemy Nutro, Olejek Mineralizuj\u0105cy, wykazuje natychmiastowe dzia\u0142anie odbudowuj\u0105ce na uszkodzone cz\u0119\u015bciach w\u0142os\u00f3w.\" \/>\n<meta property=\"og:url\" content=\"https:\/\/www.technique-italia.com\/pl\/products\/zabiegi\/alkemy-nutro-pl\/alkemy-nutro-olejek-mineralizujacy\/\" \/>\n<meta property=\"og:site_name\" content=\"Technique\" \/>\n<meta property=\"article:modified_time\" content=\"2021-11-04T08:26:31+00:00\" \/>\n<meta property=\"og:image\" content=\"https:\/\/www.technique-italia.com\/wp-content\/uploads\/2019\/02\/technique_alkemy_nutro_olio_mineralizzante.png\" \/>\n\t<meta property=\"og:image:width\" content=\"512\" \/>\n\t<meta property=\"og:image:height\" content=\"600\" \/>\n\t<meta property=\"og:image:type\" content=\"image\/png\" \/>\n<meta name=\"twitter:card\" content=\"summary_large_image\" \/>\n<script type=\"application\/ld+json\" class=\"yoast-schema-graph\">{\"@context\":\"https:\/\/schema.org\",\"@graph\":[{\"@type\":\"WebPage\",\"@id\":\"https:\/\/www.technique-italia.com\/pl\/products\/zabiegi\/alkemy-nutro-pl\/alkemy-nutro-olejek-mineralizujacy\/\",\"url\":\"https:\/\/www.technique-italia.com\/pl\/products\/zabiegi\/alkemy-nutro-pl\/alkemy-nutro-olejek-mineralizujacy\/\",\"name\":\"Alkemy Nutro | Olejek Mineralizuj\u0105cy\",\"isPartOf\":{\"@id\":\"https:\/\/www.technique-italia.com\/pl\/#website\"},\"primaryImageOfPage\":{\"@id\":\"https:\/\/www.technique-italia.com\/pl\/products\/zabiegi\/alkemy-nutro-pl\/alkemy-nutro-olejek-mineralizujacy\/#primaryimage\"},\"image\":{\"@id\":\"https:\/\/www.technique-italia.com\/pl\/products\/zabiegi\/alkemy-nutro-pl\/alkemy-nutro-olejek-mineralizujacy\/#primaryimage\"},\"thumbnailUrl\":\"https:\/\/www.technique-italia.com\/wp-content\/uploads\/2019\/02\/technique_alkemy_nutro_olio_mineralizzante.png\",\"datePublished\":\"2015-05-22T11:26:48+00:00\",\"dateModified\":\"2021-11-04T08:26:31+00:00\",\"description\":\"Alkemy Nutro, Olejek Mineralizuj\u0105cy, wykazuje natychmiastowe dzia\u0142anie odbudowuj\u0105ce na uszkodzone cz\u0119\u015bciach w\u0142os\u00f3w.\",\"breadcrumb\":{\"@id\":\"https:\/\/www.technique-italia.com\/pl\/products\/zabiegi\/alkemy-nutro-pl\/alkemy-nutro-olejek-mineralizujacy\/#breadcrumb\"},\"inLanguage\":\"pl-PL\",\"potentialAction\":[{\"@type\":\"ReadAction\",\"target\":[\"https:\/\/www.technique-italia.com\/pl\/products\/zabiegi\/alkemy-nutro-pl\/alkemy-nutro-olejek-mineralizujacy\/\"]}]},{\"@type\":\"ImageObject\",\"inLanguage\":\"pl-PL\",\"@id\":\"https:\/\/www.technique-italia.com\/pl\/products\/zabiegi\/alkemy-nutro-pl\/alkemy-nutro-olejek-mineralizujacy\/#primaryimage\",\"url\":\"https:\/\/www.technique-italia.com\/wp-content\/uploads\/2019\/02\/technique_alkemy_nutro_olio_mineralizzante.png\",\"contentUrl\":\"https:\/\/www.technique-italia.com\/wp-content\/uploads\/2019\/02\/technique_alkemy_nutro_olio_mineralizzante.png\",\"width\":512,\"height\":600,\"caption\":\"Alkemy Nutro | Olejek Mineralizuj\u0105cy\"},{\"@type\":\"BreadcrumbList\",\"@id\":\"https:\/\/www.technique-italia.com\/pl\/products\/zabiegi\/alkemy-nutro-pl\/alkemy-nutro-olejek-mineralizujacy\/#breadcrumb\",\"itemListElement\":[{\"@type\":\"ListItem\",\"position\":1,\"name\":\"Home\",\"item\":\"https:\/\/www.technique-italia.com\/pl\/\"},{\"@type\":\"ListItem\",\"position\":2,\"name\":\"Produkty\",\"item\":\"https:\/\/www.technique-italia.com\/pl\/shop\/\"},{\"@type\":\"ListItem\",\"position\":3,\"name\":\"Alkemy Nutro | Olejek Mineralizuj\u0105cy\"}]},{\"@type\":\"WebSite\",\"@id\":\"https:\/\/www.technique-italia.com\/pl\/#website\",\"url\":\"https:\/\/www.technique-italia.com\/pl\/\",\"name\":\"Technique\",\"description\":\"The Italian Concept\",\"potentialAction\":[{\"@type\":\"SearchAction\",\"target\":{\"@type\":\"EntryPoint\",\"urlTemplate\":\"https:\/\/www.technique-italia.com\/pl\/?s={search_term_string}\"},\"query-input\":{\"@type\":\"PropertyValueSpecification\",\"valueRequired\":true,\"valueName\":\"search_term_string\"}}],\"inLanguage\":\"pl-PL\"}]}<\/script>\n<!-- \/ Yoast SEO plugin. -->","yoast_head_json":{"title":"Alkemy Nutro | Olejek Mineralizuj\u0105cy","description":"Alkemy Nutro, Olejek Mineralizuj\u0105cy, wykazuje natychmiastowe dzia\u0142anie odbudowuj\u0105ce na uszkodzone cz\u0119\u015bciach w\u0142os\u00f3w.","robots":{"index":"index","follow":"follow","max-snippet":"max-snippet:-1","max-image-preview":"max-image-preview:large","max-video-preview":"max-video-preview:-1"},"canonical":"https:\/\/www.technique-italia.com\/pl\/products\/zabiegi\/alkemy-nutro-pl\/alkemy-nutro-olejek-mineralizujacy\/","og_locale":"pl_PL","og_type":"article","og_title":"Alkemy Nutro | Olejek Mineralizuj\u0105cy","og_description":"Alkemy Nutro, Olejek Mineralizuj\u0105cy, wykazuje natychmiastowe dzia\u0142anie odbudowuj\u0105ce na uszkodzone cz\u0119\u015bciach w\u0142os\u00f3w.","og_url":"https:\/\/www.technique-italia.com\/pl\/products\/zabiegi\/alkemy-nutro-pl\/alkemy-nutro-olejek-mineralizujacy\/","og_site_name":"Technique","article_modified_time":"2021-11-04T08:26:31+00:00","og_image":[{"width":512,"height":600,"url":"https:\/\/www.technique-italia.com\/wp-content\/uploads\/2019\/02\/technique_alkemy_nutro_olio_mineralizzante.png","type":"image\/png"}],"twitter_card":"summary_large_image","schema":{"@context":"https:\/\/schema.org","@graph":[{"@type":"WebPage","@id":"https:\/\/www.technique-italia.com\/pl\/products\/zabiegi\/alkemy-nutro-pl\/alkemy-nutro-olejek-mineralizujacy\/","url":"https:\/\/www.technique-italia.com\/pl\/products\/zabiegi\/alkemy-nutro-pl\/alkemy-nutro-olejek-mineralizujacy\/","name":"Alkemy Nutro | Olejek Mineralizuj\u0105cy","isPartOf":{"@id":"https:\/\/www.technique-italia.com\/pl\/#website"},"primaryImageOfPage":{"@id":"https:\/\/www.technique-italia.com\/pl\/products\/zabiegi\/alkemy-nutro-pl\/alkemy-nutro-olejek-mineralizujacy\/#primaryimage"},"image":{"@id":"https:\/\/www.technique-italia.com\/pl\/products\/zabiegi\/alkemy-nutro-pl\/alkemy-nutro-olejek-mineralizujacy\/#primaryimage"},"thumbnailUrl":"https:\/\/www.technique-italia.com\/wp-content\/uploads\/2019\/02\/technique_alkemy_nutro_olio_mineralizzante.png","datePublished":"2015-05-22T11:26:48+00:00","dateModified":"2021-11-04T08:26:31+00:00","description":"Alkemy Nutro, Olejek Mineralizuj\u0105cy, wykazuje natychmiastowe dzia\u0142anie odbudowuj\u0105ce na uszkodzone cz\u0119\u015bciach w\u0142os\u00f3w.","breadcrumb":{"@id":"https:\/\/www.technique-italia.com\/pl\/products\/zabiegi\/alkemy-nutro-pl\/alkemy-nutro-olejek-mineralizujacy\/#breadcrumb"},"inLanguage":"pl-PL","potentialAction":[{"@type":"ReadAction","target":["https:\/\/www.technique-italia.com\/pl\/products\/zabiegi\/alkemy-nutro-pl\/alkemy-nutro-olejek-mineralizujacy\/"]}]},{"@type":"ImageObject","inLanguage":"pl-PL","@id":"https:\/\/www.technique-italia.com\/pl\/products\/zabiegi\/alkemy-nutro-pl\/alkemy-nutro-olejek-mineralizujacy\/#primaryimage","url":"https:\/\/www.technique-italia.com\/wp-content\/uploads\/2019\/02\/technique_alkemy_nutro_olio_mineralizzante.png","contentUrl":"https:\/\/www.technique-italia.com\/wp-content\/uploads\/2019\/02\/technique_alkemy_nutro_olio_mineralizzante.png","width":512,"height":600,"caption":"Alkemy Nutro | Olejek Mineralizuj\u0105cy"},{"@type":"BreadcrumbList","@id":"https:\/\/www.technique-italia.com\/pl\/products\/zabiegi\/alkemy-nutro-pl\/alkemy-nutro-olejek-mineralizujacy\/#breadcrumb","itemListElement":[{"@type":"ListItem","position":1,"name":"Home","item":"https:\/\/www.technique-italia.com\/pl\/"},{"@type":"ListItem","position":2,"name":"Produkty","item":"https:\/\/www.technique-italia.com\/pl\/shop\/"},{"@type":"ListItem","position":3,"name":"Alkemy Nutro | Olejek Mineralizuj\u0105cy"}]},{"@type":"WebSite","@id":"https:\/\/www.technique-italia.com\/pl\/#website","url":"https:\/\/www.technique-italia.com\/pl\/","name":"Technique","description":"The Italian Concept","potentialAction":[{"@type":"SearchAction","target":{"@type":"EntryPoint","urlTemplate":"https:\/\/www.technique-italia.com\/pl\/?s={search_term_string}"},"query-input":{"@type":"PropertyValueSpecification","valueRequired":true,"valueName":"search_term_string"}}],"inLanguage":"pl-PL"}]}},"_links":{"self":[{"href":"https:\/\/www.technique-italia.com\/pl\/wp-json\/wp\/v2\/product\/7728","targetHints":{"allow":["GET"]}}],"collection":[{"href":"https:\/\/www.technique-italia.com\/pl\/wp-json\/wp\/v2\/product"}],"about":[{"href":"https:\/\/www.technique-italia.com\/pl\/wp-json\/wp\/v2\/types\/product"}],"wp:featuredmedia":[{"embeddable":true,"href":"https:\/\/www.technique-italia.com\/pl\/wp-json\/wp\/v2\/media\/7307"}],"wp:attachment":[{"href":"https:\/\/www.technique-italia.com\/pl\/wp-json\/wp\/v2\/media?parent=7728"}],"wp:term":[{"taxonomy":"product_brand","embeddable":true,"href":"https:\/\/www.technique-italia.com\/pl\/wp-json\/wp\/v2\/product_brand?post=7728"},{"taxonomy":"product_cat","embeddable":true,"href":"https:\/\/www.technique-italia.com\/pl\/wp-json\/wp\/v2\/product_cat?post=7728"},{"taxonomy":"product_tag","embeddable":true,"href":"https:\/\/www.technique-italia.com\/pl\/wp-json\/wp\/v2\/product_tag?post=7728"}],"curies":[{"name":"wp","href":"https:\/\/api.w.org\/{rel}","templated":true}]}}