{"id":7727,"date":"2015-05-22T13:30:55","date_gmt":"2015-05-22T11:30:55","guid":{"rendered":"https:\/\/www.technique-italia.com\/\/products\/bez-kategorii\/alkemy-nutro-plynne-krysztaly-z-olejem-lnianym\/"},"modified":"2021-11-04T09:25:48","modified_gmt":"2021-11-04T08:25:48","slug":"alkemy-nutro-plynne-krysztaly-z-olejem-lnianym","status":"publish","type":"product","link":"https:\/\/www.technique-italia.com\/pl\/products\/zabiegi\/alkemy-nutro-pl\/alkemy-nutro-plynne-krysztaly-z-olejem-lnianym\/","title":{"rendered":"Alkemy Nutro | P\u0142ynne Kryszta\u0142y z Olejem Lnianym"},"content":{"rendered":"","protected":false},"excerpt":{"rendered":"<p><b>Alkemy Nutro, Kryszta\u0142y do rozdwajaj\u0105cych si\u0119 i \u0142amliwych ko\u0144c\u00f3wek<\/b><span style=\"font-weight: 400;\">, to idealny produkt, aby uchroni\u0107 w\u0142\u00f3kno w\u0142osa przed szkodliwymi zewn\u0119trznymi czynnikami. Formu\u0142a wzbogacona <\/span><b>Olejem Lnianym<\/b><span style=\"font-weight: 400;\">, aby nada\u0107 w\u0142osom obj\u0119to\u015b\u0107 i po\u0142ysk. Zmniejsza rozdwajanie si\u0119 ko\u0144c\u00f3wek i kontroluje puszenie si\u0119 w\u0142os\u00f3w. Bez sp\u0142ukiwania.<\/span><\/p>\n<p><span style=\"font-weight: 400;\">Kokosowy zapach<\/span><\/p>\n<p><span style=\"font-weight: 400;\">Do stosowania zewn\u0119trznego<\/span><\/p>\n<p><span style=\"font-weight: 400;\">Flakon o pojemno\u015bci 100 ml<\/span><\/p>\n","protected":false},"featured_media":7308,"template":"","meta":[],"product_brand":[],"product_cat":[602,598],"product_tag":[],"class_list":{"0":"post-7727","1":"product","2":"type-product","3":"status-publish","4":"has-post-thumbnail","6":"product_cat-alkemy-nutro-pl","7":"product_cat-zabiegi","8":"description-off","10":"first","11":"instock","12":"shipping-taxable","13":"product-type-simple"},"yoast_head":"<!-- This site is optimized with the Yoast SEO plugin v26.8 - https:\/\/yoast.com\/product\/yoast-seo-wordpress\/ -->\n<title>Alkemy Nutro | P\u0142ynne Kryszta\u0142y z Olejem Lnianym<\/title>\n<meta name=\"description\" content=\"Alkemy Nutro, Kryszta\u0142y do rozdwajaj\u0105cych si\u0119 i \u0142amliwych ko\u0144c\u00f3wek, to idealny produkt, aby uchroni\u0107 w\u0142\u00f3kno w\u0142osa przed szkodliwymi zewn\u0119trznymi czynnikami.\" \/>\n<meta name=\"robots\" content=\"index, follow, max-snippet:-1, max-image-preview:large, max-video-preview:-1\" \/>\n<link rel=\"canonical\" href=\"https:\/\/www.technique-italia.com\/pl\/products\/zabiegi\/alkemy-nutro-pl\/alkemy-nutro-plynne-krysztaly-z-olejem-lnianym\/\" \/>\n<meta property=\"og:locale\" content=\"pl_PL\" \/>\n<meta property=\"og:type\" content=\"article\" \/>\n<meta property=\"og:title\" content=\"Alkemy Nutro | P\u0142ynne Kryszta\u0142y z Olejem Lnianym\" \/>\n<meta property=\"og:description\" content=\"Alkemy Nutro, Kryszta\u0142y do rozdwajaj\u0105cych si\u0119 i \u0142amliwych ko\u0144c\u00f3wek, to idealny produkt, aby uchroni\u0107 w\u0142\u00f3kno w\u0142osa przed szkodliwymi zewn\u0119trznymi czynnikami.\" \/>\n<meta property=\"og:url\" content=\"https:\/\/www.technique-italia.com\/pl\/products\/zabiegi\/alkemy-nutro-pl\/alkemy-nutro-plynne-krysztaly-z-olejem-lnianym\/\" \/>\n<meta property=\"og:site_name\" content=\"Technique\" \/>\n<meta property=\"article:modified_time\" content=\"2021-11-04T08:25:48+00:00\" \/>\n<meta property=\"og:image\" content=\"https:\/\/www.technique-italia.com\/wp-content\/uploads\/2019\/02\/technique_alkemy_nutro_cristalli_liquisi_semi_di_lino_100ml.png\" \/>\n\t<meta property=\"og:image:width\" content=\"512\" \/>\n\t<meta property=\"og:image:height\" content=\"600\" \/>\n\t<meta property=\"og:image:type\" content=\"image\/png\" \/>\n<meta name=\"twitter:card\" content=\"summary_large_image\" \/>\n<script type=\"application\/ld+json\" class=\"yoast-schema-graph\">{\"@context\":\"https:\/\/schema.org\",\"@graph\":[{\"@type\":\"WebPage\",\"@id\":\"https:\/\/www.technique-italia.com\/pl\/products\/zabiegi\/alkemy-nutro-pl\/alkemy-nutro-plynne-krysztaly-z-olejem-lnianym\/\",\"url\":\"https:\/\/www.technique-italia.com\/pl\/products\/zabiegi\/alkemy-nutro-pl\/alkemy-nutro-plynne-krysztaly-z-olejem-lnianym\/\",\"name\":\"Alkemy Nutro | P\u0142ynne Kryszta\u0142y z Olejem Lnianym\",\"isPartOf\":{\"@id\":\"https:\/\/www.technique-italia.com\/pl\/#website\"},\"primaryImageOfPage\":{\"@id\":\"https:\/\/www.technique-italia.com\/pl\/products\/zabiegi\/alkemy-nutro-pl\/alkemy-nutro-plynne-krysztaly-z-olejem-lnianym\/#primaryimage\"},\"image\":{\"@id\":\"https:\/\/www.technique-italia.com\/pl\/products\/zabiegi\/alkemy-nutro-pl\/alkemy-nutro-plynne-krysztaly-z-olejem-lnianym\/#primaryimage\"},\"thumbnailUrl\":\"https:\/\/www.technique-italia.com\/wp-content\/uploads\/2019\/02\/technique_alkemy_nutro_cristalli_liquisi_semi_di_lino_100ml.png\",\"datePublished\":\"2015-05-22T11:30:55+00:00\",\"dateModified\":\"2021-11-04T08:25:48+00:00\",\"description\":\"Alkemy Nutro, Kryszta\u0142y do rozdwajaj\u0105cych si\u0119 i \u0142amliwych ko\u0144c\u00f3wek, to idealny produkt, aby uchroni\u0107 w\u0142\u00f3kno w\u0142osa przed szkodliwymi zewn\u0119trznymi czynnikami.\",\"breadcrumb\":{\"@id\":\"https:\/\/www.technique-italia.com\/pl\/products\/zabiegi\/alkemy-nutro-pl\/alkemy-nutro-plynne-krysztaly-z-olejem-lnianym\/#breadcrumb\"},\"inLanguage\":\"pl-PL\",\"potentialAction\":[{\"@type\":\"ReadAction\",\"target\":[\"https:\/\/www.technique-italia.com\/pl\/products\/zabiegi\/alkemy-nutro-pl\/alkemy-nutro-plynne-krysztaly-z-olejem-lnianym\/\"]}]},{\"@type\":\"ImageObject\",\"inLanguage\":\"pl-PL\",\"@id\":\"https:\/\/www.technique-italia.com\/pl\/products\/zabiegi\/alkemy-nutro-pl\/alkemy-nutro-plynne-krysztaly-z-olejem-lnianym\/#primaryimage\",\"url\":\"https:\/\/www.technique-italia.com\/wp-content\/uploads\/2019\/02\/technique_alkemy_nutro_cristalli_liquisi_semi_di_lino_100ml.png\",\"contentUrl\":\"https:\/\/www.technique-italia.com\/wp-content\/uploads\/2019\/02\/technique_alkemy_nutro_cristalli_liquisi_semi_di_lino_100ml.png\",\"width\":512,\"height\":600,\"caption\":\"Alkemy Nutro | P\u0142ynne Kryszta\u0142y z Olejem Lnianym\"},{\"@type\":\"BreadcrumbList\",\"@id\":\"https:\/\/www.technique-italia.com\/pl\/products\/zabiegi\/alkemy-nutro-pl\/alkemy-nutro-plynne-krysztaly-z-olejem-lnianym\/#breadcrumb\",\"itemListElement\":[{\"@type\":\"ListItem\",\"position\":1,\"name\":\"Home\",\"item\":\"https:\/\/www.technique-italia.com\/pl\/\"},{\"@type\":\"ListItem\",\"position\":2,\"name\":\"Produkty\",\"item\":\"https:\/\/www.technique-italia.com\/pl\/shop\/\"},{\"@type\":\"ListItem\",\"position\":3,\"name\":\"Alkemy Nutro | P\u0142ynne Kryszta\u0142y z Olejem Lnianym\"}]},{\"@type\":\"WebSite\",\"@id\":\"https:\/\/www.technique-italia.com\/pl\/#website\",\"url\":\"https:\/\/www.technique-italia.com\/pl\/\",\"name\":\"Technique\",\"description\":\"The Italian Concept\",\"potentialAction\":[{\"@type\":\"SearchAction\",\"target\":{\"@type\":\"EntryPoint\",\"urlTemplate\":\"https:\/\/www.technique-italia.com\/pl\/?s={search_term_string}\"},\"query-input\":{\"@type\":\"PropertyValueSpecification\",\"valueRequired\":true,\"valueName\":\"search_term_string\"}}],\"inLanguage\":\"pl-PL\"}]}<\/script>\n<!-- \/ Yoast SEO plugin. -->","yoast_head_json":{"title":"Alkemy Nutro | P\u0142ynne Kryszta\u0142y z Olejem Lnianym","description":"Alkemy Nutro, Kryszta\u0142y do rozdwajaj\u0105cych si\u0119 i \u0142amliwych ko\u0144c\u00f3wek, to idealny produkt, aby uchroni\u0107 w\u0142\u00f3kno w\u0142osa przed szkodliwymi zewn\u0119trznymi czynnikami.","robots":{"index":"index","follow":"follow","max-snippet":"max-snippet:-1","max-image-preview":"max-image-preview:large","max-video-preview":"max-video-preview:-1"},"canonical":"https:\/\/www.technique-italia.com\/pl\/products\/zabiegi\/alkemy-nutro-pl\/alkemy-nutro-plynne-krysztaly-z-olejem-lnianym\/","og_locale":"pl_PL","og_type":"article","og_title":"Alkemy Nutro | P\u0142ynne Kryszta\u0142y z Olejem Lnianym","og_description":"Alkemy Nutro, Kryszta\u0142y do rozdwajaj\u0105cych si\u0119 i \u0142amliwych ko\u0144c\u00f3wek, to idealny produkt, aby uchroni\u0107 w\u0142\u00f3kno w\u0142osa przed szkodliwymi zewn\u0119trznymi czynnikami.","og_url":"https:\/\/www.technique-italia.com\/pl\/products\/zabiegi\/alkemy-nutro-pl\/alkemy-nutro-plynne-krysztaly-z-olejem-lnianym\/","og_site_name":"Technique","article_modified_time":"2021-11-04T08:25:48+00:00","og_image":[{"width":512,"height":600,"url":"https:\/\/www.technique-italia.com\/wp-content\/uploads\/2019\/02\/technique_alkemy_nutro_cristalli_liquisi_semi_di_lino_100ml.png","type":"image\/png"}],"twitter_card":"summary_large_image","schema":{"@context":"https:\/\/schema.org","@graph":[{"@type":"WebPage","@id":"https:\/\/www.technique-italia.com\/pl\/products\/zabiegi\/alkemy-nutro-pl\/alkemy-nutro-plynne-krysztaly-z-olejem-lnianym\/","url":"https:\/\/www.technique-italia.com\/pl\/products\/zabiegi\/alkemy-nutro-pl\/alkemy-nutro-plynne-krysztaly-z-olejem-lnianym\/","name":"Alkemy Nutro | P\u0142ynne Kryszta\u0142y z Olejem Lnianym","isPartOf":{"@id":"https:\/\/www.technique-italia.com\/pl\/#website"},"primaryImageOfPage":{"@id":"https:\/\/www.technique-italia.com\/pl\/products\/zabiegi\/alkemy-nutro-pl\/alkemy-nutro-plynne-krysztaly-z-olejem-lnianym\/#primaryimage"},"image":{"@id":"https:\/\/www.technique-italia.com\/pl\/products\/zabiegi\/alkemy-nutro-pl\/alkemy-nutro-plynne-krysztaly-z-olejem-lnianym\/#primaryimage"},"thumbnailUrl":"https:\/\/www.technique-italia.com\/wp-content\/uploads\/2019\/02\/technique_alkemy_nutro_cristalli_liquisi_semi_di_lino_100ml.png","datePublished":"2015-05-22T11:30:55+00:00","dateModified":"2021-11-04T08:25:48+00:00","description":"Alkemy Nutro, Kryszta\u0142y do rozdwajaj\u0105cych si\u0119 i \u0142amliwych ko\u0144c\u00f3wek, to idealny produkt, aby uchroni\u0107 w\u0142\u00f3kno w\u0142osa przed szkodliwymi zewn\u0119trznymi czynnikami.","breadcrumb":{"@id":"https:\/\/www.technique-italia.com\/pl\/products\/zabiegi\/alkemy-nutro-pl\/alkemy-nutro-plynne-krysztaly-z-olejem-lnianym\/#breadcrumb"},"inLanguage":"pl-PL","potentialAction":[{"@type":"ReadAction","target":["https:\/\/www.technique-italia.com\/pl\/products\/zabiegi\/alkemy-nutro-pl\/alkemy-nutro-plynne-krysztaly-z-olejem-lnianym\/"]}]},{"@type":"ImageObject","inLanguage":"pl-PL","@id":"https:\/\/www.technique-italia.com\/pl\/products\/zabiegi\/alkemy-nutro-pl\/alkemy-nutro-plynne-krysztaly-z-olejem-lnianym\/#primaryimage","url":"https:\/\/www.technique-italia.com\/wp-content\/uploads\/2019\/02\/technique_alkemy_nutro_cristalli_liquisi_semi_di_lino_100ml.png","contentUrl":"https:\/\/www.technique-italia.com\/wp-content\/uploads\/2019\/02\/technique_alkemy_nutro_cristalli_liquisi_semi_di_lino_100ml.png","width":512,"height":600,"caption":"Alkemy Nutro | P\u0142ynne Kryszta\u0142y z Olejem Lnianym"},{"@type":"BreadcrumbList","@id":"https:\/\/www.technique-italia.com\/pl\/products\/zabiegi\/alkemy-nutro-pl\/alkemy-nutro-plynne-krysztaly-z-olejem-lnianym\/#breadcrumb","itemListElement":[{"@type":"ListItem","position":1,"name":"Home","item":"https:\/\/www.technique-italia.com\/pl\/"},{"@type":"ListItem","position":2,"name":"Produkty","item":"https:\/\/www.technique-italia.com\/pl\/shop\/"},{"@type":"ListItem","position":3,"name":"Alkemy Nutro | P\u0142ynne Kryszta\u0142y z Olejem Lnianym"}]},{"@type":"WebSite","@id":"https:\/\/www.technique-italia.com\/pl\/#website","url":"https:\/\/www.technique-italia.com\/pl\/","name":"Technique","description":"The Italian Concept","potentialAction":[{"@type":"SearchAction","target":{"@type":"EntryPoint","urlTemplate":"https:\/\/www.technique-italia.com\/pl\/?s={search_term_string}"},"query-input":{"@type":"PropertyValueSpecification","valueRequired":true,"valueName":"search_term_string"}}],"inLanguage":"pl-PL"}]}},"_links":{"self":[{"href":"https:\/\/www.technique-italia.com\/pl\/wp-json\/wp\/v2\/product\/7727","targetHints":{"allow":["GET"]}}],"collection":[{"href":"https:\/\/www.technique-italia.com\/pl\/wp-json\/wp\/v2\/product"}],"about":[{"href":"https:\/\/www.technique-italia.com\/pl\/wp-json\/wp\/v2\/types\/product"}],"wp:featuredmedia":[{"embeddable":true,"href":"https:\/\/www.technique-italia.com\/pl\/wp-json\/wp\/v2\/media\/7308"}],"wp:attachment":[{"href":"https:\/\/www.technique-italia.com\/pl\/wp-json\/wp\/v2\/media?parent=7727"}],"wp:term":[{"taxonomy":"product_brand","embeddable":true,"href":"https:\/\/www.technique-italia.com\/pl\/wp-json\/wp\/v2\/product_brand?post=7727"},{"taxonomy":"product_cat","embeddable":true,"href":"https:\/\/www.technique-italia.com\/pl\/wp-json\/wp\/v2\/product_cat?post=7727"},{"taxonomy":"product_tag","embeddable":true,"href":"https:\/\/www.technique-italia.com\/pl\/wp-json\/wp\/v2\/product_tag?post=7727"}],"curies":[{"name":"wp","href":"https:\/\/api.w.org\/{rel}","templated":true}]}}