{"id":7725,"date":"2015-05-22T12:04:29","date_gmt":"2015-05-22T10:04:29","guid":{"rendered":"https:\/\/www.technique-italia.com\/\/products\/bez-kategorii\/alkemy-curl-krem-definicja-i-kontrola\/"},"modified":"2022-02-15T12:43:37","modified_gmt":"2022-02-15T11:43:37","slug":"alkemy-curl-krem-definicja-i-kontrola","status":"publish","type":"product","link":"https:\/\/www.technique-italia.com\/pl\/products\/zabiegi\/alkemy-curl\/alkemy-curl-krem-definicja-i-kontrola\/","title":{"rendered":"Alkemy Curl | Krem definicja i kontrola"},"content":{"rendered":"","protected":false},"excerpt":{"rendered":"<p><b>Alkemy Curl, Krem<\/b> <b>definicja i kontrola kr\u0119conych w\u0142os\u00f3w<\/b><span style=\"font-weight: 400;\"> bez sp\u0142ukiwania, to nowy zabieg <\/span><b>o silnym dzia\u0142aniu od\u017cywczym <\/b><span style=\"font-weight: 400;\">z efektem u\u0142atwiaj\u0105cym rozczesywanie. <\/span><b>Zapobiega puszeniu si\u0119 w\u0142os\u00f3w<\/b><span style=\"font-weight: 400;\"> i widocznie od\u017cywia kr\u0119cone w\u0142osy, doskonale je rozdzielaj\u0105c.<\/span><\/p>\n<p><span style=\"font-weight: 400;\">Do u\u017cytku profesjonalnego<\/span><\/p>\n<p><span style=\"font-weight: 400;\">Tubka o pojemno\u015bci 200 ml<\/span><\/p>\n","protected":false},"featured_media":18028,"template":"","meta":[],"product_brand":[],"product_cat":[601,598],"product_tag":[],"class_list":{"0":"post-7725","1":"product","2":"type-product","3":"status-publish","4":"has-post-thumbnail","6":"product_cat-alkemy-curl","7":"product_cat-zabiegi","8":"description-off","10":"first","11":"instock","12":"shipping-taxable","13":"product-type-simple"},"yoast_head":"<!-- This site is optimized with the Yoast SEO plugin v26.8 - https:\/\/yoast.com\/product\/yoast-seo-wordpress\/ -->\n<title>Alkemy Curl | Krem definicja i kontrola<\/title>\n<meta name=\"description\" content=\"Alkemy Curl, Krem definicja i kontrola kr\u0119conych w\u0142os\u00f3w bez sp\u0142ukiwania, to nowy zabieg o silnym dzia\u0142aniu od\u017cywczym z efektem u\u0142atwiaj\u0105cym rozczesywanie.\" \/>\n<meta name=\"robots\" content=\"index, follow, max-snippet:-1, max-image-preview:large, max-video-preview:-1\" \/>\n<link rel=\"canonical\" href=\"https:\/\/www.technique-italia.com\/pl\/products\/zabiegi\/alkemy-curl\/alkemy-curl-krem-definicja-i-kontrola\/\" \/>\n<meta property=\"og:locale\" content=\"pl_PL\" \/>\n<meta property=\"og:type\" content=\"article\" \/>\n<meta property=\"og:title\" content=\"Alkemy Curl | Krem definicja i kontrola\" \/>\n<meta property=\"og:description\" content=\"Alkemy Curl, Krem definicja i kontrola kr\u0119conych w\u0142os\u00f3w bez sp\u0142ukiwania, to nowy zabieg o silnym dzia\u0142aniu od\u017cywczym z efektem u\u0142atwiaj\u0105cym rozczesywanie.\" \/>\n<meta property=\"og:url\" content=\"https:\/\/www.technique-italia.com\/pl\/products\/zabiegi\/alkemy-curl\/alkemy-curl-krem-definicja-i-kontrola\/\" \/>\n<meta property=\"og:site_name\" content=\"Technique\" \/>\n<meta property=\"article:modified_time\" content=\"2022-02-15T11:43:37+00:00\" \/>\n<meta property=\"og:image\" content=\"https:\/\/www.technique-italia.com\/wp-content\/uploads\/2026\/03\/02066_technique_treatment_alkemy_curl_definition_suppleness_cream_200ml.png\" \/>\n\t<meta property=\"og:image:width\" content=\"800\" \/>\n\t<meta property=\"og:image:height\" content=\"800\" \/>\n\t<meta property=\"og:image:type\" content=\"image\/png\" \/>\n<meta name=\"twitter:card\" content=\"summary_large_image\" \/>\n<script type=\"application\/ld+json\" class=\"yoast-schema-graph\">{\"@context\":\"https:\/\/schema.org\",\"@graph\":[{\"@type\":\"WebPage\",\"@id\":\"https:\/\/www.technique-italia.com\/pl\/products\/zabiegi\/alkemy-curl\/alkemy-curl-krem-definicja-i-kontrola\/\",\"url\":\"https:\/\/www.technique-italia.com\/pl\/products\/zabiegi\/alkemy-curl\/alkemy-curl-krem-definicja-i-kontrola\/\",\"name\":\"Alkemy Curl | Krem definicja i kontrola\",\"isPartOf\":{\"@id\":\"https:\/\/www.technique-italia.com\/pl\/#website\"},\"primaryImageOfPage\":{\"@id\":\"https:\/\/www.technique-italia.com\/pl\/products\/zabiegi\/alkemy-curl\/alkemy-curl-krem-definicja-i-kontrola\/#primaryimage\"},\"image\":{\"@id\":\"https:\/\/www.technique-italia.com\/pl\/products\/zabiegi\/alkemy-curl\/alkemy-curl-krem-definicja-i-kontrola\/#primaryimage\"},\"thumbnailUrl\":\"https:\/\/www.technique-italia.com\/wp-content\/uploads\/2026\/03\/02066_technique_treatment_alkemy_curl_definition_suppleness_cream_200ml.png\",\"datePublished\":\"2015-05-22T10:04:29+00:00\",\"dateModified\":\"2022-02-15T11:43:37+00:00\",\"description\":\"Alkemy Curl, Krem definicja i kontrola kr\u0119conych w\u0142os\u00f3w bez sp\u0142ukiwania, to nowy zabieg o silnym dzia\u0142aniu od\u017cywczym z efektem u\u0142atwiaj\u0105cym rozczesywanie.\",\"breadcrumb\":{\"@id\":\"https:\/\/www.technique-italia.com\/pl\/products\/zabiegi\/alkemy-curl\/alkemy-curl-krem-definicja-i-kontrola\/#breadcrumb\"},\"inLanguage\":\"pl-PL\",\"potentialAction\":[{\"@type\":\"ReadAction\",\"target\":[\"https:\/\/www.technique-italia.com\/pl\/products\/zabiegi\/alkemy-curl\/alkemy-curl-krem-definicja-i-kontrola\/\"]}]},{\"@type\":\"ImageObject\",\"inLanguage\":\"pl-PL\",\"@id\":\"https:\/\/www.technique-italia.com\/pl\/products\/zabiegi\/alkemy-curl\/alkemy-curl-krem-definicja-i-kontrola\/#primaryimage\",\"url\":\"https:\/\/www.technique-italia.com\/wp-content\/uploads\/2026\/03\/02066_technique_treatment_alkemy_curl_definition_suppleness_cream_200ml.png\",\"contentUrl\":\"https:\/\/www.technique-italia.com\/wp-content\/uploads\/2026\/03\/02066_technique_treatment_alkemy_curl_definition_suppleness_cream_200ml.png\",\"width\":800,\"height\":800},{\"@type\":\"BreadcrumbList\",\"@id\":\"https:\/\/www.technique-italia.com\/pl\/products\/zabiegi\/alkemy-curl\/alkemy-curl-krem-definicja-i-kontrola\/#breadcrumb\",\"itemListElement\":[{\"@type\":\"ListItem\",\"position\":1,\"name\":\"Home\",\"item\":\"https:\/\/www.technique-italia.com\/pl\/\"},{\"@type\":\"ListItem\",\"position\":2,\"name\":\"Produkty\",\"item\":\"https:\/\/www.technique-italia.com\/pl\/shop\/\"},{\"@type\":\"ListItem\",\"position\":3,\"name\":\"Alkemy Curl | Krem definicja i kontrola\"}]},{\"@type\":\"WebSite\",\"@id\":\"https:\/\/www.technique-italia.com\/pl\/#website\",\"url\":\"https:\/\/www.technique-italia.com\/pl\/\",\"name\":\"Technique\",\"description\":\"The Italian Concept\",\"potentialAction\":[{\"@type\":\"SearchAction\",\"target\":{\"@type\":\"EntryPoint\",\"urlTemplate\":\"https:\/\/www.technique-italia.com\/pl\/?s={search_term_string}\"},\"query-input\":{\"@type\":\"PropertyValueSpecification\",\"valueRequired\":true,\"valueName\":\"search_term_string\"}}],\"inLanguage\":\"pl-PL\"}]}<\/script>\n<!-- \/ Yoast SEO plugin. -->","yoast_head_json":{"title":"Alkemy Curl | Krem definicja i kontrola","description":"Alkemy Curl, Krem definicja i kontrola kr\u0119conych w\u0142os\u00f3w bez sp\u0142ukiwania, to nowy zabieg o silnym dzia\u0142aniu od\u017cywczym z efektem u\u0142atwiaj\u0105cym rozczesywanie.","robots":{"index":"index","follow":"follow","max-snippet":"max-snippet:-1","max-image-preview":"max-image-preview:large","max-video-preview":"max-video-preview:-1"},"canonical":"https:\/\/www.technique-italia.com\/pl\/products\/zabiegi\/alkemy-curl\/alkemy-curl-krem-definicja-i-kontrola\/","og_locale":"pl_PL","og_type":"article","og_title":"Alkemy Curl | Krem definicja i kontrola","og_description":"Alkemy Curl, Krem definicja i kontrola kr\u0119conych w\u0142os\u00f3w bez sp\u0142ukiwania, to nowy zabieg o silnym dzia\u0142aniu od\u017cywczym z efektem u\u0142atwiaj\u0105cym rozczesywanie.","og_url":"https:\/\/www.technique-italia.com\/pl\/products\/zabiegi\/alkemy-curl\/alkemy-curl-krem-definicja-i-kontrola\/","og_site_name":"Technique","article_modified_time":"2022-02-15T11:43:37+00:00","og_image":[{"width":800,"height":800,"url":"https:\/\/www.technique-italia.com\/wp-content\/uploads\/2026\/03\/02066_technique_treatment_alkemy_curl_definition_suppleness_cream_200ml.png","type":"image\/png"}],"twitter_card":"summary_large_image","schema":{"@context":"https:\/\/schema.org","@graph":[{"@type":"WebPage","@id":"https:\/\/www.technique-italia.com\/pl\/products\/zabiegi\/alkemy-curl\/alkemy-curl-krem-definicja-i-kontrola\/","url":"https:\/\/www.technique-italia.com\/pl\/products\/zabiegi\/alkemy-curl\/alkemy-curl-krem-definicja-i-kontrola\/","name":"Alkemy Curl | Krem definicja i kontrola","isPartOf":{"@id":"https:\/\/www.technique-italia.com\/pl\/#website"},"primaryImageOfPage":{"@id":"https:\/\/www.technique-italia.com\/pl\/products\/zabiegi\/alkemy-curl\/alkemy-curl-krem-definicja-i-kontrola\/#primaryimage"},"image":{"@id":"https:\/\/www.technique-italia.com\/pl\/products\/zabiegi\/alkemy-curl\/alkemy-curl-krem-definicja-i-kontrola\/#primaryimage"},"thumbnailUrl":"https:\/\/www.technique-italia.com\/wp-content\/uploads\/2026\/03\/02066_technique_treatment_alkemy_curl_definition_suppleness_cream_200ml.png","datePublished":"2015-05-22T10:04:29+00:00","dateModified":"2022-02-15T11:43:37+00:00","description":"Alkemy Curl, Krem definicja i kontrola kr\u0119conych w\u0142os\u00f3w bez sp\u0142ukiwania, to nowy zabieg o silnym dzia\u0142aniu od\u017cywczym z efektem u\u0142atwiaj\u0105cym rozczesywanie.","breadcrumb":{"@id":"https:\/\/www.technique-italia.com\/pl\/products\/zabiegi\/alkemy-curl\/alkemy-curl-krem-definicja-i-kontrola\/#breadcrumb"},"inLanguage":"pl-PL","potentialAction":[{"@type":"ReadAction","target":["https:\/\/www.technique-italia.com\/pl\/products\/zabiegi\/alkemy-curl\/alkemy-curl-krem-definicja-i-kontrola\/"]}]},{"@type":"ImageObject","inLanguage":"pl-PL","@id":"https:\/\/www.technique-italia.com\/pl\/products\/zabiegi\/alkemy-curl\/alkemy-curl-krem-definicja-i-kontrola\/#primaryimage","url":"https:\/\/www.technique-italia.com\/wp-content\/uploads\/2026\/03\/02066_technique_treatment_alkemy_curl_definition_suppleness_cream_200ml.png","contentUrl":"https:\/\/www.technique-italia.com\/wp-content\/uploads\/2026\/03\/02066_technique_treatment_alkemy_curl_definition_suppleness_cream_200ml.png","width":800,"height":800},{"@type":"BreadcrumbList","@id":"https:\/\/www.technique-italia.com\/pl\/products\/zabiegi\/alkemy-curl\/alkemy-curl-krem-definicja-i-kontrola\/#breadcrumb","itemListElement":[{"@type":"ListItem","position":1,"name":"Home","item":"https:\/\/www.technique-italia.com\/pl\/"},{"@type":"ListItem","position":2,"name":"Produkty","item":"https:\/\/www.technique-italia.com\/pl\/shop\/"},{"@type":"ListItem","position":3,"name":"Alkemy Curl | Krem definicja i kontrola"}]},{"@type":"WebSite","@id":"https:\/\/www.technique-italia.com\/pl\/#website","url":"https:\/\/www.technique-italia.com\/pl\/","name":"Technique","description":"The Italian Concept","potentialAction":[{"@type":"SearchAction","target":{"@type":"EntryPoint","urlTemplate":"https:\/\/www.technique-italia.com\/pl\/?s={search_term_string}"},"query-input":{"@type":"PropertyValueSpecification","valueRequired":true,"valueName":"search_term_string"}}],"inLanguage":"pl-PL"}]}},"_links":{"self":[{"href":"https:\/\/www.technique-italia.com\/pl\/wp-json\/wp\/v2\/product\/7725","targetHints":{"allow":["GET"]}}],"collection":[{"href":"https:\/\/www.technique-italia.com\/pl\/wp-json\/wp\/v2\/product"}],"about":[{"href":"https:\/\/www.technique-italia.com\/pl\/wp-json\/wp\/v2\/types\/product"}],"wp:featuredmedia":[{"embeddable":true,"href":"https:\/\/www.technique-italia.com\/pl\/wp-json\/wp\/v2\/media\/18028"}],"wp:attachment":[{"href":"https:\/\/www.technique-italia.com\/pl\/wp-json\/wp\/v2\/media?parent=7725"}],"wp:term":[{"taxonomy":"product_brand","embeddable":true,"href":"https:\/\/www.technique-italia.com\/pl\/wp-json\/wp\/v2\/product_brand?post=7725"},{"taxonomy":"product_cat","embeddable":true,"href":"https:\/\/www.technique-italia.com\/pl\/wp-json\/wp\/v2\/product_cat?post=7725"},{"taxonomy":"product_tag","embeddable":true,"href":"https:\/\/www.technique-italia.com\/pl\/wp-json\/wp\/v2\/product_tag?post=7725"}],"curies":[{"name":"wp","href":"https:\/\/api.w.org\/{rel}","templated":true}]}}