{"id":7724,"date":"2015-05-22T10:38:03","date_gmt":"2015-05-22T08:38:03","guid":{"rendered":"https:\/\/www.technique-italia.com\/\/products\/bez-kategorii\/alkemy-curl-szampon-definiujacy-krecone-wlosy-2\/"},"modified":"2021-11-04T09:16:00","modified_gmt":"2021-11-04T08:16:00","slug":"alkemy-curl-szampon-definiujacy-krecone-wlosy-2","status":"publish","type":"product","link":"https:\/\/www.technique-italia.com\/pl\/products\/zabiegi\/alkemy-curl\/alkemy-curl-szampon-definiujacy-krecone-wlosy-2\/","title":{"rendered":"Alkemy Curl | Szampon Definiuj\u0105cy Kr\u0119cone W\u0142osy"},"content":{"rendered":"","protected":false},"excerpt":{"rendered":"<p><b>Alkemy Curl,<\/b><span style=\"font-weight: 400;\"> to szampon opracowany <\/span><b>do w\u0142os\u00f3w kr\u0119conych, po trwa\u0142ej ondulacji, pusz\u0105cych si\u0119 <\/b><span style=\"font-weight: 400;\">i<\/span><b> trudnych w piel\u0119gnacji<\/b><span style=\"font-weight: 400;\">. Delikatne oczyszczenie i owocowy zapach. U\u0142atwia <\/span><b>rozczesywanie<\/b><span style=\"font-weight: 400;\"> i sprawia, \u017ce loki s\u0105<\/span><b> elastyczne,<\/b> <b>l\u015bni\u0105ce, j\u0119drne <\/b><span style=\"font-weight: 400;\">i<\/span><b> mi\u0119kkie<\/b><span style=\"font-weight: 400;\">. <\/span><b>Ekstrakt z Moringi <\/b><span style=\"font-weight: 400;\">\u00a0zapewnia ukierunkowane dzia\u0142anie antyoksydacyjne i przeciwzapalne.<\/span><\/p>\n<p><span style=\"font-weight: 400;\">Pojemno\u015b\u0107 300 ml<\/span><\/p>\n","protected":false},"featured_media":18038,"template":"","meta":[],"product_brand":[],"product_cat":[601,598],"product_tag":[],"class_list":{"0":"post-7724","1":"product","2":"type-product","3":"status-publish","4":"has-post-thumbnail","6":"product_cat-alkemy-curl","7":"product_cat-zabiegi","8":"description-off","10":"first","11":"instock","12":"shipping-taxable","13":"product-type-simple"},"yoast_head":"<!-- This site is optimized with the Yoast SEO plugin v26.8 - https:\/\/yoast.com\/product\/yoast-seo-wordpress\/ -->\n<title>Alkemy Curl | Szampon Definiuj\u0105cy Kr\u0119cone W\u0142osy<\/title>\n<meta name=\"description\" content=\"Alkemy Curl, to szampon opracowany do w\u0142os\u00f3w kr\u0119conych, po trwa\u0142ej ondulacji, pusz\u0105cych si\u0119 i trudnych w piel\u0119gnacji.\" \/>\n<meta name=\"robots\" content=\"index, follow, max-snippet:-1, max-image-preview:large, max-video-preview:-1\" \/>\n<link rel=\"canonical\" href=\"https:\/\/www.technique-italia.com\/pl\/products\/zabiegi\/alkemy-curl\/alkemy-curl-szampon-definiujacy-krecone-wlosy-2\/\" \/>\n<meta property=\"og:locale\" content=\"pl_PL\" \/>\n<meta property=\"og:type\" content=\"article\" \/>\n<meta property=\"og:title\" content=\"Alkemy Curl | Szampon Definiuj\u0105cy Kr\u0119cone W\u0142osy\" \/>\n<meta property=\"og:description\" content=\"Alkemy Curl, to szampon opracowany do w\u0142os\u00f3w kr\u0119conych, po trwa\u0142ej ondulacji, pusz\u0105cych si\u0119 i trudnych w piel\u0119gnacji.\" \/>\n<meta property=\"og:url\" content=\"https:\/\/www.technique-italia.com\/pl\/products\/zabiegi\/alkemy-curl\/alkemy-curl-szampon-definiujacy-krecone-wlosy-2\/\" \/>\n<meta property=\"og:site_name\" content=\"Technique\" \/>\n<meta property=\"article:modified_time\" content=\"2021-11-04T08:16:00+00:00\" \/>\n<meta property=\"og:image\" content=\"https:\/\/www.technique-italia.com\/wp-content\/uploads\/2026\/03\/02068_technique_treatment_alkemy_curl_definition_control_shampoo_300ml-copia.png\" \/>\n\t<meta property=\"og:image:width\" content=\"800\" \/>\n\t<meta property=\"og:image:height\" content=\"800\" \/>\n\t<meta property=\"og:image:type\" content=\"image\/png\" \/>\n<meta name=\"twitter:card\" content=\"summary_large_image\" \/>\n<script type=\"application\/ld+json\" class=\"yoast-schema-graph\">{\"@context\":\"https:\/\/schema.org\",\"@graph\":[{\"@type\":\"WebPage\",\"@id\":\"https:\/\/www.technique-italia.com\/pl\/products\/zabiegi\/alkemy-curl\/alkemy-curl-szampon-definiujacy-krecone-wlosy-2\/\",\"url\":\"https:\/\/www.technique-italia.com\/pl\/products\/zabiegi\/alkemy-curl\/alkemy-curl-szampon-definiujacy-krecone-wlosy-2\/\",\"name\":\"Alkemy Curl | Szampon Definiuj\u0105cy Kr\u0119cone W\u0142osy\",\"isPartOf\":{\"@id\":\"https:\/\/www.technique-italia.com\/pl\/#website\"},\"primaryImageOfPage\":{\"@id\":\"https:\/\/www.technique-italia.com\/pl\/products\/zabiegi\/alkemy-curl\/alkemy-curl-szampon-definiujacy-krecone-wlosy-2\/#primaryimage\"},\"image\":{\"@id\":\"https:\/\/www.technique-italia.com\/pl\/products\/zabiegi\/alkemy-curl\/alkemy-curl-szampon-definiujacy-krecone-wlosy-2\/#primaryimage\"},\"thumbnailUrl\":\"https:\/\/www.technique-italia.com\/wp-content\/uploads\/2026\/03\/02068_technique_treatment_alkemy_curl_definition_control_shampoo_300ml-copia.png\",\"datePublished\":\"2015-05-22T08:38:03+00:00\",\"dateModified\":\"2021-11-04T08:16:00+00:00\",\"description\":\"Alkemy Curl, to szampon opracowany do w\u0142os\u00f3w kr\u0119conych, po trwa\u0142ej ondulacji, pusz\u0105cych si\u0119 i trudnych w piel\u0119gnacji.\",\"breadcrumb\":{\"@id\":\"https:\/\/www.technique-italia.com\/pl\/products\/zabiegi\/alkemy-curl\/alkemy-curl-szampon-definiujacy-krecone-wlosy-2\/#breadcrumb\"},\"inLanguage\":\"pl-PL\",\"potentialAction\":[{\"@type\":\"ReadAction\",\"target\":[\"https:\/\/www.technique-italia.com\/pl\/products\/zabiegi\/alkemy-curl\/alkemy-curl-szampon-definiujacy-krecone-wlosy-2\/\"]}]},{\"@type\":\"ImageObject\",\"inLanguage\":\"pl-PL\",\"@id\":\"https:\/\/www.technique-italia.com\/pl\/products\/zabiegi\/alkemy-curl\/alkemy-curl-szampon-definiujacy-krecone-wlosy-2\/#primaryimage\",\"url\":\"https:\/\/www.technique-italia.com\/wp-content\/uploads\/2026\/03\/02068_technique_treatment_alkemy_curl_definition_control_shampoo_300ml-copia.png\",\"contentUrl\":\"https:\/\/www.technique-italia.com\/wp-content\/uploads\/2026\/03\/02068_technique_treatment_alkemy_curl_definition_control_shampoo_300ml-copia.png\",\"width\":800,\"height\":800},{\"@type\":\"BreadcrumbList\",\"@id\":\"https:\/\/www.technique-italia.com\/pl\/products\/zabiegi\/alkemy-curl\/alkemy-curl-szampon-definiujacy-krecone-wlosy-2\/#breadcrumb\",\"itemListElement\":[{\"@type\":\"ListItem\",\"position\":1,\"name\":\"Home\",\"item\":\"https:\/\/www.technique-italia.com\/pl\/\"},{\"@type\":\"ListItem\",\"position\":2,\"name\":\"Produkty\",\"item\":\"https:\/\/www.technique-italia.com\/pl\/shop\/\"},{\"@type\":\"ListItem\",\"position\":3,\"name\":\"Alkemy Curl | Szampon Definiuj\u0105cy Kr\u0119cone W\u0142osy\"}]},{\"@type\":\"WebSite\",\"@id\":\"https:\/\/www.technique-italia.com\/pl\/#website\",\"url\":\"https:\/\/www.technique-italia.com\/pl\/\",\"name\":\"Technique\",\"description\":\"The Italian Concept\",\"potentialAction\":[{\"@type\":\"SearchAction\",\"target\":{\"@type\":\"EntryPoint\",\"urlTemplate\":\"https:\/\/www.technique-italia.com\/pl\/?s={search_term_string}\"},\"query-input\":{\"@type\":\"PropertyValueSpecification\",\"valueRequired\":true,\"valueName\":\"search_term_string\"}}],\"inLanguage\":\"pl-PL\"}]}<\/script>\n<!-- \/ Yoast SEO plugin. -->","yoast_head_json":{"title":"Alkemy Curl | Szampon Definiuj\u0105cy Kr\u0119cone W\u0142osy","description":"Alkemy Curl, to szampon opracowany do w\u0142os\u00f3w kr\u0119conych, po trwa\u0142ej ondulacji, pusz\u0105cych si\u0119 i trudnych w piel\u0119gnacji.","robots":{"index":"index","follow":"follow","max-snippet":"max-snippet:-1","max-image-preview":"max-image-preview:large","max-video-preview":"max-video-preview:-1"},"canonical":"https:\/\/www.technique-italia.com\/pl\/products\/zabiegi\/alkemy-curl\/alkemy-curl-szampon-definiujacy-krecone-wlosy-2\/","og_locale":"pl_PL","og_type":"article","og_title":"Alkemy Curl | Szampon Definiuj\u0105cy Kr\u0119cone W\u0142osy","og_description":"Alkemy Curl, to szampon opracowany do w\u0142os\u00f3w kr\u0119conych, po trwa\u0142ej ondulacji, pusz\u0105cych si\u0119 i trudnych w piel\u0119gnacji.","og_url":"https:\/\/www.technique-italia.com\/pl\/products\/zabiegi\/alkemy-curl\/alkemy-curl-szampon-definiujacy-krecone-wlosy-2\/","og_site_name":"Technique","article_modified_time":"2021-11-04T08:16:00+00:00","og_image":[{"width":800,"height":800,"url":"https:\/\/www.technique-italia.com\/wp-content\/uploads\/2026\/03\/02068_technique_treatment_alkemy_curl_definition_control_shampoo_300ml-copia.png","type":"image\/png"}],"twitter_card":"summary_large_image","schema":{"@context":"https:\/\/schema.org","@graph":[{"@type":"WebPage","@id":"https:\/\/www.technique-italia.com\/pl\/products\/zabiegi\/alkemy-curl\/alkemy-curl-szampon-definiujacy-krecone-wlosy-2\/","url":"https:\/\/www.technique-italia.com\/pl\/products\/zabiegi\/alkemy-curl\/alkemy-curl-szampon-definiujacy-krecone-wlosy-2\/","name":"Alkemy Curl | Szampon Definiuj\u0105cy Kr\u0119cone W\u0142osy","isPartOf":{"@id":"https:\/\/www.technique-italia.com\/pl\/#website"},"primaryImageOfPage":{"@id":"https:\/\/www.technique-italia.com\/pl\/products\/zabiegi\/alkemy-curl\/alkemy-curl-szampon-definiujacy-krecone-wlosy-2\/#primaryimage"},"image":{"@id":"https:\/\/www.technique-italia.com\/pl\/products\/zabiegi\/alkemy-curl\/alkemy-curl-szampon-definiujacy-krecone-wlosy-2\/#primaryimage"},"thumbnailUrl":"https:\/\/www.technique-italia.com\/wp-content\/uploads\/2026\/03\/02068_technique_treatment_alkemy_curl_definition_control_shampoo_300ml-copia.png","datePublished":"2015-05-22T08:38:03+00:00","dateModified":"2021-11-04T08:16:00+00:00","description":"Alkemy Curl, to szampon opracowany do w\u0142os\u00f3w kr\u0119conych, po trwa\u0142ej ondulacji, pusz\u0105cych si\u0119 i trudnych w piel\u0119gnacji.","breadcrumb":{"@id":"https:\/\/www.technique-italia.com\/pl\/products\/zabiegi\/alkemy-curl\/alkemy-curl-szampon-definiujacy-krecone-wlosy-2\/#breadcrumb"},"inLanguage":"pl-PL","potentialAction":[{"@type":"ReadAction","target":["https:\/\/www.technique-italia.com\/pl\/products\/zabiegi\/alkemy-curl\/alkemy-curl-szampon-definiujacy-krecone-wlosy-2\/"]}]},{"@type":"ImageObject","inLanguage":"pl-PL","@id":"https:\/\/www.technique-italia.com\/pl\/products\/zabiegi\/alkemy-curl\/alkemy-curl-szampon-definiujacy-krecone-wlosy-2\/#primaryimage","url":"https:\/\/www.technique-italia.com\/wp-content\/uploads\/2026\/03\/02068_technique_treatment_alkemy_curl_definition_control_shampoo_300ml-copia.png","contentUrl":"https:\/\/www.technique-italia.com\/wp-content\/uploads\/2026\/03\/02068_technique_treatment_alkemy_curl_definition_control_shampoo_300ml-copia.png","width":800,"height":800},{"@type":"BreadcrumbList","@id":"https:\/\/www.technique-italia.com\/pl\/products\/zabiegi\/alkemy-curl\/alkemy-curl-szampon-definiujacy-krecone-wlosy-2\/#breadcrumb","itemListElement":[{"@type":"ListItem","position":1,"name":"Home","item":"https:\/\/www.technique-italia.com\/pl\/"},{"@type":"ListItem","position":2,"name":"Produkty","item":"https:\/\/www.technique-italia.com\/pl\/shop\/"},{"@type":"ListItem","position":3,"name":"Alkemy Curl | Szampon Definiuj\u0105cy Kr\u0119cone W\u0142osy"}]},{"@type":"WebSite","@id":"https:\/\/www.technique-italia.com\/pl\/#website","url":"https:\/\/www.technique-italia.com\/pl\/","name":"Technique","description":"The Italian Concept","potentialAction":[{"@type":"SearchAction","target":{"@type":"EntryPoint","urlTemplate":"https:\/\/www.technique-italia.com\/pl\/?s={search_term_string}"},"query-input":{"@type":"PropertyValueSpecification","valueRequired":true,"valueName":"search_term_string"}}],"inLanguage":"pl-PL"}]}},"_links":{"self":[{"href":"https:\/\/www.technique-italia.com\/pl\/wp-json\/wp\/v2\/product\/7724","targetHints":{"allow":["GET"]}}],"collection":[{"href":"https:\/\/www.technique-italia.com\/pl\/wp-json\/wp\/v2\/product"}],"about":[{"href":"https:\/\/www.technique-italia.com\/pl\/wp-json\/wp\/v2\/types\/product"}],"wp:featuredmedia":[{"embeddable":true,"href":"https:\/\/www.technique-italia.com\/pl\/wp-json\/wp\/v2\/media\/18038"}],"wp:attachment":[{"href":"https:\/\/www.technique-italia.com\/pl\/wp-json\/wp\/v2\/media?parent=7724"}],"wp:term":[{"taxonomy":"product_brand","embeddable":true,"href":"https:\/\/www.technique-italia.com\/pl\/wp-json\/wp\/v2\/product_brand?post=7724"},{"taxonomy":"product_cat","embeddable":true,"href":"https:\/\/www.technique-italia.com\/pl\/wp-json\/wp\/v2\/product_cat?post=7724"},{"taxonomy":"product_tag","embeddable":true,"href":"https:\/\/www.technique-italia.com\/pl\/wp-json\/wp\/v2\/product_tag?post=7724"}],"curies":[{"name":"wp","href":"https:\/\/api.w.org\/{rel}","templated":true}]}}