{"id":7719,"date":"2018-07-19T10:13:04","date_gmt":"2018-07-19T08:13:04","guid":{"rendered":"https:\/\/www.technique-italia.com\/\/products\/bez-kategorii\/alkemy-sleek-wygladzajacy-szampon-przeciw-puszeniu-sie-wlosow\/"},"modified":"2021-11-04T09:10:04","modified_gmt":"2021-11-04T08:10:04","slug":"alkemy-sleek-wygladzajacy-szampon-przeciw-puszeniu-sie-wlosow","status":"publish","type":"product","link":"https:\/\/www.technique-italia.com\/pl\/products\/zabiegi\/alkemy-sleek-pl\/alkemy-sleek-wygladzajacy-szampon-przeciw-puszeniu-sie-wlosow\/","title":{"rendered":"Alkemy Sleek | Wyg\u0142adzaj\u0105cy Szampon przeciw Puszeniu si\u0119 W\u0142os\u00f3w"},"content":{"rendered":"","protected":false},"excerpt":{"rendered":"<p><b>Alkemy Sleek, Wyg\u0142adzaj\u0105cy szampon przeciw puszeniu si\u0119 w\u0142os\u00f3w,<\/b><span style=\"font-weight: 400;\"> wzbogacony Wyci\u0105giem z Bawe\u0142ny, zapewnia l\u015bni\u0105cy efekt i ujarzmia puszenie si\u0119 niezdyscyplinowanych w\u0142os\u00f3w.<\/span><b> Delikatnie <\/b><span style=\"font-weight: 400;\">oczyszcza\u00a0 i\u00a0 <\/span><b>wyg\u0142adza <\/b><span style=\"font-weight: 400;\">sk\u00f3r\u0119 g\u0142owy. Przyjemnie owocowy zapach.<\/span><\/p>\n<p><span style=\"font-weight: 400;\">Do stosowania zewn\u0119trznego<\/span><\/p>\n<p><span style=\"font-weight: 400;\">Flakon o pojemno\u015bci 1000 ml\u00a0<\/span><\/p>\n","protected":false},"featured_media":17998,"template":"","meta":[],"product_brand":[],"product_cat":[604,598],"product_tag":[],"class_list":{"0":"post-7719","1":"product","2":"type-product","3":"status-publish","4":"has-post-thumbnail","6":"product_cat-alkemy-sleek-pl","7":"product_cat-zabiegi","8":"description-off","10":"first","11":"instock","12":"shipping-taxable","13":"product-type-simple"},"yoast_head":"<!-- This site is optimized with the Yoast SEO plugin v26.8 - https:\/\/yoast.com\/product\/yoast-seo-wordpress\/ -->\n<title>Alkemy Sleek | Wyg\u0142adzaj\u0105cy Szampon przeciw Puszeniu si\u0119 W\u0142os\u00f3w<\/title>\n<meta name=\"description\" content=\"Alkemy Sleek, Wyg\u0142adzaj\u0105cy szampon przeciw puszeniu si\u0119 w\u0142os\u00f3w, wzbogacony Wyci\u0105giem z Bawe\u0142ny, zapewnia l\u015bni\u0105cy efekt i ujarzmia puszenie si\u0119 niezdyscyplinowanych w\u0142os\u00f3w.\" \/>\n<meta name=\"robots\" content=\"index, follow, max-snippet:-1, max-image-preview:large, max-video-preview:-1\" \/>\n<link rel=\"canonical\" href=\"https:\/\/www.technique-italia.com\/pl\/products\/zabiegi\/alkemy-sleek-pl\/alkemy-sleek-wygladzajacy-szampon-przeciw-puszeniu-sie-wlosow\/\" \/>\n<meta property=\"og:locale\" content=\"pl_PL\" \/>\n<meta property=\"og:type\" content=\"article\" \/>\n<meta property=\"og:title\" content=\"Alkemy Sleek | Wyg\u0142adzaj\u0105cy Szampon przeciw Puszeniu si\u0119 W\u0142os\u00f3w\" \/>\n<meta property=\"og:description\" content=\"Alkemy Sleek, Wyg\u0142adzaj\u0105cy szampon przeciw puszeniu si\u0119 w\u0142os\u00f3w, wzbogacony Wyci\u0105giem z Bawe\u0142ny, zapewnia l\u015bni\u0105cy efekt i ujarzmia puszenie si\u0119 niezdyscyplinowanych w\u0142os\u00f3w.\" \/>\n<meta property=\"og:url\" content=\"https:\/\/www.technique-italia.com\/pl\/products\/zabiegi\/alkemy-sleek-pl\/alkemy-sleek-wygladzajacy-szampon-przeciw-puszeniu-sie-wlosow\/\" \/>\n<meta property=\"og:site_name\" content=\"Technique\" \/>\n<meta property=\"article:modified_time\" content=\"2021-11-04T08:10:04+00:00\" \/>\n<meta property=\"og:image\" content=\"https:\/\/www.technique-italia.com\/wp-content\/uploads\/2026\/03\/02071_technique_treatment_alkemy_sleek_anti-frizz_smoothing_shampoo_1000ml.png\" \/>\n\t<meta property=\"og:image:width\" content=\"800\" \/>\n\t<meta property=\"og:image:height\" content=\"800\" \/>\n\t<meta property=\"og:image:type\" content=\"image\/png\" \/>\n<meta name=\"twitter:card\" content=\"summary_large_image\" \/>\n<script type=\"application\/ld+json\" class=\"yoast-schema-graph\">{\"@context\":\"https:\/\/schema.org\",\"@graph\":[{\"@type\":\"WebPage\",\"@id\":\"https:\/\/www.technique-italia.com\/pl\/products\/zabiegi\/alkemy-sleek-pl\/alkemy-sleek-wygladzajacy-szampon-przeciw-puszeniu-sie-wlosow\/\",\"url\":\"https:\/\/www.technique-italia.com\/pl\/products\/zabiegi\/alkemy-sleek-pl\/alkemy-sleek-wygladzajacy-szampon-przeciw-puszeniu-sie-wlosow\/\",\"name\":\"Alkemy Sleek | Wyg\u0142adzaj\u0105cy Szampon przeciw Puszeniu si\u0119 W\u0142os\u00f3w\",\"isPartOf\":{\"@id\":\"https:\/\/www.technique-italia.com\/pl\/#website\"},\"primaryImageOfPage\":{\"@id\":\"https:\/\/www.technique-italia.com\/pl\/products\/zabiegi\/alkemy-sleek-pl\/alkemy-sleek-wygladzajacy-szampon-przeciw-puszeniu-sie-wlosow\/#primaryimage\"},\"image\":{\"@id\":\"https:\/\/www.technique-italia.com\/pl\/products\/zabiegi\/alkemy-sleek-pl\/alkemy-sleek-wygladzajacy-szampon-przeciw-puszeniu-sie-wlosow\/#primaryimage\"},\"thumbnailUrl\":\"https:\/\/www.technique-italia.com\/wp-content\/uploads\/2026\/03\/02071_technique_treatment_alkemy_sleek_anti-frizz_smoothing_shampoo_1000ml.png\",\"datePublished\":\"2018-07-19T08:13:04+00:00\",\"dateModified\":\"2021-11-04T08:10:04+00:00\",\"description\":\"Alkemy Sleek, Wyg\u0142adzaj\u0105cy szampon przeciw puszeniu si\u0119 w\u0142os\u00f3w, wzbogacony Wyci\u0105giem z Bawe\u0142ny, zapewnia l\u015bni\u0105cy efekt i ujarzmia puszenie si\u0119 niezdyscyplinowanych w\u0142os\u00f3w.\",\"breadcrumb\":{\"@id\":\"https:\/\/www.technique-italia.com\/pl\/products\/zabiegi\/alkemy-sleek-pl\/alkemy-sleek-wygladzajacy-szampon-przeciw-puszeniu-sie-wlosow\/#breadcrumb\"},\"inLanguage\":\"pl-PL\",\"potentialAction\":[{\"@type\":\"ReadAction\",\"target\":[\"https:\/\/www.technique-italia.com\/pl\/products\/zabiegi\/alkemy-sleek-pl\/alkemy-sleek-wygladzajacy-szampon-przeciw-puszeniu-sie-wlosow\/\"]}]},{\"@type\":\"ImageObject\",\"inLanguage\":\"pl-PL\",\"@id\":\"https:\/\/www.technique-italia.com\/pl\/products\/zabiegi\/alkemy-sleek-pl\/alkemy-sleek-wygladzajacy-szampon-przeciw-puszeniu-sie-wlosow\/#primaryimage\",\"url\":\"https:\/\/www.technique-italia.com\/wp-content\/uploads\/2026\/03\/02071_technique_treatment_alkemy_sleek_anti-frizz_smoothing_shampoo_1000ml.png\",\"contentUrl\":\"https:\/\/www.technique-italia.com\/wp-content\/uploads\/2026\/03\/02071_technique_treatment_alkemy_sleek_anti-frizz_smoothing_shampoo_1000ml.png\",\"width\":800,\"height\":800},{\"@type\":\"BreadcrumbList\",\"@id\":\"https:\/\/www.technique-italia.com\/pl\/products\/zabiegi\/alkemy-sleek-pl\/alkemy-sleek-wygladzajacy-szampon-przeciw-puszeniu-sie-wlosow\/#breadcrumb\",\"itemListElement\":[{\"@type\":\"ListItem\",\"position\":1,\"name\":\"Home\",\"item\":\"https:\/\/www.technique-italia.com\/pl\/\"},{\"@type\":\"ListItem\",\"position\":2,\"name\":\"Produkty\",\"item\":\"https:\/\/www.technique-italia.com\/pl\/shop\/\"},{\"@type\":\"ListItem\",\"position\":3,\"name\":\"Alkemy Sleek | Wyg\u0142adzaj\u0105cy Szampon przeciw Puszeniu si\u0119 W\u0142os\u00f3w\"}]},{\"@type\":\"WebSite\",\"@id\":\"https:\/\/www.technique-italia.com\/pl\/#website\",\"url\":\"https:\/\/www.technique-italia.com\/pl\/\",\"name\":\"Technique\",\"description\":\"The Italian Concept\",\"potentialAction\":[{\"@type\":\"SearchAction\",\"target\":{\"@type\":\"EntryPoint\",\"urlTemplate\":\"https:\/\/www.technique-italia.com\/pl\/?s={search_term_string}\"},\"query-input\":{\"@type\":\"PropertyValueSpecification\",\"valueRequired\":true,\"valueName\":\"search_term_string\"}}],\"inLanguage\":\"pl-PL\"}]}<\/script>\n<!-- \/ Yoast SEO plugin. -->","yoast_head_json":{"title":"Alkemy Sleek | Wyg\u0142adzaj\u0105cy Szampon przeciw Puszeniu si\u0119 W\u0142os\u00f3w","description":"Alkemy Sleek, Wyg\u0142adzaj\u0105cy szampon przeciw puszeniu si\u0119 w\u0142os\u00f3w, wzbogacony Wyci\u0105giem z Bawe\u0142ny, zapewnia l\u015bni\u0105cy efekt i ujarzmia puszenie si\u0119 niezdyscyplinowanych w\u0142os\u00f3w.","robots":{"index":"index","follow":"follow","max-snippet":"max-snippet:-1","max-image-preview":"max-image-preview:large","max-video-preview":"max-video-preview:-1"},"canonical":"https:\/\/www.technique-italia.com\/pl\/products\/zabiegi\/alkemy-sleek-pl\/alkemy-sleek-wygladzajacy-szampon-przeciw-puszeniu-sie-wlosow\/","og_locale":"pl_PL","og_type":"article","og_title":"Alkemy Sleek | Wyg\u0142adzaj\u0105cy Szampon przeciw Puszeniu si\u0119 W\u0142os\u00f3w","og_description":"Alkemy Sleek, Wyg\u0142adzaj\u0105cy szampon przeciw puszeniu si\u0119 w\u0142os\u00f3w, wzbogacony Wyci\u0105giem z Bawe\u0142ny, zapewnia l\u015bni\u0105cy efekt i ujarzmia puszenie si\u0119 niezdyscyplinowanych w\u0142os\u00f3w.","og_url":"https:\/\/www.technique-italia.com\/pl\/products\/zabiegi\/alkemy-sleek-pl\/alkemy-sleek-wygladzajacy-szampon-przeciw-puszeniu-sie-wlosow\/","og_site_name":"Technique","article_modified_time":"2021-11-04T08:10:04+00:00","og_image":[{"width":800,"height":800,"url":"https:\/\/www.technique-italia.com\/wp-content\/uploads\/2026\/03\/02071_technique_treatment_alkemy_sleek_anti-frizz_smoothing_shampoo_1000ml.png","type":"image\/png"}],"twitter_card":"summary_large_image","schema":{"@context":"https:\/\/schema.org","@graph":[{"@type":"WebPage","@id":"https:\/\/www.technique-italia.com\/pl\/products\/zabiegi\/alkemy-sleek-pl\/alkemy-sleek-wygladzajacy-szampon-przeciw-puszeniu-sie-wlosow\/","url":"https:\/\/www.technique-italia.com\/pl\/products\/zabiegi\/alkemy-sleek-pl\/alkemy-sleek-wygladzajacy-szampon-przeciw-puszeniu-sie-wlosow\/","name":"Alkemy Sleek | Wyg\u0142adzaj\u0105cy Szampon przeciw Puszeniu si\u0119 W\u0142os\u00f3w","isPartOf":{"@id":"https:\/\/www.technique-italia.com\/pl\/#website"},"primaryImageOfPage":{"@id":"https:\/\/www.technique-italia.com\/pl\/products\/zabiegi\/alkemy-sleek-pl\/alkemy-sleek-wygladzajacy-szampon-przeciw-puszeniu-sie-wlosow\/#primaryimage"},"image":{"@id":"https:\/\/www.technique-italia.com\/pl\/products\/zabiegi\/alkemy-sleek-pl\/alkemy-sleek-wygladzajacy-szampon-przeciw-puszeniu-sie-wlosow\/#primaryimage"},"thumbnailUrl":"https:\/\/www.technique-italia.com\/wp-content\/uploads\/2026\/03\/02071_technique_treatment_alkemy_sleek_anti-frizz_smoothing_shampoo_1000ml.png","datePublished":"2018-07-19T08:13:04+00:00","dateModified":"2021-11-04T08:10:04+00:00","description":"Alkemy Sleek, Wyg\u0142adzaj\u0105cy szampon przeciw puszeniu si\u0119 w\u0142os\u00f3w, wzbogacony Wyci\u0105giem z Bawe\u0142ny, zapewnia l\u015bni\u0105cy efekt i ujarzmia puszenie si\u0119 niezdyscyplinowanych w\u0142os\u00f3w.","breadcrumb":{"@id":"https:\/\/www.technique-italia.com\/pl\/products\/zabiegi\/alkemy-sleek-pl\/alkemy-sleek-wygladzajacy-szampon-przeciw-puszeniu-sie-wlosow\/#breadcrumb"},"inLanguage":"pl-PL","potentialAction":[{"@type":"ReadAction","target":["https:\/\/www.technique-italia.com\/pl\/products\/zabiegi\/alkemy-sleek-pl\/alkemy-sleek-wygladzajacy-szampon-przeciw-puszeniu-sie-wlosow\/"]}]},{"@type":"ImageObject","inLanguage":"pl-PL","@id":"https:\/\/www.technique-italia.com\/pl\/products\/zabiegi\/alkemy-sleek-pl\/alkemy-sleek-wygladzajacy-szampon-przeciw-puszeniu-sie-wlosow\/#primaryimage","url":"https:\/\/www.technique-italia.com\/wp-content\/uploads\/2026\/03\/02071_technique_treatment_alkemy_sleek_anti-frizz_smoothing_shampoo_1000ml.png","contentUrl":"https:\/\/www.technique-italia.com\/wp-content\/uploads\/2026\/03\/02071_technique_treatment_alkemy_sleek_anti-frizz_smoothing_shampoo_1000ml.png","width":800,"height":800},{"@type":"BreadcrumbList","@id":"https:\/\/www.technique-italia.com\/pl\/products\/zabiegi\/alkemy-sleek-pl\/alkemy-sleek-wygladzajacy-szampon-przeciw-puszeniu-sie-wlosow\/#breadcrumb","itemListElement":[{"@type":"ListItem","position":1,"name":"Home","item":"https:\/\/www.technique-italia.com\/pl\/"},{"@type":"ListItem","position":2,"name":"Produkty","item":"https:\/\/www.technique-italia.com\/pl\/shop\/"},{"@type":"ListItem","position":3,"name":"Alkemy Sleek | Wyg\u0142adzaj\u0105cy Szampon przeciw Puszeniu si\u0119 W\u0142os\u00f3w"}]},{"@type":"WebSite","@id":"https:\/\/www.technique-italia.com\/pl\/#website","url":"https:\/\/www.technique-italia.com\/pl\/","name":"Technique","description":"The Italian Concept","potentialAction":[{"@type":"SearchAction","target":{"@type":"EntryPoint","urlTemplate":"https:\/\/www.technique-italia.com\/pl\/?s={search_term_string}"},"query-input":{"@type":"PropertyValueSpecification","valueRequired":true,"valueName":"search_term_string"}}],"inLanguage":"pl-PL"}]}},"_links":{"self":[{"href":"https:\/\/www.technique-italia.com\/pl\/wp-json\/wp\/v2\/product\/7719","targetHints":{"allow":["GET"]}}],"collection":[{"href":"https:\/\/www.technique-italia.com\/pl\/wp-json\/wp\/v2\/product"}],"about":[{"href":"https:\/\/www.technique-italia.com\/pl\/wp-json\/wp\/v2\/types\/product"}],"wp:featuredmedia":[{"embeddable":true,"href":"https:\/\/www.technique-italia.com\/pl\/wp-json\/wp\/v2\/media\/17998"}],"wp:attachment":[{"href":"https:\/\/www.technique-italia.com\/pl\/wp-json\/wp\/v2\/media?parent=7719"}],"wp:term":[{"taxonomy":"product_brand","embeddable":true,"href":"https:\/\/www.technique-italia.com\/pl\/wp-json\/wp\/v2\/product_brand?post=7719"},{"taxonomy":"product_cat","embeddable":true,"href":"https:\/\/www.technique-italia.com\/pl\/wp-json\/wp\/v2\/product_cat?post=7719"},{"taxonomy":"product_tag","embeddable":true,"href":"https:\/\/www.technique-italia.com\/pl\/wp-json\/wp\/v2\/product_tag?post=7719"}],"curies":[{"name":"wp","href":"https:\/\/api.w.org\/{rel}","templated":true}]}}