{"id":7716,"date":"2015-05-22T11:26:18","date_gmt":"2015-05-22T09:26:18","guid":{"rendered":"https:\/\/www.technique-italia.com\/\/products\/bez-kategorii\/alkemy-alkalizujacy-szampon-przygotowawczy\/"},"modified":"2023-03-23T14:56:09","modified_gmt":"2023-03-23T13:56:09","slug":"alkalizujacy-szampon-przygotowawczy","status":"publish","type":"product","link":"https:\/\/www.technique-italia.com\/pl\/products\/zabiegi\/alkemy-reactive-pl\/alkalizujacy-szampon-przygotowawczy\/","title":{"rendered":"Alkemy Re-Active | Alkalizuj\u0105cy szampon przygotowawczy"},"content":{"rendered":"","protected":false},"excerpt":{"rendered":"<p><b>Alkemy Re-Active, Alkalizuj\u0105cy<\/b><span style=\"font-weight: 400;\"> szampon do stosowania przed zabiegiem, wspomaga <\/span><b>otwieranie \u0142usek,<\/b><span style=\"font-weight: 400;\"> u\u0142atwiaj\u0105c w ten spos\u00f3b wch\u0142anianie sk\u0142adnik\u00f3w aktywnych w trakcie zabiegu. Idealny do w\u0142os\u00f3w suchych i ze zniszczon\u0105 struktur\u0105.<\/span><\/p>\n<p><span style=\"font-weight: 400;\">Do u\u017cytku profesjonalnego<\/span><\/p>\n<p><span style=\"font-weight: 400;\">Flakon o pojemno\u015bci 1000 ml<\/span><\/p>\n","protected":false},"featured_media":15028,"template":"","meta":[],"product_brand":[],"product_cat":[599,598],"product_tag":[],"class_list":{"0":"post-7716","1":"product","2":"type-product","3":"status-publish","4":"has-post-thumbnail","6":"product_cat-alkemy-reactive-pl","7":"product_cat-zabiegi","8":"description-off","10":"first","11":"instock","12":"shipping-taxable","13":"product-type-simple"},"yoast_head":"<!-- This site is optimized with the Yoast SEO plugin v26.8 - https:\/\/yoast.com\/product\/yoast-seo-wordpress\/ -->\n<title>Alkemy Re-Active | Alkalizuj\u0105cy szampon przygotowawczy<\/title>\n<meta name=\"description\" content=\"Alkemy Re-Active, Alkalizuj\u0105cy szampon do stosowania przed zabiegiem, wspomaga otwieranie \u0142usek, u\u0142atwiaj\u0105c w ten spos\u00f3b wch\u0142anianie sk\u0142adnik\u00f3w aktywnych w trakcie zabiegu. Idealny do w\u0142os\u00f3w suchych i ze zniszczon\u0105 struktur\u0105.\" \/>\n<meta name=\"robots\" content=\"index, follow, max-snippet:-1, max-image-preview:large, max-video-preview:-1\" \/>\n<link rel=\"canonical\" href=\"https:\/\/www.technique-italia.com\/pl\/products\/zabiegi\/alkemy-reactive-pl\/alkalizujacy-szampon-przygotowawczy\/\" \/>\n<meta property=\"og:locale\" content=\"pl_PL\" \/>\n<meta property=\"og:type\" content=\"article\" \/>\n<meta property=\"og:title\" content=\"Alkemy Re-Active | Alkalizuj\u0105cy szampon przygotowawczy\" \/>\n<meta property=\"og:description\" content=\"Alkemy Re-Active, Alkalizuj\u0105cy szampon do stosowania przed zabiegiem, wspomaga otwieranie \u0142usek, u\u0142atwiaj\u0105c w ten spos\u00f3b wch\u0142anianie sk\u0142adnik\u00f3w aktywnych w trakcie zabiegu. Idealny do w\u0142os\u00f3w suchych i ze zniszczon\u0105 struktur\u0105.\" \/>\n<meta property=\"og:url\" content=\"https:\/\/www.technique-italia.com\/pl\/products\/zabiegi\/alkemy-reactive-pl\/alkalizujacy-szampon-przygotowawczy\/\" \/>\n<meta property=\"og:site_name\" content=\"Technique\" \/>\n<meta property=\"article:modified_time\" content=\"2023-03-23T13:56:09+00:00\" \/>\n<meta property=\"og:image\" content=\"https:\/\/www.technique-italia.com\/wp-content\/uploads\/2023\/03\/02045_technique_treatment_alkemy_re_active_alkalizing_preliminary_shampoo_1000ml-1.png\" \/>\n\t<meta property=\"og:image:width\" content=\"600\" \/>\n\t<meta property=\"og:image:height\" content=\"600\" \/>\n\t<meta property=\"og:image:type\" content=\"image\/png\" \/>\n<meta name=\"twitter:card\" content=\"summary_large_image\" \/>\n<script type=\"application\/ld+json\" class=\"yoast-schema-graph\">{\"@context\":\"https:\/\/schema.org\",\"@graph\":[{\"@type\":\"WebPage\",\"@id\":\"https:\/\/www.technique-italia.com\/pl\/products\/zabiegi\/alkemy-reactive-pl\/alkalizujacy-szampon-przygotowawczy\/\",\"url\":\"https:\/\/www.technique-italia.com\/pl\/products\/zabiegi\/alkemy-reactive-pl\/alkalizujacy-szampon-przygotowawczy\/\",\"name\":\"Alkemy Re-Active | Alkalizuj\u0105cy szampon przygotowawczy\",\"isPartOf\":{\"@id\":\"https:\/\/www.technique-italia.com\/pl\/#website\"},\"primaryImageOfPage\":{\"@id\":\"https:\/\/www.technique-italia.com\/pl\/products\/zabiegi\/alkemy-reactive-pl\/alkalizujacy-szampon-przygotowawczy\/#primaryimage\"},\"image\":{\"@id\":\"https:\/\/www.technique-italia.com\/pl\/products\/zabiegi\/alkemy-reactive-pl\/alkalizujacy-szampon-przygotowawczy\/#primaryimage\"},\"thumbnailUrl\":\"https:\/\/www.technique-italia.com\/wp-content\/uploads\/2023\/03\/02045_technique_treatment_alkemy_re_active_alkalizing_preliminary_shampoo_1000ml-1.png\",\"datePublished\":\"2015-05-22T09:26:18+00:00\",\"dateModified\":\"2023-03-23T13:56:09+00:00\",\"description\":\"Alkemy Re-Active, Alkalizuj\u0105cy szampon do stosowania przed zabiegiem, wspomaga otwieranie \u0142usek, u\u0142atwiaj\u0105c w ten spos\u00f3b wch\u0142anianie sk\u0142adnik\u00f3w aktywnych w trakcie zabiegu. Idealny do w\u0142os\u00f3w suchych i ze zniszczon\u0105 struktur\u0105.\",\"breadcrumb\":{\"@id\":\"https:\/\/www.technique-italia.com\/pl\/products\/zabiegi\/alkemy-reactive-pl\/alkalizujacy-szampon-przygotowawczy\/#breadcrumb\"},\"inLanguage\":\"pl-PL\",\"potentialAction\":[{\"@type\":\"ReadAction\",\"target\":[\"https:\/\/www.technique-italia.com\/pl\/products\/zabiegi\/alkemy-reactive-pl\/alkalizujacy-szampon-przygotowawczy\/\"]}]},{\"@type\":\"ImageObject\",\"inLanguage\":\"pl-PL\",\"@id\":\"https:\/\/www.technique-italia.com\/pl\/products\/zabiegi\/alkemy-reactive-pl\/alkalizujacy-szampon-przygotowawczy\/#primaryimage\",\"url\":\"https:\/\/www.technique-italia.com\/wp-content\/uploads\/2023\/03\/02045_technique_treatment_alkemy_re_active_alkalizing_preliminary_shampoo_1000ml-1.png\",\"contentUrl\":\"https:\/\/www.technique-italia.com\/wp-content\/uploads\/2023\/03\/02045_technique_treatment_alkemy_re_active_alkalizing_preliminary_shampoo_1000ml-1.png\",\"width\":600,\"height\":600},{\"@type\":\"BreadcrumbList\",\"@id\":\"https:\/\/www.technique-italia.com\/pl\/products\/zabiegi\/alkemy-reactive-pl\/alkalizujacy-szampon-przygotowawczy\/#breadcrumb\",\"itemListElement\":[{\"@type\":\"ListItem\",\"position\":1,\"name\":\"Home\",\"item\":\"https:\/\/www.technique-italia.com\/pl\/\"},{\"@type\":\"ListItem\",\"position\":2,\"name\":\"Produkty\",\"item\":\"https:\/\/www.technique-italia.com\/pl\/shop\/\"},{\"@type\":\"ListItem\",\"position\":3,\"name\":\"Alkemy Re-Active | Alkalizuj\u0105cy szampon przygotowawczy\"}]},{\"@type\":\"WebSite\",\"@id\":\"https:\/\/www.technique-italia.com\/pl\/#website\",\"url\":\"https:\/\/www.technique-italia.com\/pl\/\",\"name\":\"Technique\",\"description\":\"The Italian Concept\",\"potentialAction\":[{\"@type\":\"SearchAction\",\"target\":{\"@type\":\"EntryPoint\",\"urlTemplate\":\"https:\/\/www.technique-italia.com\/pl\/?s={search_term_string}\"},\"query-input\":{\"@type\":\"PropertyValueSpecification\",\"valueRequired\":true,\"valueName\":\"search_term_string\"}}],\"inLanguage\":\"pl-PL\"}]}<\/script>\n<!-- \/ Yoast SEO plugin. -->","yoast_head_json":{"title":"Alkemy Re-Active | Alkalizuj\u0105cy szampon przygotowawczy","description":"Alkemy Re-Active, Alkalizuj\u0105cy szampon do stosowania przed zabiegiem, wspomaga otwieranie \u0142usek, u\u0142atwiaj\u0105c w ten spos\u00f3b wch\u0142anianie sk\u0142adnik\u00f3w aktywnych w trakcie zabiegu. Idealny do w\u0142os\u00f3w suchych i ze zniszczon\u0105 struktur\u0105.","robots":{"index":"index","follow":"follow","max-snippet":"max-snippet:-1","max-image-preview":"max-image-preview:large","max-video-preview":"max-video-preview:-1"},"canonical":"https:\/\/www.technique-italia.com\/pl\/products\/zabiegi\/alkemy-reactive-pl\/alkalizujacy-szampon-przygotowawczy\/","og_locale":"pl_PL","og_type":"article","og_title":"Alkemy Re-Active | Alkalizuj\u0105cy szampon przygotowawczy","og_description":"Alkemy Re-Active, Alkalizuj\u0105cy szampon do stosowania przed zabiegiem, wspomaga otwieranie \u0142usek, u\u0142atwiaj\u0105c w ten spos\u00f3b wch\u0142anianie sk\u0142adnik\u00f3w aktywnych w trakcie zabiegu. Idealny do w\u0142os\u00f3w suchych i ze zniszczon\u0105 struktur\u0105.","og_url":"https:\/\/www.technique-italia.com\/pl\/products\/zabiegi\/alkemy-reactive-pl\/alkalizujacy-szampon-przygotowawczy\/","og_site_name":"Technique","article_modified_time":"2023-03-23T13:56:09+00:00","og_image":[{"width":600,"height":600,"url":"https:\/\/www.technique-italia.com\/wp-content\/uploads\/2023\/03\/02045_technique_treatment_alkemy_re_active_alkalizing_preliminary_shampoo_1000ml-1.png","type":"image\/png"}],"twitter_card":"summary_large_image","schema":{"@context":"https:\/\/schema.org","@graph":[{"@type":"WebPage","@id":"https:\/\/www.technique-italia.com\/pl\/products\/zabiegi\/alkemy-reactive-pl\/alkalizujacy-szampon-przygotowawczy\/","url":"https:\/\/www.technique-italia.com\/pl\/products\/zabiegi\/alkemy-reactive-pl\/alkalizujacy-szampon-przygotowawczy\/","name":"Alkemy Re-Active | Alkalizuj\u0105cy szampon przygotowawczy","isPartOf":{"@id":"https:\/\/www.technique-italia.com\/pl\/#website"},"primaryImageOfPage":{"@id":"https:\/\/www.technique-italia.com\/pl\/products\/zabiegi\/alkemy-reactive-pl\/alkalizujacy-szampon-przygotowawczy\/#primaryimage"},"image":{"@id":"https:\/\/www.technique-italia.com\/pl\/products\/zabiegi\/alkemy-reactive-pl\/alkalizujacy-szampon-przygotowawczy\/#primaryimage"},"thumbnailUrl":"https:\/\/www.technique-italia.com\/wp-content\/uploads\/2023\/03\/02045_technique_treatment_alkemy_re_active_alkalizing_preliminary_shampoo_1000ml-1.png","datePublished":"2015-05-22T09:26:18+00:00","dateModified":"2023-03-23T13:56:09+00:00","description":"Alkemy Re-Active, Alkalizuj\u0105cy szampon do stosowania przed zabiegiem, wspomaga otwieranie \u0142usek, u\u0142atwiaj\u0105c w ten spos\u00f3b wch\u0142anianie sk\u0142adnik\u00f3w aktywnych w trakcie zabiegu. Idealny do w\u0142os\u00f3w suchych i ze zniszczon\u0105 struktur\u0105.","breadcrumb":{"@id":"https:\/\/www.technique-italia.com\/pl\/products\/zabiegi\/alkemy-reactive-pl\/alkalizujacy-szampon-przygotowawczy\/#breadcrumb"},"inLanguage":"pl-PL","potentialAction":[{"@type":"ReadAction","target":["https:\/\/www.technique-italia.com\/pl\/products\/zabiegi\/alkemy-reactive-pl\/alkalizujacy-szampon-przygotowawczy\/"]}]},{"@type":"ImageObject","inLanguage":"pl-PL","@id":"https:\/\/www.technique-italia.com\/pl\/products\/zabiegi\/alkemy-reactive-pl\/alkalizujacy-szampon-przygotowawczy\/#primaryimage","url":"https:\/\/www.technique-italia.com\/wp-content\/uploads\/2023\/03\/02045_technique_treatment_alkemy_re_active_alkalizing_preliminary_shampoo_1000ml-1.png","contentUrl":"https:\/\/www.technique-italia.com\/wp-content\/uploads\/2023\/03\/02045_technique_treatment_alkemy_re_active_alkalizing_preliminary_shampoo_1000ml-1.png","width":600,"height":600},{"@type":"BreadcrumbList","@id":"https:\/\/www.technique-italia.com\/pl\/products\/zabiegi\/alkemy-reactive-pl\/alkalizujacy-szampon-przygotowawczy\/#breadcrumb","itemListElement":[{"@type":"ListItem","position":1,"name":"Home","item":"https:\/\/www.technique-italia.com\/pl\/"},{"@type":"ListItem","position":2,"name":"Produkty","item":"https:\/\/www.technique-italia.com\/pl\/shop\/"},{"@type":"ListItem","position":3,"name":"Alkemy Re-Active | Alkalizuj\u0105cy szampon przygotowawczy"}]},{"@type":"WebSite","@id":"https:\/\/www.technique-italia.com\/pl\/#website","url":"https:\/\/www.technique-italia.com\/pl\/","name":"Technique","description":"The Italian Concept","potentialAction":[{"@type":"SearchAction","target":{"@type":"EntryPoint","urlTemplate":"https:\/\/www.technique-italia.com\/pl\/?s={search_term_string}"},"query-input":{"@type":"PropertyValueSpecification","valueRequired":true,"valueName":"search_term_string"}}],"inLanguage":"pl-PL"}]}},"_links":{"self":[{"href":"https:\/\/www.technique-italia.com\/pl\/wp-json\/wp\/v2\/product\/7716","targetHints":{"allow":["GET"]}}],"collection":[{"href":"https:\/\/www.technique-italia.com\/pl\/wp-json\/wp\/v2\/product"}],"about":[{"href":"https:\/\/www.technique-italia.com\/pl\/wp-json\/wp\/v2\/types\/product"}],"wp:featuredmedia":[{"embeddable":true,"href":"https:\/\/www.technique-italia.com\/pl\/wp-json\/wp\/v2\/media\/15028"}],"wp:attachment":[{"href":"https:\/\/www.technique-italia.com\/pl\/wp-json\/wp\/v2\/media?parent=7716"}],"wp:term":[{"taxonomy":"product_brand","embeddable":true,"href":"https:\/\/www.technique-italia.com\/pl\/wp-json\/wp\/v2\/product_brand?post=7716"},{"taxonomy":"product_cat","embeddable":true,"href":"https:\/\/www.technique-italia.com\/pl\/wp-json\/wp\/v2\/product_cat?post=7716"},{"taxonomy":"product_tag","embeddable":true,"href":"https:\/\/www.technique-italia.com\/pl\/wp-json\/wp\/v2\/product_tag?post=7716"}],"curies":[{"name":"wp","href":"https:\/\/api.w.org\/{rel}","templated":true}]}}