{"id":7715,"date":"2015-05-22T11:34:24","date_gmt":"2015-05-22T09:34:24","guid":{"rendered":"https:\/\/www.technique-italia.com\/\/products\/bez-kategorii\/alkemy-szampon-rewitalizujacy-2\/"},"modified":"2023-03-23T15:43:19","modified_gmt":"2023-03-23T14:43:19","slug":"szampon-rewitalizujacy-1000ml","status":"publish","type":"product","link":"https:\/\/www.technique-italia.com\/pl\/products\/zabiegi\/alkemy-reactive-pl\/szampon-rewitalizujacy-1000ml\/","title":{"rendered":"Alkemy Re-Active | Szampon Rewitalizuj\u0105cy"},"content":{"rendered":"","protected":false},"excerpt":{"rendered":"<p><strong>Alkemy Re-Active<\/strong>,<b> Szampon Rewitalizuj\u0105cy,<\/b><span style=\"font-weight: 400;\"> oczyszcza i od\u017cywia w\u0142osy dzi\u0119ki zawarto\u015bci<\/span><b> Olejku Arganowego,Keratyny<\/b><span style=\"font-weight: 400;\">, i <\/span><b>Kwasu Hialuronowego <\/b><span style=\"font-weight: 400;\">oraz <\/span><b>ekstraktu z Bambusa<\/b><span style=\"font-weight: 400;\">. Idealny do w\u0142os\u00f3w suchych\u00a0 i ze zniszczon\u0105 struktur\u0105, dla zwi\u0119kszonej <\/span><b>odporno\u015bci, elastyczno\u015bci <\/b><span style=\"font-weight: 400;\">i<\/span><b> wi\u0119kszego blasku<\/b><span style=\"font-weight: 400;\">. Praktyczny, funkcjonalny i wystarczaj\u0105cy na d\u0142ugo format Salon o pojemno\u015bci 1 litra. <\/span><span style=\"font-weight: 400;\">Dzia\u0142anie myj\u0105ce jak u fryzjera, tylko \u017ce w domu, dzi\u0119ki formatowi home o pojemno\u015bci 1000 ml.<\/span><\/p>\n<p><span style=\"font-weight: 400;\">Do u\u017cytku profesjonalnego<\/span><\/p>\n<p><span style=\"font-weight: 400;\">Flakon o pojemno\u015bci 1000<\/span><\/p>\n","protected":false},"featured_media":15033,"template":"","meta":[],"product_brand":[],"product_cat":[599,598],"product_tag":[],"class_list":{"0":"post-7715","1":"product","2":"type-product","3":"status-publish","4":"has-post-thumbnail","6":"product_cat-alkemy-reactive-pl","7":"product_cat-zabiegi","8":"description-off","10":"first","11":"instock","12":"shipping-taxable","13":"product-type-simple"},"yoast_head":"<!-- This site is optimized with the Yoast SEO plugin v26.8 - https:\/\/yoast.com\/product\/yoast-seo-wordpress\/ -->\n<title>Alkemy Re-Active | Szampon Rewitalizuj\u0105cy<\/title>\n<meta name=\"description\" content=\"Alkemy Re-Active, Szampon Rewitalizuj\u0105cy, oczyszcza i od\u017cywia w\u0142osy dzi\u0119ki zawarto\u015bci Olejku Arganowego, Keratyny, i Kwasu Hialuronowego oraz ekstraktu z Bambusa.\" \/>\n<meta name=\"robots\" content=\"index, follow, max-snippet:-1, max-image-preview:large, max-video-preview:-1\" \/>\n<link rel=\"canonical\" href=\"https:\/\/www.technique-italia.com\/pl\/products\/zabiegi\/alkemy-reactive-pl\/szampon-rewitalizujacy-1000ml\/\" \/>\n<meta property=\"og:locale\" content=\"pl_PL\" \/>\n<meta property=\"og:type\" content=\"article\" \/>\n<meta property=\"og:title\" content=\"Alkemy Re-Active | Szampon Rewitalizuj\u0105cy\" \/>\n<meta property=\"og:description\" content=\"Alkemy Re-Active, Szampon Rewitalizuj\u0105cy, oczyszcza i od\u017cywia w\u0142osy dzi\u0119ki zawarto\u015bci Olejku Arganowego, Keratyny, i Kwasu Hialuronowego oraz ekstraktu z Bambusa.\" \/>\n<meta property=\"og:url\" content=\"https:\/\/www.technique-italia.com\/pl\/products\/zabiegi\/alkemy-reactive-pl\/szampon-rewitalizujacy-1000ml\/\" \/>\n<meta property=\"og:site_name\" content=\"Technique\" \/>\n<meta property=\"article:modified_time\" content=\"2023-03-23T14:43:19+00:00\" \/>\n<meta property=\"og:image\" content=\"https:\/\/www.technique-italia.com\/wp-content\/uploads\/2023\/03\/02046_technique_treatment_alkemy_re_active_revitalizing_shampoo_1000ml-1.png\" \/>\n\t<meta property=\"og:image:width\" content=\"600\" \/>\n\t<meta property=\"og:image:height\" content=\"600\" \/>\n\t<meta property=\"og:image:type\" content=\"image\/png\" \/>\n<meta name=\"twitter:card\" content=\"summary_large_image\" \/>\n<script type=\"application\/ld+json\" class=\"yoast-schema-graph\">{\"@context\":\"https:\/\/schema.org\",\"@graph\":[{\"@type\":\"WebPage\",\"@id\":\"https:\/\/www.technique-italia.com\/pl\/products\/zabiegi\/alkemy-reactive-pl\/szampon-rewitalizujacy-1000ml\/\",\"url\":\"https:\/\/www.technique-italia.com\/pl\/products\/zabiegi\/alkemy-reactive-pl\/szampon-rewitalizujacy-1000ml\/\",\"name\":\"Alkemy Re-Active | Szampon Rewitalizuj\u0105cy\",\"isPartOf\":{\"@id\":\"https:\/\/www.technique-italia.com\/pl\/#website\"},\"primaryImageOfPage\":{\"@id\":\"https:\/\/www.technique-italia.com\/pl\/products\/zabiegi\/alkemy-reactive-pl\/szampon-rewitalizujacy-1000ml\/#primaryimage\"},\"image\":{\"@id\":\"https:\/\/www.technique-italia.com\/pl\/products\/zabiegi\/alkemy-reactive-pl\/szampon-rewitalizujacy-1000ml\/#primaryimage\"},\"thumbnailUrl\":\"https:\/\/www.technique-italia.com\/wp-content\/uploads\/2023\/03\/02046_technique_treatment_alkemy_re_active_revitalizing_shampoo_1000ml-1.png\",\"datePublished\":\"2015-05-22T09:34:24+00:00\",\"dateModified\":\"2023-03-23T14:43:19+00:00\",\"description\":\"Alkemy Re-Active, Szampon Rewitalizuj\u0105cy, oczyszcza i od\u017cywia w\u0142osy dzi\u0119ki zawarto\u015bci Olejku Arganowego, Keratyny, i Kwasu Hialuronowego oraz ekstraktu z Bambusa.\",\"breadcrumb\":{\"@id\":\"https:\/\/www.technique-italia.com\/pl\/products\/zabiegi\/alkemy-reactive-pl\/szampon-rewitalizujacy-1000ml\/#breadcrumb\"},\"inLanguage\":\"pl-PL\",\"potentialAction\":[{\"@type\":\"ReadAction\",\"target\":[\"https:\/\/www.technique-italia.com\/pl\/products\/zabiegi\/alkemy-reactive-pl\/szampon-rewitalizujacy-1000ml\/\"]}]},{\"@type\":\"ImageObject\",\"inLanguage\":\"pl-PL\",\"@id\":\"https:\/\/www.technique-italia.com\/pl\/products\/zabiegi\/alkemy-reactive-pl\/szampon-rewitalizujacy-1000ml\/#primaryimage\",\"url\":\"https:\/\/www.technique-italia.com\/wp-content\/uploads\/2023\/03\/02046_technique_treatment_alkemy_re_active_revitalizing_shampoo_1000ml-1.png\",\"contentUrl\":\"https:\/\/www.technique-italia.com\/wp-content\/uploads\/2023\/03\/02046_technique_treatment_alkemy_re_active_revitalizing_shampoo_1000ml-1.png\",\"width\":600,\"height\":600},{\"@type\":\"BreadcrumbList\",\"@id\":\"https:\/\/www.technique-italia.com\/pl\/products\/zabiegi\/alkemy-reactive-pl\/szampon-rewitalizujacy-1000ml\/#breadcrumb\",\"itemListElement\":[{\"@type\":\"ListItem\",\"position\":1,\"name\":\"Home\",\"item\":\"https:\/\/www.technique-italia.com\/pl\/\"},{\"@type\":\"ListItem\",\"position\":2,\"name\":\"Produkty\",\"item\":\"https:\/\/www.technique-italia.com\/pl\/shop\/\"},{\"@type\":\"ListItem\",\"position\":3,\"name\":\"Alkemy Re-Active | Szampon Rewitalizuj\u0105cy\"}]},{\"@type\":\"WebSite\",\"@id\":\"https:\/\/www.technique-italia.com\/pl\/#website\",\"url\":\"https:\/\/www.technique-italia.com\/pl\/\",\"name\":\"Technique\",\"description\":\"The Italian Concept\",\"potentialAction\":[{\"@type\":\"SearchAction\",\"target\":{\"@type\":\"EntryPoint\",\"urlTemplate\":\"https:\/\/www.technique-italia.com\/pl\/?s={search_term_string}\"},\"query-input\":{\"@type\":\"PropertyValueSpecification\",\"valueRequired\":true,\"valueName\":\"search_term_string\"}}],\"inLanguage\":\"pl-PL\"}]}<\/script>\n<!-- \/ Yoast SEO plugin. -->","yoast_head_json":{"title":"Alkemy Re-Active | Szampon Rewitalizuj\u0105cy","description":"Alkemy Re-Active, Szampon Rewitalizuj\u0105cy, oczyszcza i od\u017cywia w\u0142osy dzi\u0119ki zawarto\u015bci Olejku Arganowego, Keratyny, i Kwasu Hialuronowego oraz ekstraktu z Bambusa.","robots":{"index":"index","follow":"follow","max-snippet":"max-snippet:-1","max-image-preview":"max-image-preview:large","max-video-preview":"max-video-preview:-1"},"canonical":"https:\/\/www.technique-italia.com\/pl\/products\/zabiegi\/alkemy-reactive-pl\/szampon-rewitalizujacy-1000ml\/","og_locale":"pl_PL","og_type":"article","og_title":"Alkemy Re-Active | Szampon Rewitalizuj\u0105cy","og_description":"Alkemy Re-Active, Szampon Rewitalizuj\u0105cy, oczyszcza i od\u017cywia w\u0142osy dzi\u0119ki zawarto\u015bci Olejku Arganowego, Keratyny, i Kwasu Hialuronowego oraz ekstraktu z Bambusa.","og_url":"https:\/\/www.technique-italia.com\/pl\/products\/zabiegi\/alkemy-reactive-pl\/szampon-rewitalizujacy-1000ml\/","og_site_name":"Technique","article_modified_time":"2023-03-23T14:43:19+00:00","og_image":[{"width":600,"height":600,"url":"https:\/\/www.technique-italia.com\/wp-content\/uploads\/2023\/03\/02046_technique_treatment_alkemy_re_active_revitalizing_shampoo_1000ml-1.png","type":"image\/png"}],"twitter_card":"summary_large_image","schema":{"@context":"https:\/\/schema.org","@graph":[{"@type":"WebPage","@id":"https:\/\/www.technique-italia.com\/pl\/products\/zabiegi\/alkemy-reactive-pl\/szampon-rewitalizujacy-1000ml\/","url":"https:\/\/www.technique-italia.com\/pl\/products\/zabiegi\/alkemy-reactive-pl\/szampon-rewitalizujacy-1000ml\/","name":"Alkemy Re-Active | Szampon Rewitalizuj\u0105cy","isPartOf":{"@id":"https:\/\/www.technique-italia.com\/pl\/#website"},"primaryImageOfPage":{"@id":"https:\/\/www.technique-italia.com\/pl\/products\/zabiegi\/alkemy-reactive-pl\/szampon-rewitalizujacy-1000ml\/#primaryimage"},"image":{"@id":"https:\/\/www.technique-italia.com\/pl\/products\/zabiegi\/alkemy-reactive-pl\/szampon-rewitalizujacy-1000ml\/#primaryimage"},"thumbnailUrl":"https:\/\/www.technique-italia.com\/wp-content\/uploads\/2023\/03\/02046_technique_treatment_alkemy_re_active_revitalizing_shampoo_1000ml-1.png","datePublished":"2015-05-22T09:34:24+00:00","dateModified":"2023-03-23T14:43:19+00:00","description":"Alkemy Re-Active, Szampon Rewitalizuj\u0105cy, oczyszcza i od\u017cywia w\u0142osy dzi\u0119ki zawarto\u015bci Olejku Arganowego, Keratyny, i Kwasu Hialuronowego oraz ekstraktu z Bambusa.","breadcrumb":{"@id":"https:\/\/www.technique-italia.com\/pl\/products\/zabiegi\/alkemy-reactive-pl\/szampon-rewitalizujacy-1000ml\/#breadcrumb"},"inLanguage":"pl-PL","potentialAction":[{"@type":"ReadAction","target":["https:\/\/www.technique-italia.com\/pl\/products\/zabiegi\/alkemy-reactive-pl\/szampon-rewitalizujacy-1000ml\/"]}]},{"@type":"ImageObject","inLanguage":"pl-PL","@id":"https:\/\/www.technique-italia.com\/pl\/products\/zabiegi\/alkemy-reactive-pl\/szampon-rewitalizujacy-1000ml\/#primaryimage","url":"https:\/\/www.technique-italia.com\/wp-content\/uploads\/2023\/03\/02046_technique_treatment_alkemy_re_active_revitalizing_shampoo_1000ml-1.png","contentUrl":"https:\/\/www.technique-italia.com\/wp-content\/uploads\/2023\/03\/02046_technique_treatment_alkemy_re_active_revitalizing_shampoo_1000ml-1.png","width":600,"height":600},{"@type":"BreadcrumbList","@id":"https:\/\/www.technique-italia.com\/pl\/products\/zabiegi\/alkemy-reactive-pl\/szampon-rewitalizujacy-1000ml\/#breadcrumb","itemListElement":[{"@type":"ListItem","position":1,"name":"Home","item":"https:\/\/www.technique-italia.com\/pl\/"},{"@type":"ListItem","position":2,"name":"Produkty","item":"https:\/\/www.technique-italia.com\/pl\/shop\/"},{"@type":"ListItem","position":3,"name":"Alkemy Re-Active | Szampon Rewitalizuj\u0105cy"}]},{"@type":"WebSite","@id":"https:\/\/www.technique-italia.com\/pl\/#website","url":"https:\/\/www.technique-italia.com\/pl\/","name":"Technique","description":"The Italian Concept","potentialAction":[{"@type":"SearchAction","target":{"@type":"EntryPoint","urlTemplate":"https:\/\/www.technique-italia.com\/pl\/?s={search_term_string}"},"query-input":{"@type":"PropertyValueSpecification","valueRequired":true,"valueName":"search_term_string"}}],"inLanguage":"pl-PL"}]}},"_links":{"self":[{"href":"https:\/\/www.technique-italia.com\/pl\/wp-json\/wp\/v2\/product\/7715","targetHints":{"allow":["GET"]}}],"collection":[{"href":"https:\/\/www.technique-italia.com\/pl\/wp-json\/wp\/v2\/product"}],"about":[{"href":"https:\/\/www.technique-italia.com\/pl\/wp-json\/wp\/v2\/types\/product"}],"wp:featuredmedia":[{"embeddable":true,"href":"https:\/\/www.technique-italia.com\/pl\/wp-json\/wp\/v2\/media\/15033"}],"wp:attachment":[{"href":"https:\/\/www.technique-italia.com\/pl\/wp-json\/wp\/v2\/media?parent=7715"}],"wp:term":[{"taxonomy":"product_brand","embeddable":true,"href":"https:\/\/www.technique-italia.com\/pl\/wp-json\/wp\/v2\/product_brand?post=7715"},{"taxonomy":"product_cat","embeddable":true,"href":"https:\/\/www.technique-italia.com\/pl\/wp-json\/wp\/v2\/product_cat?post=7715"},{"taxonomy":"product_tag","embeddable":true,"href":"https:\/\/www.technique-italia.com\/pl\/wp-json\/wp\/v2\/product_tag?post=7715"}],"curies":[{"name":"wp","href":"https:\/\/api.w.org\/{rel}","templated":true}]}}