{"id":7712,"date":"2015-05-22T11:42:27","date_gmt":"2015-05-22T09:42:27","guid":{"rendered":"https:\/\/www.technique-italia.com\/\/products\/bez-kategorii\/alkemy-synergiczny-plyn-rewitalizujacy-2\/"},"modified":"2023-03-23T15:11:55","modified_gmt":"2023-03-23T14:11:55","slug":"synergiczny-plyn-rewitalizujacy-500-ml","status":"publish","type":"product","link":"https:\/\/www.technique-italia.com\/pl\/products\/zabiegi\/alkemy-reactive-pl\/synergiczny-plyn-rewitalizujacy-500-ml\/","title":{"rendered":"Alkemy Re-Active | Synergiczny P\u0142yn Rewitalizuj\u0105cy"},"content":{"rendered":"","protected":false},"excerpt":{"rendered":"<p><b><strong>Alkemy Re-Active<\/strong>,<\/b> <b>Synergiczny P\u0142yn Rewitalizuj\u0105cy<\/b><span style=\"font-weight: 400;\"> o kwa\u015bnym pH. Jego <\/span><b>zasklepiaj\u0105ce dzia\u0142anie<\/b><span style=\"font-weight: 400;\"> na \u0142uski jest zwie\u0144czeniem zabiegu Active Age. Wykazuje silne <\/span><b>dzia\u0142anie od\u017cywcze i zapobiegaj\u0105ce puszeniu<\/b><span style=\"font-weight: 400;\">, dla silnych, mi\u0119kkich i l\u015bni\u0105cych w\u0142os\u00f3w. Skuteczno\u015b\u0107, kt\u00f3ra wystarcza na d\u0142ugo dzi\u0119ki formatowi o pojemno\u015bci 500 ml. <\/span><span style=\"font-weight: 400;\">Format domowy o pojemno\u015bci 500 ml.<\/span><\/p>\n<p><span style=\"font-weight: 400;\">Do u\u017cytku profesjonalnego<\/span><\/p>\n<p><span style=\"font-weight: 400;\">Flakon o pojemno\u015bci 500 ml<\/span><\/p>\n","protected":false},"featured_media":15043,"template":"","meta":[],"product_brand":[],"product_cat":[599,598],"product_tag":[],"class_list":{"0":"post-7712","1":"product","2":"type-product","3":"status-publish","4":"has-post-thumbnail","6":"product_cat-alkemy-reactive-pl","7":"product_cat-zabiegi","8":"description-off","10":"first","11":"instock","12":"shipping-taxable","13":"product-type-simple"},"yoast_head":"<!-- This site is optimized with the Yoast SEO plugin v26.8 - https:\/\/yoast.com\/product\/yoast-seo-wordpress\/ -->\n<title>Alkemy Re-Active | Synergiczny P\u0142yn Rewitalizuj\u0105cy<\/title>\n<meta name=\"description\" content=\"Alkemy Re-Active, Synergiczny P\u0142yn Rewitalizuj\u0105cy o kwa\u015bnym pH. Jego zasklepiaj\u0105ce dzia\u0142anie na \u0142uski jest zwie\u0144czeniem zabiegu Active Age\" \/>\n<meta name=\"robots\" content=\"index, follow, max-snippet:-1, max-image-preview:large, max-video-preview:-1\" \/>\n<link rel=\"canonical\" href=\"https:\/\/www.technique-italia.com\/pl\/products\/zabiegi\/alkemy-reactive-pl\/synergiczny-plyn-rewitalizujacy-500-ml\/\" \/>\n<meta property=\"og:locale\" content=\"pl_PL\" \/>\n<meta property=\"og:type\" content=\"article\" \/>\n<meta property=\"og:title\" content=\"Alkemy Re-Active | Synergiczny P\u0142yn Rewitalizuj\u0105cy\" \/>\n<meta property=\"og:description\" content=\"Alkemy Re-Active, Synergiczny P\u0142yn Rewitalizuj\u0105cy o kwa\u015bnym pH. Jego zasklepiaj\u0105ce dzia\u0142anie na \u0142uski jest zwie\u0144czeniem zabiegu Active Age\" \/>\n<meta property=\"og:url\" content=\"https:\/\/www.technique-italia.com\/pl\/products\/zabiegi\/alkemy-reactive-pl\/synergiczny-plyn-rewitalizujacy-500-ml\/\" \/>\n<meta property=\"og:site_name\" content=\"Technique\" \/>\n<meta property=\"article:modified_time\" content=\"2023-03-23T14:11:55+00:00\" \/>\n<meta property=\"og:image\" content=\"https:\/\/www.technique-italia.com\/wp-content\/uploads\/2023\/03\/02049_technique_treatment_alkemy_re_active_revitalizing_synergic_fluid_500ml-1.png\" \/>\n\t<meta property=\"og:image:width\" content=\"600\" \/>\n\t<meta property=\"og:image:height\" content=\"600\" \/>\n\t<meta property=\"og:image:type\" content=\"image\/png\" \/>\n<meta name=\"twitter:card\" content=\"summary_large_image\" \/>\n<script type=\"application\/ld+json\" class=\"yoast-schema-graph\">{\"@context\":\"https:\/\/schema.org\",\"@graph\":[{\"@type\":\"WebPage\",\"@id\":\"https:\/\/www.technique-italia.com\/pl\/products\/zabiegi\/alkemy-reactive-pl\/synergiczny-plyn-rewitalizujacy-500-ml\/\",\"url\":\"https:\/\/www.technique-italia.com\/pl\/products\/zabiegi\/alkemy-reactive-pl\/synergiczny-plyn-rewitalizujacy-500-ml\/\",\"name\":\"Alkemy Re-Active | Synergiczny P\u0142yn Rewitalizuj\u0105cy\",\"isPartOf\":{\"@id\":\"https:\/\/www.technique-italia.com\/pl\/#website\"},\"primaryImageOfPage\":{\"@id\":\"https:\/\/www.technique-italia.com\/pl\/products\/zabiegi\/alkemy-reactive-pl\/synergiczny-plyn-rewitalizujacy-500-ml\/#primaryimage\"},\"image\":{\"@id\":\"https:\/\/www.technique-italia.com\/pl\/products\/zabiegi\/alkemy-reactive-pl\/synergiczny-plyn-rewitalizujacy-500-ml\/#primaryimage\"},\"thumbnailUrl\":\"https:\/\/www.technique-italia.com\/wp-content\/uploads\/2023\/03\/02049_technique_treatment_alkemy_re_active_revitalizing_synergic_fluid_500ml-1.png\",\"datePublished\":\"2015-05-22T09:42:27+00:00\",\"dateModified\":\"2023-03-23T14:11:55+00:00\",\"description\":\"Alkemy Re-Active, Synergiczny P\u0142yn Rewitalizuj\u0105cy o kwa\u015bnym pH. Jego zasklepiaj\u0105ce dzia\u0142anie na \u0142uski jest zwie\u0144czeniem zabiegu Active Age\",\"breadcrumb\":{\"@id\":\"https:\/\/www.technique-italia.com\/pl\/products\/zabiegi\/alkemy-reactive-pl\/synergiczny-plyn-rewitalizujacy-500-ml\/#breadcrumb\"},\"inLanguage\":\"pl-PL\",\"potentialAction\":[{\"@type\":\"ReadAction\",\"target\":[\"https:\/\/www.technique-italia.com\/pl\/products\/zabiegi\/alkemy-reactive-pl\/synergiczny-plyn-rewitalizujacy-500-ml\/\"]}]},{\"@type\":\"ImageObject\",\"inLanguage\":\"pl-PL\",\"@id\":\"https:\/\/www.technique-italia.com\/pl\/products\/zabiegi\/alkemy-reactive-pl\/synergiczny-plyn-rewitalizujacy-500-ml\/#primaryimage\",\"url\":\"https:\/\/www.technique-italia.com\/wp-content\/uploads\/2023\/03\/02049_technique_treatment_alkemy_re_active_revitalizing_synergic_fluid_500ml-1.png\",\"contentUrl\":\"https:\/\/www.technique-italia.com\/wp-content\/uploads\/2023\/03\/02049_technique_treatment_alkemy_re_active_revitalizing_synergic_fluid_500ml-1.png\",\"width\":600,\"height\":600},{\"@type\":\"BreadcrumbList\",\"@id\":\"https:\/\/www.technique-italia.com\/pl\/products\/zabiegi\/alkemy-reactive-pl\/synergiczny-plyn-rewitalizujacy-500-ml\/#breadcrumb\",\"itemListElement\":[{\"@type\":\"ListItem\",\"position\":1,\"name\":\"Home\",\"item\":\"https:\/\/www.technique-italia.com\/pl\/\"},{\"@type\":\"ListItem\",\"position\":2,\"name\":\"Produkty\",\"item\":\"https:\/\/www.technique-italia.com\/pl\/shop\/\"},{\"@type\":\"ListItem\",\"position\":3,\"name\":\"Alkemy Re-Active | Synergiczny P\u0142yn Rewitalizuj\u0105cy\"}]},{\"@type\":\"WebSite\",\"@id\":\"https:\/\/www.technique-italia.com\/pl\/#website\",\"url\":\"https:\/\/www.technique-italia.com\/pl\/\",\"name\":\"Technique\",\"description\":\"The Italian Concept\",\"potentialAction\":[{\"@type\":\"SearchAction\",\"target\":{\"@type\":\"EntryPoint\",\"urlTemplate\":\"https:\/\/www.technique-italia.com\/pl\/?s={search_term_string}\"},\"query-input\":{\"@type\":\"PropertyValueSpecification\",\"valueRequired\":true,\"valueName\":\"search_term_string\"}}],\"inLanguage\":\"pl-PL\"}]}<\/script>\n<!-- \/ Yoast SEO plugin. -->","yoast_head_json":{"title":"Alkemy Re-Active | Synergiczny P\u0142yn Rewitalizuj\u0105cy","description":"Alkemy Re-Active, Synergiczny P\u0142yn Rewitalizuj\u0105cy o kwa\u015bnym pH. Jego zasklepiaj\u0105ce dzia\u0142anie na \u0142uski jest zwie\u0144czeniem zabiegu Active Age","robots":{"index":"index","follow":"follow","max-snippet":"max-snippet:-1","max-image-preview":"max-image-preview:large","max-video-preview":"max-video-preview:-1"},"canonical":"https:\/\/www.technique-italia.com\/pl\/products\/zabiegi\/alkemy-reactive-pl\/synergiczny-plyn-rewitalizujacy-500-ml\/","og_locale":"pl_PL","og_type":"article","og_title":"Alkemy Re-Active | Synergiczny P\u0142yn Rewitalizuj\u0105cy","og_description":"Alkemy Re-Active, Synergiczny P\u0142yn Rewitalizuj\u0105cy o kwa\u015bnym pH. Jego zasklepiaj\u0105ce dzia\u0142anie na \u0142uski jest zwie\u0144czeniem zabiegu Active Age","og_url":"https:\/\/www.technique-italia.com\/pl\/products\/zabiegi\/alkemy-reactive-pl\/synergiczny-plyn-rewitalizujacy-500-ml\/","og_site_name":"Technique","article_modified_time":"2023-03-23T14:11:55+00:00","og_image":[{"width":600,"height":600,"url":"https:\/\/www.technique-italia.com\/wp-content\/uploads\/2023\/03\/02049_technique_treatment_alkemy_re_active_revitalizing_synergic_fluid_500ml-1.png","type":"image\/png"}],"twitter_card":"summary_large_image","schema":{"@context":"https:\/\/schema.org","@graph":[{"@type":"WebPage","@id":"https:\/\/www.technique-italia.com\/pl\/products\/zabiegi\/alkemy-reactive-pl\/synergiczny-plyn-rewitalizujacy-500-ml\/","url":"https:\/\/www.technique-italia.com\/pl\/products\/zabiegi\/alkemy-reactive-pl\/synergiczny-plyn-rewitalizujacy-500-ml\/","name":"Alkemy Re-Active | Synergiczny P\u0142yn Rewitalizuj\u0105cy","isPartOf":{"@id":"https:\/\/www.technique-italia.com\/pl\/#website"},"primaryImageOfPage":{"@id":"https:\/\/www.technique-italia.com\/pl\/products\/zabiegi\/alkemy-reactive-pl\/synergiczny-plyn-rewitalizujacy-500-ml\/#primaryimage"},"image":{"@id":"https:\/\/www.technique-italia.com\/pl\/products\/zabiegi\/alkemy-reactive-pl\/synergiczny-plyn-rewitalizujacy-500-ml\/#primaryimage"},"thumbnailUrl":"https:\/\/www.technique-italia.com\/wp-content\/uploads\/2023\/03\/02049_technique_treatment_alkemy_re_active_revitalizing_synergic_fluid_500ml-1.png","datePublished":"2015-05-22T09:42:27+00:00","dateModified":"2023-03-23T14:11:55+00:00","description":"Alkemy Re-Active, Synergiczny P\u0142yn Rewitalizuj\u0105cy o kwa\u015bnym pH. Jego zasklepiaj\u0105ce dzia\u0142anie na \u0142uski jest zwie\u0144czeniem zabiegu Active Age","breadcrumb":{"@id":"https:\/\/www.technique-italia.com\/pl\/products\/zabiegi\/alkemy-reactive-pl\/synergiczny-plyn-rewitalizujacy-500-ml\/#breadcrumb"},"inLanguage":"pl-PL","potentialAction":[{"@type":"ReadAction","target":["https:\/\/www.technique-italia.com\/pl\/products\/zabiegi\/alkemy-reactive-pl\/synergiczny-plyn-rewitalizujacy-500-ml\/"]}]},{"@type":"ImageObject","inLanguage":"pl-PL","@id":"https:\/\/www.technique-italia.com\/pl\/products\/zabiegi\/alkemy-reactive-pl\/synergiczny-plyn-rewitalizujacy-500-ml\/#primaryimage","url":"https:\/\/www.technique-italia.com\/wp-content\/uploads\/2023\/03\/02049_technique_treatment_alkemy_re_active_revitalizing_synergic_fluid_500ml-1.png","contentUrl":"https:\/\/www.technique-italia.com\/wp-content\/uploads\/2023\/03\/02049_technique_treatment_alkemy_re_active_revitalizing_synergic_fluid_500ml-1.png","width":600,"height":600},{"@type":"BreadcrumbList","@id":"https:\/\/www.technique-italia.com\/pl\/products\/zabiegi\/alkemy-reactive-pl\/synergiczny-plyn-rewitalizujacy-500-ml\/#breadcrumb","itemListElement":[{"@type":"ListItem","position":1,"name":"Home","item":"https:\/\/www.technique-italia.com\/pl\/"},{"@type":"ListItem","position":2,"name":"Produkty","item":"https:\/\/www.technique-italia.com\/pl\/shop\/"},{"@type":"ListItem","position":3,"name":"Alkemy Re-Active | Synergiczny P\u0142yn Rewitalizuj\u0105cy"}]},{"@type":"WebSite","@id":"https:\/\/www.technique-italia.com\/pl\/#website","url":"https:\/\/www.technique-italia.com\/pl\/","name":"Technique","description":"The Italian Concept","potentialAction":[{"@type":"SearchAction","target":{"@type":"EntryPoint","urlTemplate":"https:\/\/www.technique-italia.com\/pl\/?s={search_term_string}"},"query-input":{"@type":"PropertyValueSpecification","valueRequired":true,"valueName":"search_term_string"}}],"inLanguage":"pl-PL"}]}},"_links":{"self":[{"href":"https:\/\/www.technique-italia.com\/pl\/wp-json\/wp\/v2\/product\/7712","targetHints":{"allow":["GET"]}}],"collection":[{"href":"https:\/\/www.technique-italia.com\/pl\/wp-json\/wp\/v2\/product"}],"about":[{"href":"https:\/\/www.technique-italia.com\/pl\/wp-json\/wp\/v2\/types\/product"}],"wp:featuredmedia":[{"embeddable":true,"href":"https:\/\/www.technique-italia.com\/pl\/wp-json\/wp\/v2\/media\/15043"}],"wp:attachment":[{"href":"https:\/\/www.technique-italia.com\/pl\/wp-json\/wp\/v2\/media?parent=7712"}],"wp:term":[{"taxonomy":"product_brand","embeddable":true,"href":"https:\/\/www.technique-italia.com\/pl\/wp-json\/wp\/v2\/product_brand?post=7712"},{"taxonomy":"product_cat","embeddable":true,"href":"https:\/\/www.technique-italia.com\/pl\/wp-json\/wp\/v2\/product_cat?post=7712"},{"taxonomy":"product_tag","embeddable":true,"href":"https:\/\/www.technique-italia.com\/pl\/wp-json\/wp\/v2\/product_tag?post=7712"}],"curies":[{"name":"wp","href":"https:\/\/api.w.org\/{rel}","templated":true}]}}