{"id":7711,"date":"2015-05-22T11:50:28","date_gmt":"2015-05-22T09:50:28","guid":{"rendered":"https:\/\/www.technique-italia.com\/\/products\/bez-kategorii\/alkemy-synergiczny-plyn-rewitalizujacy\/"},"modified":"2023-11-13T15:15:52","modified_gmt":"2023-11-13T14:15:52","slug":"alkemy-synergiczny-plyn-rewitalizujacy","status":"publish","type":"product","link":"https:\/\/www.technique-italia.com\/pl\/products\/zabiegi\/alkemy-reactive-pl\/alkemy-synergiczny-plyn-rewitalizujacy\/","title":{"rendered":"Alkemy Re-Active | Synergiczny P\u0142yn Rewitalizuj\u0105cy"},"content":{"rendered":"","protected":false},"excerpt":{"rendered":"<p><b>Alkemy,<\/b> <b>Synergiczny P\u0142yn Rewitalizuj\u0105cy<\/b><span style=\"font-weight: 400;\"> o kwa\u015bnym pH. Jego <\/span><b>zasklepiaj\u0105ce dzia\u0142anie<\/b><span style=\"font-weight: 400;\"> na \u0142uski jest zwie\u0144czeniem zabiegu Active Age. Wykazuje silne <\/span><b>dzia\u0142anie od\u017cywcze i zapobiegaj\u0105ce puszeniu<\/b><span style=\"font-weight: 400;\">, dla silnych, mi\u0119kkich i l\u015bni\u0105cych w\u0142os\u00f3w. <\/span><span style=\"font-weight: 400;\">Format domowy o pojemno\u015bci 200 ml.<\/span><\/p>\n<p><span style=\"font-weight: 400;\">Do u\u017cytku profesjonalnego<\/span><\/p>\n<p><span style=\"font-weight: 400;\">Flakon o pojemno\u015bci\u00a0 200 ml<\/span><\/p>\n","protected":false},"featured_media":17428,"template":"","meta":[],"product_brand":[],"product_cat":[599,598],"product_tag":[],"class_list":{"0":"post-7711","1":"product","2":"type-product","3":"status-publish","4":"has-post-thumbnail","6":"product_cat-alkemy-reactive-pl","7":"product_cat-zabiegi","8":"description-off","10":"first","11":"instock","12":"shipping-taxable","13":"product-type-simple"},"yoast_head":"<!-- This site is optimized with the Yoast SEO plugin v26.8 - https:\/\/yoast.com\/product\/yoast-seo-wordpress\/ -->\n<title>Alkemy | Synergiczny P\u0142yn Rewitalizuj\u0105cy<\/title>\n<meta name=\"description\" content=\"Alkemy, Synergiczny P\u0142yn Rewitalizuj\u0105cy o kwa\u015bnym pH. Jego zasklepiaj\u0105ce dzia\u0142anie na \u0142uski jest zwie\u0144czeniem zabiegu Active Age.\" \/>\n<meta name=\"robots\" content=\"index, follow, max-snippet:-1, max-image-preview:large, max-video-preview:-1\" \/>\n<link rel=\"canonical\" href=\"https:\/\/www.technique-italia.com\/pl\/products\/zabiegi\/alkemy-reactive-pl\/alkemy-synergiczny-plyn-rewitalizujacy\/\" \/>\n<meta property=\"og:locale\" content=\"pl_PL\" \/>\n<meta property=\"og:type\" content=\"article\" \/>\n<meta property=\"og:title\" content=\"Alkemy | Synergiczny P\u0142yn Rewitalizuj\u0105cy\" \/>\n<meta property=\"og:description\" content=\"Alkemy, Synergiczny P\u0142yn Rewitalizuj\u0105cy o kwa\u015bnym pH. Jego zasklepiaj\u0105ce dzia\u0142anie na \u0142uski jest zwie\u0144czeniem zabiegu Active Age.\" \/>\n<meta property=\"og:url\" content=\"https:\/\/www.technique-italia.com\/pl\/products\/zabiegi\/alkemy-reactive-pl\/alkemy-synergiczny-plyn-rewitalizujacy\/\" \/>\n<meta property=\"og:site_name\" content=\"Technique\" \/>\n<meta property=\"article:modified_time\" content=\"2023-11-13T14:15:52+00:00\" \/>\n<meta property=\"og:image\" content=\"https:\/\/www.technique-italia.com\/wp-content\/uploads\/2015\/05\/02049_technique_treatment_alkemy_re_active_revitalizing_synergic_fluid_200ml-2.png\" \/>\n\t<meta property=\"og:image:width\" content=\"600\" \/>\n\t<meta property=\"og:image:height\" content=\"600\" \/>\n\t<meta property=\"og:image:type\" content=\"image\/png\" \/>\n<meta name=\"twitter:card\" content=\"summary_large_image\" \/>\n<script type=\"application\/ld+json\" class=\"yoast-schema-graph\">{\"@context\":\"https:\/\/schema.org\",\"@graph\":[{\"@type\":\"WebPage\",\"@id\":\"https:\/\/www.technique-italia.com\/pl\/products\/zabiegi\/alkemy-reactive-pl\/alkemy-synergiczny-plyn-rewitalizujacy\/\",\"url\":\"https:\/\/www.technique-italia.com\/pl\/products\/zabiegi\/alkemy-reactive-pl\/alkemy-synergiczny-plyn-rewitalizujacy\/\",\"name\":\"Alkemy | Synergiczny P\u0142yn Rewitalizuj\u0105cy\",\"isPartOf\":{\"@id\":\"https:\/\/www.technique-italia.com\/pl\/#website\"},\"primaryImageOfPage\":{\"@id\":\"https:\/\/www.technique-italia.com\/pl\/products\/zabiegi\/alkemy-reactive-pl\/alkemy-synergiczny-plyn-rewitalizujacy\/#primaryimage\"},\"image\":{\"@id\":\"https:\/\/www.technique-italia.com\/pl\/products\/zabiegi\/alkemy-reactive-pl\/alkemy-synergiczny-plyn-rewitalizujacy\/#primaryimage\"},\"thumbnailUrl\":\"https:\/\/www.technique-italia.com\/wp-content\/uploads\/2015\/05\/02049_technique_treatment_alkemy_re_active_revitalizing_synergic_fluid_200ml-2.png\",\"datePublished\":\"2015-05-22T09:50:28+00:00\",\"dateModified\":\"2023-11-13T14:15:52+00:00\",\"description\":\"Alkemy, Synergiczny P\u0142yn Rewitalizuj\u0105cy o kwa\u015bnym pH. Jego zasklepiaj\u0105ce dzia\u0142anie na \u0142uski jest zwie\u0144czeniem zabiegu Active Age.\",\"breadcrumb\":{\"@id\":\"https:\/\/www.technique-italia.com\/pl\/products\/zabiegi\/alkemy-reactive-pl\/alkemy-synergiczny-plyn-rewitalizujacy\/#breadcrumb\"},\"inLanguage\":\"pl-PL\",\"potentialAction\":[{\"@type\":\"ReadAction\",\"target\":[\"https:\/\/www.technique-italia.com\/pl\/products\/zabiegi\/alkemy-reactive-pl\/alkemy-synergiczny-plyn-rewitalizujacy\/\"]}]},{\"@type\":\"ImageObject\",\"inLanguage\":\"pl-PL\",\"@id\":\"https:\/\/www.technique-italia.com\/pl\/products\/zabiegi\/alkemy-reactive-pl\/alkemy-synergiczny-plyn-rewitalizujacy\/#primaryimage\",\"url\":\"https:\/\/www.technique-italia.com\/wp-content\/uploads\/2015\/05\/02049_technique_treatment_alkemy_re_active_revitalizing_synergic_fluid_200ml-2.png\",\"contentUrl\":\"https:\/\/www.technique-italia.com\/wp-content\/uploads\/2015\/05\/02049_technique_treatment_alkemy_re_active_revitalizing_synergic_fluid_200ml-2.png\",\"width\":600,\"height\":600},{\"@type\":\"BreadcrumbList\",\"@id\":\"https:\/\/www.technique-italia.com\/pl\/products\/zabiegi\/alkemy-reactive-pl\/alkemy-synergiczny-plyn-rewitalizujacy\/#breadcrumb\",\"itemListElement\":[{\"@type\":\"ListItem\",\"position\":1,\"name\":\"Home\",\"item\":\"https:\/\/www.technique-italia.com\/pl\/\"},{\"@type\":\"ListItem\",\"position\":2,\"name\":\"Produkty\",\"item\":\"https:\/\/www.technique-italia.com\/pl\/shop\/\"},{\"@type\":\"ListItem\",\"position\":3,\"name\":\"Alkemy Re-Active | Synergiczny P\u0142yn Rewitalizuj\u0105cy\"}]},{\"@type\":\"WebSite\",\"@id\":\"https:\/\/www.technique-italia.com\/pl\/#website\",\"url\":\"https:\/\/www.technique-italia.com\/pl\/\",\"name\":\"Technique\",\"description\":\"The Italian Concept\",\"potentialAction\":[{\"@type\":\"SearchAction\",\"target\":{\"@type\":\"EntryPoint\",\"urlTemplate\":\"https:\/\/www.technique-italia.com\/pl\/?s={search_term_string}\"},\"query-input\":{\"@type\":\"PropertyValueSpecification\",\"valueRequired\":true,\"valueName\":\"search_term_string\"}}],\"inLanguage\":\"pl-PL\"}]}<\/script>\n<!-- \/ Yoast SEO plugin. -->","yoast_head_json":{"title":"Alkemy | Synergiczny P\u0142yn Rewitalizuj\u0105cy","description":"Alkemy, Synergiczny P\u0142yn Rewitalizuj\u0105cy o kwa\u015bnym pH. Jego zasklepiaj\u0105ce dzia\u0142anie na \u0142uski jest zwie\u0144czeniem zabiegu Active Age.","robots":{"index":"index","follow":"follow","max-snippet":"max-snippet:-1","max-image-preview":"max-image-preview:large","max-video-preview":"max-video-preview:-1"},"canonical":"https:\/\/www.technique-italia.com\/pl\/products\/zabiegi\/alkemy-reactive-pl\/alkemy-synergiczny-plyn-rewitalizujacy\/","og_locale":"pl_PL","og_type":"article","og_title":"Alkemy | Synergiczny P\u0142yn Rewitalizuj\u0105cy","og_description":"Alkemy, Synergiczny P\u0142yn Rewitalizuj\u0105cy o kwa\u015bnym pH. Jego zasklepiaj\u0105ce dzia\u0142anie na \u0142uski jest zwie\u0144czeniem zabiegu Active Age.","og_url":"https:\/\/www.technique-italia.com\/pl\/products\/zabiegi\/alkemy-reactive-pl\/alkemy-synergiczny-plyn-rewitalizujacy\/","og_site_name":"Technique","article_modified_time":"2023-11-13T14:15:52+00:00","og_image":[{"width":600,"height":600,"url":"https:\/\/www.technique-italia.com\/wp-content\/uploads\/2015\/05\/02049_technique_treatment_alkemy_re_active_revitalizing_synergic_fluid_200ml-2.png","type":"image\/png"}],"twitter_card":"summary_large_image","schema":{"@context":"https:\/\/schema.org","@graph":[{"@type":"WebPage","@id":"https:\/\/www.technique-italia.com\/pl\/products\/zabiegi\/alkemy-reactive-pl\/alkemy-synergiczny-plyn-rewitalizujacy\/","url":"https:\/\/www.technique-italia.com\/pl\/products\/zabiegi\/alkemy-reactive-pl\/alkemy-synergiczny-plyn-rewitalizujacy\/","name":"Alkemy | Synergiczny P\u0142yn Rewitalizuj\u0105cy","isPartOf":{"@id":"https:\/\/www.technique-italia.com\/pl\/#website"},"primaryImageOfPage":{"@id":"https:\/\/www.technique-italia.com\/pl\/products\/zabiegi\/alkemy-reactive-pl\/alkemy-synergiczny-plyn-rewitalizujacy\/#primaryimage"},"image":{"@id":"https:\/\/www.technique-italia.com\/pl\/products\/zabiegi\/alkemy-reactive-pl\/alkemy-synergiczny-plyn-rewitalizujacy\/#primaryimage"},"thumbnailUrl":"https:\/\/www.technique-italia.com\/wp-content\/uploads\/2015\/05\/02049_technique_treatment_alkemy_re_active_revitalizing_synergic_fluid_200ml-2.png","datePublished":"2015-05-22T09:50:28+00:00","dateModified":"2023-11-13T14:15:52+00:00","description":"Alkemy, Synergiczny P\u0142yn Rewitalizuj\u0105cy o kwa\u015bnym pH. Jego zasklepiaj\u0105ce dzia\u0142anie na \u0142uski jest zwie\u0144czeniem zabiegu Active Age.","breadcrumb":{"@id":"https:\/\/www.technique-italia.com\/pl\/products\/zabiegi\/alkemy-reactive-pl\/alkemy-synergiczny-plyn-rewitalizujacy\/#breadcrumb"},"inLanguage":"pl-PL","potentialAction":[{"@type":"ReadAction","target":["https:\/\/www.technique-italia.com\/pl\/products\/zabiegi\/alkemy-reactive-pl\/alkemy-synergiczny-plyn-rewitalizujacy\/"]}]},{"@type":"ImageObject","inLanguage":"pl-PL","@id":"https:\/\/www.technique-italia.com\/pl\/products\/zabiegi\/alkemy-reactive-pl\/alkemy-synergiczny-plyn-rewitalizujacy\/#primaryimage","url":"https:\/\/www.technique-italia.com\/wp-content\/uploads\/2015\/05\/02049_technique_treatment_alkemy_re_active_revitalizing_synergic_fluid_200ml-2.png","contentUrl":"https:\/\/www.technique-italia.com\/wp-content\/uploads\/2015\/05\/02049_technique_treatment_alkemy_re_active_revitalizing_synergic_fluid_200ml-2.png","width":600,"height":600},{"@type":"BreadcrumbList","@id":"https:\/\/www.technique-italia.com\/pl\/products\/zabiegi\/alkemy-reactive-pl\/alkemy-synergiczny-plyn-rewitalizujacy\/#breadcrumb","itemListElement":[{"@type":"ListItem","position":1,"name":"Home","item":"https:\/\/www.technique-italia.com\/pl\/"},{"@type":"ListItem","position":2,"name":"Produkty","item":"https:\/\/www.technique-italia.com\/pl\/shop\/"},{"@type":"ListItem","position":3,"name":"Alkemy Re-Active | Synergiczny P\u0142yn Rewitalizuj\u0105cy"}]},{"@type":"WebSite","@id":"https:\/\/www.technique-italia.com\/pl\/#website","url":"https:\/\/www.technique-italia.com\/pl\/","name":"Technique","description":"The Italian Concept","potentialAction":[{"@type":"SearchAction","target":{"@type":"EntryPoint","urlTemplate":"https:\/\/www.technique-italia.com\/pl\/?s={search_term_string}"},"query-input":{"@type":"PropertyValueSpecification","valueRequired":true,"valueName":"search_term_string"}}],"inLanguage":"pl-PL"}]}},"_links":{"self":[{"href":"https:\/\/www.technique-italia.com\/pl\/wp-json\/wp\/v2\/product\/7711","targetHints":{"allow":["GET"]}}],"collection":[{"href":"https:\/\/www.technique-italia.com\/pl\/wp-json\/wp\/v2\/product"}],"about":[{"href":"https:\/\/www.technique-italia.com\/pl\/wp-json\/wp\/v2\/types\/product"}],"wp:featuredmedia":[{"embeddable":true,"href":"https:\/\/www.technique-italia.com\/pl\/wp-json\/wp\/v2\/media\/17428"}],"wp:attachment":[{"href":"https:\/\/www.technique-italia.com\/pl\/wp-json\/wp\/v2\/media?parent=7711"}],"wp:term":[{"taxonomy":"product_brand","embeddable":true,"href":"https:\/\/www.technique-italia.com\/pl\/wp-json\/wp\/v2\/product_brand?post=7711"},{"taxonomy":"product_cat","embeddable":true,"href":"https:\/\/www.technique-italia.com\/pl\/wp-json\/wp\/v2\/product_cat?post=7711"},{"taxonomy":"product_tag","embeddable":true,"href":"https:\/\/www.technique-italia.com\/pl\/wp-json\/wp\/v2\/product_tag?post=7711"}],"curies":[{"name":"wp","href":"https:\/\/api.w.org\/{rel}","templated":true}]}}