{"id":7526,"date":"2015-05-21T09:07:04","date_gmt":"2015-05-21T07:07:04","guid":{"rendered":"https:\/\/www.technique-italia.com\/\/products\/bez-kategorii\/hello-cream-koloryzacja-ton-w-ton\/"},"modified":"2023-01-20T17:10:38","modified_gmt":"2023-01-20T16:10:38","slug":"hello-cream-koloryzacja-ton-w-ton","status":"publish","type":"product","link":"https:\/\/www.technique-italia.com\/pl\/products\/koloryzacja\/hello-cream-pl\/hello-cream-koloryzacja-ton-w-ton\/","title":{"rendered":"Hello Cream | Koloryzacja ton w ton"},"content":{"rendered":"","protected":false},"excerpt":{"rendered":"<p><b>Hello Cream<\/b><span style=\"font-weight: 400;\">, <\/span><b>p\u00f3\u0142trwa\u0142a koloryzacja ton w ton<\/b><span style=\"font-weight: 400;\">, d\u0142ugotrwa\u0142a i bez amoniaku. Od\u017cywcza formu\u0142a o silnym dzia\u0142aniu kosmetycznym, wzbogacona <strong>Olej bawe\u0142niany i wyci\u0105g z orzecha w\u0142oskiego<\/strong><\/span><span style=\"font-weight: 400;\">. Maksymalna jednolito\u015b\u0107 koloryzacji <\/span><b>intensywne, d\u0142ugotrwa\u0142e refleksy<\/b><span style=\"font-weight: 400;\">.<\/span><\/p>\n<p><span style=\"font-weight: 400;\">Do u\u017cytku profesjonalnego<\/span><\/p>\n<p><span style=\"font-weight: 400;\">22 dost\u0119pne odcienie<\/span><\/p>\n<p><span style=\"font-weight: 400;\">Tubka o pojemno\u015bci 100 ml<\/span><\/p>\n","protected":false},"featured_media":17242,"template":"","meta":[],"product_brand":[],"product_cat":[586,583],"product_tag":[],"class_list":{"0":"post-7526","1":"product","2":"type-product","3":"status-publish","4":"has-post-thumbnail","6":"product_cat-hello-cream-pl","7":"product_cat-koloryzacja","8":"description-off","10":"first","11":"instock","12":"shipping-taxable","13":"purchasable","14":"product-type-variable"},"yoast_head":"<!-- This site is optimized with the Yoast SEO plugin v26.8 - https:\/\/yoast.com\/product\/yoast-seo-wordpress\/ -->\n<title>Hello Cream | Koloryzacja ton w ton<\/title>\n<meta name=\"description\" content=\"Hello Cream, p\u00f3\u0142trwa\u0142a koloryzacja ton w ton, d\u0142ugotrwa\u0142a i bez amoniaku. Od\u017cywcza formu\u0142a o silnym dzia\u0142aniu kosmetycznym, wzbogacona yogurtenem i miodem.\" \/>\n<meta name=\"robots\" content=\"index, follow, max-snippet:-1, max-image-preview:large, max-video-preview:-1\" \/>\n<link rel=\"canonical\" href=\"https:\/\/www.technique-italia.com\/pl\/products\/koloryzacja\/hello-cream-pl\/hello-cream-koloryzacja-ton-w-ton\/\" \/>\n<meta property=\"og:locale\" content=\"pl_PL\" \/>\n<meta property=\"og:type\" content=\"article\" \/>\n<meta property=\"og:title\" content=\"Hello Cream | Koloryzacja ton w ton\" \/>\n<meta property=\"og:description\" content=\"Hello Cream, p\u00f3\u0142trwa\u0142a koloryzacja ton w ton, d\u0142ugotrwa\u0142a i bez amoniaku. Od\u017cywcza formu\u0142a o silnym dzia\u0142aniu kosmetycznym, wzbogacona yogurtenem i miodem.\" \/>\n<meta property=\"og:url\" content=\"https:\/\/www.technique-italia.com\/pl\/products\/koloryzacja\/hello-cream-pl\/hello-cream-koloryzacja-ton-w-ton\/\" \/>\n<meta property=\"og:site_name\" content=\"Technique\" \/>\n<meta property=\"article:modified_time\" content=\"2023-01-20T16:10:38+00:00\" \/>\n<meta property=\"og:image\" content=\"https:\/\/www.technique-italia.com\/wp-content\/uploads\/2015\/05\/00000_technique_hello_cream_100ml_.png\" \/>\n\t<meta property=\"og:image:width\" content=\"600\" \/>\n\t<meta property=\"og:image:height\" content=\"600\" \/>\n\t<meta property=\"og:image:type\" content=\"image\/png\" \/>\n<meta name=\"twitter:card\" content=\"summary_large_image\" \/>\n<script type=\"application\/ld+json\" class=\"yoast-schema-graph\">{\"@context\":\"https:\/\/schema.org\",\"@graph\":[{\"@type\":\"WebPage\",\"@id\":\"https:\/\/www.technique-italia.com\/pl\/products\/koloryzacja\/hello-cream-pl\/hello-cream-koloryzacja-ton-w-ton\/\",\"url\":\"https:\/\/www.technique-italia.com\/pl\/products\/koloryzacja\/hello-cream-pl\/hello-cream-koloryzacja-ton-w-ton\/\",\"name\":\"Hello Cream | Koloryzacja ton w ton\",\"isPartOf\":{\"@id\":\"https:\/\/www.technique-italia.com\/pl\/#website\"},\"primaryImageOfPage\":{\"@id\":\"https:\/\/www.technique-italia.com\/pl\/products\/koloryzacja\/hello-cream-pl\/hello-cream-koloryzacja-ton-w-ton\/#primaryimage\"},\"image\":{\"@id\":\"https:\/\/www.technique-italia.com\/pl\/products\/koloryzacja\/hello-cream-pl\/hello-cream-koloryzacja-ton-w-ton\/#primaryimage\"},\"thumbnailUrl\":\"https:\/\/www.technique-italia.com\/wp-content\/uploads\/2015\/05\/00000_technique_hello_cream_100ml_.png\",\"datePublished\":\"2015-05-21T07:07:04+00:00\",\"dateModified\":\"2023-01-20T16:10:38+00:00\",\"description\":\"Hello Cream, p\u00f3\u0142trwa\u0142a koloryzacja ton w ton, d\u0142ugotrwa\u0142a i bez amoniaku. Od\u017cywcza formu\u0142a o silnym dzia\u0142aniu kosmetycznym, wzbogacona yogurtenem i miodem.\",\"breadcrumb\":{\"@id\":\"https:\/\/www.technique-italia.com\/pl\/products\/koloryzacja\/hello-cream-pl\/hello-cream-koloryzacja-ton-w-ton\/#breadcrumb\"},\"inLanguage\":\"pl-PL\",\"potentialAction\":[{\"@type\":\"ReadAction\",\"target\":[\"https:\/\/www.technique-italia.com\/pl\/products\/koloryzacja\/hello-cream-pl\/hello-cream-koloryzacja-ton-w-ton\/\"]}]},{\"@type\":\"ImageObject\",\"inLanguage\":\"pl-PL\",\"@id\":\"https:\/\/www.technique-italia.com\/pl\/products\/koloryzacja\/hello-cream-pl\/hello-cream-koloryzacja-ton-w-ton\/#primaryimage\",\"url\":\"https:\/\/www.technique-italia.com\/wp-content\/uploads\/2015\/05\/00000_technique_hello_cream_100ml_.png\",\"contentUrl\":\"https:\/\/www.technique-italia.com\/wp-content\/uploads\/2015\/05\/00000_technique_hello_cream_100ml_.png\",\"width\":600,\"height\":600},{\"@type\":\"BreadcrumbList\",\"@id\":\"https:\/\/www.technique-italia.com\/pl\/products\/koloryzacja\/hello-cream-pl\/hello-cream-koloryzacja-ton-w-ton\/#breadcrumb\",\"itemListElement\":[{\"@type\":\"ListItem\",\"position\":1,\"name\":\"Home\",\"item\":\"https:\/\/www.technique-italia.com\/pl\/\"},{\"@type\":\"ListItem\",\"position\":2,\"name\":\"Produkty\",\"item\":\"https:\/\/www.technique-italia.com\/pl\/shop\/\"},{\"@type\":\"ListItem\",\"position\":3,\"name\":\"Hello Cream | Koloryzacja ton w ton\"}]},{\"@type\":\"WebSite\",\"@id\":\"https:\/\/www.technique-italia.com\/pl\/#website\",\"url\":\"https:\/\/www.technique-italia.com\/pl\/\",\"name\":\"Technique\",\"description\":\"The Italian Concept\",\"potentialAction\":[{\"@type\":\"SearchAction\",\"target\":{\"@type\":\"EntryPoint\",\"urlTemplate\":\"https:\/\/www.technique-italia.com\/pl\/?s={search_term_string}\"},\"query-input\":{\"@type\":\"PropertyValueSpecification\",\"valueRequired\":true,\"valueName\":\"search_term_string\"}}],\"inLanguage\":\"pl-PL\"}]}<\/script>\n<!-- \/ Yoast SEO plugin. -->","yoast_head_json":{"title":"Hello Cream | Koloryzacja ton w ton","description":"Hello Cream, p\u00f3\u0142trwa\u0142a koloryzacja ton w ton, d\u0142ugotrwa\u0142a i bez amoniaku. Od\u017cywcza formu\u0142a o silnym dzia\u0142aniu kosmetycznym, wzbogacona yogurtenem i miodem.","robots":{"index":"index","follow":"follow","max-snippet":"max-snippet:-1","max-image-preview":"max-image-preview:large","max-video-preview":"max-video-preview:-1"},"canonical":"https:\/\/www.technique-italia.com\/pl\/products\/koloryzacja\/hello-cream-pl\/hello-cream-koloryzacja-ton-w-ton\/","og_locale":"pl_PL","og_type":"article","og_title":"Hello Cream | Koloryzacja ton w ton","og_description":"Hello Cream, p\u00f3\u0142trwa\u0142a koloryzacja ton w ton, d\u0142ugotrwa\u0142a i bez amoniaku. Od\u017cywcza formu\u0142a o silnym dzia\u0142aniu kosmetycznym, wzbogacona yogurtenem i miodem.","og_url":"https:\/\/www.technique-italia.com\/pl\/products\/koloryzacja\/hello-cream-pl\/hello-cream-koloryzacja-ton-w-ton\/","og_site_name":"Technique","article_modified_time":"2023-01-20T16:10:38+00:00","og_image":[{"width":600,"height":600,"url":"https:\/\/www.technique-italia.com\/wp-content\/uploads\/2015\/05\/00000_technique_hello_cream_100ml_.png","type":"image\/png"}],"twitter_card":"summary_large_image","schema":{"@context":"https:\/\/schema.org","@graph":[{"@type":"WebPage","@id":"https:\/\/www.technique-italia.com\/pl\/products\/koloryzacja\/hello-cream-pl\/hello-cream-koloryzacja-ton-w-ton\/","url":"https:\/\/www.technique-italia.com\/pl\/products\/koloryzacja\/hello-cream-pl\/hello-cream-koloryzacja-ton-w-ton\/","name":"Hello Cream | Koloryzacja ton w ton","isPartOf":{"@id":"https:\/\/www.technique-italia.com\/pl\/#website"},"primaryImageOfPage":{"@id":"https:\/\/www.technique-italia.com\/pl\/products\/koloryzacja\/hello-cream-pl\/hello-cream-koloryzacja-ton-w-ton\/#primaryimage"},"image":{"@id":"https:\/\/www.technique-italia.com\/pl\/products\/koloryzacja\/hello-cream-pl\/hello-cream-koloryzacja-ton-w-ton\/#primaryimage"},"thumbnailUrl":"https:\/\/www.technique-italia.com\/wp-content\/uploads\/2015\/05\/00000_technique_hello_cream_100ml_.png","datePublished":"2015-05-21T07:07:04+00:00","dateModified":"2023-01-20T16:10:38+00:00","description":"Hello Cream, p\u00f3\u0142trwa\u0142a koloryzacja ton w ton, d\u0142ugotrwa\u0142a i bez amoniaku. Od\u017cywcza formu\u0142a o silnym dzia\u0142aniu kosmetycznym, wzbogacona yogurtenem i miodem.","breadcrumb":{"@id":"https:\/\/www.technique-italia.com\/pl\/products\/koloryzacja\/hello-cream-pl\/hello-cream-koloryzacja-ton-w-ton\/#breadcrumb"},"inLanguage":"pl-PL","potentialAction":[{"@type":"ReadAction","target":["https:\/\/www.technique-italia.com\/pl\/products\/koloryzacja\/hello-cream-pl\/hello-cream-koloryzacja-ton-w-ton\/"]}]},{"@type":"ImageObject","inLanguage":"pl-PL","@id":"https:\/\/www.technique-italia.com\/pl\/products\/koloryzacja\/hello-cream-pl\/hello-cream-koloryzacja-ton-w-ton\/#primaryimage","url":"https:\/\/www.technique-italia.com\/wp-content\/uploads\/2015\/05\/00000_technique_hello_cream_100ml_.png","contentUrl":"https:\/\/www.technique-italia.com\/wp-content\/uploads\/2015\/05\/00000_technique_hello_cream_100ml_.png","width":600,"height":600},{"@type":"BreadcrumbList","@id":"https:\/\/www.technique-italia.com\/pl\/products\/koloryzacja\/hello-cream-pl\/hello-cream-koloryzacja-ton-w-ton\/#breadcrumb","itemListElement":[{"@type":"ListItem","position":1,"name":"Home","item":"https:\/\/www.technique-italia.com\/pl\/"},{"@type":"ListItem","position":2,"name":"Produkty","item":"https:\/\/www.technique-italia.com\/pl\/shop\/"},{"@type":"ListItem","position":3,"name":"Hello Cream | Koloryzacja ton w ton"}]},{"@type":"WebSite","@id":"https:\/\/www.technique-italia.com\/pl\/#website","url":"https:\/\/www.technique-italia.com\/pl\/","name":"Technique","description":"The Italian Concept","potentialAction":[{"@type":"SearchAction","target":{"@type":"EntryPoint","urlTemplate":"https:\/\/www.technique-italia.com\/pl\/?s={search_term_string}"},"query-input":{"@type":"PropertyValueSpecification","valueRequired":true,"valueName":"search_term_string"}}],"inLanguage":"pl-PL"}]}},"_links":{"self":[{"href":"https:\/\/www.technique-italia.com\/pl\/wp-json\/wp\/v2\/product\/7526","targetHints":{"allow":["GET"]}}],"collection":[{"href":"https:\/\/www.technique-italia.com\/pl\/wp-json\/wp\/v2\/product"}],"about":[{"href":"https:\/\/www.technique-italia.com\/pl\/wp-json\/wp\/v2\/types\/product"}],"wp:featuredmedia":[{"embeddable":true,"href":"https:\/\/www.technique-italia.com\/pl\/wp-json\/wp\/v2\/media\/17242"}],"wp:attachment":[{"href":"https:\/\/www.technique-italia.com\/pl\/wp-json\/wp\/v2\/media?parent=7526"}],"wp:term":[{"taxonomy":"product_brand","embeddable":true,"href":"https:\/\/www.technique-italia.com\/pl\/wp-json\/wp\/v2\/product_brand?post=7526"},{"taxonomy":"product_cat","embeddable":true,"href":"https:\/\/www.technique-italia.com\/pl\/wp-json\/wp\/v2\/product_cat?post=7526"},{"taxonomy":"product_tag","embeddable":true,"href":"https:\/\/www.technique-italia.com\/pl\/wp-json\/wp\/v2\/product_tag?post=7526"}],"curies":[{"name":"wp","href":"https:\/\/api.w.org\/{rel}","templated":true}]}}