{"id":7523,"date":"2015-05-21T09:26:27","date_gmt":"2015-05-21T07:26:27","guid":{"rendered":"https:\/\/www.technique-italia.com\/\/products\/bez-kategorii\/croma-touch-koloryzacja-bezposrednia-6\/"},"modified":"2021-11-03T12:29:03","modified_gmt":"2021-11-03T11:29:03","slug":"croma-touch-koloryzacja-bezposrednia-6","status":"publish","type":"product","link":"https:\/\/www.technique-italia.com\/pl\/products\/koloryzacja\/croma-touch-pl\/croma-touch-koloryzacja-bezposrednia-6\/","title":{"rendered":"Croma Touch | Koloryzacja bezpo\u015brednia &#8211; Ch\u0142odnego br\u0105zu"},"content":{"rendered":"","protected":false},"excerpt":{"rendered":"<p><b>Croma Touch<\/b><span style=\"font-weight: 400;\">, maska do bezpo\u015bredniej koloryzacji, <\/span><b>wzmacnia, o\u017cywia i roz\u015bwietla kolor<\/b><span style=\"font-weight: 400;\"> mi\u0119dzy jednym profesjonalnym zabiegiem a drugim. <\/span><b>Od\u017cywia i nawil\u017ca w\u0142osy,<\/b><span style=\"font-weight: 400;\"> r\u00f3wnowa\u017c\u0105c refleksy i przywracaj\u0105c im pierwotny ton. G\u0142\u0119boki kolor Ch\u0142odnego br\u0105zu.<\/span><\/p>\n<p><span style=\"font-weight: 400;\">Do u\u017cytku profesjonalnego<\/span><\/p>\n<p><span style=\"font-weight: 400;\">Kolor Ch\u0142odnego br\u0105zu<\/span><\/p>\n<p><span style=\"font-weight: 400;\">Flakon o pojemno\u015bci 200 ml<\/span><\/p>\n<p><span style=\"font-weight: 400;\">Czas pozostawienia preparatu na w\u0142osach 3\/5 minut<\/span><\/p>\n","protected":false},"featured_media":17362,"template":"","meta":[],"product_brand":[],"product_cat":[585,583],"product_tag":[],"class_list":{"0":"post-7523","1":"product","2":"type-product","3":"status-publish","4":"has-post-thumbnail","6":"product_cat-croma-touch-pl","7":"product_cat-koloryzacja","8":"description-off","10":"first","11":"instock","12":"shipping-taxable","13":"product-type-simple"},"yoast_head":"<!-- This site is optimized with the Yoast SEO plugin v26.8 - https:\/\/yoast.com\/product\/yoast-seo-wordpress\/ -->\n<title>Croma Touch | Koloryzacja bezpo\u015brednia - Ch\u0142odnego br\u0105zu<\/title>\n<meta name=\"description\" content=\"Croma Touch, maska do bezpo\u015bredniej koloryzacji, wzmacnia, o\u017cywia i roz\u015bwietla kolor mi\u0119dzy jednym profesjonalnym zabiegiem a drugim.\" \/>\n<meta name=\"robots\" content=\"index, follow, max-snippet:-1, max-image-preview:large, max-video-preview:-1\" \/>\n<link rel=\"canonical\" href=\"https:\/\/www.technique-italia.com\/pl\/products\/koloryzacja\/croma-touch-pl\/croma-touch-koloryzacja-bezposrednia-6\/\" \/>\n<meta property=\"og:locale\" content=\"pl_PL\" \/>\n<meta property=\"og:type\" content=\"article\" \/>\n<meta property=\"og:title\" content=\"Croma Touch | Koloryzacja bezpo\u015brednia - Ch\u0142odnego br\u0105zu\" \/>\n<meta property=\"og:description\" content=\"Croma Touch, maska do bezpo\u015bredniej koloryzacji, wzmacnia, o\u017cywia i roz\u015bwietla kolor mi\u0119dzy jednym profesjonalnym zabiegiem a drugim.\" \/>\n<meta property=\"og:url\" content=\"https:\/\/www.technique-italia.com\/pl\/products\/koloryzacja\/croma-touch-pl\/croma-touch-koloryzacja-bezposrednia-6\/\" \/>\n<meta property=\"og:site_name\" content=\"Technique\" \/>\n<meta property=\"article:modified_time\" content=\"2021-11-03T11:29:03+00:00\" \/>\n<meta property=\"og:image\" content=\"https:\/\/www.technique-italia.com\/wp-content\/uploads\/2015\/05\/00605_technique_croma_touch_nutricolor_cream_cold_brown_200ml.png\" \/>\n\t<meta property=\"og:image:width\" content=\"600\" \/>\n\t<meta property=\"og:image:height\" content=\"600\" \/>\n\t<meta property=\"og:image:type\" content=\"image\/png\" \/>\n<meta name=\"twitter:card\" content=\"summary_large_image\" \/>\n<script type=\"application\/ld+json\" class=\"yoast-schema-graph\">{\"@context\":\"https:\/\/schema.org\",\"@graph\":[{\"@type\":\"WebPage\",\"@id\":\"https:\/\/www.technique-italia.com\/pl\/products\/koloryzacja\/croma-touch-pl\/croma-touch-koloryzacja-bezposrednia-6\/\",\"url\":\"https:\/\/www.technique-italia.com\/pl\/products\/koloryzacja\/croma-touch-pl\/croma-touch-koloryzacja-bezposrednia-6\/\",\"name\":\"Croma Touch | Koloryzacja bezpo\u015brednia - Ch\u0142odnego br\u0105zu\",\"isPartOf\":{\"@id\":\"https:\/\/www.technique-italia.com\/pl\/#website\"},\"primaryImageOfPage\":{\"@id\":\"https:\/\/www.technique-italia.com\/pl\/products\/koloryzacja\/croma-touch-pl\/croma-touch-koloryzacja-bezposrednia-6\/#primaryimage\"},\"image\":{\"@id\":\"https:\/\/www.technique-italia.com\/pl\/products\/koloryzacja\/croma-touch-pl\/croma-touch-koloryzacja-bezposrednia-6\/#primaryimage\"},\"thumbnailUrl\":\"https:\/\/www.technique-italia.com\/wp-content\/uploads\/2015\/05\/00605_technique_croma_touch_nutricolor_cream_cold_brown_200ml.png\",\"datePublished\":\"2015-05-21T07:26:27+00:00\",\"dateModified\":\"2021-11-03T11:29:03+00:00\",\"description\":\"Croma Touch, maska do bezpo\u015bredniej koloryzacji, wzmacnia, o\u017cywia i roz\u015bwietla kolor mi\u0119dzy jednym profesjonalnym zabiegiem a drugim.\",\"breadcrumb\":{\"@id\":\"https:\/\/www.technique-italia.com\/pl\/products\/koloryzacja\/croma-touch-pl\/croma-touch-koloryzacja-bezposrednia-6\/#breadcrumb\"},\"inLanguage\":\"pl-PL\",\"potentialAction\":[{\"@type\":\"ReadAction\",\"target\":[\"https:\/\/www.technique-italia.com\/pl\/products\/koloryzacja\/croma-touch-pl\/croma-touch-koloryzacja-bezposrednia-6\/\"]}]},{\"@type\":\"ImageObject\",\"inLanguage\":\"pl-PL\",\"@id\":\"https:\/\/www.technique-italia.com\/pl\/products\/koloryzacja\/croma-touch-pl\/croma-touch-koloryzacja-bezposrednia-6\/#primaryimage\",\"url\":\"https:\/\/www.technique-italia.com\/wp-content\/uploads\/2015\/05\/00605_technique_croma_touch_nutricolor_cream_cold_brown_200ml.png\",\"contentUrl\":\"https:\/\/www.technique-italia.com\/wp-content\/uploads\/2015\/05\/00605_technique_croma_touch_nutricolor_cream_cold_brown_200ml.png\",\"width\":600,\"height\":600},{\"@type\":\"BreadcrumbList\",\"@id\":\"https:\/\/www.technique-italia.com\/pl\/products\/koloryzacja\/croma-touch-pl\/croma-touch-koloryzacja-bezposrednia-6\/#breadcrumb\",\"itemListElement\":[{\"@type\":\"ListItem\",\"position\":1,\"name\":\"Home\",\"item\":\"https:\/\/www.technique-italia.com\/pl\/\"},{\"@type\":\"ListItem\",\"position\":2,\"name\":\"Produkty\",\"item\":\"https:\/\/www.technique-italia.com\/pl\/shop\/\"},{\"@type\":\"ListItem\",\"position\":3,\"name\":\"Croma Touch | Koloryzacja bezpo\u015brednia &#8211; Ch\u0142odnego br\u0105zu\"}]},{\"@type\":\"WebSite\",\"@id\":\"https:\/\/www.technique-italia.com\/pl\/#website\",\"url\":\"https:\/\/www.technique-italia.com\/pl\/\",\"name\":\"Technique\",\"description\":\"The Italian Concept\",\"potentialAction\":[{\"@type\":\"SearchAction\",\"target\":{\"@type\":\"EntryPoint\",\"urlTemplate\":\"https:\/\/www.technique-italia.com\/pl\/?s={search_term_string}\"},\"query-input\":{\"@type\":\"PropertyValueSpecification\",\"valueRequired\":true,\"valueName\":\"search_term_string\"}}],\"inLanguage\":\"pl-PL\"}]}<\/script>\n<!-- \/ Yoast SEO plugin. -->","yoast_head_json":{"title":"Croma Touch | Koloryzacja bezpo\u015brednia - Ch\u0142odnego br\u0105zu","description":"Croma Touch, maska do bezpo\u015bredniej koloryzacji, wzmacnia, o\u017cywia i roz\u015bwietla kolor mi\u0119dzy jednym profesjonalnym zabiegiem a drugim.","robots":{"index":"index","follow":"follow","max-snippet":"max-snippet:-1","max-image-preview":"max-image-preview:large","max-video-preview":"max-video-preview:-1"},"canonical":"https:\/\/www.technique-italia.com\/pl\/products\/koloryzacja\/croma-touch-pl\/croma-touch-koloryzacja-bezposrednia-6\/","og_locale":"pl_PL","og_type":"article","og_title":"Croma Touch | Koloryzacja bezpo\u015brednia - Ch\u0142odnego br\u0105zu","og_description":"Croma Touch, maska do bezpo\u015bredniej koloryzacji, wzmacnia, o\u017cywia i roz\u015bwietla kolor mi\u0119dzy jednym profesjonalnym zabiegiem a drugim.","og_url":"https:\/\/www.technique-italia.com\/pl\/products\/koloryzacja\/croma-touch-pl\/croma-touch-koloryzacja-bezposrednia-6\/","og_site_name":"Technique","article_modified_time":"2021-11-03T11:29:03+00:00","og_image":[{"width":600,"height":600,"url":"https:\/\/www.technique-italia.com\/wp-content\/uploads\/2015\/05\/00605_technique_croma_touch_nutricolor_cream_cold_brown_200ml.png","type":"image\/png"}],"twitter_card":"summary_large_image","schema":{"@context":"https:\/\/schema.org","@graph":[{"@type":"WebPage","@id":"https:\/\/www.technique-italia.com\/pl\/products\/koloryzacja\/croma-touch-pl\/croma-touch-koloryzacja-bezposrednia-6\/","url":"https:\/\/www.technique-italia.com\/pl\/products\/koloryzacja\/croma-touch-pl\/croma-touch-koloryzacja-bezposrednia-6\/","name":"Croma Touch | Koloryzacja bezpo\u015brednia - Ch\u0142odnego br\u0105zu","isPartOf":{"@id":"https:\/\/www.technique-italia.com\/pl\/#website"},"primaryImageOfPage":{"@id":"https:\/\/www.technique-italia.com\/pl\/products\/koloryzacja\/croma-touch-pl\/croma-touch-koloryzacja-bezposrednia-6\/#primaryimage"},"image":{"@id":"https:\/\/www.technique-italia.com\/pl\/products\/koloryzacja\/croma-touch-pl\/croma-touch-koloryzacja-bezposrednia-6\/#primaryimage"},"thumbnailUrl":"https:\/\/www.technique-italia.com\/wp-content\/uploads\/2015\/05\/00605_technique_croma_touch_nutricolor_cream_cold_brown_200ml.png","datePublished":"2015-05-21T07:26:27+00:00","dateModified":"2021-11-03T11:29:03+00:00","description":"Croma Touch, maska do bezpo\u015bredniej koloryzacji, wzmacnia, o\u017cywia i roz\u015bwietla kolor mi\u0119dzy jednym profesjonalnym zabiegiem a drugim.","breadcrumb":{"@id":"https:\/\/www.technique-italia.com\/pl\/products\/koloryzacja\/croma-touch-pl\/croma-touch-koloryzacja-bezposrednia-6\/#breadcrumb"},"inLanguage":"pl-PL","potentialAction":[{"@type":"ReadAction","target":["https:\/\/www.technique-italia.com\/pl\/products\/koloryzacja\/croma-touch-pl\/croma-touch-koloryzacja-bezposrednia-6\/"]}]},{"@type":"ImageObject","inLanguage":"pl-PL","@id":"https:\/\/www.technique-italia.com\/pl\/products\/koloryzacja\/croma-touch-pl\/croma-touch-koloryzacja-bezposrednia-6\/#primaryimage","url":"https:\/\/www.technique-italia.com\/wp-content\/uploads\/2015\/05\/00605_technique_croma_touch_nutricolor_cream_cold_brown_200ml.png","contentUrl":"https:\/\/www.technique-italia.com\/wp-content\/uploads\/2015\/05\/00605_technique_croma_touch_nutricolor_cream_cold_brown_200ml.png","width":600,"height":600},{"@type":"BreadcrumbList","@id":"https:\/\/www.technique-italia.com\/pl\/products\/koloryzacja\/croma-touch-pl\/croma-touch-koloryzacja-bezposrednia-6\/#breadcrumb","itemListElement":[{"@type":"ListItem","position":1,"name":"Home","item":"https:\/\/www.technique-italia.com\/pl\/"},{"@type":"ListItem","position":2,"name":"Produkty","item":"https:\/\/www.technique-italia.com\/pl\/shop\/"},{"@type":"ListItem","position":3,"name":"Croma Touch | Koloryzacja bezpo\u015brednia &#8211; Ch\u0142odnego br\u0105zu"}]},{"@type":"WebSite","@id":"https:\/\/www.technique-italia.com\/pl\/#website","url":"https:\/\/www.technique-italia.com\/pl\/","name":"Technique","description":"The Italian Concept","potentialAction":[{"@type":"SearchAction","target":{"@type":"EntryPoint","urlTemplate":"https:\/\/www.technique-italia.com\/pl\/?s={search_term_string}"},"query-input":{"@type":"PropertyValueSpecification","valueRequired":true,"valueName":"search_term_string"}}],"inLanguage":"pl-PL"}]}},"_links":{"self":[{"href":"https:\/\/www.technique-italia.com\/pl\/wp-json\/wp\/v2\/product\/7523","targetHints":{"allow":["GET"]}}],"collection":[{"href":"https:\/\/www.technique-italia.com\/pl\/wp-json\/wp\/v2\/product"}],"about":[{"href":"https:\/\/www.technique-italia.com\/pl\/wp-json\/wp\/v2\/types\/product"}],"wp:featuredmedia":[{"embeddable":true,"href":"https:\/\/www.technique-italia.com\/pl\/wp-json\/wp\/v2\/media\/17362"}],"wp:attachment":[{"href":"https:\/\/www.technique-italia.com\/pl\/wp-json\/wp\/v2\/media?parent=7523"}],"wp:term":[{"taxonomy":"product_brand","embeddable":true,"href":"https:\/\/www.technique-italia.com\/pl\/wp-json\/wp\/v2\/product_brand?post=7523"},{"taxonomy":"product_cat","embeddable":true,"href":"https:\/\/www.technique-italia.com\/pl\/wp-json\/wp\/v2\/product_cat?post=7523"},{"taxonomy":"product_tag","embeddable":true,"href":"https:\/\/www.technique-italia.com\/pl\/wp-json\/wp\/v2\/product_tag?post=7523"}],"curies":[{"name":"wp","href":"https:\/\/api.w.org\/{rel}","templated":true}]}}