{"id":7512,"date":"2015-05-21T10:29:23","date_gmt":"2015-05-21T08:29:23","guid":{"rendered":"https:\/\/www.technique-italia.com\/\/products\/bez-kategorii\/emulsja-utleniajaca-30-vol-2\/"},"modified":"2022-02-15T12:17:54","modified_gmt":"2022-02-15T11:17:54","slug":"emulsja-utleniajaca-30-vol-2","status":"publish","type":"product","link":"https:\/\/www.technique-italia.com\/pl\/products\/koloryzacja\/utlenianie\/emulsja-utleniajaca-30-vol-2\/","title":{"rendered":"Technique | Emulsja Utleniaj\u0105ca 30 vol"},"content":{"rendered":"","protected":false},"excerpt":{"rendered":"<p><span style=\"font-weight: 400;\">Technique, <\/span><b>Emulsja Utleniaj\u0105ca 30 vol (9%) <\/b><span style=\"font-weight: 400;\">o kremowej konsystencji<\/span><b>, <\/b><span style=\"font-weight: 400;\">idealnie sprawdza si\u0119 do <\/span><b>optymalnego rozwoju koloru<\/b><span style=\"font-weight: 400;\">, aktywuje i dba o r\u00f3wnomierne uwalnianie tlenu podczas aplikacji. Praktyczny i funkcjonalny format w wersji kieszonkowej o pojemno\u015bci 200 ml.<\/span><\/p>\n<p><span style=\"font-weight: 400;\">Do u\u017cytku profesjonalnego<\/span><\/p>\n<p><span style=\"font-weight: 400;\">Flakon o pojemno\u015bci 200 ml<\/span><\/p>\n<p><span style=\"font-weight: 400;\">30 vol. (9%)<\/span><\/p>\n","protected":false},"featured_media":17977,"template":"","meta":[],"product_brand":[],"product_cat":[583,588],"product_tag":[],"class_list":{"0":"post-7512","1":"product","2":"type-product","3":"status-publish","4":"has-post-thumbnail","6":"product_cat-koloryzacja","7":"product_cat-utlenianie","8":"description-off","10":"first","11":"instock","12":"shipping-taxable","13":"product-type-simple"},"yoast_head":"<!-- This site is optimized with the Yoast SEO plugin v26.8 - https:\/\/yoast.com\/product\/yoast-seo-wordpress\/ -->\n<title>Technique | Emulsja Utleniaj\u0105ca 30 vol<\/title>\n<meta name=\"description\" content=\"Technique, Emulsja Utleniaj\u0105ca 30 vol (9%) o kremowej konsystencji, idealnie sprawdza si\u0119 do optymalnego rozwoju koloru.\" \/>\n<meta name=\"robots\" content=\"index, follow, max-snippet:-1, max-image-preview:large, max-video-preview:-1\" \/>\n<link rel=\"canonical\" href=\"https:\/\/www.technique-italia.com\/pl\/products\/koloryzacja\/utlenianie\/emulsja-utleniajaca-30-vol-2\/\" \/>\n<meta property=\"og:locale\" content=\"pl_PL\" \/>\n<meta property=\"og:type\" content=\"article\" \/>\n<meta property=\"og:title\" content=\"Technique | Emulsja Utleniaj\u0105ca 30 vol\" \/>\n<meta property=\"og:description\" content=\"Technique, Emulsja Utleniaj\u0105ca 30 vol (9%) o kremowej konsystencji, idealnie sprawdza si\u0119 do optymalnego rozwoju koloru.\" \/>\n<meta property=\"og:url\" content=\"https:\/\/www.technique-italia.com\/pl\/products\/koloryzacja\/utlenianie\/emulsja-utleniajaca-30-vol-2\/\" \/>\n<meta property=\"og:site_name\" content=\"Technique\" \/>\n<meta property=\"article:modified_time\" content=\"2022-02-15T11:17:54+00:00\" \/>\n<meta property=\"og:image\" content=\"https:\/\/www.technique-italia.com\/wp-content\/uploads\/2025\/09\/technique_OXILOGY_30vol_200ml.png\" \/>\n\t<meta property=\"og:image:width\" content=\"600\" \/>\n\t<meta property=\"og:image:height\" content=\"600\" \/>\n\t<meta property=\"og:image:type\" content=\"image\/png\" \/>\n<meta name=\"twitter:card\" content=\"summary_large_image\" \/>\n<script type=\"application\/ld+json\" class=\"yoast-schema-graph\">{\"@context\":\"https:\/\/schema.org\",\"@graph\":[{\"@type\":\"WebPage\",\"@id\":\"https:\/\/www.technique-italia.com\/pl\/products\/koloryzacja\/utlenianie\/emulsja-utleniajaca-30-vol-2\/\",\"url\":\"https:\/\/www.technique-italia.com\/pl\/products\/koloryzacja\/utlenianie\/emulsja-utleniajaca-30-vol-2\/\",\"name\":\"Technique | Emulsja Utleniaj\u0105ca 30 vol\",\"isPartOf\":{\"@id\":\"https:\/\/www.technique-italia.com\/pl\/#website\"},\"primaryImageOfPage\":{\"@id\":\"https:\/\/www.technique-italia.com\/pl\/products\/koloryzacja\/utlenianie\/emulsja-utleniajaca-30-vol-2\/#primaryimage\"},\"image\":{\"@id\":\"https:\/\/www.technique-italia.com\/pl\/products\/koloryzacja\/utlenianie\/emulsja-utleniajaca-30-vol-2\/#primaryimage\"},\"thumbnailUrl\":\"https:\/\/www.technique-italia.com\/wp-content\/uploads\/2025\/09\/technique_OXILOGY_30vol_200ml.png\",\"datePublished\":\"2015-05-21T08:29:23+00:00\",\"dateModified\":\"2022-02-15T11:17:54+00:00\",\"description\":\"Technique, Emulsja Utleniaj\u0105ca 30 vol (9%) o kremowej konsystencji, idealnie sprawdza si\u0119 do optymalnego rozwoju koloru.\",\"breadcrumb\":{\"@id\":\"https:\/\/www.technique-italia.com\/pl\/products\/koloryzacja\/utlenianie\/emulsja-utleniajaca-30-vol-2\/#breadcrumb\"},\"inLanguage\":\"pl-PL\",\"potentialAction\":[{\"@type\":\"ReadAction\",\"target\":[\"https:\/\/www.technique-italia.com\/pl\/products\/koloryzacja\/utlenianie\/emulsja-utleniajaca-30-vol-2\/\"]}]},{\"@type\":\"ImageObject\",\"inLanguage\":\"pl-PL\",\"@id\":\"https:\/\/www.technique-italia.com\/pl\/products\/koloryzacja\/utlenianie\/emulsja-utleniajaca-30-vol-2\/#primaryimage\",\"url\":\"https:\/\/www.technique-italia.com\/wp-content\/uploads\/2025\/09\/technique_OXILOGY_30vol_200ml.png\",\"contentUrl\":\"https:\/\/www.technique-italia.com\/wp-content\/uploads\/2025\/09\/technique_OXILOGY_30vol_200ml.png\",\"width\":600,\"height\":600},{\"@type\":\"BreadcrumbList\",\"@id\":\"https:\/\/www.technique-italia.com\/pl\/products\/koloryzacja\/utlenianie\/emulsja-utleniajaca-30-vol-2\/#breadcrumb\",\"itemListElement\":[{\"@type\":\"ListItem\",\"position\":1,\"name\":\"Home\",\"item\":\"https:\/\/www.technique-italia.com\/pl\/\"},{\"@type\":\"ListItem\",\"position\":2,\"name\":\"Produkty\",\"item\":\"https:\/\/www.technique-italia.com\/pl\/shop\/\"},{\"@type\":\"ListItem\",\"position\":3,\"name\":\"Technique | Emulsja Utleniaj\u0105ca 30 vol\"}]},{\"@type\":\"WebSite\",\"@id\":\"https:\/\/www.technique-italia.com\/pl\/#website\",\"url\":\"https:\/\/www.technique-italia.com\/pl\/\",\"name\":\"Technique\",\"description\":\"The Italian Concept\",\"potentialAction\":[{\"@type\":\"SearchAction\",\"target\":{\"@type\":\"EntryPoint\",\"urlTemplate\":\"https:\/\/www.technique-italia.com\/pl\/?s={search_term_string}\"},\"query-input\":{\"@type\":\"PropertyValueSpecification\",\"valueRequired\":true,\"valueName\":\"search_term_string\"}}],\"inLanguage\":\"pl-PL\"}]}<\/script>\n<!-- \/ Yoast SEO plugin. -->","yoast_head_json":{"title":"Technique | Emulsja Utleniaj\u0105ca 30 vol","description":"Technique, Emulsja Utleniaj\u0105ca 30 vol (9%) o kremowej konsystencji, idealnie sprawdza si\u0119 do optymalnego rozwoju koloru.","robots":{"index":"index","follow":"follow","max-snippet":"max-snippet:-1","max-image-preview":"max-image-preview:large","max-video-preview":"max-video-preview:-1"},"canonical":"https:\/\/www.technique-italia.com\/pl\/products\/koloryzacja\/utlenianie\/emulsja-utleniajaca-30-vol-2\/","og_locale":"pl_PL","og_type":"article","og_title":"Technique | Emulsja Utleniaj\u0105ca 30 vol","og_description":"Technique, Emulsja Utleniaj\u0105ca 30 vol (9%) o kremowej konsystencji, idealnie sprawdza si\u0119 do optymalnego rozwoju koloru.","og_url":"https:\/\/www.technique-italia.com\/pl\/products\/koloryzacja\/utlenianie\/emulsja-utleniajaca-30-vol-2\/","og_site_name":"Technique","article_modified_time":"2022-02-15T11:17:54+00:00","og_image":[{"width":600,"height":600,"url":"https:\/\/www.technique-italia.com\/wp-content\/uploads\/2025\/09\/technique_OXILOGY_30vol_200ml.png","type":"image\/png"}],"twitter_card":"summary_large_image","schema":{"@context":"https:\/\/schema.org","@graph":[{"@type":"WebPage","@id":"https:\/\/www.technique-italia.com\/pl\/products\/koloryzacja\/utlenianie\/emulsja-utleniajaca-30-vol-2\/","url":"https:\/\/www.technique-italia.com\/pl\/products\/koloryzacja\/utlenianie\/emulsja-utleniajaca-30-vol-2\/","name":"Technique | Emulsja Utleniaj\u0105ca 30 vol","isPartOf":{"@id":"https:\/\/www.technique-italia.com\/pl\/#website"},"primaryImageOfPage":{"@id":"https:\/\/www.technique-italia.com\/pl\/products\/koloryzacja\/utlenianie\/emulsja-utleniajaca-30-vol-2\/#primaryimage"},"image":{"@id":"https:\/\/www.technique-italia.com\/pl\/products\/koloryzacja\/utlenianie\/emulsja-utleniajaca-30-vol-2\/#primaryimage"},"thumbnailUrl":"https:\/\/www.technique-italia.com\/wp-content\/uploads\/2025\/09\/technique_OXILOGY_30vol_200ml.png","datePublished":"2015-05-21T08:29:23+00:00","dateModified":"2022-02-15T11:17:54+00:00","description":"Technique, Emulsja Utleniaj\u0105ca 30 vol (9%) o kremowej konsystencji, idealnie sprawdza si\u0119 do optymalnego rozwoju koloru.","breadcrumb":{"@id":"https:\/\/www.technique-italia.com\/pl\/products\/koloryzacja\/utlenianie\/emulsja-utleniajaca-30-vol-2\/#breadcrumb"},"inLanguage":"pl-PL","potentialAction":[{"@type":"ReadAction","target":["https:\/\/www.technique-italia.com\/pl\/products\/koloryzacja\/utlenianie\/emulsja-utleniajaca-30-vol-2\/"]}]},{"@type":"ImageObject","inLanguage":"pl-PL","@id":"https:\/\/www.technique-italia.com\/pl\/products\/koloryzacja\/utlenianie\/emulsja-utleniajaca-30-vol-2\/#primaryimage","url":"https:\/\/www.technique-italia.com\/wp-content\/uploads\/2025\/09\/technique_OXILOGY_30vol_200ml.png","contentUrl":"https:\/\/www.technique-italia.com\/wp-content\/uploads\/2025\/09\/technique_OXILOGY_30vol_200ml.png","width":600,"height":600},{"@type":"BreadcrumbList","@id":"https:\/\/www.technique-italia.com\/pl\/products\/koloryzacja\/utlenianie\/emulsja-utleniajaca-30-vol-2\/#breadcrumb","itemListElement":[{"@type":"ListItem","position":1,"name":"Home","item":"https:\/\/www.technique-italia.com\/pl\/"},{"@type":"ListItem","position":2,"name":"Produkty","item":"https:\/\/www.technique-italia.com\/pl\/shop\/"},{"@type":"ListItem","position":3,"name":"Technique | Emulsja Utleniaj\u0105ca 30 vol"}]},{"@type":"WebSite","@id":"https:\/\/www.technique-italia.com\/pl\/#website","url":"https:\/\/www.technique-italia.com\/pl\/","name":"Technique","description":"The Italian Concept","potentialAction":[{"@type":"SearchAction","target":{"@type":"EntryPoint","urlTemplate":"https:\/\/www.technique-italia.com\/pl\/?s={search_term_string}"},"query-input":{"@type":"PropertyValueSpecification","valueRequired":true,"valueName":"search_term_string"}}],"inLanguage":"pl-PL"}]}},"_links":{"self":[{"href":"https:\/\/www.technique-italia.com\/pl\/wp-json\/wp\/v2\/product\/7512","targetHints":{"allow":["GET"]}}],"collection":[{"href":"https:\/\/www.technique-italia.com\/pl\/wp-json\/wp\/v2\/product"}],"about":[{"href":"https:\/\/www.technique-italia.com\/pl\/wp-json\/wp\/v2\/types\/product"}],"wp:featuredmedia":[{"embeddable":true,"href":"https:\/\/www.technique-italia.com\/pl\/wp-json\/wp\/v2\/media\/17977"}],"wp:attachment":[{"href":"https:\/\/www.technique-italia.com\/pl\/wp-json\/wp\/v2\/media?parent=7512"}],"wp:term":[{"taxonomy":"product_brand","embeddable":true,"href":"https:\/\/www.technique-italia.com\/pl\/wp-json\/wp\/v2\/product_brand?post=7512"},{"taxonomy":"product_cat","embeddable":true,"href":"https:\/\/www.technique-italia.com\/pl\/wp-json\/wp\/v2\/product_cat?post=7512"},{"taxonomy":"product_tag","embeddable":true,"href":"https:\/\/www.technique-italia.com\/pl\/wp-json\/wp\/v2\/product_tag?post=7512"}],"curies":[{"name":"wp","href":"https:\/\/api.w.org\/{rel}","templated":true}]}}