{"id":17989,"date":"2025-11-12T10:40:15","date_gmt":"2025-11-12T09:40:15","guid":{"rendered":"https:\/\/www.technique-italia.com\/\/?post_type=product&#038;p=17989"},"modified":"2025-11-12T10:40:15","modified_gmt":"2025-11-12T09:40:15","slug":"primia-detox-primer-skory-glowy-przed-szamponem","status":"publish","type":"product","link":"https:\/\/www.technique-italia.com\/pl\/products\/zabiegi\/alkemy-reactive-pl\/primia-detox-primer-skory-glowy-przed-szamponem\/","title":{"rendered":"Primia Detox \u2013 Primer sk\u00f3ry g\u0142owy przed szamponem"},"content":{"rendered":"","protected":false},"excerpt":{"rendered":"<p><span style=\"font-weight: 400;\"><strong>Primia Detox<\/strong> to trychologiczny pre-szampon marki Technique do ukierunkowanej detoksykacji sk\u00f3ry g\u0142owy, profesjonalny gest, kt\u00f3ry najlepiej przygotowuje w\u0142osy.<\/span><\/p>\n<p><span style=\"font-weight: 400;\">150 ml<\/span><\/p>\n","protected":false},"featured_media":17985,"template":"","meta":[],"product_brand":[],"product_cat":[2322,2330,600,601,602,599,603,604,606,598],"product_tag":[],"class_list":{"0":"post-17989","1":"product","2":"type-product","3":"status-publish","4":"has-post-thumbnail","6":"product_cat-alkemy-amplify-pl","7":"product_cat-alkemy-care-pl","8":"product_cat-alkemy-color-pl","9":"product_cat-alkemy-curl","10":"product_cat-alkemy-nutro-pl","11":"product_cat-alkemy-reactive-pl","12":"product_cat-alkemy-silver-pl","13":"product_cat-alkemy-sleek-pl","14":"product_cat-mirylia-pl","15":"product_cat-zabiegi","16":"description-off","18":"first","19":"instock","20":"shipping-taxable","21":"product-type-simple"},"yoast_head":"<!-- This site is optimized with the Yoast SEO plugin v26.8 - https:\/\/yoast.com\/product\/yoast-seo-wordpress\/ -->\n<title>Primia Detox \u2013 Primer sk\u00f3ry g\u0142owy przed szamponem - Technique<\/title>\n<meta name=\"description\" content=\"Primia Detox to trychologiczny pre-szampon marki Technique do ukierunkowanej detoksykacji sk\u00f3ry g\u0142owy, profesjonalny gest, kt\u00f3ry najlepiej przygotowuje w\u0142osy.\" \/>\n<meta name=\"robots\" content=\"index, follow, max-snippet:-1, max-image-preview:large, max-video-preview:-1\" \/>\n<link rel=\"canonical\" href=\"https:\/\/www.technique-italia.com\/pl\/products\/zabiegi\/alkemy-reactive-pl\/primia-detox-primer-skory-glowy-przed-szamponem\/\" \/>\n<meta property=\"og:locale\" content=\"pl_PL\" \/>\n<meta property=\"og:type\" content=\"article\" \/>\n<meta property=\"og:title\" content=\"Primia Detox \u2013 Primer sk\u00f3ry g\u0142owy przed szamponem - Technique\" \/>\n<meta property=\"og:description\" content=\"Primia Detox to trychologiczny pre-szampon marki Technique do ukierunkowanej detoksykacji sk\u00f3ry g\u0142owy, profesjonalny gest, kt\u00f3ry najlepiej przygotowuje w\u0142osy.\" \/>\n<meta property=\"og:url\" content=\"https:\/\/www.technique-italia.com\/pl\/products\/zabiegi\/alkemy-reactive-pl\/primia-detox-primer-skory-glowy-przed-szamponem\/\" \/>\n<meta property=\"og:site_name\" content=\"Technique\" \/>\n<meta property=\"og:image\" content=\"https:\/\/www.technique-italia.com\/wp-content\/uploads\/2025\/11\/primia-detox.png\" \/>\n\t<meta property=\"og:image:width\" content=\"800\" \/>\n\t<meta property=\"og:image:height\" content=\"800\" \/>\n\t<meta property=\"og:image:type\" content=\"image\/png\" \/>\n<meta name=\"twitter:card\" content=\"summary_large_image\" \/>\n<script type=\"application\/ld+json\" class=\"yoast-schema-graph\">{\"@context\":\"https:\/\/schema.org\",\"@graph\":[{\"@type\":\"WebPage\",\"@id\":\"https:\/\/www.technique-italia.com\/pl\/products\/zabiegi\/alkemy-reactive-pl\/primia-detox-primer-skory-glowy-przed-szamponem\/\",\"url\":\"https:\/\/www.technique-italia.com\/pl\/products\/zabiegi\/alkemy-reactive-pl\/primia-detox-primer-skory-glowy-przed-szamponem\/\",\"name\":\"Primia Detox \u2013 Primer sk\u00f3ry g\u0142owy przed szamponem - Technique\",\"isPartOf\":{\"@id\":\"https:\/\/www.technique-italia.com\/pl\/#website\"},\"primaryImageOfPage\":{\"@id\":\"https:\/\/www.technique-italia.com\/pl\/products\/zabiegi\/alkemy-reactive-pl\/primia-detox-primer-skory-glowy-przed-szamponem\/#primaryimage\"},\"image\":{\"@id\":\"https:\/\/www.technique-italia.com\/pl\/products\/zabiegi\/alkemy-reactive-pl\/primia-detox-primer-skory-glowy-przed-szamponem\/#primaryimage\"},\"thumbnailUrl\":\"https:\/\/www.technique-italia.com\/wp-content\/uploads\/2025\/11\/primia-detox.png\",\"datePublished\":\"2025-11-12T09:40:15+00:00\",\"description\":\"Primia Detox to trychologiczny pre-szampon marki Technique do ukierunkowanej detoksykacji sk\u00f3ry g\u0142owy, profesjonalny gest, kt\u00f3ry najlepiej przygotowuje w\u0142osy.\",\"breadcrumb\":{\"@id\":\"https:\/\/www.technique-italia.com\/pl\/products\/zabiegi\/alkemy-reactive-pl\/primia-detox-primer-skory-glowy-przed-szamponem\/#breadcrumb\"},\"inLanguage\":\"pl-PL\",\"potentialAction\":[{\"@type\":\"ReadAction\",\"target\":[\"https:\/\/www.technique-italia.com\/pl\/products\/zabiegi\/alkemy-reactive-pl\/primia-detox-primer-skory-glowy-przed-szamponem\/\"]}]},{\"@type\":\"ImageObject\",\"inLanguage\":\"pl-PL\",\"@id\":\"https:\/\/www.technique-italia.com\/pl\/products\/zabiegi\/alkemy-reactive-pl\/primia-detox-primer-skory-glowy-przed-szamponem\/#primaryimage\",\"url\":\"https:\/\/www.technique-italia.com\/wp-content\/uploads\/2025\/11\/primia-detox.png\",\"contentUrl\":\"https:\/\/www.technique-italia.com\/wp-content\/uploads\/2025\/11\/primia-detox.png\",\"width\":800,\"height\":800},{\"@type\":\"BreadcrumbList\",\"@id\":\"https:\/\/www.technique-italia.com\/pl\/products\/zabiegi\/alkemy-reactive-pl\/primia-detox-primer-skory-glowy-przed-szamponem\/#breadcrumb\",\"itemListElement\":[{\"@type\":\"ListItem\",\"position\":1,\"name\":\"Home\",\"item\":\"https:\/\/www.technique-italia.com\/pl\/\"},{\"@type\":\"ListItem\",\"position\":2,\"name\":\"Produkty\",\"item\":\"https:\/\/www.technique-italia.com\/pl\/shop\/\"},{\"@type\":\"ListItem\",\"position\":3,\"name\":\"Primia Detox \u2013 Primer sk\u00f3ry g\u0142owy przed szamponem\"}]},{\"@type\":\"WebSite\",\"@id\":\"https:\/\/www.technique-italia.com\/pl\/#website\",\"url\":\"https:\/\/www.technique-italia.com\/pl\/\",\"name\":\"Technique\",\"description\":\"The Italian Concept\",\"potentialAction\":[{\"@type\":\"SearchAction\",\"target\":{\"@type\":\"EntryPoint\",\"urlTemplate\":\"https:\/\/www.technique-italia.com\/pl\/?s={search_term_string}\"},\"query-input\":{\"@type\":\"PropertyValueSpecification\",\"valueRequired\":true,\"valueName\":\"search_term_string\"}}],\"inLanguage\":\"pl-PL\"}]}<\/script>\n<!-- \/ Yoast SEO plugin. -->","yoast_head_json":{"title":"Primia Detox \u2013 Primer sk\u00f3ry g\u0142owy przed szamponem - Technique","description":"Primia Detox to trychologiczny pre-szampon marki Technique do ukierunkowanej detoksykacji sk\u00f3ry g\u0142owy, profesjonalny gest, kt\u00f3ry najlepiej przygotowuje w\u0142osy.","robots":{"index":"index","follow":"follow","max-snippet":"max-snippet:-1","max-image-preview":"max-image-preview:large","max-video-preview":"max-video-preview:-1"},"canonical":"https:\/\/www.technique-italia.com\/pl\/products\/zabiegi\/alkemy-reactive-pl\/primia-detox-primer-skory-glowy-przed-szamponem\/","og_locale":"pl_PL","og_type":"article","og_title":"Primia Detox \u2013 Primer sk\u00f3ry g\u0142owy przed szamponem - Technique","og_description":"Primia Detox to trychologiczny pre-szampon marki Technique do ukierunkowanej detoksykacji sk\u00f3ry g\u0142owy, profesjonalny gest, kt\u00f3ry najlepiej przygotowuje w\u0142osy.","og_url":"https:\/\/www.technique-italia.com\/pl\/products\/zabiegi\/alkemy-reactive-pl\/primia-detox-primer-skory-glowy-przed-szamponem\/","og_site_name":"Technique","og_image":[{"width":800,"height":800,"url":"https:\/\/www.technique-italia.com\/wp-content\/uploads\/2025\/11\/primia-detox.png","type":"image\/png"}],"twitter_card":"summary_large_image","schema":{"@context":"https:\/\/schema.org","@graph":[{"@type":"WebPage","@id":"https:\/\/www.technique-italia.com\/pl\/products\/zabiegi\/alkemy-reactive-pl\/primia-detox-primer-skory-glowy-przed-szamponem\/","url":"https:\/\/www.technique-italia.com\/pl\/products\/zabiegi\/alkemy-reactive-pl\/primia-detox-primer-skory-glowy-przed-szamponem\/","name":"Primia Detox \u2013 Primer sk\u00f3ry g\u0142owy przed szamponem - Technique","isPartOf":{"@id":"https:\/\/www.technique-italia.com\/pl\/#website"},"primaryImageOfPage":{"@id":"https:\/\/www.technique-italia.com\/pl\/products\/zabiegi\/alkemy-reactive-pl\/primia-detox-primer-skory-glowy-przed-szamponem\/#primaryimage"},"image":{"@id":"https:\/\/www.technique-italia.com\/pl\/products\/zabiegi\/alkemy-reactive-pl\/primia-detox-primer-skory-glowy-przed-szamponem\/#primaryimage"},"thumbnailUrl":"https:\/\/www.technique-italia.com\/wp-content\/uploads\/2025\/11\/primia-detox.png","datePublished":"2025-11-12T09:40:15+00:00","description":"Primia Detox to trychologiczny pre-szampon marki Technique do ukierunkowanej detoksykacji sk\u00f3ry g\u0142owy, profesjonalny gest, kt\u00f3ry najlepiej przygotowuje w\u0142osy.","breadcrumb":{"@id":"https:\/\/www.technique-italia.com\/pl\/products\/zabiegi\/alkemy-reactive-pl\/primia-detox-primer-skory-glowy-przed-szamponem\/#breadcrumb"},"inLanguage":"pl-PL","potentialAction":[{"@type":"ReadAction","target":["https:\/\/www.technique-italia.com\/pl\/products\/zabiegi\/alkemy-reactive-pl\/primia-detox-primer-skory-glowy-przed-szamponem\/"]}]},{"@type":"ImageObject","inLanguage":"pl-PL","@id":"https:\/\/www.technique-italia.com\/pl\/products\/zabiegi\/alkemy-reactive-pl\/primia-detox-primer-skory-glowy-przed-szamponem\/#primaryimage","url":"https:\/\/www.technique-italia.com\/wp-content\/uploads\/2025\/11\/primia-detox.png","contentUrl":"https:\/\/www.technique-italia.com\/wp-content\/uploads\/2025\/11\/primia-detox.png","width":800,"height":800},{"@type":"BreadcrumbList","@id":"https:\/\/www.technique-italia.com\/pl\/products\/zabiegi\/alkemy-reactive-pl\/primia-detox-primer-skory-glowy-przed-szamponem\/#breadcrumb","itemListElement":[{"@type":"ListItem","position":1,"name":"Home","item":"https:\/\/www.technique-italia.com\/pl\/"},{"@type":"ListItem","position":2,"name":"Produkty","item":"https:\/\/www.technique-italia.com\/pl\/shop\/"},{"@type":"ListItem","position":3,"name":"Primia Detox \u2013 Primer sk\u00f3ry g\u0142owy przed szamponem"}]},{"@type":"WebSite","@id":"https:\/\/www.technique-italia.com\/pl\/#website","url":"https:\/\/www.technique-italia.com\/pl\/","name":"Technique","description":"The Italian Concept","potentialAction":[{"@type":"SearchAction","target":{"@type":"EntryPoint","urlTemplate":"https:\/\/www.technique-italia.com\/pl\/?s={search_term_string}"},"query-input":{"@type":"PropertyValueSpecification","valueRequired":true,"valueName":"search_term_string"}}],"inLanguage":"pl-PL"}]}},"_links":{"self":[{"href":"https:\/\/www.technique-italia.com\/pl\/wp-json\/wp\/v2\/product\/17989","targetHints":{"allow":["GET"]}}],"collection":[{"href":"https:\/\/www.technique-italia.com\/pl\/wp-json\/wp\/v2\/product"}],"about":[{"href":"https:\/\/www.technique-italia.com\/pl\/wp-json\/wp\/v2\/types\/product"}],"wp:featuredmedia":[{"embeddable":true,"href":"https:\/\/www.technique-italia.com\/pl\/wp-json\/wp\/v2\/media\/17985"}],"wp:attachment":[{"href":"https:\/\/www.technique-italia.com\/pl\/wp-json\/wp\/v2\/media?parent=17989"}],"wp:term":[{"taxonomy":"product_brand","embeddable":true,"href":"https:\/\/www.technique-italia.com\/pl\/wp-json\/wp\/v2\/product_brand?post=17989"},{"taxonomy":"product_cat","embeddable":true,"href":"https:\/\/www.technique-italia.com\/pl\/wp-json\/wp\/v2\/product_cat?post=17989"},{"taxonomy":"product_tag","embeddable":true,"href":"https:\/\/www.technique-italia.com\/pl\/wp-json\/wp\/v2\/product_tag?post=17989"}],"curies":[{"name":"wp","href":"https:\/\/api.w.org\/{rel}","templated":true}]}}