{"id":17957,"date":"2024-11-20T08:59:48","date_gmt":"2024-11-20T07:59:48","guid":{"rendered":"https:\/\/www.technique-italia.com\/\/?post_type=product&#038;p=17957"},"modified":"2024-11-20T09:33:45","modified_gmt":"2024-11-20T08:33:45","slug":"balsam-ulatwiajacy-rozczesywanie-wlosow-balje","status":"publish","type":"product","link":"https:\/\/www.technique-italia.com\/pl\/products\/dzial-techniczny\/salon-pl\/balsam-ulatwiajacy-rozczesywanie-wlosow-balje\/","title":{"rendered":"Technique | Balsam u\u0142atwiaj\u0105cy rozczesywanie w\u0142os\u00f3w Balj\u00e8"},"content":{"rendered":"","protected":false},"excerpt":{"rendered":"<p><strong>Technique<\/strong>, <strong>Balsam u\u0142atwiaj\u0105cy rozczesywanie w\u0142os\u00f3w<\/strong> z ekstraktami z <strong>Dzikej R\u00f3\u017cy<\/strong> i <strong>Rumianku<\/strong>, odpowiedni do <strong>wszystkich rodzaj\u00f3w w\u0142os\u00f3w<\/strong>. Stosowany od nasady a\u017c po same ko\u0144ce nadaje w\u0142osom mi\u0119kko\u015b\u0107 i blask, u\u0142atwiaj\u0105c ich rozczesywanie i pomagaj\u0105c przywr\u00f3ci\u0107 im ich naturaln\u0105 witalno\u015b\u0107 i pi\u0119kno. Praktyczny i wygodny format maxi.<\/p>\n<p>Kanister 5 l<\/p>\n","protected":false},"featured_media":17951,"template":"","meta":[],"product_brand":[],"product_cat":[594,597],"product_tag":[],"class_list":{"0":"post-17957","1":"product","2":"type-product","3":"status-publish","4":"has-post-thumbnail","6":"product_cat-dzial-techniczny","7":"product_cat-salon-pl","8":"description-off","10":"first","11":"instock","12":"shipping-taxable","13":"product-type-simple"},"yoast_head":"<!-- This site is optimized with the Yoast SEO plugin v26.8 - https:\/\/yoast.com\/product\/yoast-seo-wordpress\/ -->\n<title>Technique | Balsam u\u0142atwiaj\u0105cy rozczesywanie w\u0142os\u00f3w Balj\u00e8<\/title>\n<meta name=\"description\" content=\"Technique, Balsam u\u0142atwiaj\u0105cy rozczesywanie w\u0142os\u00f3w z ekstraktami z Dzikej R\u00f3\u017cy i Rumianku, odpowiedni do wszystkich rodzaj\u00f3w w\u0142os\u00f3w.\" \/>\n<meta name=\"robots\" content=\"index, follow, max-snippet:-1, max-image-preview:large, max-video-preview:-1\" \/>\n<link rel=\"canonical\" href=\"https:\/\/www.technique-italia.com\/pl\/products\/dzial-techniczny\/salon-pl\/balsam-ulatwiajacy-rozczesywanie-wlosow-balje\/\" \/>\n<meta property=\"og:locale\" content=\"pl_PL\" \/>\n<meta property=\"og:type\" content=\"article\" \/>\n<meta property=\"og:title\" content=\"Technique | Balsam u\u0142atwiaj\u0105cy rozczesywanie w\u0142os\u00f3w Balj\u00e8\" \/>\n<meta property=\"og:description\" content=\"Technique, Balsam u\u0142atwiaj\u0105cy rozczesywanie w\u0142os\u00f3w z ekstraktami z Dzikej R\u00f3\u017cy i Rumianku, odpowiedni do wszystkich rodzaj\u00f3w w\u0142os\u00f3w.\" \/>\n<meta property=\"og:url\" content=\"https:\/\/www.technique-italia.com\/pl\/products\/dzial-techniczny\/salon-pl\/balsam-ulatwiajacy-rozczesywanie-wlosow-balje\/\" \/>\n<meta property=\"og:site_name\" content=\"Technique\" \/>\n<meta property=\"article:modified_time\" content=\"2024-11-20T08:33:45+00:00\" \/>\n<meta property=\"og:image\" content=\"https:\/\/www.technique-italia.com\/wp-content\/uploads\/2024\/11\/02109_technique_balje_balsamo_districante_10lt_800x800.png\" \/>\n\t<meta property=\"og:image:width\" content=\"800\" \/>\n\t<meta property=\"og:image:height\" content=\"800\" \/>\n\t<meta property=\"og:image:type\" content=\"image\/png\" \/>\n<meta name=\"twitter:card\" content=\"summary_large_image\" \/>\n<meta name=\"twitter:label1\" content=\"Szacowany czas czytania\" \/>\n\t<meta name=\"twitter:data1\" content=\"1 minuta\" \/>\n<script type=\"application\/ld+json\" class=\"yoast-schema-graph\">{\"@context\":\"https:\/\/schema.org\",\"@graph\":[{\"@type\":\"WebPage\",\"@id\":\"https:\/\/www.technique-italia.com\/pl\/products\/dzial-techniczny\/salon-pl\/balsam-ulatwiajacy-rozczesywanie-wlosow-balje\/\",\"url\":\"https:\/\/www.technique-italia.com\/pl\/products\/dzial-techniczny\/salon-pl\/balsam-ulatwiajacy-rozczesywanie-wlosow-balje\/\",\"name\":\"Technique | Balsam u\u0142atwiaj\u0105cy rozczesywanie w\u0142os\u00f3w Balj\u00e8\",\"isPartOf\":{\"@id\":\"https:\/\/www.technique-italia.com\/pl\/#website\"},\"primaryImageOfPage\":{\"@id\":\"https:\/\/www.technique-italia.com\/pl\/products\/dzial-techniczny\/salon-pl\/balsam-ulatwiajacy-rozczesywanie-wlosow-balje\/#primaryimage\"},\"image\":{\"@id\":\"https:\/\/www.technique-italia.com\/pl\/products\/dzial-techniczny\/salon-pl\/balsam-ulatwiajacy-rozczesywanie-wlosow-balje\/#primaryimage\"},\"thumbnailUrl\":\"https:\/\/www.technique-italia.com\/wp-content\/uploads\/2024\/11\/02109_technique_balje_balsamo_districante_10lt_800x800.png\",\"datePublished\":\"2024-11-20T07:59:48+00:00\",\"dateModified\":\"2024-11-20T08:33:45+00:00\",\"description\":\"Technique, Balsam u\u0142atwiaj\u0105cy rozczesywanie w\u0142os\u00f3w z ekstraktami z Dzikej R\u00f3\u017cy i Rumianku, odpowiedni do wszystkich rodzaj\u00f3w w\u0142os\u00f3w.\",\"breadcrumb\":{\"@id\":\"https:\/\/www.technique-italia.com\/pl\/products\/dzial-techniczny\/salon-pl\/balsam-ulatwiajacy-rozczesywanie-wlosow-balje\/#breadcrumb\"},\"inLanguage\":\"pl-PL\",\"potentialAction\":[{\"@type\":\"ReadAction\",\"target\":[\"https:\/\/www.technique-italia.com\/pl\/products\/dzial-techniczny\/salon-pl\/balsam-ulatwiajacy-rozczesywanie-wlosow-balje\/\"]}]},{\"@type\":\"ImageObject\",\"inLanguage\":\"pl-PL\",\"@id\":\"https:\/\/www.technique-italia.com\/pl\/products\/dzial-techniczny\/salon-pl\/balsam-ulatwiajacy-rozczesywanie-wlosow-balje\/#primaryimage\",\"url\":\"https:\/\/www.technique-italia.com\/wp-content\/uploads\/2024\/11\/02109_technique_balje_balsamo_districante_10lt_800x800.png\",\"contentUrl\":\"https:\/\/www.technique-italia.com\/wp-content\/uploads\/2024\/11\/02109_technique_balje_balsamo_districante_10lt_800x800.png\",\"width\":800,\"height\":800},{\"@type\":\"BreadcrumbList\",\"@id\":\"https:\/\/www.technique-italia.com\/pl\/products\/dzial-techniczny\/salon-pl\/balsam-ulatwiajacy-rozczesywanie-wlosow-balje\/#breadcrumb\",\"itemListElement\":[{\"@type\":\"ListItem\",\"position\":1,\"name\":\"Home\",\"item\":\"https:\/\/www.technique-italia.com\/pl\/\"},{\"@type\":\"ListItem\",\"position\":2,\"name\":\"Produkty\",\"item\":\"https:\/\/www.technique-italia.com\/pl\/shop\/\"},{\"@type\":\"ListItem\",\"position\":3,\"name\":\"Technique | Balsam u\u0142atwiaj\u0105cy rozczesywanie w\u0142os\u00f3w Balj\u00e8\"}]},{\"@type\":\"WebSite\",\"@id\":\"https:\/\/www.technique-italia.com\/pl\/#website\",\"url\":\"https:\/\/www.technique-italia.com\/pl\/\",\"name\":\"Technique\",\"description\":\"The Italian Concept\",\"potentialAction\":[{\"@type\":\"SearchAction\",\"target\":{\"@type\":\"EntryPoint\",\"urlTemplate\":\"https:\/\/www.technique-italia.com\/pl\/?s={search_term_string}\"},\"query-input\":{\"@type\":\"PropertyValueSpecification\",\"valueRequired\":true,\"valueName\":\"search_term_string\"}}],\"inLanguage\":\"pl-PL\"}]}<\/script>\n<!-- \/ Yoast SEO plugin. -->","yoast_head_json":{"title":"Technique | Balsam u\u0142atwiaj\u0105cy rozczesywanie w\u0142os\u00f3w Balj\u00e8","description":"Technique, Balsam u\u0142atwiaj\u0105cy rozczesywanie w\u0142os\u00f3w z ekstraktami z Dzikej R\u00f3\u017cy i Rumianku, odpowiedni do wszystkich rodzaj\u00f3w w\u0142os\u00f3w.","robots":{"index":"index","follow":"follow","max-snippet":"max-snippet:-1","max-image-preview":"max-image-preview:large","max-video-preview":"max-video-preview:-1"},"canonical":"https:\/\/www.technique-italia.com\/pl\/products\/dzial-techniczny\/salon-pl\/balsam-ulatwiajacy-rozczesywanie-wlosow-balje\/","og_locale":"pl_PL","og_type":"article","og_title":"Technique | Balsam u\u0142atwiaj\u0105cy rozczesywanie w\u0142os\u00f3w Balj\u00e8","og_description":"Technique, Balsam u\u0142atwiaj\u0105cy rozczesywanie w\u0142os\u00f3w z ekstraktami z Dzikej R\u00f3\u017cy i Rumianku, odpowiedni do wszystkich rodzaj\u00f3w w\u0142os\u00f3w.","og_url":"https:\/\/www.technique-italia.com\/pl\/products\/dzial-techniczny\/salon-pl\/balsam-ulatwiajacy-rozczesywanie-wlosow-balje\/","og_site_name":"Technique","article_modified_time":"2024-11-20T08:33:45+00:00","og_image":[{"width":800,"height":800,"url":"https:\/\/www.technique-italia.com\/wp-content\/uploads\/2024\/11\/02109_technique_balje_balsamo_districante_10lt_800x800.png","type":"image\/png"}],"twitter_card":"summary_large_image","twitter_misc":{"Szacowany czas czytania":"1 minuta"},"schema":{"@context":"https:\/\/schema.org","@graph":[{"@type":"WebPage","@id":"https:\/\/www.technique-italia.com\/pl\/products\/dzial-techniczny\/salon-pl\/balsam-ulatwiajacy-rozczesywanie-wlosow-balje\/","url":"https:\/\/www.technique-italia.com\/pl\/products\/dzial-techniczny\/salon-pl\/balsam-ulatwiajacy-rozczesywanie-wlosow-balje\/","name":"Technique | Balsam u\u0142atwiaj\u0105cy rozczesywanie w\u0142os\u00f3w Balj\u00e8","isPartOf":{"@id":"https:\/\/www.technique-italia.com\/pl\/#website"},"primaryImageOfPage":{"@id":"https:\/\/www.technique-italia.com\/pl\/products\/dzial-techniczny\/salon-pl\/balsam-ulatwiajacy-rozczesywanie-wlosow-balje\/#primaryimage"},"image":{"@id":"https:\/\/www.technique-italia.com\/pl\/products\/dzial-techniczny\/salon-pl\/balsam-ulatwiajacy-rozczesywanie-wlosow-balje\/#primaryimage"},"thumbnailUrl":"https:\/\/www.technique-italia.com\/wp-content\/uploads\/2024\/11\/02109_technique_balje_balsamo_districante_10lt_800x800.png","datePublished":"2024-11-20T07:59:48+00:00","dateModified":"2024-11-20T08:33:45+00:00","description":"Technique, Balsam u\u0142atwiaj\u0105cy rozczesywanie w\u0142os\u00f3w z ekstraktami z Dzikej R\u00f3\u017cy i Rumianku, odpowiedni do wszystkich rodzaj\u00f3w w\u0142os\u00f3w.","breadcrumb":{"@id":"https:\/\/www.technique-italia.com\/pl\/products\/dzial-techniczny\/salon-pl\/balsam-ulatwiajacy-rozczesywanie-wlosow-balje\/#breadcrumb"},"inLanguage":"pl-PL","potentialAction":[{"@type":"ReadAction","target":["https:\/\/www.technique-italia.com\/pl\/products\/dzial-techniczny\/salon-pl\/balsam-ulatwiajacy-rozczesywanie-wlosow-balje\/"]}]},{"@type":"ImageObject","inLanguage":"pl-PL","@id":"https:\/\/www.technique-italia.com\/pl\/products\/dzial-techniczny\/salon-pl\/balsam-ulatwiajacy-rozczesywanie-wlosow-balje\/#primaryimage","url":"https:\/\/www.technique-italia.com\/wp-content\/uploads\/2024\/11\/02109_technique_balje_balsamo_districante_10lt_800x800.png","contentUrl":"https:\/\/www.technique-italia.com\/wp-content\/uploads\/2024\/11\/02109_technique_balje_balsamo_districante_10lt_800x800.png","width":800,"height":800},{"@type":"BreadcrumbList","@id":"https:\/\/www.technique-italia.com\/pl\/products\/dzial-techniczny\/salon-pl\/balsam-ulatwiajacy-rozczesywanie-wlosow-balje\/#breadcrumb","itemListElement":[{"@type":"ListItem","position":1,"name":"Home","item":"https:\/\/www.technique-italia.com\/pl\/"},{"@type":"ListItem","position":2,"name":"Produkty","item":"https:\/\/www.technique-italia.com\/pl\/shop\/"},{"@type":"ListItem","position":3,"name":"Technique | Balsam u\u0142atwiaj\u0105cy rozczesywanie w\u0142os\u00f3w Balj\u00e8"}]},{"@type":"WebSite","@id":"https:\/\/www.technique-italia.com\/pl\/#website","url":"https:\/\/www.technique-italia.com\/pl\/","name":"Technique","description":"The Italian Concept","potentialAction":[{"@type":"SearchAction","target":{"@type":"EntryPoint","urlTemplate":"https:\/\/www.technique-italia.com\/pl\/?s={search_term_string}"},"query-input":{"@type":"PropertyValueSpecification","valueRequired":true,"valueName":"search_term_string"}}],"inLanguage":"pl-PL"}]}},"_links":{"self":[{"href":"https:\/\/www.technique-italia.com\/pl\/wp-json\/wp\/v2\/product\/17957","targetHints":{"allow":["GET"]}}],"collection":[{"href":"https:\/\/www.technique-italia.com\/pl\/wp-json\/wp\/v2\/product"}],"about":[{"href":"https:\/\/www.technique-italia.com\/pl\/wp-json\/wp\/v2\/types\/product"}],"wp:featuredmedia":[{"embeddable":true,"href":"https:\/\/www.technique-italia.com\/pl\/wp-json\/wp\/v2\/media\/17951"}],"wp:attachment":[{"href":"https:\/\/www.technique-italia.com\/pl\/wp-json\/wp\/v2\/media?parent=17957"}],"wp:term":[{"taxonomy":"product_brand","embeddable":true,"href":"https:\/\/www.technique-italia.com\/pl\/wp-json\/wp\/v2\/product_brand?post=17957"},{"taxonomy":"product_cat","embeddable":true,"href":"https:\/\/www.technique-italia.com\/pl\/wp-json\/wp\/v2\/product_cat?post=17957"},{"taxonomy":"product_tag","embeddable":true,"href":"https:\/\/www.technique-italia.com\/pl\/wp-json\/wp\/v2\/product_tag?post=17957"}],"curies":[{"name":"wp","href":"https:\/\/api.w.org\/{rel}","templated":true}]}}