{"id":17911,"date":"2024-05-28T09:27:52","date_gmt":"2024-05-28T07:27:53","guid":{"rendered":"https:\/\/www.technique-italia.com\/\/?post_type=product&#038;p=17911"},"modified":"2024-05-28T09:53:10","modified_gmt":"2024-05-28T07:53:10","slug":"decoblond-plex-niebieski-kompaktowy-puder-do-dekoloryzacji","status":"publish","type":"product","link":"https:\/\/www.technique-italia.com\/pl\/products\/dzial-techniczny\/decoblond-pl\/decoblond-plex-niebieski-kompaktowy-puder-do-dekoloryzacji\/","title":{"rendered":"Decoblond Plex | Niebieski kompaktowy puder do dekoloryzacji"},"content":{"rendered":"<p><strong>Decoblond Plex<\/strong>, <strong>niebieski kompaktowy <\/strong>puder do dekoloryzacji z <strong>Plexem<\/strong> i <strong>Makadami\u0105<\/strong>.<br \/>\nSk\u0142adniki aktywne pudru chroni\u0105 i nawil\u017caj\u0105 w\u0142\u00f3kna w\u0142os\u00f3w.<\/p>\n<p>Zapewnia jednolite rozja\u015bnienie<strong> wysokiej jako\u015bci<\/strong>. Idealny do<strong> wszystkich technik pracy<\/strong>. Ekstremalnie \u0142atwy w zastosowaniu.<\/p>\n<p>Do u\u017cytku profesjonalnego<\/p>\n<p>500 g<\/p>\n","protected":false},"excerpt":{"rendered":"<p><b>Decoblond, Niebieski kompaktowy puder do dekoloryzacji<\/b><span style=\"font-weight: 400;\"> ze wska\u017anikiem przeciw \u017c\u00f3\u0142tym odcieniom o <\/span><b>\u00a0zapachu jab\u0142ka<\/b><span style=\"font-weight: 400;\">. Zapewnia jednolite rozja\u015bnienie wysokiej jako\u015bci. Idealny<\/span><b> do wszystkich technik pracy<\/b><span style=\"font-weight: 400;\">. Ekstremalnie \u0142atwy w zastosowaniu.<\/span><\/p>\n<p><span style=\"font-weight: 400;\">Do u\u017cytku profesjonalnego<\/span><\/p>\n<p><span style=\"font-weight: 400;\">500 g<\/span><\/p>\n","protected":false},"featured_media":17915,"template":"","meta":[],"product_brand":[],"product_cat":[595,594],"product_tag":[],"class_list":{"0":"post-17911","1":"product","2":"type-product","3":"status-publish","4":"has-post-thumbnail","6":"product_cat-decoblond-pl","7":"product_cat-dzial-techniczny","8":"description-off","10":"first","11":"instock","12":"shipping-taxable","13":"product-type-simple"},"yoast_head":"<!-- This site is optimized with the Yoast SEO plugin v26.8 - https:\/\/yoast.com\/product\/yoast-seo-wordpress\/ -->\n<title>Decoblond Plex | Niebieski kompaktowy puder do dekoloryzacji<\/title>\n<meta name=\"description\" content=\"Decoblond Plex, niebieski kompaktowy puder do dekoloryzacji z Plexem i Makadami\u0105.Sk\u0142adniki aktywne pudru chroni\u0105 i nawil\u017caj\u0105 w\u0142\u00f3kna w\u0142os\u00f3w.\" \/>\n<meta name=\"robots\" content=\"index, follow, max-snippet:-1, max-image-preview:large, max-video-preview:-1\" \/>\n<link rel=\"canonical\" href=\"https:\/\/www.technique-italia.com\/pl\/products\/dzial-techniczny\/decoblond-pl\/decoblond-plex-niebieski-kompaktowy-puder-do-dekoloryzacji\/\" \/>\n<meta property=\"og:locale\" content=\"pl_PL\" \/>\n<meta property=\"og:type\" content=\"article\" \/>\n<meta property=\"og:title\" content=\"Decoblond Plex | Niebieski kompaktowy puder do dekoloryzacji\" \/>\n<meta property=\"og:description\" content=\"Decoblond Plex, niebieski kompaktowy puder do dekoloryzacji z Plexem i Makadami\u0105.Sk\u0142adniki aktywne pudru chroni\u0105 i nawil\u017caj\u0105 w\u0142\u00f3kna w\u0142os\u00f3w.\" \/>\n<meta property=\"og:url\" content=\"https:\/\/www.technique-italia.com\/pl\/products\/dzial-techniczny\/decoblond-pl\/decoblond-plex-niebieski-kompaktowy-puder-do-dekoloryzacji\/\" \/>\n<meta property=\"og:site_name\" content=\"Technique\" \/>\n<meta property=\"article:modified_time\" content=\"2024-05-28T07:53:10+00:00\" \/>\n<meta property=\"og:image\" content=\"https:\/\/www.technique-italia.com\/wp-content\/uploads\/2024\/05\/01031_technique_deco_blond_plex_500g.png\" \/>\n\t<meta property=\"og:image:width\" content=\"800\" \/>\n\t<meta property=\"og:image:height\" content=\"800\" \/>\n\t<meta property=\"og:image:type\" content=\"image\/png\" \/>\n<meta name=\"twitter:card\" content=\"summary_large_image\" \/>\n<meta name=\"twitter:label1\" content=\"Szacowany czas czytania\" \/>\n\t<meta name=\"twitter:data1\" content=\"1 minuta\" \/>\n<script type=\"application\/ld+json\" class=\"yoast-schema-graph\">{\"@context\":\"https:\/\/schema.org\",\"@graph\":[{\"@type\":\"WebPage\",\"@id\":\"https:\/\/www.technique-italia.com\/pl\/products\/dzial-techniczny\/decoblond-pl\/decoblond-plex-niebieski-kompaktowy-puder-do-dekoloryzacji\/\",\"url\":\"https:\/\/www.technique-italia.com\/pl\/products\/dzial-techniczny\/decoblond-pl\/decoblond-plex-niebieski-kompaktowy-puder-do-dekoloryzacji\/\",\"name\":\"Decoblond Plex | Niebieski kompaktowy puder do dekoloryzacji\",\"isPartOf\":{\"@id\":\"https:\/\/www.technique-italia.com\/pl\/#website\"},\"primaryImageOfPage\":{\"@id\":\"https:\/\/www.technique-italia.com\/pl\/products\/dzial-techniczny\/decoblond-pl\/decoblond-plex-niebieski-kompaktowy-puder-do-dekoloryzacji\/#primaryimage\"},\"image\":{\"@id\":\"https:\/\/www.technique-italia.com\/pl\/products\/dzial-techniczny\/decoblond-pl\/decoblond-plex-niebieski-kompaktowy-puder-do-dekoloryzacji\/#primaryimage\"},\"thumbnailUrl\":\"https:\/\/www.technique-italia.com\/wp-content\/uploads\/2024\/05\/01031_technique_deco_blond_plex_500g.png\",\"datePublished\":\"2024-05-28T07:27:53+00:00\",\"dateModified\":\"2024-05-28T07:53:10+00:00\",\"description\":\"Decoblond Plex, niebieski kompaktowy puder do dekoloryzacji z Plexem i Makadami\u0105.Sk\u0142adniki aktywne pudru chroni\u0105 i nawil\u017caj\u0105 w\u0142\u00f3kna w\u0142os\u00f3w.\",\"breadcrumb\":{\"@id\":\"https:\/\/www.technique-italia.com\/pl\/products\/dzial-techniczny\/decoblond-pl\/decoblond-plex-niebieski-kompaktowy-puder-do-dekoloryzacji\/#breadcrumb\"},\"inLanguage\":\"pl-PL\",\"potentialAction\":[{\"@type\":\"ReadAction\",\"target\":[\"https:\/\/www.technique-italia.com\/pl\/products\/dzial-techniczny\/decoblond-pl\/decoblond-plex-niebieski-kompaktowy-puder-do-dekoloryzacji\/\"]}]},{\"@type\":\"ImageObject\",\"inLanguage\":\"pl-PL\",\"@id\":\"https:\/\/www.technique-italia.com\/pl\/products\/dzial-techniczny\/decoblond-pl\/decoblond-plex-niebieski-kompaktowy-puder-do-dekoloryzacji\/#primaryimage\",\"url\":\"https:\/\/www.technique-italia.com\/wp-content\/uploads\/2024\/05\/01031_technique_deco_blond_plex_500g.png\",\"contentUrl\":\"https:\/\/www.technique-italia.com\/wp-content\/uploads\/2024\/05\/01031_technique_deco_blond_plex_500g.png\",\"width\":800,\"height\":800},{\"@type\":\"BreadcrumbList\",\"@id\":\"https:\/\/www.technique-italia.com\/pl\/products\/dzial-techniczny\/decoblond-pl\/decoblond-plex-niebieski-kompaktowy-puder-do-dekoloryzacji\/#breadcrumb\",\"itemListElement\":[{\"@type\":\"ListItem\",\"position\":1,\"name\":\"Home\",\"item\":\"https:\/\/www.technique-italia.com\/pl\/\"},{\"@type\":\"ListItem\",\"position\":2,\"name\":\"Produkty\",\"item\":\"https:\/\/www.technique-italia.com\/pl\/shop\/\"},{\"@type\":\"ListItem\",\"position\":3,\"name\":\"Decoblond Plex | Niebieski kompaktowy puder do dekoloryzacji\"}]},{\"@type\":\"WebSite\",\"@id\":\"https:\/\/www.technique-italia.com\/pl\/#website\",\"url\":\"https:\/\/www.technique-italia.com\/pl\/\",\"name\":\"Technique\",\"description\":\"The Italian Concept\",\"potentialAction\":[{\"@type\":\"SearchAction\",\"target\":{\"@type\":\"EntryPoint\",\"urlTemplate\":\"https:\/\/www.technique-italia.com\/pl\/?s={search_term_string}\"},\"query-input\":{\"@type\":\"PropertyValueSpecification\",\"valueRequired\":true,\"valueName\":\"search_term_string\"}}],\"inLanguage\":\"pl-PL\"}]}<\/script>\n<!-- \/ Yoast SEO plugin. -->","yoast_head_json":{"title":"Decoblond Plex | Niebieski kompaktowy puder do dekoloryzacji","description":"Decoblond Plex, niebieski kompaktowy puder do dekoloryzacji z Plexem i Makadami\u0105.Sk\u0142adniki aktywne pudru chroni\u0105 i nawil\u017caj\u0105 w\u0142\u00f3kna w\u0142os\u00f3w.","robots":{"index":"index","follow":"follow","max-snippet":"max-snippet:-1","max-image-preview":"max-image-preview:large","max-video-preview":"max-video-preview:-1"},"canonical":"https:\/\/www.technique-italia.com\/pl\/products\/dzial-techniczny\/decoblond-pl\/decoblond-plex-niebieski-kompaktowy-puder-do-dekoloryzacji\/","og_locale":"pl_PL","og_type":"article","og_title":"Decoblond Plex | Niebieski kompaktowy puder do dekoloryzacji","og_description":"Decoblond Plex, niebieski kompaktowy puder do dekoloryzacji z Plexem i Makadami\u0105.Sk\u0142adniki aktywne pudru chroni\u0105 i nawil\u017caj\u0105 w\u0142\u00f3kna w\u0142os\u00f3w.","og_url":"https:\/\/www.technique-italia.com\/pl\/products\/dzial-techniczny\/decoblond-pl\/decoblond-plex-niebieski-kompaktowy-puder-do-dekoloryzacji\/","og_site_name":"Technique","article_modified_time":"2024-05-28T07:53:10+00:00","og_image":[{"width":800,"height":800,"url":"https:\/\/www.technique-italia.com\/wp-content\/uploads\/2024\/05\/01031_technique_deco_blond_plex_500g.png","type":"image\/png"}],"twitter_card":"summary_large_image","twitter_misc":{"Szacowany czas czytania":"1 minuta"},"schema":{"@context":"https:\/\/schema.org","@graph":[{"@type":"WebPage","@id":"https:\/\/www.technique-italia.com\/pl\/products\/dzial-techniczny\/decoblond-pl\/decoblond-plex-niebieski-kompaktowy-puder-do-dekoloryzacji\/","url":"https:\/\/www.technique-italia.com\/pl\/products\/dzial-techniczny\/decoblond-pl\/decoblond-plex-niebieski-kompaktowy-puder-do-dekoloryzacji\/","name":"Decoblond Plex | Niebieski kompaktowy puder do dekoloryzacji","isPartOf":{"@id":"https:\/\/www.technique-italia.com\/pl\/#website"},"primaryImageOfPage":{"@id":"https:\/\/www.technique-italia.com\/pl\/products\/dzial-techniczny\/decoblond-pl\/decoblond-plex-niebieski-kompaktowy-puder-do-dekoloryzacji\/#primaryimage"},"image":{"@id":"https:\/\/www.technique-italia.com\/pl\/products\/dzial-techniczny\/decoblond-pl\/decoblond-plex-niebieski-kompaktowy-puder-do-dekoloryzacji\/#primaryimage"},"thumbnailUrl":"https:\/\/www.technique-italia.com\/wp-content\/uploads\/2024\/05\/01031_technique_deco_blond_plex_500g.png","datePublished":"2024-05-28T07:27:53+00:00","dateModified":"2024-05-28T07:53:10+00:00","description":"Decoblond Plex, niebieski kompaktowy puder do dekoloryzacji z Plexem i Makadami\u0105.Sk\u0142adniki aktywne pudru chroni\u0105 i nawil\u017caj\u0105 w\u0142\u00f3kna w\u0142os\u00f3w.","breadcrumb":{"@id":"https:\/\/www.technique-italia.com\/pl\/products\/dzial-techniczny\/decoblond-pl\/decoblond-plex-niebieski-kompaktowy-puder-do-dekoloryzacji\/#breadcrumb"},"inLanguage":"pl-PL","potentialAction":[{"@type":"ReadAction","target":["https:\/\/www.technique-italia.com\/pl\/products\/dzial-techniczny\/decoblond-pl\/decoblond-plex-niebieski-kompaktowy-puder-do-dekoloryzacji\/"]}]},{"@type":"ImageObject","inLanguage":"pl-PL","@id":"https:\/\/www.technique-italia.com\/pl\/products\/dzial-techniczny\/decoblond-pl\/decoblond-plex-niebieski-kompaktowy-puder-do-dekoloryzacji\/#primaryimage","url":"https:\/\/www.technique-italia.com\/wp-content\/uploads\/2024\/05\/01031_technique_deco_blond_plex_500g.png","contentUrl":"https:\/\/www.technique-italia.com\/wp-content\/uploads\/2024\/05\/01031_technique_deco_blond_plex_500g.png","width":800,"height":800},{"@type":"BreadcrumbList","@id":"https:\/\/www.technique-italia.com\/pl\/products\/dzial-techniczny\/decoblond-pl\/decoblond-plex-niebieski-kompaktowy-puder-do-dekoloryzacji\/#breadcrumb","itemListElement":[{"@type":"ListItem","position":1,"name":"Home","item":"https:\/\/www.technique-italia.com\/pl\/"},{"@type":"ListItem","position":2,"name":"Produkty","item":"https:\/\/www.technique-italia.com\/pl\/shop\/"},{"@type":"ListItem","position":3,"name":"Decoblond Plex | Niebieski kompaktowy puder do dekoloryzacji"}]},{"@type":"WebSite","@id":"https:\/\/www.technique-italia.com\/pl\/#website","url":"https:\/\/www.technique-italia.com\/pl\/","name":"Technique","description":"The Italian Concept","potentialAction":[{"@type":"SearchAction","target":{"@type":"EntryPoint","urlTemplate":"https:\/\/www.technique-italia.com\/pl\/?s={search_term_string}"},"query-input":{"@type":"PropertyValueSpecification","valueRequired":true,"valueName":"search_term_string"}}],"inLanguage":"pl-PL"}]}},"_links":{"self":[{"href":"https:\/\/www.technique-italia.com\/pl\/wp-json\/wp\/v2\/product\/17911","targetHints":{"allow":["GET"]}}],"collection":[{"href":"https:\/\/www.technique-italia.com\/pl\/wp-json\/wp\/v2\/product"}],"about":[{"href":"https:\/\/www.technique-italia.com\/pl\/wp-json\/wp\/v2\/types\/product"}],"wp:featuredmedia":[{"embeddable":true,"href":"https:\/\/www.technique-italia.com\/pl\/wp-json\/wp\/v2\/media\/17915"}],"wp:attachment":[{"href":"https:\/\/www.technique-italia.com\/pl\/wp-json\/wp\/v2\/media?parent=17911"}],"wp:term":[{"taxonomy":"product_brand","embeddable":true,"href":"https:\/\/www.technique-italia.com\/pl\/wp-json\/wp\/v2\/product_brand?post=17911"},{"taxonomy":"product_cat","embeddable":true,"href":"https:\/\/www.technique-italia.com\/pl\/wp-json\/wp\/v2\/product_cat?post=17911"},{"taxonomy":"product_tag","embeddable":true,"href":"https:\/\/www.technique-italia.com\/pl\/wp-json\/wp\/v2\/product_tag?post=17911"}],"curies":[{"name":"wp","href":"https:\/\/api.w.org\/{rel}","templated":true}]}}