{"id":15245,"date":"2024-03-28T16:03:10","date_gmt":"2024-03-28T15:05:19","guid":{"rendered":"https:\/\/www.technique-italia.com\/\/?post_type=product&#038;p=15245"},"modified":"2024-03-28T16:05:20","modified_gmt":"2024-03-28T15:05:20","slug":"alkemy-care-balsam-nawilzajacy-2","status":"publish","type":"product","link":"https:\/\/www.technique-italia.com\/pl\/products\/zabiegi\/alkemy-care-pl\/alkemy-care-balsam-nawilzajacy-2\/","title":{"rendered":"Alkemy Care | Balsam nawil\u017caj\u0105cy"},"content":{"rendered":"<ul>\n<li style=\"font-weight: 400;\" aria-level=\"1\"><span style=\"font-weight: 400;\">Formu\u0142a<\/span><b> bez silikon\u00f3w<\/b><\/li>\n<li style=\"font-weight: 400;\" aria-level=\"1\"><span style=\"font-weight: 400;\">Pomaga<\/span><b> rozczesa\u0107 w\u0142osy<\/b><\/li>\n<li style=\"font-weight: 400;\" aria-level=\"1\"><span style=\"font-weight: 400;\">Pozostawia <\/span><b>w\u0142osy mi\u0119kkie i lekkie<\/b><\/li>\n<li style=\"font-weight: 400;\" aria-level=\"1\"><b>Dzia\u0142a nawil\u017caj\u0105co<\/b><span style=\"font-weight: 400;\"> na w\u0142osy<\/span><\/li>\n<li style=\"font-weight: 400;\" aria-level=\"1\">Wzbogacony o<b style=\"color: #555555; font-size: 14.4px;\"> wyci\u0105g z fio\u0142k\u00f3w i wyci\u0105g z rumianku<\/b><\/li>\n<\/ul>\n","protected":false},"excerpt":{"rendered":"<p><span style=\"font-weight: 400;\">Balsam Alkemy Care zapewnia<\/span><b> mi\u0119kki i naturalnie lekki dotyk w\u0142os\u00f3w<\/b><span style=\"font-weight: 400;\"> dzi\u0119ki formule niezawieraj\u0105cej silikonu.<\/span><\/p>\n<p><span style=\"font-weight: 400;\">200 ml<\/span><\/p>\n","protected":false},"featured_media":15221,"template":"","meta":[],"product_brand":[],"product_cat":[2330,598],"product_tag":[],"class_list":{"0":"post-15245","1":"product","2":"type-product","3":"status-publish","4":"has-post-thumbnail","6":"product_cat-alkemy-care-pl","7":"product_cat-zabiegi","8":"description-off","10":"first","11":"instock","12":"shipping-taxable","13":"product-type-simple"},"yoast_head":"<!-- This site is optimized with the Yoast SEO plugin v26.8 - https:\/\/yoast.com\/product\/yoast-seo-wordpress\/ -->\n<title>Alkemy Care | Balsam nawil\u017caj\u0105cy<\/title>\n<meta name=\"description\" content=\"Szampon Przeciw \u017b\u00f3\u0142kni\u0119ciu zosta\u0142 opracowany po to, aby pozby\u0107 si\u0119 \u017c\u00f3\u0142tawych odcieni w\u0142os\u00f3w siwych, po dekoloryzacji czy z pasemkami.\" \/>\n<meta name=\"robots\" content=\"index, follow, max-snippet:-1, max-image-preview:large, max-video-preview:-1\" \/>\n<link rel=\"canonical\" href=\"https:\/\/www.technique-italia.com\/pl\/products\/zabiegi\/alkemy-care-pl\/alkemy-care-balsam-nawilzajacy-2\/\" \/>\n<meta property=\"og:locale\" content=\"pl_PL\" \/>\n<meta property=\"og:type\" content=\"article\" \/>\n<meta property=\"og:title\" content=\"Alkemy Care | Balsam nawil\u017caj\u0105cy\" \/>\n<meta property=\"og:description\" content=\"Szampon Przeciw \u017b\u00f3\u0142kni\u0119ciu zosta\u0142 opracowany po to, aby pozby\u0107 si\u0119 \u017c\u00f3\u0142tawych odcieni w\u0142os\u00f3w siwych, po dekoloryzacji czy z pasemkami.\" \/>\n<meta property=\"og:url\" content=\"https:\/\/www.technique-italia.com\/pl\/products\/zabiegi\/alkemy-care-pl\/alkemy-care-balsam-nawilzajacy-2\/\" \/>\n<meta property=\"og:site_name\" content=\"Technique\" \/>\n<meta property=\"article:modified_time\" content=\"2024-03-28T15:05:20+00:00\" \/>\n<meta property=\"og:image\" content=\"https:\/\/www.technique-italia.com\/wp-content\/uploads\/2023\/10\/02108_technique_treatment_alkemy_care_conditioner_200ml.png\" \/>\n\t<meta property=\"og:image:width\" content=\"600\" \/>\n\t<meta property=\"og:image:height\" content=\"600\" \/>\n\t<meta property=\"og:image:type\" content=\"image\/png\" \/>\n<meta name=\"twitter:card\" content=\"summary_large_image\" \/>\n<meta name=\"twitter:label1\" content=\"Szacowany czas czytania\" \/>\n\t<meta name=\"twitter:data1\" content=\"1 minuta\" \/>\n<script type=\"application\/ld+json\" class=\"yoast-schema-graph\">{\"@context\":\"https:\/\/schema.org\",\"@graph\":[{\"@type\":\"WebPage\",\"@id\":\"https:\/\/www.technique-italia.com\/pl\/products\/zabiegi\/alkemy-care-pl\/alkemy-care-balsam-nawilzajacy-2\/\",\"url\":\"https:\/\/www.technique-italia.com\/pl\/products\/zabiegi\/alkemy-care-pl\/alkemy-care-balsam-nawilzajacy-2\/\",\"name\":\"Alkemy Care | Balsam nawil\u017caj\u0105cy\",\"isPartOf\":{\"@id\":\"https:\/\/www.technique-italia.com\/pl\/#website\"},\"primaryImageOfPage\":{\"@id\":\"https:\/\/www.technique-italia.com\/pl\/products\/zabiegi\/alkemy-care-pl\/alkemy-care-balsam-nawilzajacy-2\/#primaryimage\"},\"image\":{\"@id\":\"https:\/\/www.technique-italia.com\/pl\/products\/zabiegi\/alkemy-care-pl\/alkemy-care-balsam-nawilzajacy-2\/#primaryimage\"},\"thumbnailUrl\":\"https:\/\/www.technique-italia.com\/wp-content\/uploads\/2023\/10\/02108_technique_treatment_alkemy_care_conditioner_200ml.png\",\"datePublished\":\"2024-03-28T15:05:19+00:00\",\"dateModified\":\"2024-03-28T15:05:20+00:00\",\"description\":\"Szampon Przeciw \u017b\u00f3\u0142kni\u0119ciu zosta\u0142 opracowany po to, aby pozby\u0107 si\u0119 \u017c\u00f3\u0142tawych odcieni w\u0142os\u00f3w siwych, po dekoloryzacji czy z pasemkami.\",\"breadcrumb\":{\"@id\":\"https:\/\/www.technique-italia.com\/pl\/products\/zabiegi\/alkemy-care-pl\/alkemy-care-balsam-nawilzajacy-2\/#breadcrumb\"},\"inLanguage\":\"pl-PL\",\"potentialAction\":[{\"@type\":\"ReadAction\",\"target\":[\"https:\/\/www.technique-italia.com\/pl\/products\/zabiegi\/alkemy-care-pl\/alkemy-care-balsam-nawilzajacy-2\/\"]}]},{\"@type\":\"ImageObject\",\"inLanguage\":\"pl-PL\",\"@id\":\"https:\/\/www.technique-italia.com\/pl\/products\/zabiegi\/alkemy-care-pl\/alkemy-care-balsam-nawilzajacy-2\/#primaryimage\",\"url\":\"https:\/\/www.technique-italia.com\/wp-content\/uploads\/2023\/10\/02108_technique_treatment_alkemy_care_conditioner_200ml.png\",\"contentUrl\":\"https:\/\/www.technique-italia.com\/wp-content\/uploads\/2023\/10\/02108_technique_treatment_alkemy_care_conditioner_200ml.png\",\"width\":600,\"height\":600},{\"@type\":\"BreadcrumbList\",\"@id\":\"https:\/\/www.technique-italia.com\/pl\/products\/zabiegi\/alkemy-care-pl\/alkemy-care-balsam-nawilzajacy-2\/#breadcrumb\",\"itemListElement\":[{\"@type\":\"ListItem\",\"position\":1,\"name\":\"Home\",\"item\":\"https:\/\/www.technique-italia.com\/pl\/\"},{\"@type\":\"ListItem\",\"position\":2,\"name\":\"Produkty\",\"item\":\"https:\/\/www.technique-italia.com\/pl\/shop\/\"},{\"@type\":\"ListItem\",\"position\":3,\"name\":\"Alkemy Care | Balsam nawil\u017caj\u0105cy\"}]},{\"@type\":\"WebSite\",\"@id\":\"https:\/\/www.technique-italia.com\/pl\/#website\",\"url\":\"https:\/\/www.technique-italia.com\/pl\/\",\"name\":\"Technique\",\"description\":\"The Italian Concept\",\"potentialAction\":[{\"@type\":\"SearchAction\",\"target\":{\"@type\":\"EntryPoint\",\"urlTemplate\":\"https:\/\/www.technique-italia.com\/pl\/?s={search_term_string}\"},\"query-input\":{\"@type\":\"PropertyValueSpecification\",\"valueRequired\":true,\"valueName\":\"search_term_string\"}}],\"inLanguage\":\"pl-PL\"}]}<\/script>\n<!-- \/ Yoast SEO plugin. -->","yoast_head_json":{"title":"Alkemy Care | Balsam nawil\u017caj\u0105cy","description":"Szampon Przeciw \u017b\u00f3\u0142kni\u0119ciu zosta\u0142 opracowany po to, aby pozby\u0107 si\u0119 \u017c\u00f3\u0142tawych odcieni w\u0142os\u00f3w siwych, po dekoloryzacji czy z pasemkami.","robots":{"index":"index","follow":"follow","max-snippet":"max-snippet:-1","max-image-preview":"max-image-preview:large","max-video-preview":"max-video-preview:-1"},"canonical":"https:\/\/www.technique-italia.com\/pl\/products\/zabiegi\/alkemy-care-pl\/alkemy-care-balsam-nawilzajacy-2\/","og_locale":"pl_PL","og_type":"article","og_title":"Alkemy Care | Balsam nawil\u017caj\u0105cy","og_description":"Szampon Przeciw \u017b\u00f3\u0142kni\u0119ciu zosta\u0142 opracowany po to, aby pozby\u0107 si\u0119 \u017c\u00f3\u0142tawych odcieni w\u0142os\u00f3w siwych, po dekoloryzacji czy z pasemkami.","og_url":"https:\/\/www.technique-italia.com\/pl\/products\/zabiegi\/alkemy-care-pl\/alkemy-care-balsam-nawilzajacy-2\/","og_site_name":"Technique","article_modified_time":"2024-03-28T15:05:20+00:00","og_image":[{"width":600,"height":600,"url":"https:\/\/www.technique-italia.com\/wp-content\/uploads\/2023\/10\/02108_technique_treatment_alkemy_care_conditioner_200ml.png","type":"image\/png"}],"twitter_card":"summary_large_image","twitter_misc":{"Szacowany czas czytania":"1 minuta"},"schema":{"@context":"https:\/\/schema.org","@graph":[{"@type":"WebPage","@id":"https:\/\/www.technique-italia.com\/pl\/products\/zabiegi\/alkemy-care-pl\/alkemy-care-balsam-nawilzajacy-2\/","url":"https:\/\/www.technique-italia.com\/pl\/products\/zabiegi\/alkemy-care-pl\/alkemy-care-balsam-nawilzajacy-2\/","name":"Alkemy Care | Balsam nawil\u017caj\u0105cy","isPartOf":{"@id":"https:\/\/www.technique-italia.com\/pl\/#website"},"primaryImageOfPage":{"@id":"https:\/\/www.technique-italia.com\/pl\/products\/zabiegi\/alkemy-care-pl\/alkemy-care-balsam-nawilzajacy-2\/#primaryimage"},"image":{"@id":"https:\/\/www.technique-italia.com\/pl\/products\/zabiegi\/alkemy-care-pl\/alkemy-care-balsam-nawilzajacy-2\/#primaryimage"},"thumbnailUrl":"https:\/\/www.technique-italia.com\/wp-content\/uploads\/2023\/10\/02108_technique_treatment_alkemy_care_conditioner_200ml.png","datePublished":"2024-03-28T15:05:19+00:00","dateModified":"2024-03-28T15:05:20+00:00","description":"Szampon Przeciw \u017b\u00f3\u0142kni\u0119ciu zosta\u0142 opracowany po to, aby pozby\u0107 si\u0119 \u017c\u00f3\u0142tawych odcieni w\u0142os\u00f3w siwych, po dekoloryzacji czy z pasemkami.","breadcrumb":{"@id":"https:\/\/www.technique-italia.com\/pl\/products\/zabiegi\/alkemy-care-pl\/alkemy-care-balsam-nawilzajacy-2\/#breadcrumb"},"inLanguage":"pl-PL","potentialAction":[{"@type":"ReadAction","target":["https:\/\/www.technique-italia.com\/pl\/products\/zabiegi\/alkemy-care-pl\/alkemy-care-balsam-nawilzajacy-2\/"]}]},{"@type":"ImageObject","inLanguage":"pl-PL","@id":"https:\/\/www.technique-italia.com\/pl\/products\/zabiegi\/alkemy-care-pl\/alkemy-care-balsam-nawilzajacy-2\/#primaryimage","url":"https:\/\/www.technique-italia.com\/wp-content\/uploads\/2023\/10\/02108_technique_treatment_alkemy_care_conditioner_200ml.png","contentUrl":"https:\/\/www.technique-italia.com\/wp-content\/uploads\/2023\/10\/02108_technique_treatment_alkemy_care_conditioner_200ml.png","width":600,"height":600},{"@type":"BreadcrumbList","@id":"https:\/\/www.technique-italia.com\/pl\/products\/zabiegi\/alkemy-care-pl\/alkemy-care-balsam-nawilzajacy-2\/#breadcrumb","itemListElement":[{"@type":"ListItem","position":1,"name":"Home","item":"https:\/\/www.technique-italia.com\/pl\/"},{"@type":"ListItem","position":2,"name":"Produkty","item":"https:\/\/www.technique-italia.com\/pl\/shop\/"},{"@type":"ListItem","position":3,"name":"Alkemy Care | Balsam nawil\u017caj\u0105cy"}]},{"@type":"WebSite","@id":"https:\/\/www.technique-italia.com\/pl\/#website","url":"https:\/\/www.technique-italia.com\/pl\/","name":"Technique","description":"The Italian Concept","potentialAction":[{"@type":"SearchAction","target":{"@type":"EntryPoint","urlTemplate":"https:\/\/www.technique-italia.com\/pl\/?s={search_term_string}"},"query-input":{"@type":"PropertyValueSpecification","valueRequired":true,"valueName":"search_term_string"}}],"inLanguage":"pl-PL"}]}},"_links":{"self":[{"href":"https:\/\/www.technique-italia.com\/pl\/wp-json\/wp\/v2\/product\/15245","targetHints":{"allow":["GET"]}}],"collection":[{"href":"https:\/\/www.technique-italia.com\/pl\/wp-json\/wp\/v2\/product"}],"about":[{"href":"https:\/\/www.technique-italia.com\/pl\/wp-json\/wp\/v2\/types\/product"}],"wp:featuredmedia":[{"embeddable":true,"href":"https:\/\/www.technique-italia.com\/pl\/wp-json\/wp\/v2\/media\/15221"}],"wp:attachment":[{"href":"https:\/\/www.technique-italia.com\/pl\/wp-json\/wp\/v2\/media?parent=15245"}],"wp:term":[{"taxonomy":"product_brand","embeddable":true,"href":"https:\/\/www.technique-italia.com\/pl\/wp-json\/wp\/v2\/product_brand?post=15245"},{"taxonomy":"product_cat","embeddable":true,"href":"https:\/\/www.technique-italia.com\/pl\/wp-json\/wp\/v2\/product_cat?post=15245"},{"taxonomy":"product_tag","embeddable":true,"href":"https:\/\/www.technique-italia.com\/pl\/wp-json\/wp\/v2\/product_tag?post=15245"}],"curies":[{"name":"wp","href":"https:\/\/api.w.org\/{rel}","templated":true}]}}