{"id":15175,"date":"2023-10-10T16:55:04","date_gmt":"2023-10-10T14:55:04","guid":{"rendered":"https:\/\/www.technique-italia.com\/\/?post_type=product&#038;p=15175"},"modified":"2023-10-10T16:59:23","modified_gmt":"2023-10-10T14:59:23","slug":"mirylia-maska-w-sprayu-10-w-1-2","status":"publish","type":"product","link":"https:\/\/www.technique-italia.com\/pl\/products\/zabiegi\/mirylia-pl\/mirylia-maska-w-sprayu-10-w-1-2\/","title":{"rendered":"Mirylia | Maska w Sprayu 10 w 1"},"content":{"rendered":"","protected":false},"excerpt":{"rendered":"<p><b>Maska w Sprayu 10 w 1<\/b><span style=\"font-weight: 400;\"> Mirylia to <\/span><b>wielofunkcyjny spray<\/b><span style=\"font-weight: 400;\"> o dzia\u0142aniu wzmacniaj\u0105cym blask, intensywny i kompletny zabieg, kt\u00f3ry \u0142\u0105czy w sobie <\/span><b>10 zalet<\/b><span style=\"font-weight: 400;\"> idealnych do <\/span><b>wszystkich typ\u00f3w w\u0142os\u00f3w<\/b><span style=\"font-weight: 400;\">.\u00a0<\/span><\/p>\n<p><span style=\"font-weight: 400;\">Praktyczny, szybki, bez sp\u0142ukiwania, spray 10 w 1 otula w\u0142osy zaawansowan\u0105 formu\u0142\u0105, kt\u00f3ra <\/span><b>odbudowuje, regeneruje, od\u017cywia, nawil\u017ca i podkre\u015bla stylizacj\u0119<\/b><span style=\"font-weight: 400;\">. Rozyplona na w\u0142osy maska w sprayu Technique uwalnia niesamowite w\u0142a\u015bciwo\u015bci roz\u015bwietlaj\u0105ce i ochronne <\/span><b>Olejku Arganowego, Konopnego i z Pierwiosnka<\/b><span style=\"font-weight: 400;\">.\u00a0<\/span><\/p>\n<p><span style=\"font-weight: 400;\">30 ml<\/span><\/p>\n","protected":false},"featured_media":15169,"template":"","meta":[],"product_brand":[],"product_cat":[606,598],"product_tag":[],"class_list":{"0":"post-15175","1":"product","2":"type-product","3":"status-publish","4":"has-post-thumbnail","6":"product_cat-mirylia-pl","7":"product_cat-zabiegi","8":"description-off","10":"first","11":"instock","12":"shipping-taxable","13":"product-type-simple"},"yoast_head":"<!-- This site is optimized with the Yoast SEO plugin v26.8 - https:\/\/yoast.com\/product\/yoast-seo-wordpress\/ -->\n<title>Mirylia | Maska w Sprayu 10 w 1<\/title>\n<meta name=\"description\" content=\"Maska w Sprayu 10 w 1 Mirylia to wielofunkcyjny spray o dzia\u0142aniu wzmacniaj\u0105cym blask, intensywny i kompletny zabieg, kt\u00f3ry \u0142\u0105czy w sobie 10 zalet idealnych do wszystkich typ\u00f3w w\u0142os\u00f3w.\u00a0\" \/>\n<meta name=\"robots\" content=\"index, follow, max-snippet:-1, max-image-preview:large, max-video-preview:-1\" \/>\n<link rel=\"canonical\" href=\"https:\/\/www.technique-italia.com\/pl\/products\/zabiegi\/mirylia-pl\/mirylia-maska-w-sprayu-10-w-1-2\/\" \/>\n<meta property=\"og:locale\" content=\"pl_PL\" \/>\n<meta property=\"og:type\" content=\"article\" \/>\n<meta property=\"og:title\" content=\"Mirylia | Maska w Sprayu 10 w 1\" \/>\n<meta property=\"og:description\" content=\"Maska w Sprayu 10 w 1 Mirylia to wielofunkcyjny spray o dzia\u0142aniu wzmacniaj\u0105cym blask, intensywny i kompletny zabieg, kt\u00f3ry \u0142\u0105czy w sobie 10 zalet idealnych do wszystkich typ\u00f3w w\u0142os\u00f3w.\u00a0\" \/>\n<meta property=\"og:url\" content=\"https:\/\/www.technique-italia.com\/pl\/products\/zabiegi\/mirylia-pl\/mirylia-maska-w-sprayu-10-w-1-2\/\" \/>\n<meta property=\"og:site_name\" content=\"Technique\" \/>\n<meta property=\"article:modified_time\" content=\"2023-10-10T14:59:23+00:00\" \/>\n<meta property=\"og:image\" content=\"https:\/\/www.technique-italia.com\/wp-content\/uploads\/2023\/10\/05042_technique_treatment_mirylia_sublimating_spray_mask_10_in_1_30ml-1.png\" \/>\n\t<meta property=\"og:image:width\" content=\"800\" \/>\n\t<meta property=\"og:image:height\" content=\"800\" \/>\n\t<meta property=\"og:image:type\" content=\"image\/png\" \/>\n<meta name=\"twitter:card\" content=\"summary_large_image\" \/>\n<script type=\"application\/ld+json\" class=\"yoast-schema-graph\">{\"@context\":\"https:\/\/schema.org\",\"@graph\":[{\"@type\":\"WebPage\",\"@id\":\"https:\/\/www.technique-italia.com\/pl\/products\/zabiegi\/mirylia-pl\/mirylia-maska-w-sprayu-10-w-1-2\/\",\"url\":\"https:\/\/www.technique-italia.com\/pl\/products\/zabiegi\/mirylia-pl\/mirylia-maska-w-sprayu-10-w-1-2\/\",\"name\":\"Mirylia | Maska w Sprayu 10 w 1\",\"isPartOf\":{\"@id\":\"https:\/\/www.technique-italia.com\/pl\/#website\"},\"primaryImageOfPage\":{\"@id\":\"https:\/\/www.technique-italia.com\/pl\/products\/zabiegi\/mirylia-pl\/mirylia-maska-w-sprayu-10-w-1-2\/#primaryimage\"},\"image\":{\"@id\":\"https:\/\/www.technique-italia.com\/pl\/products\/zabiegi\/mirylia-pl\/mirylia-maska-w-sprayu-10-w-1-2\/#primaryimage\"},\"thumbnailUrl\":\"https:\/\/www.technique-italia.com\/wp-content\/uploads\/2023\/10\/05042_technique_treatment_mirylia_sublimating_spray_mask_10_in_1_30ml-1.png\",\"datePublished\":\"2023-10-10T14:55:04+00:00\",\"dateModified\":\"2023-10-10T14:59:23+00:00\",\"description\":\"Maska w Sprayu 10 w 1 Mirylia to wielofunkcyjny spray o dzia\u0142aniu wzmacniaj\u0105cym blask, intensywny i kompletny zabieg, kt\u00f3ry \u0142\u0105czy w sobie 10 zalet idealnych do wszystkich typ\u00f3w w\u0142os\u00f3w.\u00a0\",\"breadcrumb\":{\"@id\":\"https:\/\/www.technique-italia.com\/pl\/products\/zabiegi\/mirylia-pl\/mirylia-maska-w-sprayu-10-w-1-2\/#breadcrumb\"},\"inLanguage\":\"pl-PL\",\"potentialAction\":[{\"@type\":\"ReadAction\",\"target\":[\"https:\/\/www.technique-italia.com\/pl\/products\/zabiegi\/mirylia-pl\/mirylia-maska-w-sprayu-10-w-1-2\/\"]}]},{\"@type\":\"ImageObject\",\"inLanguage\":\"pl-PL\",\"@id\":\"https:\/\/www.technique-italia.com\/pl\/products\/zabiegi\/mirylia-pl\/mirylia-maska-w-sprayu-10-w-1-2\/#primaryimage\",\"url\":\"https:\/\/www.technique-italia.com\/wp-content\/uploads\/2023\/10\/05042_technique_treatment_mirylia_sublimating_spray_mask_10_in_1_30ml-1.png\",\"contentUrl\":\"https:\/\/www.technique-italia.com\/wp-content\/uploads\/2023\/10\/05042_technique_treatment_mirylia_sublimating_spray_mask_10_in_1_30ml-1.png\",\"width\":800,\"height\":800},{\"@type\":\"BreadcrumbList\",\"@id\":\"https:\/\/www.technique-italia.com\/pl\/products\/zabiegi\/mirylia-pl\/mirylia-maska-w-sprayu-10-w-1-2\/#breadcrumb\",\"itemListElement\":[{\"@type\":\"ListItem\",\"position\":1,\"name\":\"Home\",\"item\":\"https:\/\/www.technique-italia.com\/pl\/\"},{\"@type\":\"ListItem\",\"position\":2,\"name\":\"Produkty\",\"item\":\"https:\/\/www.technique-italia.com\/pl\/shop\/\"},{\"@type\":\"ListItem\",\"position\":3,\"name\":\"Mirylia | Maska w Sprayu 10 w 1\"}]},{\"@type\":\"WebSite\",\"@id\":\"https:\/\/www.technique-italia.com\/pl\/#website\",\"url\":\"https:\/\/www.technique-italia.com\/pl\/\",\"name\":\"Technique\",\"description\":\"The Italian Concept\",\"potentialAction\":[{\"@type\":\"SearchAction\",\"target\":{\"@type\":\"EntryPoint\",\"urlTemplate\":\"https:\/\/www.technique-italia.com\/pl\/?s={search_term_string}\"},\"query-input\":{\"@type\":\"PropertyValueSpecification\",\"valueRequired\":true,\"valueName\":\"search_term_string\"}}],\"inLanguage\":\"pl-PL\"}]}<\/script>\n<!-- \/ Yoast SEO plugin. -->","yoast_head_json":{"title":"Mirylia | Maska w Sprayu 10 w 1","description":"Maska w Sprayu 10 w 1 Mirylia to wielofunkcyjny spray o dzia\u0142aniu wzmacniaj\u0105cym blask, intensywny i kompletny zabieg, kt\u00f3ry \u0142\u0105czy w sobie 10 zalet idealnych do wszystkich typ\u00f3w w\u0142os\u00f3w.\u00a0","robots":{"index":"index","follow":"follow","max-snippet":"max-snippet:-1","max-image-preview":"max-image-preview:large","max-video-preview":"max-video-preview:-1"},"canonical":"https:\/\/www.technique-italia.com\/pl\/products\/zabiegi\/mirylia-pl\/mirylia-maska-w-sprayu-10-w-1-2\/","og_locale":"pl_PL","og_type":"article","og_title":"Mirylia | Maska w Sprayu 10 w 1","og_description":"Maska w Sprayu 10 w 1 Mirylia to wielofunkcyjny spray o dzia\u0142aniu wzmacniaj\u0105cym blask, intensywny i kompletny zabieg, kt\u00f3ry \u0142\u0105czy w sobie 10 zalet idealnych do wszystkich typ\u00f3w w\u0142os\u00f3w.\u00a0","og_url":"https:\/\/www.technique-italia.com\/pl\/products\/zabiegi\/mirylia-pl\/mirylia-maska-w-sprayu-10-w-1-2\/","og_site_name":"Technique","article_modified_time":"2023-10-10T14:59:23+00:00","og_image":[{"width":800,"height":800,"url":"https:\/\/www.technique-italia.com\/wp-content\/uploads\/2023\/10\/05042_technique_treatment_mirylia_sublimating_spray_mask_10_in_1_30ml-1.png","type":"image\/png"}],"twitter_card":"summary_large_image","schema":{"@context":"https:\/\/schema.org","@graph":[{"@type":"WebPage","@id":"https:\/\/www.technique-italia.com\/pl\/products\/zabiegi\/mirylia-pl\/mirylia-maska-w-sprayu-10-w-1-2\/","url":"https:\/\/www.technique-italia.com\/pl\/products\/zabiegi\/mirylia-pl\/mirylia-maska-w-sprayu-10-w-1-2\/","name":"Mirylia | Maska w Sprayu 10 w 1","isPartOf":{"@id":"https:\/\/www.technique-italia.com\/pl\/#website"},"primaryImageOfPage":{"@id":"https:\/\/www.technique-italia.com\/pl\/products\/zabiegi\/mirylia-pl\/mirylia-maska-w-sprayu-10-w-1-2\/#primaryimage"},"image":{"@id":"https:\/\/www.technique-italia.com\/pl\/products\/zabiegi\/mirylia-pl\/mirylia-maska-w-sprayu-10-w-1-2\/#primaryimage"},"thumbnailUrl":"https:\/\/www.technique-italia.com\/wp-content\/uploads\/2023\/10\/05042_technique_treatment_mirylia_sublimating_spray_mask_10_in_1_30ml-1.png","datePublished":"2023-10-10T14:55:04+00:00","dateModified":"2023-10-10T14:59:23+00:00","description":"Maska w Sprayu 10 w 1 Mirylia to wielofunkcyjny spray o dzia\u0142aniu wzmacniaj\u0105cym blask, intensywny i kompletny zabieg, kt\u00f3ry \u0142\u0105czy w sobie 10 zalet idealnych do wszystkich typ\u00f3w w\u0142os\u00f3w.\u00a0","breadcrumb":{"@id":"https:\/\/www.technique-italia.com\/pl\/products\/zabiegi\/mirylia-pl\/mirylia-maska-w-sprayu-10-w-1-2\/#breadcrumb"},"inLanguage":"pl-PL","potentialAction":[{"@type":"ReadAction","target":["https:\/\/www.technique-italia.com\/pl\/products\/zabiegi\/mirylia-pl\/mirylia-maska-w-sprayu-10-w-1-2\/"]}]},{"@type":"ImageObject","inLanguage":"pl-PL","@id":"https:\/\/www.technique-italia.com\/pl\/products\/zabiegi\/mirylia-pl\/mirylia-maska-w-sprayu-10-w-1-2\/#primaryimage","url":"https:\/\/www.technique-italia.com\/wp-content\/uploads\/2023\/10\/05042_technique_treatment_mirylia_sublimating_spray_mask_10_in_1_30ml-1.png","contentUrl":"https:\/\/www.technique-italia.com\/wp-content\/uploads\/2023\/10\/05042_technique_treatment_mirylia_sublimating_spray_mask_10_in_1_30ml-1.png","width":800,"height":800},{"@type":"BreadcrumbList","@id":"https:\/\/www.technique-italia.com\/pl\/products\/zabiegi\/mirylia-pl\/mirylia-maska-w-sprayu-10-w-1-2\/#breadcrumb","itemListElement":[{"@type":"ListItem","position":1,"name":"Home","item":"https:\/\/www.technique-italia.com\/pl\/"},{"@type":"ListItem","position":2,"name":"Produkty","item":"https:\/\/www.technique-italia.com\/pl\/shop\/"},{"@type":"ListItem","position":3,"name":"Mirylia | Maska w Sprayu 10 w 1"}]},{"@type":"WebSite","@id":"https:\/\/www.technique-italia.com\/pl\/#website","url":"https:\/\/www.technique-italia.com\/pl\/","name":"Technique","description":"The Italian Concept","potentialAction":[{"@type":"SearchAction","target":{"@type":"EntryPoint","urlTemplate":"https:\/\/www.technique-italia.com\/pl\/?s={search_term_string}"},"query-input":{"@type":"PropertyValueSpecification","valueRequired":true,"valueName":"search_term_string"}}],"inLanguage":"pl-PL"}]}},"_links":{"self":[{"href":"https:\/\/www.technique-italia.com\/pl\/wp-json\/wp\/v2\/product\/15175","targetHints":{"allow":["GET"]}}],"collection":[{"href":"https:\/\/www.technique-italia.com\/pl\/wp-json\/wp\/v2\/product"}],"about":[{"href":"https:\/\/www.technique-italia.com\/pl\/wp-json\/wp\/v2\/types\/product"}],"wp:featuredmedia":[{"embeddable":true,"href":"https:\/\/www.technique-italia.com\/pl\/wp-json\/wp\/v2\/media\/15169"}],"wp:attachment":[{"href":"https:\/\/www.technique-italia.com\/pl\/wp-json\/wp\/v2\/media?parent=15175"}],"wp:term":[{"taxonomy":"product_brand","embeddable":true,"href":"https:\/\/www.technique-italia.com\/pl\/wp-json\/wp\/v2\/product_brand?post=15175"},{"taxonomy":"product_cat","embeddable":true,"href":"https:\/\/www.technique-italia.com\/pl\/wp-json\/wp\/v2\/product_cat?post=15175"},{"taxonomy":"product_tag","embeddable":true,"href":"https:\/\/www.technique-italia.com\/pl\/wp-json\/wp\/v2\/product_tag?post=15175"}],"curies":[{"name":"wp","href":"https:\/\/api.w.org\/{rel}","templated":true}]}}