{"id":14988,"date":"2023-03-16T16:24:14","date_gmt":"2023-03-16T15:24:14","guid":{"rendered":"https:\/\/www.technique-italia.com\/\/?post_type=product&#038;p=14988"},"modified":"2023-04-17T10:31:44","modified_gmt":"2023-04-17T08:31:44","slug":"alkemy-amplify-maska-zwiekszajaca-objetosc-2","status":"publish","type":"product","link":"https:\/\/www.technique-italia.com\/pl\/products\/zabiegi\/alkemy-amplify-pl\/alkemy-amplify-maska-zwiekszajaca-objetosc-2\/","title":{"rendered":"Alkemy Amplify | Maska zwi\u0119kszaj\u0105ca obj\u0119to\u015b\u0107"},"content":{"rendered":"","protected":false},"excerpt":{"rendered":"<p><span style=\"font-weight: 400;\">Alkemy Amplify to maska, kt\u00f3ra<\/span><b> nadaje niezwyk\u0142\u0105 obj\u0119to\u015b\u0107<\/b><span style=\"font-weight: 400;\"> cienkim i oklapni\u0119tym w\u0142osom. Jej wyj\u0105tkowa formu\u0142a z Ekstraktem z Magnolii wykazuje dog\u0142\u0119bne dzia\u0142anie, <\/span><b>przywracaj\u0105c w\u0142osom<\/b><span style=\"font-weight: 400;\"> elastyczno\u015b\u0107 i blask.<\/span><\/p>\n<p><span style=\"font-weight: 400;\">250 ml <\/span><\/p>\n","protected":false},"featured_media":17433,"template":"","meta":[],"product_brand":[],"product_cat":[2322,598],"product_tag":[],"class_list":{"0":"post-14988","1":"product","2":"type-product","3":"status-publish","4":"has-post-thumbnail","6":"product_cat-alkemy-amplify-pl","7":"product_cat-zabiegi","8":"description-off","10":"first","11":"instock","12":"shipping-taxable","13":"product-type-simple"},"yoast_head":"<!-- This site is optimized with the Yoast SEO plugin v26.8 - https:\/\/yoast.com\/product\/yoast-seo-wordpress\/ -->\n<title>Alkemy Amplify | Maska zwi\u0119kszaj\u0105ca obj\u0119to\u015b\u0107 - Technique<\/title>\n<meta name=\"description\" content=\"Alkemy Amplify to maska, kt\u00f3ra nadaje niezwyk\u0142\u0105 obj\u0119to\u015b\u0107 cienkim i oklapni\u0119tym w\u0142osom.\" \/>\n<meta name=\"robots\" content=\"index, follow, max-snippet:-1, max-image-preview:large, max-video-preview:-1\" \/>\n<link rel=\"canonical\" href=\"https:\/\/www.technique-italia.com\/pl\/products\/zabiegi\/alkemy-amplify-pl\/alkemy-amplify-maska-zwiekszajaca-objetosc-2\/\" \/>\n<meta property=\"og:locale\" content=\"pl_PL\" \/>\n<meta property=\"og:type\" content=\"article\" \/>\n<meta property=\"og:title\" content=\"Alkemy Amplify | Maska zwi\u0119kszaj\u0105ca obj\u0119to\u015b\u0107 - Technique\" \/>\n<meta property=\"og:description\" content=\"Alkemy Amplify to maska, kt\u00f3ra nadaje niezwyk\u0142\u0105 obj\u0119to\u015b\u0107 cienkim i oklapni\u0119tym w\u0142osom.\" \/>\n<meta property=\"og:url\" content=\"https:\/\/www.technique-italia.com\/pl\/products\/zabiegi\/alkemy-amplify-pl\/alkemy-amplify-maska-zwiekszajaca-objetosc-2\/\" \/>\n<meta property=\"og:site_name\" content=\"Technique\" \/>\n<meta property=\"article:modified_time\" content=\"2023-04-17T08:31:44+00:00\" \/>\n<meta property=\"og:image\" content=\"https:\/\/www.technique-italia.com\/wp-content\/uploads\/2023\/03\/02097_technique_alkemy_amplify_mask_250ml.webp\" \/>\n\t<meta property=\"og:image:width\" content=\"800\" \/>\n\t<meta property=\"og:image:height\" content=\"800\" \/>\n\t<meta property=\"og:image:type\" content=\"image\/webp\" \/>\n<meta name=\"twitter:card\" content=\"summary_large_image\" \/>\n<script type=\"application\/ld+json\" class=\"yoast-schema-graph\">{\"@context\":\"https:\/\/schema.org\",\"@graph\":[{\"@type\":\"WebPage\",\"@id\":\"https:\/\/www.technique-italia.com\/pl\/products\/zabiegi\/alkemy-amplify-pl\/alkemy-amplify-maska-zwiekszajaca-objetosc-2\/\",\"url\":\"https:\/\/www.technique-italia.com\/pl\/products\/zabiegi\/alkemy-amplify-pl\/alkemy-amplify-maska-zwiekszajaca-objetosc-2\/\",\"name\":\"Alkemy Amplify | Maska zwi\u0119kszaj\u0105ca obj\u0119to\u015b\u0107 - Technique\",\"isPartOf\":{\"@id\":\"https:\/\/www.technique-italia.com\/pl\/#website\"},\"primaryImageOfPage\":{\"@id\":\"https:\/\/www.technique-italia.com\/pl\/products\/zabiegi\/alkemy-amplify-pl\/alkemy-amplify-maska-zwiekszajaca-objetosc-2\/#primaryimage\"},\"image\":{\"@id\":\"https:\/\/www.technique-italia.com\/pl\/products\/zabiegi\/alkemy-amplify-pl\/alkemy-amplify-maska-zwiekszajaca-objetosc-2\/#primaryimage\"},\"thumbnailUrl\":\"https:\/\/www.technique-italia.com\/wp-content\/uploads\/2023\/03\/02097_technique_alkemy_amplify_mask_250ml.webp\",\"datePublished\":\"2023-03-16T15:24:14+00:00\",\"dateModified\":\"2023-04-17T08:31:44+00:00\",\"description\":\"Alkemy Amplify to maska, kt\u00f3ra nadaje niezwyk\u0142\u0105 obj\u0119to\u015b\u0107 cienkim i oklapni\u0119tym w\u0142osom.\",\"breadcrumb\":{\"@id\":\"https:\/\/www.technique-italia.com\/pl\/products\/zabiegi\/alkemy-amplify-pl\/alkemy-amplify-maska-zwiekszajaca-objetosc-2\/#breadcrumb\"},\"inLanguage\":\"pl-PL\",\"potentialAction\":[{\"@type\":\"ReadAction\",\"target\":[\"https:\/\/www.technique-italia.com\/pl\/products\/zabiegi\/alkemy-amplify-pl\/alkemy-amplify-maska-zwiekszajaca-objetosc-2\/\"]}]},{\"@type\":\"ImageObject\",\"inLanguage\":\"pl-PL\",\"@id\":\"https:\/\/www.technique-italia.com\/pl\/products\/zabiegi\/alkemy-amplify-pl\/alkemy-amplify-maska-zwiekszajaca-objetosc-2\/#primaryimage\",\"url\":\"https:\/\/www.technique-italia.com\/wp-content\/uploads\/2023\/03\/02097_technique_alkemy_amplify_mask_250ml.webp\",\"contentUrl\":\"https:\/\/www.technique-italia.com\/wp-content\/uploads\/2023\/03\/02097_technique_alkemy_amplify_mask_250ml.webp\",\"width\":800,\"height\":800},{\"@type\":\"BreadcrumbList\",\"@id\":\"https:\/\/www.technique-italia.com\/pl\/products\/zabiegi\/alkemy-amplify-pl\/alkemy-amplify-maska-zwiekszajaca-objetosc-2\/#breadcrumb\",\"itemListElement\":[{\"@type\":\"ListItem\",\"position\":1,\"name\":\"Home\",\"item\":\"https:\/\/www.technique-italia.com\/pl\/\"},{\"@type\":\"ListItem\",\"position\":2,\"name\":\"Produkty\",\"item\":\"https:\/\/www.technique-italia.com\/pl\/shop\/\"},{\"@type\":\"ListItem\",\"position\":3,\"name\":\"Alkemy Amplify | Maska zwi\u0119kszaj\u0105ca obj\u0119to\u015b\u0107\"}]},{\"@type\":\"WebSite\",\"@id\":\"https:\/\/www.technique-italia.com\/pl\/#website\",\"url\":\"https:\/\/www.technique-italia.com\/pl\/\",\"name\":\"Technique\",\"description\":\"The Italian Concept\",\"potentialAction\":[{\"@type\":\"SearchAction\",\"target\":{\"@type\":\"EntryPoint\",\"urlTemplate\":\"https:\/\/www.technique-italia.com\/pl\/?s={search_term_string}\"},\"query-input\":{\"@type\":\"PropertyValueSpecification\",\"valueRequired\":true,\"valueName\":\"search_term_string\"}}],\"inLanguage\":\"pl-PL\"}]}<\/script>\n<!-- \/ Yoast SEO plugin. -->","yoast_head_json":{"title":"Alkemy Amplify | Maska zwi\u0119kszaj\u0105ca obj\u0119to\u015b\u0107 - Technique","description":"Alkemy Amplify to maska, kt\u00f3ra nadaje niezwyk\u0142\u0105 obj\u0119to\u015b\u0107 cienkim i oklapni\u0119tym w\u0142osom.","robots":{"index":"index","follow":"follow","max-snippet":"max-snippet:-1","max-image-preview":"max-image-preview:large","max-video-preview":"max-video-preview:-1"},"canonical":"https:\/\/www.technique-italia.com\/pl\/products\/zabiegi\/alkemy-amplify-pl\/alkemy-amplify-maska-zwiekszajaca-objetosc-2\/","og_locale":"pl_PL","og_type":"article","og_title":"Alkemy Amplify | Maska zwi\u0119kszaj\u0105ca obj\u0119to\u015b\u0107 - Technique","og_description":"Alkemy Amplify to maska, kt\u00f3ra nadaje niezwyk\u0142\u0105 obj\u0119to\u015b\u0107 cienkim i oklapni\u0119tym w\u0142osom.","og_url":"https:\/\/www.technique-italia.com\/pl\/products\/zabiegi\/alkemy-amplify-pl\/alkemy-amplify-maska-zwiekszajaca-objetosc-2\/","og_site_name":"Technique","article_modified_time":"2023-04-17T08:31:44+00:00","og_image":[{"width":800,"height":800,"url":"https:\/\/www.technique-italia.com\/wp-content\/uploads\/2023\/03\/02097_technique_alkemy_amplify_mask_250ml.webp","type":"image\/webp"}],"twitter_card":"summary_large_image","schema":{"@context":"https:\/\/schema.org","@graph":[{"@type":"WebPage","@id":"https:\/\/www.technique-italia.com\/pl\/products\/zabiegi\/alkemy-amplify-pl\/alkemy-amplify-maska-zwiekszajaca-objetosc-2\/","url":"https:\/\/www.technique-italia.com\/pl\/products\/zabiegi\/alkemy-amplify-pl\/alkemy-amplify-maska-zwiekszajaca-objetosc-2\/","name":"Alkemy Amplify | Maska zwi\u0119kszaj\u0105ca obj\u0119to\u015b\u0107 - Technique","isPartOf":{"@id":"https:\/\/www.technique-italia.com\/pl\/#website"},"primaryImageOfPage":{"@id":"https:\/\/www.technique-italia.com\/pl\/products\/zabiegi\/alkemy-amplify-pl\/alkemy-amplify-maska-zwiekszajaca-objetosc-2\/#primaryimage"},"image":{"@id":"https:\/\/www.technique-italia.com\/pl\/products\/zabiegi\/alkemy-amplify-pl\/alkemy-amplify-maska-zwiekszajaca-objetosc-2\/#primaryimage"},"thumbnailUrl":"https:\/\/www.technique-italia.com\/wp-content\/uploads\/2023\/03\/02097_technique_alkemy_amplify_mask_250ml.webp","datePublished":"2023-03-16T15:24:14+00:00","dateModified":"2023-04-17T08:31:44+00:00","description":"Alkemy Amplify to maska, kt\u00f3ra nadaje niezwyk\u0142\u0105 obj\u0119to\u015b\u0107 cienkim i oklapni\u0119tym w\u0142osom.","breadcrumb":{"@id":"https:\/\/www.technique-italia.com\/pl\/products\/zabiegi\/alkemy-amplify-pl\/alkemy-amplify-maska-zwiekszajaca-objetosc-2\/#breadcrumb"},"inLanguage":"pl-PL","potentialAction":[{"@type":"ReadAction","target":["https:\/\/www.technique-italia.com\/pl\/products\/zabiegi\/alkemy-amplify-pl\/alkemy-amplify-maska-zwiekszajaca-objetosc-2\/"]}]},{"@type":"ImageObject","inLanguage":"pl-PL","@id":"https:\/\/www.technique-italia.com\/pl\/products\/zabiegi\/alkemy-amplify-pl\/alkemy-amplify-maska-zwiekszajaca-objetosc-2\/#primaryimage","url":"https:\/\/www.technique-italia.com\/wp-content\/uploads\/2023\/03\/02097_technique_alkemy_amplify_mask_250ml.webp","contentUrl":"https:\/\/www.technique-italia.com\/wp-content\/uploads\/2023\/03\/02097_technique_alkemy_amplify_mask_250ml.webp","width":800,"height":800},{"@type":"BreadcrumbList","@id":"https:\/\/www.technique-italia.com\/pl\/products\/zabiegi\/alkemy-amplify-pl\/alkemy-amplify-maska-zwiekszajaca-objetosc-2\/#breadcrumb","itemListElement":[{"@type":"ListItem","position":1,"name":"Home","item":"https:\/\/www.technique-italia.com\/pl\/"},{"@type":"ListItem","position":2,"name":"Produkty","item":"https:\/\/www.technique-italia.com\/pl\/shop\/"},{"@type":"ListItem","position":3,"name":"Alkemy Amplify | Maska zwi\u0119kszaj\u0105ca obj\u0119to\u015b\u0107"}]},{"@type":"WebSite","@id":"https:\/\/www.technique-italia.com\/pl\/#website","url":"https:\/\/www.technique-italia.com\/pl\/","name":"Technique","description":"The Italian Concept","potentialAction":[{"@type":"SearchAction","target":{"@type":"EntryPoint","urlTemplate":"https:\/\/www.technique-italia.com\/pl\/?s={search_term_string}"},"query-input":{"@type":"PropertyValueSpecification","valueRequired":true,"valueName":"search_term_string"}}],"inLanguage":"pl-PL"}]}},"_links":{"self":[{"href":"https:\/\/www.technique-italia.com\/pl\/wp-json\/wp\/v2\/product\/14988","targetHints":{"allow":["GET"]}}],"collection":[{"href":"https:\/\/www.technique-italia.com\/pl\/wp-json\/wp\/v2\/product"}],"about":[{"href":"https:\/\/www.technique-italia.com\/pl\/wp-json\/wp\/v2\/types\/product"}],"wp:featuredmedia":[{"embeddable":true,"href":"https:\/\/www.technique-italia.com\/pl\/wp-json\/wp\/v2\/media\/17433"}],"wp:attachment":[{"href":"https:\/\/www.technique-italia.com\/pl\/wp-json\/wp\/v2\/media?parent=14988"}],"wp:term":[{"taxonomy":"product_brand","embeddable":true,"href":"https:\/\/www.technique-italia.com\/pl\/wp-json\/wp\/v2\/product_brand?post=14988"},{"taxonomy":"product_cat","embeddable":true,"href":"https:\/\/www.technique-italia.com\/pl\/wp-json\/wp\/v2\/product_cat?post=14988"},{"taxonomy":"product_tag","embeddable":true,"href":"https:\/\/www.technique-italia.com\/pl\/wp-json\/wp\/v2\/product_tag?post=14988"}],"curies":[{"name":"wp","href":"https:\/\/api.w.org\/{rel}","templated":true}]}}