{"id":14382,"date":"2022-09-09T11:45:04","date_gmt":"2022-09-09T09:45:04","guid":{"rendered":"https:\/\/www.technique-italia.com\/\/?post_type=product&#038;p=14382"},"modified":"2022-09-13T14:56:18","modified_gmt":"2022-09-13T12:56:18","slug":"system-energy-zestaw-zapobiegajacy-wypadaniu-wlosow","status":"publish","type":"product","link":"https:\/\/www.technique-italia.com\/pl\/products\/zabiegi\/system-energy-pl\/system-energy-zestaw-zapobiegajacy-wypadaniu-wlosow\/","title":{"rendered":"System Energy | Zestaw zapobiegaj\u0105cy wypadaniu w\u0142os\u00f3w"},"content":{"rendered":"","protected":false},"excerpt":{"rendered":"<p><span style=\"font-weight: 400;\">Zestaw zapobiegaj\u0105cy wypadaniu w\u0142os\u00f3w System Energy <strong>zosta\u0142 opracowany do w\u0142os\u00f3w delikatnych<\/strong>, os\u0142abionych i ze sk\u0142onno\u015bci\u0105 do \u0142amania si\u0119. K\u0105piel do w\u0142os\u00f3w, kuracja w ampu\u0142kach oraz masa\u017cer do sk\u00f3ry g\u0142owy pomagaj\u0105 w walce z wypadaniem w\u0142os\u00f3w, <strong>oraz reaktywuj\u0105 mikrokr\u0105\u017cenie, sprawiaj\u0105c, \u017ce w\u0142osy staj\u0105 si\u0119 zdrowsze i silniejsze.<\/strong><\/span><\/p>\n<p><span style=\"font-weight: 400;\">Zestaw sk\u0142ada si\u0119 z K\u0105pieli do w\u0142os\u00f3w o pojemno\u015bci 300 ml, Zabiegu z 10 ampu\u0142kami zawieraj\u0105cymi jedn\u0105 dawk\u0119 produktu o pojemno\u015bci 8 ml ka\u017cda oraz Masa\u017cera do sk\u00f3ry g\u0142owy.<\/span><\/p>\n","protected":false},"featured_media":13931,"template":"","meta":[],"product_brand":[],"product_cat":[607,598],"product_tag":[],"class_list":{"0":"post-14382","1":"product","2":"type-product","3":"status-publish","4":"has-post-thumbnail","6":"product_cat-system-energy-pl","7":"product_cat-zabiegi","8":"description-off","10":"first","11":"instock","12":"shipping-taxable","13":"product-type-simple"},"yoast_head":"<!-- This site is optimized with the Yoast SEO plugin v26.8 - https:\/\/yoast.com\/product\/yoast-seo-wordpress\/ -->\n<title>System Energy | Zestaw zapobiegaj\u0105cy wypadaniu w\u0142os\u00f3w<\/title>\n<meta name=\"description\" content=\"Zestaw zapobiegaj\u0105cy wypadaniu w\u0142os\u00f3w System Energy zosta\u0142 opracowany do w\u0142os\u00f3w delikatnych, os\u0142abionych i ze sk\u0142onno\u015bci\u0105 do \u0142amania si\u0119.\" \/>\n<meta name=\"robots\" content=\"index, follow, max-snippet:-1, max-image-preview:large, max-video-preview:-1\" \/>\n<link rel=\"canonical\" href=\"https:\/\/www.technique-italia.com\/pl\/products\/zabiegi\/system-energy-pl\/system-energy-zestaw-zapobiegajacy-wypadaniu-wlosow\/\" \/>\n<meta property=\"og:locale\" content=\"pl_PL\" \/>\n<meta property=\"og:type\" content=\"article\" \/>\n<meta property=\"og:title\" content=\"System Energy | Zestaw zapobiegaj\u0105cy wypadaniu w\u0142os\u00f3w\" \/>\n<meta property=\"og:description\" content=\"Zestaw zapobiegaj\u0105cy wypadaniu w\u0142os\u00f3w System Energy zosta\u0142 opracowany do w\u0142os\u00f3w delikatnych, os\u0142abionych i ze sk\u0142onno\u015bci\u0105 do \u0142amania si\u0119.\" \/>\n<meta property=\"og:url\" content=\"https:\/\/www.technique-italia.com\/pl\/products\/zabiegi\/system-energy-pl\/system-energy-zestaw-zapobiegajacy-wypadaniu-wlosow\/\" \/>\n<meta property=\"og:site_name\" content=\"Technique\" \/>\n<meta property=\"article:modified_time\" content=\"2022-09-13T12:56:18+00:00\" \/>\n<meta property=\"og:image\" content=\"https:\/\/www.technique-italia.com\/wp-content\/uploads\/2022\/08\/technique_system_energy_kit_massaggiatore.png\" \/>\n\t<meta property=\"og:image:width\" content=\"600\" \/>\n\t<meta property=\"og:image:height\" content=\"600\" \/>\n\t<meta property=\"og:image:type\" content=\"image\/png\" \/>\n<meta name=\"twitter:card\" content=\"summary_large_image\" \/>\n<script type=\"application\/ld+json\" class=\"yoast-schema-graph\">{\"@context\":\"https:\/\/schema.org\",\"@graph\":[{\"@type\":\"WebPage\",\"@id\":\"https:\/\/www.technique-italia.com\/pl\/products\/zabiegi\/system-energy-pl\/system-energy-zestaw-zapobiegajacy-wypadaniu-wlosow\/\",\"url\":\"https:\/\/www.technique-italia.com\/pl\/products\/zabiegi\/system-energy-pl\/system-energy-zestaw-zapobiegajacy-wypadaniu-wlosow\/\",\"name\":\"System Energy | Zestaw zapobiegaj\u0105cy wypadaniu w\u0142os\u00f3w\",\"isPartOf\":{\"@id\":\"https:\/\/www.technique-italia.com\/pl\/#website\"},\"primaryImageOfPage\":{\"@id\":\"https:\/\/www.technique-italia.com\/pl\/products\/zabiegi\/system-energy-pl\/system-energy-zestaw-zapobiegajacy-wypadaniu-wlosow\/#primaryimage\"},\"image\":{\"@id\":\"https:\/\/www.technique-italia.com\/pl\/products\/zabiegi\/system-energy-pl\/system-energy-zestaw-zapobiegajacy-wypadaniu-wlosow\/#primaryimage\"},\"thumbnailUrl\":\"https:\/\/www.technique-italia.com\/wp-content\/uploads\/2022\/08\/technique_system_energy_kit_massaggiatore.png\",\"datePublished\":\"2022-09-09T09:45:04+00:00\",\"dateModified\":\"2022-09-13T12:56:18+00:00\",\"description\":\"Zestaw zapobiegaj\u0105cy wypadaniu w\u0142os\u00f3w System Energy zosta\u0142 opracowany do w\u0142os\u00f3w delikatnych, os\u0142abionych i ze sk\u0142onno\u015bci\u0105 do \u0142amania si\u0119.\",\"breadcrumb\":{\"@id\":\"https:\/\/www.technique-italia.com\/pl\/products\/zabiegi\/system-energy-pl\/system-energy-zestaw-zapobiegajacy-wypadaniu-wlosow\/#breadcrumb\"},\"inLanguage\":\"pl-PL\",\"potentialAction\":[{\"@type\":\"ReadAction\",\"target\":[\"https:\/\/www.technique-italia.com\/pl\/products\/zabiegi\/system-energy-pl\/system-energy-zestaw-zapobiegajacy-wypadaniu-wlosow\/\"]}]},{\"@type\":\"ImageObject\",\"inLanguage\":\"pl-PL\",\"@id\":\"https:\/\/www.technique-italia.com\/pl\/products\/zabiegi\/system-energy-pl\/system-energy-zestaw-zapobiegajacy-wypadaniu-wlosow\/#primaryimage\",\"url\":\"https:\/\/www.technique-italia.com\/wp-content\/uploads\/2022\/08\/technique_system_energy_kit_massaggiatore.png\",\"contentUrl\":\"https:\/\/www.technique-italia.com\/wp-content\/uploads\/2022\/08\/technique_system_energy_kit_massaggiatore.png\",\"width\":600,\"height\":600},{\"@type\":\"BreadcrumbList\",\"@id\":\"https:\/\/www.technique-italia.com\/pl\/products\/zabiegi\/system-energy-pl\/system-energy-zestaw-zapobiegajacy-wypadaniu-wlosow\/#breadcrumb\",\"itemListElement\":[{\"@type\":\"ListItem\",\"position\":1,\"name\":\"Home\",\"item\":\"https:\/\/www.technique-italia.com\/pl\/\"},{\"@type\":\"ListItem\",\"position\":2,\"name\":\"Produkty\",\"item\":\"https:\/\/www.technique-italia.com\/pl\/shop\/\"},{\"@type\":\"ListItem\",\"position\":3,\"name\":\"System Energy | Zestaw zapobiegaj\u0105cy wypadaniu w\u0142os\u00f3w\"}]},{\"@type\":\"WebSite\",\"@id\":\"https:\/\/www.technique-italia.com\/pl\/#website\",\"url\":\"https:\/\/www.technique-italia.com\/pl\/\",\"name\":\"Technique\",\"description\":\"The Italian Concept\",\"potentialAction\":[{\"@type\":\"SearchAction\",\"target\":{\"@type\":\"EntryPoint\",\"urlTemplate\":\"https:\/\/www.technique-italia.com\/pl\/?s={search_term_string}\"},\"query-input\":{\"@type\":\"PropertyValueSpecification\",\"valueRequired\":true,\"valueName\":\"search_term_string\"}}],\"inLanguage\":\"pl-PL\"}]}<\/script>\n<!-- \/ Yoast SEO plugin. -->","yoast_head_json":{"title":"System Energy | Zestaw zapobiegaj\u0105cy wypadaniu w\u0142os\u00f3w","description":"Zestaw zapobiegaj\u0105cy wypadaniu w\u0142os\u00f3w System Energy zosta\u0142 opracowany do w\u0142os\u00f3w delikatnych, os\u0142abionych i ze sk\u0142onno\u015bci\u0105 do \u0142amania si\u0119.","robots":{"index":"index","follow":"follow","max-snippet":"max-snippet:-1","max-image-preview":"max-image-preview:large","max-video-preview":"max-video-preview:-1"},"canonical":"https:\/\/www.technique-italia.com\/pl\/products\/zabiegi\/system-energy-pl\/system-energy-zestaw-zapobiegajacy-wypadaniu-wlosow\/","og_locale":"pl_PL","og_type":"article","og_title":"System Energy | Zestaw zapobiegaj\u0105cy wypadaniu w\u0142os\u00f3w","og_description":"Zestaw zapobiegaj\u0105cy wypadaniu w\u0142os\u00f3w System Energy zosta\u0142 opracowany do w\u0142os\u00f3w delikatnych, os\u0142abionych i ze sk\u0142onno\u015bci\u0105 do \u0142amania si\u0119.","og_url":"https:\/\/www.technique-italia.com\/pl\/products\/zabiegi\/system-energy-pl\/system-energy-zestaw-zapobiegajacy-wypadaniu-wlosow\/","og_site_name":"Technique","article_modified_time":"2022-09-13T12:56:18+00:00","og_image":[{"width":600,"height":600,"url":"https:\/\/www.technique-italia.com\/wp-content\/uploads\/2022\/08\/technique_system_energy_kit_massaggiatore.png","type":"image\/png"}],"twitter_card":"summary_large_image","schema":{"@context":"https:\/\/schema.org","@graph":[{"@type":"WebPage","@id":"https:\/\/www.technique-italia.com\/pl\/products\/zabiegi\/system-energy-pl\/system-energy-zestaw-zapobiegajacy-wypadaniu-wlosow\/","url":"https:\/\/www.technique-italia.com\/pl\/products\/zabiegi\/system-energy-pl\/system-energy-zestaw-zapobiegajacy-wypadaniu-wlosow\/","name":"System Energy | Zestaw zapobiegaj\u0105cy wypadaniu w\u0142os\u00f3w","isPartOf":{"@id":"https:\/\/www.technique-italia.com\/pl\/#website"},"primaryImageOfPage":{"@id":"https:\/\/www.technique-italia.com\/pl\/products\/zabiegi\/system-energy-pl\/system-energy-zestaw-zapobiegajacy-wypadaniu-wlosow\/#primaryimage"},"image":{"@id":"https:\/\/www.technique-italia.com\/pl\/products\/zabiegi\/system-energy-pl\/system-energy-zestaw-zapobiegajacy-wypadaniu-wlosow\/#primaryimage"},"thumbnailUrl":"https:\/\/www.technique-italia.com\/wp-content\/uploads\/2022\/08\/technique_system_energy_kit_massaggiatore.png","datePublished":"2022-09-09T09:45:04+00:00","dateModified":"2022-09-13T12:56:18+00:00","description":"Zestaw zapobiegaj\u0105cy wypadaniu w\u0142os\u00f3w System Energy zosta\u0142 opracowany do w\u0142os\u00f3w delikatnych, os\u0142abionych i ze sk\u0142onno\u015bci\u0105 do \u0142amania si\u0119.","breadcrumb":{"@id":"https:\/\/www.technique-italia.com\/pl\/products\/zabiegi\/system-energy-pl\/system-energy-zestaw-zapobiegajacy-wypadaniu-wlosow\/#breadcrumb"},"inLanguage":"pl-PL","potentialAction":[{"@type":"ReadAction","target":["https:\/\/www.technique-italia.com\/pl\/products\/zabiegi\/system-energy-pl\/system-energy-zestaw-zapobiegajacy-wypadaniu-wlosow\/"]}]},{"@type":"ImageObject","inLanguage":"pl-PL","@id":"https:\/\/www.technique-italia.com\/pl\/products\/zabiegi\/system-energy-pl\/system-energy-zestaw-zapobiegajacy-wypadaniu-wlosow\/#primaryimage","url":"https:\/\/www.technique-italia.com\/wp-content\/uploads\/2022\/08\/technique_system_energy_kit_massaggiatore.png","contentUrl":"https:\/\/www.technique-italia.com\/wp-content\/uploads\/2022\/08\/technique_system_energy_kit_massaggiatore.png","width":600,"height":600},{"@type":"BreadcrumbList","@id":"https:\/\/www.technique-italia.com\/pl\/products\/zabiegi\/system-energy-pl\/system-energy-zestaw-zapobiegajacy-wypadaniu-wlosow\/#breadcrumb","itemListElement":[{"@type":"ListItem","position":1,"name":"Home","item":"https:\/\/www.technique-italia.com\/pl\/"},{"@type":"ListItem","position":2,"name":"Produkty","item":"https:\/\/www.technique-italia.com\/pl\/shop\/"},{"@type":"ListItem","position":3,"name":"System Energy | Zestaw zapobiegaj\u0105cy wypadaniu w\u0142os\u00f3w"}]},{"@type":"WebSite","@id":"https:\/\/www.technique-italia.com\/pl\/#website","url":"https:\/\/www.technique-italia.com\/pl\/","name":"Technique","description":"The Italian Concept","potentialAction":[{"@type":"SearchAction","target":{"@type":"EntryPoint","urlTemplate":"https:\/\/www.technique-italia.com\/pl\/?s={search_term_string}"},"query-input":{"@type":"PropertyValueSpecification","valueRequired":true,"valueName":"search_term_string"}}],"inLanguage":"pl-PL"}]}},"_links":{"self":[{"href":"https:\/\/www.technique-italia.com\/pl\/wp-json\/wp\/v2\/product\/14382","targetHints":{"allow":["GET"]}}],"collection":[{"href":"https:\/\/www.technique-italia.com\/pl\/wp-json\/wp\/v2\/product"}],"about":[{"href":"https:\/\/www.technique-italia.com\/pl\/wp-json\/wp\/v2\/types\/product"}],"wp:featuredmedia":[{"embeddable":true,"href":"https:\/\/www.technique-italia.com\/pl\/wp-json\/wp\/v2\/media\/13931"}],"wp:attachment":[{"href":"https:\/\/www.technique-italia.com\/pl\/wp-json\/wp\/v2\/media?parent=14382"}],"wp:term":[{"taxonomy":"product_brand","embeddable":true,"href":"https:\/\/www.technique-italia.com\/pl\/wp-json\/wp\/v2\/product_brand?post=14382"},{"taxonomy":"product_cat","embeddable":true,"href":"https:\/\/www.technique-italia.com\/pl\/wp-json\/wp\/v2\/product_cat?post=14382"},{"taxonomy":"product_tag","embeddable":true,"href":"https:\/\/www.technique-italia.com\/pl\/wp-json\/wp\/v2\/product_tag?post=14382"}],"curies":[{"name":"wp","href":"https:\/\/api.w.org\/{rel}","templated":true}]}}