{"id":10920,"date":"2022-07-19T12:13:08","date_gmt":"2022-07-19T10:13:08","guid":{"rendered":"https:\/\/www.technique-italia.com\/\/?post_type=product&#038;p=10920"},"modified":"2022-07-19T12:49:59","modified_gmt":"2022-07-19T10:49:59","slug":"plyn-do-trwalej-ondulacji-do-wlosow-farbowanych-i-poddanych-zabiegom","status":"publish","type":"product","link":"https:\/\/www.technique-italia.com\/pl\/products\/dzial-techniczny\/wave-hit\/plyn-do-trwalej-ondulacji-do-wlosow-farbowanych-i-poddanych-zabiegom\/","title":{"rendered":"P\u0142yn do trwa\u0142ej ondulacji do w\u0142os\u00f3w farbowanych i poddanych zabiegom"},"content":{"rendered":"","protected":false},"excerpt":{"rendered":"<p><span style=\"font-weight: 400;\">P\u0142yn do trwa\u0142ej ondulacji opracowany do w\u0142os\u00f3w farbowanych i poddanych zabiegom.\u00a0<\/span><br \/>\n<span style=\"font-weight: 400;\">Nadaje <\/span><b>niespotykan\u0105 dot\u0105d obj\u0119to\u015b\u0107<\/b><span style=\"font-weight: 400;\"> lub <\/span><b>podkre\u015bla skr\u0119t lok\u00f3w<\/b><span style=\"font-weight: 400;\">, chroni\u0105c przy tym w\u0142\u00f3kna w\u0142osa, dzi\u0119ki formule <\/span><b>bez amoniaku i kwasu tioglikolowego.<\/b><\/p>\n<p><span style=\"font-weight: 400;\">Do u\u017cytku profesjonalnego<\/span><\/p>\n<p><span style=\"font-weight: 400;\">480 ml<\/span><\/p>\n","protected":false},"featured_media":10867,"template":"","meta":[],"product_brand":[],"product_cat":[594,596],"product_tag":[],"class_list":{"0":"post-10920","1":"product","2":"type-product","3":"status-publish","4":"has-post-thumbnail","6":"product_cat-dzial-techniczny","7":"product_cat-wave-hit","8":"description-off","10":"first","11":"instock","12":"shipping-taxable","13":"product-type-simple"},"yoast_head":"<!-- This site is optimized with the Yoast SEO plugin v26.8 - https:\/\/yoast.com\/product\/yoast-seo-wordpress\/ -->\n<title>P\u0142yn do trwa\u0142ej ondulacji do w\u0142os\u00f3w farbowanych i poddanych zabiegom<\/title>\n<meta name=\"robots\" content=\"index, follow, max-snippet:-1, max-image-preview:large, max-video-preview:-1\" \/>\n<link rel=\"canonical\" href=\"https:\/\/www.technique-italia.com\/pl\/products\/dzial-techniczny\/wave-hit\/plyn-do-trwalej-ondulacji-do-wlosow-farbowanych-i-poddanych-zabiegom\/\" \/>\n<meta property=\"og:locale\" content=\"pl_PL\" \/>\n<meta property=\"og:type\" content=\"article\" \/>\n<meta property=\"og:title\" content=\"P\u0142yn do trwa\u0142ej ondulacji do w\u0142os\u00f3w farbowanych i poddanych zabiegom\" \/>\n<meta property=\"og:description\" content=\"P\u0142yn do trwa\u0142ej ondulacji opracowany do w\u0142os\u00f3w farbowanych i poddanych zabiegom.\u00a0 Nadaje niespotykan\u0105 dot\u0105d obj\u0119to\u015b\u0107 lub podkre\u015bla skr\u0119t lok\u00f3w, chroni\u0105c przy tym w\u0142\u00f3kna w\u0142osa, dzi\u0119ki formule bez amoniaku i kwasu tioglikolowego.  Do u\u017cytku profesjonalnego  480 ml\" \/>\n<meta property=\"og:url\" content=\"https:\/\/www.technique-italia.com\/pl\/products\/dzial-techniczny\/wave-hit\/plyn-do-trwalej-ondulacji-do-wlosow-farbowanych-i-poddanych-zabiegom\/\" \/>\n<meta property=\"og:site_name\" content=\"Technique\" \/>\n<meta property=\"article:modified_time\" content=\"2022-07-19T10:49:59+00:00\" \/>\n<meta property=\"og:image\" content=\"https:\/\/www.technique-italia.com\/wp-content\/uploads\/2022\/06\/01027_technique_waving_lotion_2_480ml.png\" \/>\n\t<meta property=\"og:image:width\" content=\"600\" \/>\n\t<meta property=\"og:image:height\" content=\"600\" \/>\n\t<meta property=\"og:image:type\" content=\"image\/png\" \/>\n<meta name=\"twitter:card\" content=\"summary_large_image\" \/>\n<script type=\"application\/ld+json\" class=\"yoast-schema-graph\">{\"@context\":\"https:\/\/schema.org\",\"@graph\":[{\"@type\":\"WebPage\",\"@id\":\"https:\/\/www.technique-italia.com\/pl\/products\/dzial-techniczny\/wave-hit\/plyn-do-trwalej-ondulacji-do-wlosow-farbowanych-i-poddanych-zabiegom\/\",\"url\":\"https:\/\/www.technique-italia.com\/pl\/products\/dzial-techniczny\/wave-hit\/plyn-do-trwalej-ondulacji-do-wlosow-farbowanych-i-poddanych-zabiegom\/\",\"name\":\"P\u0142yn do trwa\u0142ej ondulacji do w\u0142os\u00f3w farbowanych i poddanych zabiegom\",\"isPartOf\":{\"@id\":\"https:\/\/www.technique-italia.com\/pl\/#website\"},\"primaryImageOfPage\":{\"@id\":\"https:\/\/www.technique-italia.com\/pl\/products\/dzial-techniczny\/wave-hit\/plyn-do-trwalej-ondulacji-do-wlosow-farbowanych-i-poddanych-zabiegom\/#primaryimage\"},\"image\":{\"@id\":\"https:\/\/www.technique-italia.com\/pl\/products\/dzial-techniczny\/wave-hit\/plyn-do-trwalej-ondulacji-do-wlosow-farbowanych-i-poddanych-zabiegom\/#primaryimage\"},\"thumbnailUrl\":\"https:\/\/www.technique-italia.com\/wp-content\/uploads\/2022\/06\/01027_technique_waving_lotion_2_480ml.png\",\"datePublished\":\"2022-07-19T10:13:08+00:00\",\"dateModified\":\"2022-07-19T10:49:59+00:00\",\"breadcrumb\":{\"@id\":\"https:\/\/www.technique-italia.com\/pl\/products\/dzial-techniczny\/wave-hit\/plyn-do-trwalej-ondulacji-do-wlosow-farbowanych-i-poddanych-zabiegom\/#breadcrumb\"},\"inLanguage\":\"pl-PL\",\"potentialAction\":[{\"@type\":\"ReadAction\",\"target\":[\"https:\/\/www.technique-italia.com\/pl\/products\/dzial-techniczny\/wave-hit\/plyn-do-trwalej-ondulacji-do-wlosow-farbowanych-i-poddanych-zabiegom\/\"]}]},{\"@type\":\"ImageObject\",\"inLanguage\":\"pl-PL\",\"@id\":\"https:\/\/www.technique-italia.com\/pl\/products\/dzial-techniczny\/wave-hit\/plyn-do-trwalej-ondulacji-do-wlosow-farbowanych-i-poddanych-zabiegom\/#primaryimage\",\"url\":\"https:\/\/www.technique-italia.com\/wp-content\/uploads\/2022\/06\/01027_technique_waving_lotion_2_480ml.png\",\"contentUrl\":\"https:\/\/www.technique-italia.com\/wp-content\/uploads\/2022\/06\/01027_technique_waving_lotion_2_480ml.png\",\"width\":600,\"height\":600},{\"@type\":\"BreadcrumbList\",\"@id\":\"https:\/\/www.technique-italia.com\/pl\/products\/dzial-techniczny\/wave-hit\/plyn-do-trwalej-ondulacji-do-wlosow-farbowanych-i-poddanych-zabiegom\/#breadcrumb\",\"itemListElement\":[{\"@type\":\"ListItem\",\"position\":1,\"name\":\"Home\",\"item\":\"https:\/\/www.technique-italia.com\/pl\/\"},{\"@type\":\"ListItem\",\"position\":2,\"name\":\"Produkty\",\"item\":\"https:\/\/www.technique-italia.com\/pl\/shop\/\"},{\"@type\":\"ListItem\",\"position\":3,\"name\":\"P\u0142yn do trwa\u0142ej ondulacji do w\u0142os\u00f3w farbowanych i poddanych zabiegom\"}]},{\"@type\":\"WebSite\",\"@id\":\"https:\/\/www.technique-italia.com\/pl\/#website\",\"url\":\"https:\/\/www.technique-italia.com\/pl\/\",\"name\":\"Technique\",\"description\":\"The Italian Concept\",\"potentialAction\":[{\"@type\":\"SearchAction\",\"target\":{\"@type\":\"EntryPoint\",\"urlTemplate\":\"https:\/\/www.technique-italia.com\/pl\/?s={search_term_string}\"},\"query-input\":{\"@type\":\"PropertyValueSpecification\",\"valueRequired\":true,\"valueName\":\"search_term_string\"}}],\"inLanguage\":\"pl-PL\"}]}<\/script>\n<!-- \/ Yoast SEO plugin. -->","yoast_head_json":{"title":"P\u0142yn do trwa\u0142ej ondulacji do w\u0142os\u00f3w farbowanych i poddanych zabiegom","robots":{"index":"index","follow":"follow","max-snippet":"max-snippet:-1","max-image-preview":"max-image-preview:large","max-video-preview":"max-video-preview:-1"},"canonical":"https:\/\/www.technique-italia.com\/pl\/products\/dzial-techniczny\/wave-hit\/plyn-do-trwalej-ondulacji-do-wlosow-farbowanych-i-poddanych-zabiegom\/","og_locale":"pl_PL","og_type":"article","og_title":"P\u0142yn do trwa\u0142ej ondulacji do w\u0142os\u00f3w farbowanych i poddanych zabiegom","og_description":"P\u0142yn do trwa\u0142ej ondulacji opracowany do w\u0142os\u00f3w farbowanych i poddanych zabiegom.\u00a0 Nadaje niespotykan\u0105 dot\u0105d obj\u0119to\u015b\u0107 lub podkre\u015bla skr\u0119t lok\u00f3w, chroni\u0105c przy tym w\u0142\u00f3kna w\u0142osa, dzi\u0119ki formule bez amoniaku i kwasu tioglikolowego.  Do u\u017cytku profesjonalnego  480 ml","og_url":"https:\/\/www.technique-italia.com\/pl\/products\/dzial-techniczny\/wave-hit\/plyn-do-trwalej-ondulacji-do-wlosow-farbowanych-i-poddanych-zabiegom\/","og_site_name":"Technique","article_modified_time":"2022-07-19T10:49:59+00:00","og_image":[{"width":600,"height":600,"url":"https:\/\/www.technique-italia.com\/wp-content\/uploads\/2022\/06\/01027_technique_waving_lotion_2_480ml.png","type":"image\/png"}],"twitter_card":"summary_large_image","schema":{"@context":"https:\/\/schema.org","@graph":[{"@type":"WebPage","@id":"https:\/\/www.technique-italia.com\/pl\/products\/dzial-techniczny\/wave-hit\/plyn-do-trwalej-ondulacji-do-wlosow-farbowanych-i-poddanych-zabiegom\/","url":"https:\/\/www.technique-italia.com\/pl\/products\/dzial-techniczny\/wave-hit\/plyn-do-trwalej-ondulacji-do-wlosow-farbowanych-i-poddanych-zabiegom\/","name":"P\u0142yn do trwa\u0142ej ondulacji do w\u0142os\u00f3w farbowanych i poddanych zabiegom","isPartOf":{"@id":"https:\/\/www.technique-italia.com\/pl\/#website"},"primaryImageOfPage":{"@id":"https:\/\/www.technique-italia.com\/pl\/products\/dzial-techniczny\/wave-hit\/plyn-do-trwalej-ondulacji-do-wlosow-farbowanych-i-poddanych-zabiegom\/#primaryimage"},"image":{"@id":"https:\/\/www.technique-italia.com\/pl\/products\/dzial-techniczny\/wave-hit\/plyn-do-trwalej-ondulacji-do-wlosow-farbowanych-i-poddanych-zabiegom\/#primaryimage"},"thumbnailUrl":"https:\/\/www.technique-italia.com\/wp-content\/uploads\/2022\/06\/01027_technique_waving_lotion_2_480ml.png","datePublished":"2022-07-19T10:13:08+00:00","dateModified":"2022-07-19T10:49:59+00:00","breadcrumb":{"@id":"https:\/\/www.technique-italia.com\/pl\/products\/dzial-techniczny\/wave-hit\/plyn-do-trwalej-ondulacji-do-wlosow-farbowanych-i-poddanych-zabiegom\/#breadcrumb"},"inLanguage":"pl-PL","potentialAction":[{"@type":"ReadAction","target":["https:\/\/www.technique-italia.com\/pl\/products\/dzial-techniczny\/wave-hit\/plyn-do-trwalej-ondulacji-do-wlosow-farbowanych-i-poddanych-zabiegom\/"]}]},{"@type":"ImageObject","inLanguage":"pl-PL","@id":"https:\/\/www.technique-italia.com\/pl\/products\/dzial-techniczny\/wave-hit\/plyn-do-trwalej-ondulacji-do-wlosow-farbowanych-i-poddanych-zabiegom\/#primaryimage","url":"https:\/\/www.technique-italia.com\/wp-content\/uploads\/2022\/06\/01027_technique_waving_lotion_2_480ml.png","contentUrl":"https:\/\/www.technique-italia.com\/wp-content\/uploads\/2022\/06\/01027_technique_waving_lotion_2_480ml.png","width":600,"height":600},{"@type":"BreadcrumbList","@id":"https:\/\/www.technique-italia.com\/pl\/products\/dzial-techniczny\/wave-hit\/plyn-do-trwalej-ondulacji-do-wlosow-farbowanych-i-poddanych-zabiegom\/#breadcrumb","itemListElement":[{"@type":"ListItem","position":1,"name":"Home","item":"https:\/\/www.technique-italia.com\/pl\/"},{"@type":"ListItem","position":2,"name":"Produkty","item":"https:\/\/www.technique-italia.com\/pl\/shop\/"},{"@type":"ListItem","position":3,"name":"P\u0142yn do trwa\u0142ej ondulacji do w\u0142os\u00f3w farbowanych i poddanych zabiegom"}]},{"@type":"WebSite","@id":"https:\/\/www.technique-italia.com\/pl\/#website","url":"https:\/\/www.technique-italia.com\/pl\/","name":"Technique","description":"The Italian Concept","potentialAction":[{"@type":"SearchAction","target":{"@type":"EntryPoint","urlTemplate":"https:\/\/www.technique-italia.com\/pl\/?s={search_term_string}"},"query-input":{"@type":"PropertyValueSpecification","valueRequired":true,"valueName":"search_term_string"}}],"inLanguage":"pl-PL"}]}},"_links":{"self":[{"href":"https:\/\/www.technique-italia.com\/pl\/wp-json\/wp\/v2\/product\/10920","targetHints":{"allow":["GET"]}}],"collection":[{"href":"https:\/\/www.technique-italia.com\/pl\/wp-json\/wp\/v2\/product"}],"about":[{"href":"https:\/\/www.technique-italia.com\/pl\/wp-json\/wp\/v2\/types\/product"}],"wp:featuredmedia":[{"embeddable":true,"href":"https:\/\/www.technique-italia.com\/pl\/wp-json\/wp\/v2\/media\/10867"}],"wp:attachment":[{"href":"https:\/\/www.technique-italia.com\/pl\/wp-json\/wp\/v2\/media?parent=10920"}],"wp:term":[{"taxonomy":"product_brand","embeddable":true,"href":"https:\/\/www.technique-italia.com\/pl\/wp-json\/wp\/v2\/product_brand?post=10920"},{"taxonomy":"product_cat","embeddable":true,"href":"https:\/\/www.technique-italia.com\/pl\/wp-json\/wp\/v2\/product_cat?post=10920"},{"taxonomy":"product_tag","embeddable":true,"href":"https:\/\/www.technique-italia.com\/pl\/wp-json\/wp\/v2\/product_tag?post=10920"}],"curies":[{"name":"wp","href":"https:\/\/api.w.org\/{rel}","templated":true}]}}