{"id":10917,"date":"2022-07-19T12:01:19","date_gmt":"2022-07-19T10:01:20","guid":{"rendered":"https:\/\/www.technique-italia.com\/\/?post_type=product&#038;p=10917"},"modified":"2022-07-19T12:50:11","modified_gmt":"2022-07-19T10:50:11","slug":"plyn-do-trwalej-ondulacji-do-wlosow-naturalnych","status":"publish","type":"product","link":"https:\/\/www.technique-italia.com\/pl\/products\/dzial-techniczny\/wave-hit\/plyn-do-trwalej-ondulacji-do-wlosow-naturalnych\/","title":{"rendered":"P\u0142yn do trwa\u0142ej ondulacji do w\u0142os\u00f3w naturalnych"},"content":{"rendered":"","protected":false},"excerpt":{"rendered":"<p><span style=\"font-weight: 400;\">P\u0142yn do trwa\u0142ej ondulacji do w\u0142os\u00f3w naturalnych <\/span><b>bez amoniaku i kwasu tioglikolowego<\/b><span style=\"font-weight: 400;\"> pozwala uzyska\u0107 mi\u0119kkie i spr\u0119\u017cyste loki o du\u017cej obj\u0119to\u015bci.\u00a0<\/span><br \/>\n<span style=\"font-weight: 400;\">Sk\u0142adniki aktywne zawarte w formule uwalniaj\u0105 <\/span><b>moc od\u017cywcz\u0105<\/b><span style=\"font-weight: 400;\">, zapewniaj\u0105c w\u0142osom d\u0142ugotrwa\u0142e nawil\u017cenie.<\/span><\/p>\n<p><span style=\"font-weight: 400;\">Do u\u017cytku profesjonalnego<\/span><\/p>\n<p><span style=\"font-weight: 400;\">480 ml<\/span><\/p>\n","protected":false},"featured_media":10872,"template":"","meta":[],"product_brand":[],"product_cat":[594,596],"product_tag":[],"class_list":{"0":"post-10917","1":"product","2":"type-product","3":"status-publish","4":"has-post-thumbnail","6":"product_cat-dzial-techniczny","7":"product_cat-wave-hit","8":"description-off","10":"first","11":"instock","12":"shipping-taxable","13":"product-type-simple"},"yoast_head":"<!-- This site is optimized with the Yoast SEO plugin v26.8 - https:\/\/yoast.com\/product\/yoast-seo-wordpress\/ -->\n<title>P\u0142yn do trwa\u0142ej ondulacji do w\u0142os\u00f3w naturalnych<\/title>\n<meta name=\"description\" content=\"P\u0142yn do trwa\u0142ej ondulacji do w\u0142os\u00f3w naturalnych bez amoniaku i kwasu tioglikolowego pozwala uzyska\u0107 mi\u0119kkie i spr\u0119\u017cyste loki o du\u017cej obj\u0119to\u015bci.\u00a0\" \/>\n<meta name=\"robots\" content=\"index, follow, max-snippet:-1, max-image-preview:large, max-video-preview:-1\" \/>\n<link rel=\"canonical\" href=\"https:\/\/www.technique-italia.com\/pl\/products\/dzial-techniczny\/wave-hit\/plyn-do-trwalej-ondulacji-do-wlosow-naturalnych\/\" \/>\n<meta property=\"og:locale\" content=\"pl_PL\" \/>\n<meta property=\"og:type\" content=\"article\" \/>\n<meta property=\"og:title\" content=\"P\u0142yn do trwa\u0142ej ondulacji do w\u0142os\u00f3w naturalnych\" \/>\n<meta property=\"og:description\" content=\"P\u0142yn do trwa\u0142ej ondulacji do w\u0142os\u00f3w naturalnych bez amoniaku i kwasu tioglikolowego pozwala uzyska\u0107 mi\u0119kkie i spr\u0119\u017cyste loki o du\u017cej obj\u0119to\u015bci.\u00a0\" \/>\n<meta property=\"og:url\" content=\"https:\/\/www.technique-italia.com\/pl\/products\/dzial-techniczny\/wave-hit\/plyn-do-trwalej-ondulacji-do-wlosow-naturalnych\/\" \/>\n<meta property=\"og:site_name\" content=\"Technique\" \/>\n<meta property=\"article:modified_time\" content=\"2022-07-19T10:50:11+00:00\" \/>\n<meta property=\"og:image\" content=\"https:\/\/www.technique-italia.com\/wp-content\/uploads\/2022\/06\/01026_technique_waving_lotion_1_480ml.png\" \/>\n\t<meta property=\"og:image:width\" content=\"600\" \/>\n\t<meta property=\"og:image:height\" content=\"600\" \/>\n\t<meta property=\"og:image:type\" content=\"image\/png\" \/>\n<meta name=\"twitter:card\" content=\"summary_large_image\" \/>\n<script type=\"application\/ld+json\" class=\"yoast-schema-graph\">{\"@context\":\"https:\/\/schema.org\",\"@graph\":[{\"@type\":\"WebPage\",\"@id\":\"https:\/\/www.technique-italia.com\/pl\/products\/dzial-techniczny\/wave-hit\/plyn-do-trwalej-ondulacji-do-wlosow-naturalnych\/\",\"url\":\"https:\/\/www.technique-italia.com\/pl\/products\/dzial-techniczny\/wave-hit\/plyn-do-trwalej-ondulacji-do-wlosow-naturalnych\/\",\"name\":\"P\u0142yn do trwa\u0142ej ondulacji do w\u0142os\u00f3w naturalnych\",\"isPartOf\":{\"@id\":\"https:\/\/www.technique-italia.com\/pl\/#website\"},\"primaryImageOfPage\":{\"@id\":\"https:\/\/www.technique-italia.com\/pl\/products\/dzial-techniczny\/wave-hit\/plyn-do-trwalej-ondulacji-do-wlosow-naturalnych\/#primaryimage\"},\"image\":{\"@id\":\"https:\/\/www.technique-italia.com\/pl\/products\/dzial-techniczny\/wave-hit\/plyn-do-trwalej-ondulacji-do-wlosow-naturalnych\/#primaryimage\"},\"thumbnailUrl\":\"https:\/\/www.technique-italia.com\/wp-content\/uploads\/2022\/06\/01026_technique_waving_lotion_1_480ml.png\",\"datePublished\":\"2022-07-19T10:01:20+00:00\",\"dateModified\":\"2022-07-19T10:50:11+00:00\",\"description\":\"P\u0142yn do trwa\u0142ej ondulacji do w\u0142os\u00f3w naturalnych bez amoniaku i kwasu tioglikolowego pozwala uzyska\u0107 mi\u0119kkie i spr\u0119\u017cyste loki o du\u017cej obj\u0119to\u015bci.\u00a0\",\"breadcrumb\":{\"@id\":\"https:\/\/www.technique-italia.com\/pl\/products\/dzial-techniczny\/wave-hit\/plyn-do-trwalej-ondulacji-do-wlosow-naturalnych\/#breadcrumb\"},\"inLanguage\":\"pl-PL\",\"potentialAction\":[{\"@type\":\"ReadAction\",\"target\":[\"https:\/\/www.technique-italia.com\/pl\/products\/dzial-techniczny\/wave-hit\/plyn-do-trwalej-ondulacji-do-wlosow-naturalnych\/\"]}]},{\"@type\":\"ImageObject\",\"inLanguage\":\"pl-PL\",\"@id\":\"https:\/\/www.technique-italia.com\/pl\/products\/dzial-techniczny\/wave-hit\/plyn-do-trwalej-ondulacji-do-wlosow-naturalnych\/#primaryimage\",\"url\":\"https:\/\/www.technique-italia.com\/wp-content\/uploads\/2022\/06\/01026_technique_waving_lotion_1_480ml.png\",\"contentUrl\":\"https:\/\/www.technique-italia.com\/wp-content\/uploads\/2022\/06\/01026_technique_waving_lotion_1_480ml.png\",\"width\":600,\"height\":600},{\"@type\":\"BreadcrumbList\",\"@id\":\"https:\/\/www.technique-italia.com\/pl\/products\/dzial-techniczny\/wave-hit\/plyn-do-trwalej-ondulacji-do-wlosow-naturalnych\/#breadcrumb\",\"itemListElement\":[{\"@type\":\"ListItem\",\"position\":1,\"name\":\"Home\",\"item\":\"https:\/\/www.technique-italia.com\/pl\/\"},{\"@type\":\"ListItem\",\"position\":2,\"name\":\"Produkty\",\"item\":\"https:\/\/www.technique-italia.com\/pl\/shop\/\"},{\"@type\":\"ListItem\",\"position\":3,\"name\":\"P\u0142yn do trwa\u0142ej ondulacji do w\u0142os\u00f3w naturalnych\"}]},{\"@type\":\"WebSite\",\"@id\":\"https:\/\/www.technique-italia.com\/pl\/#website\",\"url\":\"https:\/\/www.technique-italia.com\/pl\/\",\"name\":\"Technique\",\"description\":\"The Italian Concept\",\"potentialAction\":[{\"@type\":\"SearchAction\",\"target\":{\"@type\":\"EntryPoint\",\"urlTemplate\":\"https:\/\/www.technique-italia.com\/pl\/?s={search_term_string}\"},\"query-input\":{\"@type\":\"PropertyValueSpecification\",\"valueRequired\":true,\"valueName\":\"search_term_string\"}}],\"inLanguage\":\"pl-PL\"}]}<\/script>\n<!-- \/ Yoast SEO plugin. -->","yoast_head_json":{"title":"P\u0142yn do trwa\u0142ej ondulacji do w\u0142os\u00f3w naturalnych","description":"P\u0142yn do trwa\u0142ej ondulacji do w\u0142os\u00f3w naturalnych bez amoniaku i kwasu tioglikolowego pozwala uzyska\u0107 mi\u0119kkie i spr\u0119\u017cyste loki o du\u017cej obj\u0119to\u015bci.\u00a0","robots":{"index":"index","follow":"follow","max-snippet":"max-snippet:-1","max-image-preview":"max-image-preview:large","max-video-preview":"max-video-preview:-1"},"canonical":"https:\/\/www.technique-italia.com\/pl\/products\/dzial-techniczny\/wave-hit\/plyn-do-trwalej-ondulacji-do-wlosow-naturalnych\/","og_locale":"pl_PL","og_type":"article","og_title":"P\u0142yn do trwa\u0142ej ondulacji do w\u0142os\u00f3w naturalnych","og_description":"P\u0142yn do trwa\u0142ej ondulacji do w\u0142os\u00f3w naturalnych bez amoniaku i kwasu tioglikolowego pozwala uzyska\u0107 mi\u0119kkie i spr\u0119\u017cyste loki o du\u017cej obj\u0119to\u015bci.\u00a0","og_url":"https:\/\/www.technique-italia.com\/pl\/products\/dzial-techniczny\/wave-hit\/plyn-do-trwalej-ondulacji-do-wlosow-naturalnych\/","og_site_name":"Technique","article_modified_time":"2022-07-19T10:50:11+00:00","og_image":[{"width":600,"height":600,"url":"https:\/\/www.technique-italia.com\/wp-content\/uploads\/2022\/06\/01026_technique_waving_lotion_1_480ml.png","type":"image\/png"}],"twitter_card":"summary_large_image","schema":{"@context":"https:\/\/schema.org","@graph":[{"@type":"WebPage","@id":"https:\/\/www.technique-italia.com\/pl\/products\/dzial-techniczny\/wave-hit\/plyn-do-trwalej-ondulacji-do-wlosow-naturalnych\/","url":"https:\/\/www.technique-italia.com\/pl\/products\/dzial-techniczny\/wave-hit\/plyn-do-trwalej-ondulacji-do-wlosow-naturalnych\/","name":"P\u0142yn do trwa\u0142ej ondulacji do w\u0142os\u00f3w naturalnych","isPartOf":{"@id":"https:\/\/www.technique-italia.com\/pl\/#website"},"primaryImageOfPage":{"@id":"https:\/\/www.technique-italia.com\/pl\/products\/dzial-techniczny\/wave-hit\/plyn-do-trwalej-ondulacji-do-wlosow-naturalnych\/#primaryimage"},"image":{"@id":"https:\/\/www.technique-italia.com\/pl\/products\/dzial-techniczny\/wave-hit\/plyn-do-trwalej-ondulacji-do-wlosow-naturalnych\/#primaryimage"},"thumbnailUrl":"https:\/\/www.technique-italia.com\/wp-content\/uploads\/2022\/06\/01026_technique_waving_lotion_1_480ml.png","datePublished":"2022-07-19T10:01:20+00:00","dateModified":"2022-07-19T10:50:11+00:00","description":"P\u0142yn do trwa\u0142ej ondulacji do w\u0142os\u00f3w naturalnych bez amoniaku i kwasu tioglikolowego pozwala uzyska\u0107 mi\u0119kkie i spr\u0119\u017cyste loki o du\u017cej obj\u0119to\u015bci.\u00a0","breadcrumb":{"@id":"https:\/\/www.technique-italia.com\/pl\/products\/dzial-techniczny\/wave-hit\/plyn-do-trwalej-ondulacji-do-wlosow-naturalnych\/#breadcrumb"},"inLanguage":"pl-PL","potentialAction":[{"@type":"ReadAction","target":["https:\/\/www.technique-italia.com\/pl\/products\/dzial-techniczny\/wave-hit\/plyn-do-trwalej-ondulacji-do-wlosow-naturalnych\/"]}]},{"@type":"ImageObject","inLanguage":"pl-PL","@id":"https:\/\/www.technique-italia.com\/pl\/products\/dzial-techniczny\/wave-hit\/plyn-do-trwalej-ondulacji-do-wlosow-naturalnych\/#primaryimage","url":"https:\/\/www.technique-italia.com\/wp-content\/uploads\/2022\/06\/01026_technique_waving_lotion_1_480ml.png","contentUrl":"https:\/\/www.technique-italia.com\/wp-content\/uploads\/2022\/06\/01026_technique_waving_lotion_1_480ml.png","width":600,"height":600},{"@type":"BreadcrumbList","@id":"https:\/\/www.technique-italia.com\/pl\/products\/dzial-techniczny\/wave-hit\/plyn-do-trwalej-ondulacji-do-wlosow-naturalnych\/#breadcrumb","itemListElement":[{"@type":"ListItem","position":1,"name":"Home","item":"https:\/\/www.technique-italia.com\/pl\/"},{"@type":"ListItem","position":2,"name":"Produkty","item":"https:\/\/www.technique-italia.com\/pl\/shop\/"},{"@type":"ListItem","position":3,"name":"P\u0142yn do trwa\u0142ej ondulacji do w\u0142os\u00f3w naturalnych"}]},{"@type":"WebSite","@id":"https:\/\/www.technique-italia.com\/pl\/#website","url":"https:\/\/www.technique-italia.com\/pl\/","name":"Technique","description":"The Italian Concept","potentialAction":[{"@type":"SearchAction","target":{"@type":"EntryPoint","urlTemplate":"https:\/\/www.technique-italia.com\/pl\/?s={search_term_string}"},"query-input":{"@type":"PropertyValueSpecification","valueRequired":true,"valueName":"search_term_string"}}],"inLanguage":"pl-PL"}]}},"_links":{"self":[{"href":"https:\/\/www.technique-italia.com\/pl\/wp-json\/wp\/v2\/product\/10917","targetHints":{"allow":["GET"]}}],"collection":[{"href":"https:\/\/www.technique-italia.com\/pl\/wp-json\/wp\/v2\/product"}],"about":[{"href":"https:\/\/www.technique-italia.com\/pl\/wp-json\/wp\/v2\/types\/product"}],"wp:featuredmedia":[{"embeddable":true,"href":"https:\/\/www.technique-italia.com\/pl\/wp-json\/wp\/v2\/media\/10872"}],"wp:attachment":[{"href":"https:\/\/www.technique-italia.com\/pl\/wp-json\/wp\/v2\/media?parent=10917"}],"wp:term":[{"taxonomy":"product_brand","embeddable":true,"href":"https:\/\/www.technique-italia.com\/pl\/wp-json\/wp\/v2\/product_brand?post=10917"},{"taxonomy":"product_cat","embeddable":true,"href":"https:\/\/www.technique-italia.com\/pl\/wp-json\/wp\/v2\/product_cat?post=10917"},{"taxonomy":"product_tag","embeddable":true,"href":"https:\/\/www.technique-italia.com\/pl\/wp-json\/wp\/v2\/product_tag?post=10917"}],"curies":[{"name":"wp","href":"https:\/\/api.w.org\/{rel}","templated":true}]}}