{"id":10914,"date":"2022-07-19T11:47:09","date_gmt":"2022-07-19T09:47:09","guid":{"rendered":"https:\/\/www.technique-italia.com\/\/?post_type=product&#038;p=10914"},"modified":"2022-07-19T12:50:21","modified_gmt":"2022-07-19T10:50:21","slug":"neutralizator-kosmetyczny-natychmiastowe-utrwalenie-copia","status":"publish","type":"product","link":"https:\/\/www.technique-italia.com\/pl\/products\/dzial-techniczny\/wave-hit\/neutralizator-kosmetyczny-natychmiastowe-utrwalenie-copia\/","title":{"rendered":"Neutralizator do p\u0142yn\u00f3w do trwa\u0142ej ondulacji"},"content":{"rendered":"","protected":false},"excerpt":{"rendered":"<p><span style=\"font-weight: 400;\">Neutralizator do p\u0142yn\u00f3w do trwa\u0142ej ondulacji umo\u017cliwia <\/span><b>stabilizacj\u0119 ondulacji<\/b><span style=\"font-weight: 400;\">, zapewniaj\u0105c<\/span><b> w\u0142osom ochron\u0119 i nawil\u017cenie.<\/b><br \/>\n<span style=\"font-weight: 400;\">Formu\u0142a bez <\/span><b>amoniaku<\/b><span style=\"font-weight: 400;\"> i <\/span><b>kwasu tioglikolowego <\/b><span style=\"font-weight: 400;\">zosta\u0142a opracowana<\/span> <span style=\"font-weight: 400;\">, aby nada\u0107 obj\u0119to\u015b\u0107 i podkre\u015bli\u0107 <\/span><b>ka\u017cdy rodzaj lok\u00f3w<\/b><span style=\"font-weight: 400;\">, chroni\u0105c przy tym <\/span><b>\u00a0w\u0142\u00f3kna w\u0142osa<\/b><span style=\"font-weight: 400;\">.<\/span><\/p>\n<p><span style=\"font-weight: 400;\">Do u\u017cytku profesjonalnego<\/span><\/p>\n<p><span style=\"font-weight: 400;\">1000 ml<\/span><\/p>\n","protected":false},"featured_media":10862,"template":"","meta":[],"product_brand":[],"product_cat":[594,596],"product_tag":[],"class_list":{"0":"post-10914","1":"product","2":"type-product","3":"status-publish","4":"has-post-thumbnail","6":"product_cat-dzial-techniczny","7":"product_cat-wave-hit","8":"description-off","10":"first","11":"instock","12":"shipping-taxable","13":"product-type-simple"},"yoast_head":"<!-- This site is optimized with the Yoast SEO plugin v26.8 - https:\/\/yoast.com\/product\/yoast-seo-wordpress\/ -->\n<title>Neutralizator do p\u0142yn\u00f3w do trwa\u0142ej ondulacji<\/title>\n<meta name=\"description\" content=\"Neutralizator do p\u0142yn\u00f3w do trwa\u0142ej ondulacji umo\u017cliwia stabilizacj\u0119 ondulacji, zapewniaj\u0105c w\u0142osom ochron\u0119 i nawil\u017cenie.\" \/>\n<meta name=\"robots\" content=\"index, follow, max-snippet:-1, max-image-preview:large, max-video-preview:-1\" \/>\n<link rel=\"canonical\" href=\"https:\/\/www.technique-italia.com\/pl\/products\/dzial-techniczny\/wave-hit\/neutralizator-kosmetyczny-natychmiastowe-utrwalenie-copia\/\" \/>\n<meta property=\"og:locale\" content=\"pl_PL\" \/>\n<meta property=\"og:type\" content=\"article\" \/>\n<meta property=\"og:title\" content=\"Neutralizator do p\u0142yn\u00f3w do trwa\u0142ej ondulacji\" \/>\n<meta property=\"og:description\" content=\"Neutralizator do p\u0142yn\u00f3w do trwa\u0142ej ondulacji umo\u017cliwia stabilizacj\u0119 ondulacji, zapewniaj\u0105c w\u0142osom ochron\u0119 i nawil\u017cenie.\" \/>\n<meta property=\"og:url\" content=\"https:\/\/www.technique-italia.com\/pl\/products\/dzial-techniczny\/wave-hit\/neutralizator-kosmetyczny-natychmiastowe-utrwalenie-copia\/\" \/>\n<meta property=\"og:site_name\" content=\"Technique\" \/>\n<meta property=\"article:modified_time\" content=\"2022-07-19T10:50:21+00:00\" \/>\n<meta property=\"og:image\" content=\"https:\/\/www.technique-italia.com\/wp-content\/uploads\/2022\/06\/01025_technique_neutralizer_1000ml.png\" \/>\n\t<meta property=\"og:image:width\" content=\"600\" \/>\n\t<meta property=\"og:image:height\" content=\"600\" \/>\n\t<meta property=\"og:image:type\" content=\"image\/png\" \/>\n<meta name=\"twitter:card\" content=\"summary_large_image\" \/>\n<script type=\"application\/ld+json\" class=\"yoast-schema-graph\">{\"@context\":\"https:\/\/schema.org\",\"@graph\":[{\"@type\":\"WebPage\",\"@id\":\"https:\/\/www.technique-italia.com\/pl\/products\/dzial-techniczny\/wave-hit\/neutralizator-kosmetyczny-natychmiastowe-utrwalenie-copia\/\",\"url\":\"https:\/\/www.technique-italia.com\/pl\/products\/dzial-techniczny\/wave-hit\/neutralizator-kosmetyczny-natychmiastowe-utrwalenie-copia\/\",\"name\":\"Neutralizator do p\u0142yn\u00f3w do trwa\u0142ej ondulacji\",\"isPartOf\":{\"@id\":\"https:\/\/www.technique-italia.com\/pl\/#website\"},\"primaryImageOfPage\":{\"@id\":\"https:\/\/www.technique-italia.com\/pl\/products\/dzial-techniczny\/wave-hit\/neutralizator-kosmetyczny-natychmiastowe-utrwalenie-copia\/#primaryimage\"},\"image\":{\"@id\":\"https:\/\/www.technique-italia.com\/pl\/products\/dzial-techniczny\/wave-hit\/neutralizator-kosmetyczny-natychmiastowe-utrwalenie-copia\/#primaryimage\"},\"thumbnailUrl\":\"https:\/\/www.technique-italia.com\/wp-content\/uploads\/2022\/06\/01025_technique_neutralizer_1000ml.png\",\"datePublished\":\"2022-07-19T09:47:09+00:00\",\"dateModified\":\"2022-07-19T10:50:21+00:00\",\"description\":\"Neutralizator do p\u0142yn\u00f3w do trwa\u0142ej ondulacji umo\u017cliwia stabilizacj\u0119 ondulacji, zapewniaj\u0105c w\u0142osom ochron\u0119 i nawil\u017cenie.\",\"breadcrumb\":{\"@id\":\"https:\/\/www.technique-italia.com\/pl\/products\/dzial-techniczny\/wave-hit\/neutralizator-kosmetyczny-natychmiastowe-utrwalenie-copia\/#breadcrumb\"},\"inLanguage\":\"pl-PL\",\"potentialAction\":[{\"@type\":\"ReadAction\",\"target\":[\"https:\/\/www.technique-italia.com\/pl\/products\/dzial-techniczny\/wave-hit\/neutralizator-kosmetyczny-natychmiastowe-utrwalenie-copia\/\"]}]},{\"@type\":\"ImageObject\",\"inLanguage\":\"pl-PL\",\"@id\":\"https:\/\/www.technique-italia.com\/pl\/products\/dzial-techniczny\/wave-hit\/neutralizator-kosmetyczny-natychmiastowe-utrwalenie-copia\/#primaryimage\",\"url\":\"https:\/\/www.technique-italia.com\/wp-content\/uploads\/2022\/06\/01025_technique_neutralizer_1000ml.png\",\"contentUrl\":\"https:\/\/www.technique-italia.com\/wp-content\/uploads\/2022\/06\/01025_technique_neutralizer_1000ml.png\",\"width\":600,\"height\":600},{\"@type\":\"BreadcrumbList\",\"@id\":\"https:\/\/www.technique-italia.com\/pl\/products\/dzial-techniczny\/wave-hit\/neutralizator-kosmetyczny-natychmiastowe-utrwalenie-copia\/#breadcrumb\",\"itemListElement\":[{\"@type\":\"ListItem\",\"position\":1,\"name\":\"Home\",\"item\":\"https:\/\/www.technique-italia.com\/pl\/\"},{\"@type\":\"ListItem\",\"position\":2,\"name\":\"Produkty\",\"item\":\"https:\/\/www.technique-italia.com\/pl\/shop\/\"},{\"@type\":\"ListItem\",\"position\":3,\"name\":\"Neutralizator do p\u0142yn\u00f3w do trwa\u0142ej ondulacji\"}]},{\"@type\":\"WebSite\",\"@id\":\"https:\/\/www.technique-italia.com\/pl\/#website\",\"url\":\"https:\/\/www.technique-italia.com\/pl\/\",\"name\":\"Technique\",\"description\":\"The Italian Concept\",\"potentialAction\":[{\"@type\":\"SearchAction\",\"target\":{\"@type\":\"EntryPoint\",\"urlTemplate\":\"https:\/\/www.technique-italia.com\/pl\/?s={search_term_string}\"},\"query-input\":{\"@type\":\"PropertyValueSpecification\",\"valueRequired\":true,\"valueName\":\"search_term_string\"}}],\"inLanguage\":\"pl-PL\"}]}<\/script>\n<!-- \/ Yoast SEO plugin. -->","yoast_head_json":{"title":"Neutralizator do p\u0142yn\u00f3w do trwa\u0142ej ondulacji","description":"Neutralizator do p\u0142yn\u00f3w do trwa\u0142ej ondulacji umo\u017cliwia stabilizacj\u0119 ondulacji, zapewniaj\u0105c w\u0142osom ochron\u0119 i nawil\u017cenie.","robots":{"index":"index","follow":"follow","max-snippet":"max-snippet:-1","max-image-preview":"max-image-preview:large","max-video-preview":"max-video-preview:-1"},"canonical":"https:\/\/www.technique-italia.com\/pl\/products\/dzial-techniczny\/wave-hit\/neutralizator-kosmetyczny-natychmiastowe-utrwalenie-copia\/","og_locale":"pl_PL","og_type":"article","og_title":"Neutralizator do p\u0142yn\u00f3w do trwa\u0142ej ondulacji","og_description":"Neutralizator do p\u0142yn\u00f3w do trwa\u0142ej ondulacji umo\u017cliwia stabilizacj\u0119 ondulacji, zapewniaj\u0105c w\u0142osom ochron\u0119 i nawil\u017cenie.","og_url":"https:\/\/www.technique-italia.com\/pl\/products\/dzial-techniczny\/wave-hit\/neutralizator-kosmetyczny-natychmiastowe-utrwalenie-copia\/","og_site_name":"Technique","article_modified_time":"2022-07-19T10:50:21+00:00","og_image":[{"width":600,"height":600,"url":"https:\/\/www.technique-italia.com\/wp-content\/uploads\/2022\/06\/01025_technique_neutralizer_1000ml.png","type":"image\/png"}],"twitter_card":"summary_large_image","schema":{"@context":"https:\/\/schema.org","@graph":[{"@type":"WebPage","@id":"https:\/\/www.technique-italia.com\/pl\/products\/dzial-techniczny\/wave-hit\/neutralizator-kosmetyczny-natychmiastowe-utrwalenie-copia\/","url":"https:\/\/www.technique-italia.com\/pl\/products\/dzial-techniczny\/wave-hit\/neutralizator-kosmetyczny-natychmiastowe-utrwalenie-copia\/","name":"Neutralizator do p\u0142yn\u00f3w do trwa\u0142ej ondulacji","isPartOf":{"@id":"https:\/\/www.technique-italia.com\/pl\/#website"},"primaryImageOfPage":{"@id":"https:\/\/www.technique-italia.com\/pl\/products\/dzial-techniczny\/wave-hit\/neutralizator-kosmetyczny-natychmiastowe-utrwalenie-copia\/#primaryimage"},"image":{"@id":"https:\/\/www.technique-italia.com\/pl\/products\/dzial-techniczny\/wave-hit\/neutralizator-kosmetyczny-natychmiastowe-utrwalenie-copia\/#primaryimage"},"thumbnailUrl":"https:\/\/www.technique-italia.com\/wp-content\/uploads\/2022\/06\/01025_technique_neutralizer_1000ml.png","datePublished":"2022-07-19T09:47:09+00:00","dateModified":"2022-07-19T10:50:21+00:00","description":"Neutralizator do p\u0142yn\u00f3w do trwa\u0142ej ondulacji umo\u017cliwia stabilizacj\u0119 ondulacji, zapewniaj\u0105c w\u0142osom ochron\u0119 i nawil\u017cenie.","breadcrumb":{"@id":"https:\/\/www.technique-italia.com\/pl\/products\/dzial-techniczny\/wave-hit\/neutralizator-kosmetyczny-natychmiastowe-utrwalenie-copia\/#breadcrumb"},"inLanguage":"pl-PL","potentialAction":[{"@type":"ReadAction","target":["https:\/\/www.technique-italia.com\/pl\/products\/dzial-techniczny\/wave-hit\/neutralizator-kosmetyczny-natychmiastowe-utrwalenie-copia\/"]}]},{"@type":"ImageObject","inLanguage":"pl-PL","@id":"https:\/\/www.technique-italia.com\/pl\/products\/dzial-techniczny\/wave-hit\/neutralizator-kosmetyczny-natychmiastowe-utrwalenie-copia\/#primaryimage","url":"https:\/\/www.technique-italia.com\/wp-content\/uploads\/2022\/06\/01025_technique_neutralizer_1000ml.png","contentUrl":"https:\/\/www.technique-italia.com\/wp-content\/uploads\/2022\/06\/01025_technique_neutralizer_1000ml.png","width":600,"height":600},{"@type":"BreadcrumbList","@id":"https:\/\/www.technique-italia.com\/pl\/products\/dzial-techniczny\/wave-hit\/neutralizator-kosmetyczny-natychmiastowe-utrwalenie-copia\/#breadcrumb","itemListElement":[{"@type":"ListItem","position":1,"name":"Home","item":"https:\/\/www.technique-italia.com\/pl\/"},{"@type":"ListItem","position":2,"name":"Produkty","item":"https:\/\/www.technique-italia.com\/pl\/shop\/"},{"@type":"ListItem","position":3,"name":"Neutralizator do p\u0142yn\u00f3w do trwa\u0142ej ondulacji"}]},{"@type":"WebSite","@id":"https:\/\/www.technique-italia.com\/pl\/#website","url":"https:\/\/www.technique-italia.com\/pl\/","name":"Technique","description":"The Italian Concept","potentialAction":[{"@type":"SearchAction","target":{"@type":"EntryPoint","urlTemplate":"https:\/\/www.technique-italia.com\/pl\/?s={search_term_string}"},"query-input":{"@type":"PropertyValueSpecification","valueRequired":true,"valueName":"search_term_string"}}],"inLanguage":"pl-PL"}]}},"_links":{"self":[{"href":"https:\/\/www.technique-italia.com\/pl\/wp-json\/wp\/v2\/product\/10914","targetHints":{"allow":["GET"]}}],"collection":[{"href":"https:\/\/www.technique-italia.com\/pl\/wp-json\/wp\/v2\/product"}],"about":[{"href":"https:\/\/www.technique-italia.com\/pl\/wp-json\/wp\/v2\/types\/product"}],"wp:featuredmedia":[{"embeddable":true,"href":"https:\/\/www.technique-italia.com\/pl\/wp-json\/wp\/v2\/media\/10862"}],"wp:attachment":[{"href":"https:\/\/www.technique-italia.com\/pl\/wp-json\/wp\/v2\/media?parent=10914"}],"wp:term":[{"taxonomy":"product_brand","embeddable":true,"href":"https:\/\/www.technique-italia.com\/pl\/wp-json\/wp\/v2\/product_brand?post=10914"},{"taxonomy":"product_cat","embeddable":true,"href":"https:\/\/www.technique-italia.com\/pl\/wp-json\/wp\/v2\/product_cat?post=10914"},{"taxonomy":"product_tag","embeddable":true,"href":"https:\/\/www.technique-italia.com\/pl\/wp-json\/wp\/v2\/product_tag?post=10914"}],"curies":[{"name":"wp","href":"https:\/\/api.w.org\/{rel}","templated":true}]}}