{"id":7463,"date":"2021-11-02T12:30:14","date_gmt":"2021-11-02T11:30:14","guid":{"rendered":"https:\/\/www.technique-italia.com\/\/thank-you-page\/"},"modified":"2021-11-02T12:32:05","modified_gmt":"2021-11-02T11:32:05","slug":"thank-you-page","status":"publish","type":"page","link":"https:\/\/www.technique-italia.com\/pl\/thank-you-page\/","title":{"rendered":"Thank you page"},"content":{"rendered":"<div class=\"wpb-content-wrapper\"><p>[vc_row][vc_column][vc_empty_space][vc_column_text]<\/p>\n<h1><span style=\"font-weight: 400;\">DZI\u0118KUJEMY ZA KONTAKT!<\/span><\/h1>\n<p><span style=\"font-weight: 400;\">Otrzymali\u015bmy Twoj\u0105 wiadomo\u015b\u0107. Nasz konsultant skontaktuje si\u0119 z Tob\u0105 tak szybko, jak to mo\u017cliwe. Je\u015bli chcesz porozmawia\u0107 z naszym dzia\u0142em obs\u0142ugi klient\u00f3w, mo\u017cesz zadzwoni\u0107 na bezp\u0142atny numer <\/span><b>800-273-708<\/b><span style=\"font-weight: 400;\"> lub skontaktowa\u0107 si\u0119 z nami za po\u015brednictwem naszej <\/span><b>strony na Facebooku<\/b><span style=\"font-weight: 400;\">.<\/span>[\/vc_column_text][vc_single_image image=&#8221;7325&#8243; img_size=&#8221;40X40&#8243; onclick=&#8221;custom_link&#8221; img_link_target=&#8221;_blank&#8221; link=&#8221;https:%2F%2Fwww.facebook.com%2FTechniqueOfficial%2F|&#8221; title=&#8221;Strony na Facebooku&#8221;][vc_separator][\/vc_column][\/vc_row]<\/p>\n<\/div>","protected":false},"excerpt":{"rendered":"<p>[vc_row][vc_column][vc_empty_space][vc_column_text] DZI\u0118KUJEMY ZA KONTAKT! Otrzymali\u015bmy Twoj\u0105 wiadomo\u015b\u0107. Nasz konsultant skontaktuje si\u0119 z Tob\u0105 tak szybko, jak to mo\u017cliwe. Je\u015bli chcesz porozmawia\u0107 z naszym dzia\u0142em obs\u0142ugi klient\u00f3w, mo\u017cesz zadzwoni\u0107 na bezp\u0142atny numer 800-273-708 lub skontaktowa\u0107 si\u0119 z nami za po\u015brednictwem naszej strony na Facebooku.[\/vc_column_text][vc_single_image image=&#8221;7325&#8243; img_size=&#8221;40X40&#8243; onclick=&#8221;custom_link&#8221; img_link_target=&#8221;_blank&#8221; link=&#8221;https:%2F%2Fwww.facebook.com%2FTechniqueOfficial%2F|&#8221; title=&#8221;Strony na Facebooku&#8221;][vc_separator][\/vc_column][\/vc_row]<\/p>\n","protected":false},"author":1,"featured_media":0,"parent":0,"menu_order":0,"comment_status":"closed","ping_status":"closed","template":"","meta":{"footnotes":""},"class_list":["post-7463","page","type-page","status-publish","hentry","description-off"],"yoast_head":"<!-- This site is optimized with the Yoast SEO plugin v26.8 - https:\/\/yoast.com\/product\/yoast-seo-wordpress\/ -->\n<title>Thank you page - Technique<\/title>\n<meta name=\"robots\" content=\"noindex, nofollow\" \/>\n<meta property=\"og:locale\" content=\"pl_PL\" \/>\n<meta property=\"og:type\" content=\"article\" \/>\n<meta property=\"og:title\" content=\"Thank you page - Technique\" \/>\n<meta property=\"og:description\" content=\"[vc_row][vc_column][vc_empty_space][vc_column_text] DZI\u0118KUJEMY ZA KONTAKT! Otrzymali\u015bmy Twoj\u0105 wiadomo\u015b\u0107. Nasz konsultant skontaktuje si\u0119 z Tob\u0105 tak szybko, jak to mo\u017cliwe. Je\u015bli chcesz porozmawia\u0107 z naszym dzia\u0142em obs\u0142ugi klient\u00f3w, mo\u017cesz zadzwoni\u0107 na bezp\u0142atny numer 800-273-708 lub skontaktowa\u0107 si\u0119 z nami za po\u015brednictwem naszej strony na Facebooku.[\/vc_column_text][vc_single_image image=&#8221;7325&#8243; img_size=&#8221;40X40&#8243; onclick=&#8221;custom_link&#8221; img_link_target=&#8221;_blank&#8221; link=&#8221;https:%2F%2Fwww.facebook.com%2FTechniqueOfficial%2F|&#8221; title=&#8221;Strony na Facebooku&#8221;][vc_separator][\/vc_column][\/vc_row]\" \/>\n<meta property=\"og:url\" content=\"https:\/\/www.technique-italia.com\/pl\/thank-you-page\/\" \/>\n<meta property=\"og:site_name\" content=\"Technique\" \/>\n<meta property=\"article:modified_time\" content=\"2021-11-02T11:32:05+00:00\" \/>\n<meta name=\"twitter:card\" content=\"summary_large_image\" \/>\n<script type=\"application\/ld+json\" class=\"yoast-schema-graph\">{\"@context\":\"https:\/\/schema.org\",\"@graph\":[{\"@type\":\"WebPage\",\"@id\":\"https:\/\/www.technique-italia.com\/pl\/thank-you-page\/\",\"url\":\"https:\/\/www.technique-italia.com\/pl\/thank-you-page\/\",\"name\":\"Thank you page - Technique\",\"isPartOf\":{\"@id\":\"https:\/\/www.technique-italia.com\/pl\/#website\"},\"datePublished\":\"2021-11-02T11:30:14+00:00\",\"dateModified\":\"2021-11-02T11:32:05+00:00\",\"breadcrumb\":{\"@id\":\"https:\/\/www.technique-italia.com\/pl\/thank-you-page\/#breadcrumb\"},\"inLanguage\":\"pl-PL\",\"potentialAction\":[{\"@type\":\"ReadAction\",\"target\":[\"https:\/\/www.technique-italia.com\/pl\/thank-you-page\/\"]}]},{\"@type\":\"BreadcrumbList\",\"@id\":\"https:\/\/www.technique-italia.com\/pl\/thank-you-page\/#breadcrumb\",\"itemListElement\":[{\"@type\":\"ListItem\",\"position\":1,\"name\":\"Home\",\"item\":\"https:\/\/www.technique-italia.com\/pl\/\"},{\"@type\":\"ListItem\",\"position\":2,\"name\":\"Thank you page\"}]},{\"@type\":\"WebSite\",\"@id\":\"https:\/\/www.technique-italia.com\/pl\/#website\",\"url\":\"https:\/\/www.technique-italia.com\/pl\/\",\"name\":\"Technique\",\"description\":\"The Italian Concept\",\"potentialAction\":[{\"@type\":\"SearchAction\",\"target\":{\"@type\":\"EntryPoint\",\"urlTemplate\":\"https:\/\/www.technique-italia.com\/pl\/?s={search_term_string}\"},\"query-input\":{\"@type\":\"PropertyValueSpecification\",\"valueRequired\":true,\"valueName\":\"search_term_string\"}}],\"inLanguage\":\"pl-PL\"}]}<\/script>\n<!-- \/ Yoast SEO plugin. -->","yoast_head_json":{"title":"Thank you page - Technique","robots":{"index":"noindex","follow":"nofollow"},"og_locale":"pl_PL","og_type":"article","og_title":"Thank you page - Technique","og_description":"[vc_row][vc_column][vc_empty_space][vc_column_text] DZI\u0118KUJEMY ZA KONTAKT! Otrzymali\u015bmy Twoj\u0105 wiadomo\u015b\u0107. Nasz konsultant skontaktuje si\u0119 z Tob\u0105 tak szybko, jak to mo\u017cliwe. Je\u015bli chcesz porozmawia\u0107 z naszym dzia\u0142em obs\u0142ugi klient\u00f3w, mo\u017cesz zadzwoni\u0107 na bezp\u0142atny numer 800-273-708 lub skontaktowa\u0107 si\u0119 z nami za po\u015brednictwem naszej strony na Facebooku.[\/vc_column_text][vc_single_image image=&#8221;7325&#8243; img_size=&#8221;40X40&#8243; onclick=&#8221;custom_link&#8221; img_link_target=&#8221;_blank&#8221; link=&#8221;https:%2F%2Fwww.facebook.com%2FTechniqueOfficial%2F|&#8221; title=&#8221;Strony na Facebooku&#8221;][vc_separator][\/vc_column][\/vc_row]","og_url":"https:\/\/www.technique-italia.com\/pl\/thank-you-page\/","og_site_name":"Technique","article_modified_time":"2021-11-02T11:32:05+00:00","twitter_card":"summary_large_image","schema":{"@context":"https:\/\/schema.org","@graph":[{"@type":"WebPage","@id":"https:\/\/www.technique-italia.com\/pl\/thank-you-page\/","url":"https:\/\/www.technique-italia.com\/pl\/thank-you-page\/","name":"Thank you page - Technique","isPartOf":{"@id":"https:\/\/www.technique-italia.com\/pl\/#website"},"datePublished":"2021-11-02T11:30:14+00:00","dateModified":"2021-11-02T11:32:05+00:00","breadcrumb":{"@id":"https:\/\/www.technique-italia.com\/pl\/thank-you-page\/#breadcrumb"},"inLanguage":"pl-PL","potentialAction":[{"@type":"ReadAction","target":["https:\/\/www.technique-italia.com\/pl\/thank-you-page\/"]}]},{"@type":"BreadcrumbList","@id":"https:\/\/www.technique-italia.com\/pl\/thank-you-page\/#breadcrumb","itemListElement":[{"@type":"ListItem","position":1,"name":"Home","item":"https:\/\/www.technique-italia.com\/pl\/"},{"@type":"ListItem","position":2,"name":"Thank you page"}]},{"@type":"WebSite","@id":"https:\/\/www.technique-italia.com\/pl\/#website","url":"https:\/\/www.technique-italia.com\/pl\/","name":"Technique","description":"The Italian Concept","potentialAction":[{"@type":"SearchAction","target":{"@type":"EntryPoint","urlTemplate":"https:\/\/www.technique-italia.com\/pl\/?s={search_term_string}"},"query-input":{"@type":"PropertyValueSpecification","valueRequired":true,"valueName":"search_term_string"}}],"inLanguage":"pl-PL"}]}},"_links":{"self":[{"href":"https:\/\/www.technique-italia.com\/pl\/wp-json\/wp\/v2\/pages\/7463","targetHints":{"allow":["GET"]}}],"collection":[{"href":"https:\/\/www.technique-italia.com\/pl\/wp-json\/wp\/v2\/pages"}],"about":[{"href":"https:\/\/www.technique-italia.com\/pl\/wp-json\/wp\/v2\/types\/page"}],"author":[{"embeddable":true,"href":"https:\/\/www.technique-italia.com\/pl\/wp-json\/wp\/v2\/users\/1"}],"replies":[{"embeddable":true,"href":"https:\/\/www.technique-italia.com\/pl\/wp-json\/wp\/v2\/comments?post=7463"}],"version-history":[{"count":0,"href":"https:\/\/www.technique-italia.com\/pl\/wp-json\/wp\/v2\/pages\/7463\/revisions"}],"wp:attachment":[{"href":"https:\/\/www.technique-italia.com\/pl\/wp-json\/wp\/v2\/media?parent=7463"}],"curies":[{"name":"wp","href":"https:\/\/api.w.org\/{rel}","templated":true}]}}