{"id":17991,"date":"2025-11-12T10:42:04","date_gmt":"2025-11-12T09:42:04","guid":{"rendered":"https:\/\/www.technique-italia.com\/\/?post_type=product&#038;p=17991"},"modified":"2025-11-12T10:42:04","modified_gmt":"2025-11-12T09:42:04","slug":"primia-detox-preparador-del-cuero-cabelludo-pre-champu","status":"publish","type":"product","link":"https:\/\/www.technique-italia.com\/es\/products\/tratamientos\/alkemy-reactive-es\/primia-detox-preparador-del-cuero-cabelludo-pre-champu\/","title":{"rendered":"Primia Detox \u2013 Preparador del cuero cabelludo pre-champ\u00fa"},"content":{"rendered":"","protected":false},"excerpt":{"rendered":"<p><span style=\"font-weight: 400;\"><strong>Primia Detox<\/strong> es el pre-champ\u00fa tricologico de Technique para una detoxificaci\u00f3n dirigida del cuero cabelludo, el gesto profesional que prepara el cabello de la mejor manera.<\/span><\/p>\n<p><span style=\"font-weight: 400;\">150 ml<\/span><\/p>\n","protected":false},"featured_media":17987,"template":"","meta":[],"product_brand":[],"product_cat":[2324,2332,1043,1044,1045,1042,1046,1047,1049,1041],"product_tag":[],"class_list":{"0":"post-17991","1":"product","2":"type-product","3":"status-publish","4":"has-post-thumbnail","6":"product_cat-alkemy-amplify-es","7":"product_cat-alkemy-care-es","8":"product_cat-alkemy-color-es","9":"product_cat-alkemy-curl-es","10":"product_cat-alkemy-nutro-es","11":"product_cat-alkemy-reactive-es","12":"product_cat-alkemy-silver-es","13":"product_cat-alkemy-sleek-es","14":"product_cat-mirylia-es","15":"product_cat-tratamientos","16":"description-off","18":"first","19":"instock","20":"shipping-taxable","21":"product-type-simple"},"yoast_head":"<!-- This site is optimized with the Yoast SEO plugin v26.8 - https:\/\/yoast.com\/product\/yoast-seo-wordpress\/ -->\n<title>Primia Detox \u2013 Preparador del cuero cabelludo pre-champ\u00fa - Technique<\/title>\n<meta name=\"description\" content=\"Primia Detox es el pre-champ\u00fa tricologico de Technique para una detoxificaci\u00f3n dirigida del cuero cabelludo, el gesto profesional que prepara el cabello de la mejor manera.\" \/>\n<meta name=\"robots\" content=\"index, follow, max-snippet:-1, max-image-preview:large, max-video-preview:-1\" \/>\n<link rel=\"canonical\" href=\"https:\/\/www.technique-italia.com\/es\/products\/tratamientos\/alkemy-reactive-es\/primia-detox-preparador-del-cuero-cabelludo-pre-champu\/\" \/>\n<meta property=\"og:locale\" content=\"es_ES\" \/>\n<meta property=\"og:type\" content=\"article\" \/>\n<meta property=\"og:title\" content=\"Primia Detox \u2013 Preparador del cuero cabelludo pre-champ\u00fa - Technique\" \/>\n<meta property=\"og:description\" content=\"Primia Detox es el pre-champ\u00fa tricologico de Technique para una detoxificaci\u00f3n dirigida del cuero cabelludo, el gesto profesional que prepara el cabello de la mejor manera.\" \/>\n<meta property=\"og:url\" content=\"https:\/\/www.technique-italia.com\/es\/products\/tratamientos\/alkemy-reactive-es\/primia-detox-preparador-del-cuero-cabelludo-pre-champu\/\" \/>\n<meta property=\"og:site_name\" content=\"Technique\" \/>\n<meta property=\"og:image\" content=\"https:\/\/www.technique-italia.com\/wp-content\/uploads\/2025\/11\/primia-detox.png\" \/>\n\t<meta property=\"og:image:width\" content=\"800\" \/>\n\t<meta property=\"og:image:height\" content=\"800\" \/>\n\t<meta property=\"og:image:type\" content=\"image\/png\" \/>\n<meta name=\"twitter:card\" content=\"summary_large_image\" \/>\n<script type=\"application\/ld+json\" class=\"yoast-schema-graph\">{\"@context\":\"https:\/\/schema.org\",\"@graph\":[{\"@type\":\"WebPage\",\"@id\":\"https:\/\/www.technique-italia.com\/es\/products\/tratamientos\/alkemy-reactive-es\/primia-detox-preparador-del-cuero-cabelludo-pre-champu\/\",\"url\":\"https:\/\/www.technique-italia.com\/es\/products\/tratamientos\/alkemy-reactive-es\/primia-detox-preparador-del-cuero-cabelludo-pre-champu\/\",\"name\":\"Primia Detox \u2013 Preparador del cuero cabelludo pre-champ\u00fa - Technique\",\"isPartOf\":{\"@id\":\"https:\/\/www.technique-italia.com\/es\/#website\"},\"primaryImageOfPage\":{\"@id\":\"https:\/\/www.technique-italia.com\/es\/products\/tratamientos\/alkemy-reactive-es\/primia-detox-preparador-del-cuero-cabelludo-pre-champu\/#primaryimage\"},\"image\":{\"@id\":\"https:\/\/www.technique-italia.com\/es\/products\/tratamientos\/alkemy-reactive-es\/primia-detox-preparador-del-cuero-cabelludo-pre-champu\/#primaryimage\"},\"thumbnailUrl\":\"https:\/\/www.technique-italia.com\/wp-content\/uploads\/2025\/11\/primia-detox.png\",\"datePublished\":\"2025-11-12T09:42:04+00:00\",\"description\":\"Primia Detox es el pre-champ\u00fa tricologico de Technique para una detoxificaci\u00f3n dirigida del cuero cabelludo, el gesto profesional que prepara el cabello de la mejor manera.\",\"breadcrumb\":{\"@id\":\"https:\/\/www.technique-italia.com\/es\/products\/tratamientos\/alkemy-reactive-es\/primia-detox-preparador-del-cuero-cabelludo-pre-champu\/#breadcrumb\"},\"inLanguage\":\"es\",\"potentialAction\":[{\"@type\":\"ReadAction\",\"target\":[\"https:\/\/www.technique-italia.com\/es\/products\/tratamientos\/alkemy-reactive-es\/primia-detox-preparador-del-cuero-cabelludo-pre-champu\/\"]}]},{\"@type\":\"ImageObject\",\"inLanguage\":\"es\",\"@id\":\"https:\/\/www.technique-italia.com\/es\/products\/tratamientos\/alkemy-reactive-es\/primia-detox-preparador-del-cuero-cabelludo-pre-champu\/#primaryimage\",\"url\":\"https:\/\/www.technique-italia.com\/wp-content\/uploads\/2025\/11\/primia-detox.png\",\"contentUrl\":\"https:\/\/www.technique-italia.com\/wp-content\/uploads\/2025\/11\/primia-detox.png\",\"width\":800,\"height\":800},{\"@type\":\"BreadcrumbList\",\"@id\":\"https:\/\/www.technique-italia.com\/es\/products\/tratamientos\/alkemy-reactive-es\/primia-detox-preparador-del-cuero-cabelludo-pre-champu\/#breadcrumb\",\"itemListElement\":[{\"@type\":\"ListItem\",\"position\":1,\"name\":\"Home\",\"item\":\"https:\/\/www.technique-italia.com\/es\/\"},{\"@type\":\"ListItem\",\"position\":2,\"name\":\"Productos\",\"item\":\"https:\/\/www.technique-italia.com\/es\/shop\/\"},{\"@type\":\"ListItem\",\"position\":3,\"name\":\"Primia Detox \u2013 Preparador del cuero cabelludo pre-champ\u00fa\"}]},{\"@type\":\"WebSite\",\"@id\":\"https:\/\/www.technique-italia.com\/es\/#website\",\"url\":\"https:\/\/www.technique-italia.com\/es\/\",\"name\":\"Technique\",\"description\":\"The Italian Concept\",\"potentialAction\":[{\"@type\":\"SearchAction\",\"target\":{\"@type\":\"EntryPoint\",\"urlTemplate\":\"https:\/\/www.technique-italia.com\/es\/?s={search_term_string}\"},\"query-input\":{\"@type\":\"PropertyValueSpecification\",\"valueRequired\":true,\"valueName\":\"search_term_string\"}}],\"inLanguage\":\"es\"}]}<\/script>\n<!-- \/ Yoast SEO plugin. -->","yoast_head_json":{"title":"Primia Detox \u2013 Preparador del cuero cabelludo pre-champ\u00fa - Technique","description":"Primia Detox es el pre-champ\u00fa tricologico de Technique para una detoxificaci\u00f3n dirigida del cuero cabelludo, el gesto profesional que prepara el cabello de la mejor manera.","robots":{"index":"index","follow":"follow","max-snippet":"max-snippet:-1","max-image-preview":"max-image-preview:large","max-video-preview":"max-video-preview:-1"},"canonical":"https:\/\/www.technique-italia.com\/es\/products\/tratamientos\/alkemy-reactive-es\/primia-detox-preparador-del-cuero-cabelludo-pre-champu\/","og_locale":"es_ES","og_type":"article","og_title":"Primia Detox \u2013 Preparador del cuero cabelludo pre-champ\u00fa - Technique","og_description":"Primia Detox es el pre-champ\u00fa tricologico de Technique para una detoxificaci\u00f3n dirigida del cuero cabelludo, el gesto profesional que prepara el cabello de la mejor manera.","og_url":"https:\/\/www.technique-italia.com\/es\/products\/tratamientos\/alkemy-reactive-es\/primia-detox-preparador-del-cuero-cabelludo-pre-champu\/","og_site_name":"Technique","og_image":[{"width":800,"height":800,"url":"https:\/\/www.technique-italia.com\/wp-content\/uploads\/2025\/11\/primia-detox.png","type":"image\/png"}],"twitter_card":"summary_large_image","schema":{"@context":"https:\/\/schema.org","@graph":[{"@type":"WebPage","@id":"https:\/\/www.technique-italia.com\/es\/products\/tratamientos\/alkemy-reactive-es\/primia-detox-preparador-del-cuero-cabelludo-pre-champu\/","url":"https:\/\/www.technique-italia.com\/es\/products\/tratamientos\/alkemy-reactive-es\/primia-detox-preparador-del-cuero-cabelludo-pre-champu\/","name":"Primia Detox \u2013 Preparador del cuero cabelludo pre-champ\u00fa - Technique","isPartOf":{"@id":"https:\/\/www.technique-italia.com\/es\/#website"},"primaryImageOfPage":{"@id":"https:\/\/www.technique-italia.com\/es\/products\/tratamientos\/alkemy-reactive-es\/primia-detox-preparador-del-cuero-cabelludo-pre-champu\/#primaryimage"},"image":{"@id":"https:\/\/www.technique-italia.com\/es\/products\/tratamientos\/alkemy-reactive-es\/primia-detox-preparador-del-cuero-cabelludo-pre-champu\/#primaryimage"},"thumbnailUrl":"https:\/\/www.technique-italia.com\/wp-content\/uploads\/2025\/11\/primia-detox.png","datePublished":"2025-11-12T09:42:04+00:00","description":"Primia Detox es el pre-champ\u00fa tricologico de Technique para una detoxificaci\u00f3n dirigida del cuero cabelludo, el gesto profesional que prepara el cabello de la mejor manera.","breadcrumb":{"@id":"https:\/\/www.technique-italia.com\/es\/products\/tratamientos\/alkemy-reactive-es\/primia-detox-preparador-del-cuero-cabelludo-pre-champu\/#breadcrumb"},"inLanguage":"es","potentialAction":[{"@type":"ReadAction","target":["https:\/\/www.technique-italia.com\/es\/products\/tratamientos\/alkemy-reactive-es\/primia-detox-preparador-del-cuero-cabelludo-pre-champu\/"]}]},{"@type":"ImageObject","inLanguage":"es","@id":"https:\/\/www.technique-italia.com\/es\/products\/tratamientos\/alkemy-reactive-es\/primia-detox-preparador-del-cuero-cabelludo-pre-champu\/#primaryimage","url":"https:\/\/www.technique-italia.com\/wp-content\/uploads\/2025\/11\/primia-detox.png","contentUrl":"https:\/\/www.technique-italia.com\/wp-content\/uploads\/2025\/11\/primia-detox.png","width":800,"height":800},{"@type":"BreadcrumbList","@id":"https:\/\/www.technique-italia.com\/es\/products\/tratamientos\/alkemy-reactive-es\/primia-detox-preparador-del-cuero-cabelludo-pre-champu\/#breadcrumb","itemListElement":[{"@type":"ListItem","position":1,"name":"Home","item":"https:\/\/www.technique-italia.com\/es\/"},{"@type":"ListItem","position":2,"name":"Productos","item":"https:\/\/www.technique-italia.com\/es\/shop\/"},{"@type":"ListItem","position":3,"name":"Primia Detox \u2013 Preparador del cuero cabelludo pre-champ\u00fa"}]},{"@type":"WebSite","@id":"https:\/\/www.technique-italia.com\/es\/#website","url":"https:\/\/www.technique-italia.com\/es\/","name":"Technique","description":"The Italian Concept","potentialAction":[{"@type":"SearchAction","target":{"@type":"EntryPoint","urlTemplate":"https:\/\/www.technique-italia.com\/es\/?s={search_term_string}"},"query-input":{"@type":"PropertyValueSpecification","valueRequired":true,"valueName":"search_term_string"}}],"inLanguage":"es"}]}},"_links":{"self":[{"href":"https:\/\/www.technique-italia.com\/es\/wp-json\/wp\/v2\/product\/17991","targetHints":{"allow":["GET"]}}],"collection":[{"href":"https:\/\/www.technique-italia.com\/es\/wp-json\/wp\/v2\/product"}],"about":[{"href":"https:\/\/www.technique-italia.com\/es\/wp-json\/wp\/v2\/types\/product"}],"wp:featuredmedia":[{"embeddable":true,"href":"https:\/\/www.technique-italia.com\/es\/wp-json\/wp\/v2\/media\/17987"}],"wp:attachment":[{"href":"https:\/\/www.technique-italia.com\/es\/wp-json\/wp\/v2\/media?parent=17991"}],"wp:term":[{"taxonomy":"product_brand","embeddable":true,"href":"https:\/\/www.technique-italia.com\/es\/wp-json\/wp\/v2\/product_brand?post=17991"},{"taxonomy":"product_cat","embeddable":true,"href":"https:\/\/www.technique-italia.com\/es\/wp-json\/wp\/v2\/product_cat?post=17991"},{"taxonomy":"product_tag","embeddable":true,"href":"https:\/\/www.technique-italia.com\/es\/wp-json\/wp\/v2\/product_tag?post=17991"}],"curies":[{"name":"wp","href":"https:\/\/api.w.org\/{rel}","templated":true}]}}