{"id":17956,"date":"2024-11-20T08:59:48","date_gmt":"2024-11-20T07:59:48","guid":{"rendered":"https:\/\/www.technique-italia.com\/\/?post_type=product&#038;p=17956"},"modified":"2024-11-20T09:34:28","modified_gmt":"2024-11-20T08:34:28","slug":"acondicionador-desenredante-balje","status":"publish","type":"product","link":"https:\/\/www.technique-italia.com\/es\/products\/productos-tecnicos\/salon-es\/acondicionador-desenredante-balje\/","title":{"rendered":"Technique | Acondicionador desenredante Balj\u00e8"},"content":{"rendered":"","protected":false},"excerpt":{"rendered":"<p><strong>Technique<\/strong>,<strong> Acondicionador desenredante<\/strong> con extractos de <strong>Rosa Canina <\/strong>y<strong> Manzanilla<\/strong>, adecuado para<strong> todo tipo de cabello<\/strong>. Aplicado desde la ra\u00edz hasta las puntas, aporta suavidad y brillo al cabello, facilitando su peinado y favoreciendo la recuperaci\u00f3n de la vitalidad y belleza natural. Pr\u00e1ctico y c\u00f3modo en formato maxi.<\/p>\n<p>Bote de 5 litros<\/p>\n","protected":false},"featured_media":17953,"template":"","meta":[],"product_brand":[],"product_cat":[1037,1039],"product_tag":[],"class_list":{"0":"post-17956","1":"product","2":"type-product","3":"status-publish","4":"has-post-thumbnail","6":"product_cat-productos-tecnicos","7":"product_cat-salon-es","8":"description-off","10":"first","11":"instock","12":"shipping-taxable","13":"product-type-simple"},"yoast_head":"<!-- This site is optimized with the Yoast SEO plugin v26.8 - https:\/\/yoast.com\/product\/yoast-seo-wordpress\/ -->\n<title>Technique | Acondicionador desenredante Balj\u00e8<\/title>\n<meta name=\"description\" content=\"Technique, Acondicionador desenredante con extractos de Rosa Canina y Manzanilla, adecuado para todo tipo de cabello.\" \/>\n<meta name=\"robots\" content=\"index, follow, max-snippet:-1, max-image-preview:large, max-video-preview:-1\" \/>\n<link rel=\"canonical\" href=\"https:\/\/www.technique-italia.com\/es\/products\/productos-tecnicos\/salon-es\/acondicionador-desenredante-balje\/\" \/>\n<meta property=\"og:locale\" content=\"es_ES\" \/>\n<meta property=\"og:type\" content=\"article\" \/>\n<meta property=\"og:title\" content=\"Technique | Acondicionador desenredante Balj\u00e8\" \/>\n<meta property=\"og:description\" content=\"Technique, Acondicionador desenredante con extractos de Rosa Canina y Manzanilla, adecuado para todo tipo de cabello.\" \/>\n<meta property=\"og:url\" content=\"https:\/\/www.technique-italia.com\/es\/products\/productos-tecnicos\/salon-es\/acondicionador-desenredante-balje\/\" \/>\n<meta property=\"og:site_name\" content=\"Technique\" \/>\n<meta property=\"article:modified_time\" content=\"2024-11-20T08:34:28+00:00\" \/>\n<meta property=\"og:image\" content=\"https:\/\/www.technique-italia.com\/wp-content\/uploads\/2024\/11\/02109_technique_balje_balsamo_districante_10lt_800x800.png\" \/>\n\t<meta property=\"og:image:width\" content=\"800\" \/>\n\t<meta property=\"og:image:height\" content=\"800\" \/>\n\t<meta property=\"og:image:type\" content=\"image\/png\" \/>\n<meta name=\"twitter:card\" content=\"summary_large_image\" \/>\n<meta name=\"twitter:label1\" content=\"Tiempo de lectura\" \/>\n\t<meta name=\"twitter:data1\" content=\"1 minuto\" \/>\n<script type=\"application\/ld+json\" class=\"yoast-schema-graph\">{\"@context\":\"https:\/\/schema.org\",\"@graph\":[{\"@type\":\"WebPage\",\"@id\":\"https:\/\/www.technique-italia.com\/es\/products\/productos-tecnicos\/salon-es\/acondicionador-desenredante-balje\/\",\"url\":\"https:\/\/www.technique-italia.com\/es\/products\/productos-tecnicos\/salon-es\/acondicionador-desenredante-balje\/\",\"name\":\"Technique | Acondicionador desenredante Balj\u00e8\",\"isPartOf\":{\"@id\":\"https:\/\/www.technique-italia.com\/es\/#website\"},\"primaryImageOfPage\":{\"@id\":\"https:\/\/www.technique-italia.com\/es\/products\/productos-tecnicos\/salon-es\/acondicionador-desenredante-balje\/#primaryimage\"},\"image\":{\"@id\":\"https:\/\/www.technique-italia.com\/es\/products\/productos-tecnicos\/salon-es\/acondicionador-desenredante-balje\/#primaryimage\"},\"thumbnailUrl\":\"https:\/\/www.technique-italia.com\/wp-content\/uploads\/2024\/11\/02109_technique_balje_balsamo_districante_10lt_800x800.png\",\"datePublished\":\"2024-11-20T07:59:48+00:00\",\"dateModified\":\"2024-11-20T08:34:28+00:00\",\"description\":\"Technique, Acondicionador desenredante con extractos de Rosa Canina y Manzanilla, adecuado para todo tipo de cabello.\",\"breadcrumb\":{\"@id\":\"https:\/\/www.technique-italia.com\/es\/products\/productos-tecnicos\/salon-es\/acondicionador-desenredante-balje\/#breadcrumb\"},\"inLanguage\":\"es\",\"potentialAction\":[{\"@type\":\"ReadAction\",\"target\":[\"https:\/\/www.technique-italia.com\/es\/products\/productos-tecnicos\/salon-es\/acondicionador-desenredante-balje\/\"]}]},{\"@type\":\"ImageObject\",\"inLanguage\":\"es\",\"@id\":\"https:\/\/www.technique-italia.com\/es\/products\/productos-tecnicos\/salon-es\/acondicionador-desenredante-balje\/#primaryimage\",\"url\":\"https:\/\/www.technique-italia.com\/wp-content\/uploads\/2024\/11\/02109_technique_balje_balsamo_districante_10lt_800x800.png\",\"contentUrl\":\"https:\/\/www.technique-italia.com\/wp-content\/uploads\/2024\/11\/02109_technique_balje_balsamo_districante_10lt_800x800.png\",\"width\":800,\"height\":800},{\"@type\":\"BreadcrumbList\",\"@id\":\"https:\/\/www.technique-italia.com\/es\/products\/productos-tecnicos\/salon-es\/acondicionador-desenredante-balje\/#breadcrumb\",\"itemListElement\":[{\"@type\":\"ListItem\",\"position\":1,\"name\":\"Home\",\"item\":\"https:\/\/www.technique-italia.com\/es\/\"},{\"@type\":\"ListItem\",\"position\":2,\"name\":\"Productos\",\"item\":\"https:\/\/www.technique-italia.com\/es\/shop\/\"},{\"@type\":\"ListItem\",\"position\":3,\"name\":\"Technique | Acondicionador desenredante Balj\u00e8\"}]},{\"@type\":\"WebSite\",\"@id\":\"https:\/\/www.technique-italia.com\/es\/#website\",\"url\":\"https:\/\/www.technique-italia.com\/es\/\",\"name\":\"Technique\",\"description\":\"The Italian Concept\",\"potentialAction\":[{\"@type\":\"SearchAction\",\"target\":{\"@type\":\"EntryPoint\",\"urlTemplate\":\"https:\/\/www.technique-italia.com\/es\/?s={search_term_string}\"},\"query-input\":{\"@type\":\"PropertyValueSpecification\",\"valueRequired\":true,\"valueName\":\"search_term_string\"}}],\"inLanguage\":\"es\"}]}<\/script>\n<!-- \/ Yoast SEO plugin. -->","yoast_head_json":{"title":"Technique | Acondicionador desenredante Balj\u00e8","description":"Technique, Acondicionador desenredante con extractos de Rosa Canina y Manzanilla, adecuado para todo tipo de cabello.","robots":{"index":"index","follow":"follow","max-snippet":"max-snippet:-1","max-image-preview":"max-image-preview:large","max-video-preview":"max-video-preview:-1"},"canonical":"https:\/\/www.technique-italia.com\/es\/products\/productos-tecnicos\/salon-es\/acondicionador-desenredante-balje\/","og_locale":"es_ES","og_type":"article","og_title":"Technique | Acondicionador desenredante Balj\u00e8","og_description":"Technique, Acondicionador desenredante con extractos de Rosa Canina y Manzanilla, adecuado para todo tipo de cabello.","og_url":"https:\/\/www.technique-italia.com\/es\/products\/productos-tecnicos\/salon-es\/acondicionador-desenredante-balje\/","og_site_name":"Technique","article_modified_time":"2024-11-20T08:34:28+00:00","og_image":[{"width":800,"height":800,"url":"https:\/\/www.technique-italia.com\/wp-content\/uploads\/2024\/11\/02109_technique_balje_balsamo_districante_10lt_800x800.png","type":"image\/png"}],"twitter_card":"summary_large_image","twitter_misc":{"Tiempo de lectura":"1 minuto"},"schema":{"@context":"https:\/\/schema.org","@graph":[{"@type":"WebPage","@id":"https:\/\/www.technique-italia.com\/es\/products\/productos-tecnicos\/salon-es\/acondicionador-desenredante-balje\/","url":"https:\/\/www.technique-italia.com\/es\/products\/productos-tecnicos\/salon-es\/acondicionador-desenredante-balje\/","name":"Technique | Acondicionador desenredante Balj\u00e8","isPartOf":{"@id":"https:\/\/www.technique-italia.com\/es\/#website"},"primaryImageOfPage":{"@id":"https:\/\/www.technique-italia.com\/es\/products\/productos-tecnicos\/salon-es\/acondicionador-desenredante-balje\/#primaryimage"},"image":{"@id":"https:\/\/www.technique-italia.com\/es\/products\/productos-tecnicos\/salon-es\/acondicionador-desenredante-balje\/#primaryimage"},"thumbnailUrl":"https:\/\/www.technique-italia.com\/wp-content\/uploads\/2024\/11\/02109_technique_balje_balsamo_districante_10lt_800x800.png","datePublished":"2024-11-20T07:59:48+00:00","dateModified":"2024-11-20T08:34:28+00:00","description":"Technique, Acondicionador desenredante con extractos de Rosa Canina y Manzanilla, adecuado para todo tipo de cabello.","breadcrumb":{"@id":"https:\/\/www.technique-italia.com\/es\/products\/productos-tecnicos\/salon-es\/acondicionador-desenredante-balje\/#breadcrumb"},"inLanguage":"es","potentialAction":[{"@type":"ReadAction","target":["https:\/\/www.technique-italia.com\/es\/products\/productos-tecnicos\/salon-es\/acondicionador-desenredante-balje\/"]}]},{"@type":"ImageObject","inLanguage":"es","@id":"https:\/\/www.technique-italia.com\/es\/products\/productos-tecnicos\/salon-es\/acondicionador-desenredante-balje\/#primaryimage","url":"https:\/\/www.technique-italia.com\/wp-content\/uploads\/2024\/11\/02109_technique_balje_balsamo_districante_10lt_800x800.png","contentUrl":"https:\/\/www.technique-italia.com\/wp-content\/uploads\/2024\/11\/02109_technique_balje_balsamo_districante_10lt_800x800.png","width":800,"height":800},{"@type":"BreadcrumbList","@id":"https:\/\/www.technique-italia.com\/es\/products\/productos-tecnicos\/salon-es\/acondicionador-desenredante-balje\/#breadcrumb","itemListElement":[{"@type":"ListItem","position":1,"name":"Home","item":"https:\/\/www.technique-italia.com\/es\/"},{"@type":"ListItem","position":2,"name":"Productos","item":"https:\/\/www.technique-italia.com\/es\/shop\/"},{"@type":"ListItem","position":3,"name":"Technique | Acondicionador desenredante Balj\u00e8"}]},{"@type":"WebSite","@id":"https:\/\/www.technique-italia.com\/es\/#website","url":"https:\/\/www.technique-italia.com\/es\/","name":"Technique","description":"The Italian Concept","potentialAction":[{"@type":"SearchAction","target":{"@type":"EntryPoint","urlTemplate":"https:\/\/www.technique-italia.com\/es\/?s={search_term_string}"},"query-input":{"@type":"PropertyValueSpecification","valueRequired":true,"valueName":"search_term_string"}}],"inLanguage":"es"}]}},"_links":{"self":[{"href":"https:\/\/www.technique-italia.com\/es\/wp-json\/wp\/v2\/product\/17956","targetHints":{"allow":["GET"]}}],"collection":[{"href":"https:\/\/www.technique-italia.com\/es\/wp-json\/wp\/v2\/product"}],"about":[{"href":"https:\/\/www.technique-italia.com\/es\/wp-json\/wp\/v2\/types\/product"}],"wp:featuredmedia":[{"embeddable":true,"href":"https:\/\/www.technique-italia.com\/es\/wp-json\/wp\/v2\/media\/17953"}],"wp:attachment":[{"href":"https:\/\/www.technique-italia.com\/es\/wp-json\/wp\/v2\/media?parent=17956"}],"wp:term":[{"taxonomy":"product_brand","embeddable":true,"href":"https:\/\/www.technique-italia.com\/es\/wp-json\/wp\/v2\/product_brand?post=17956"},{"taxonomy":"product_cat","embeddable":true,"href":"https:\/\/www.technique-italia.com\/es\/wp-json\/wp\/v2\/product_cat?post=17956"},{"taxonomy":"product_tag","embeddable":true,"href":"https:\/\/www.technique-italia.com\/es\/wp-json\/wp\/v2\/product_tag?post=17956"}],"curies":[{"name":"wp","href":"https:\/\/api.w.org\/{rel}","templated":true}]}}