{"id":15203,"date":"2024-03-28T16:03:12","date_gmt":"2024-03-28T15:06:09","guid":{"rendered":"https:\/\/www.technique-italia.com\/\/?post_type=product&#038;p=15203"},"modified":"2024-03-28T16:06:09","modified_gmt":"2024-03-28T15:06:09","slug":"alkemy-care-champu-hidratante","status":"publish","type":"product","link":"https:\/\/www.technique-italia.com\/es\/products\/tratamientos\/alkemy-care-es\/alkemy-care-champu-hidratante\/","title":{"rendered":"Alkemy Care | Champ\u00fa hidratante"},"content":{"rendered":"<ul>\n<li style=\"font-weight: 400;\" aria-level=\"1\"><b>Limpia delicadamente<\/b><span style=\"font-weight: 400;\"> dejando el cabello suave y ligero<\/span><\/li>\n<li style=\"font-weight: 400;\" aria-level=\"1\"><span style=\"font-weight: 400;\">Ejerce una<\/span><b> acci\u00f3n antioxidante sobre el cabello<\/b><\/li>\n<li style=\"font-weight: 400;\" aria-level=\"1\"><span style=\"font-weight: 400;\">F\u00f3rmula <\/span><b>SLES\/SLS free<\/b><\/li>\n<li style=\"font-weight: 400;\" aria-level=\"1\"><b>Hidrata en profundidad<\/b><span style=\"font-weight: 400;\"> el cabello seco<\/span><\/li>\n<li style=\"font-weight: 400;\" aria-level=\"1\">Enriquecido con<b style=\"color: #555555; font-size: 14.4px;\"> Extracto de Violeta y Extracto de Manzanilla<\/b><\/li>\n<\/ul>\n","protected":false},"excerpt":{"rendered":"<p><span style=\"font-weight: 400;\">Alkemy Care es el<\/span><b> champ\u00fa hidratante de Technique con f\u00f3rmula SLES\/SLS free<\/b><span style=\"font-weight: 400;\">. Especialmente recomendado para lavados frecuentes,<\/span><b> aporta bienestar al cuero cabelludo y suavidad al cabello<\/b><span style=\"font-weight: 400;\">.<\/span><\/p>\n<p><span style=\"font-weight: 400;\">1000 ml <\/span><\/p>\n","protected":false},"featured_media":15208,"template":"","meta":[],"product_brand":[],"product_cat":[2332,1041],"product_tag":[],"class_list":{"0":"post-15203","1":"product","2":"type-product","3":"status-publish","4":"has-post-thumbnail","6":"product_cat-alkemy-care-es","7":"product_cat-tratamientos","8":"description-off","10":"first","11":"instock","12":"shipping-taxable","13":"product-type-simple"},"yoast_head":"<!-- This site is optimized with the Yoast SEO plugin v26.8 - https:\/\/yoast.com\/product\/yoast-seo-wordpress\/ -->\n<title>Alkemy Care | Champ\u00fa hidratante<\/title>\n<meta name=\"description\" content=\"Alkemy Care es el champ\u00fa hidratante de Technique con f\u00f3rmula SLES\/SLS free.\" \/>\n<meta name=\"robots\" content=\"index, follow, max-snippet:-1, max-image-preview:large, max-video-preview:-1\" \/>\n<link rel=\"canonical\" href=\"https:\/\/www.technique-italia.com\/es\/products\/tratamientos\/alkemy-care-es\/alkemy-care-champu-hidratante\/\" \/>\n<meta property=\"og:locale\" content=\"es_ES\" \/>\n<meta property=\"og:type\" content=\"article\" \/>\n<meta property=\"og:title\" content=\"Alkemy Care | Champ\u00fa hidratante\" \/>\n<meta property=\"og:description\" content=\"Alkemy Care es el champ\u00fa hidratante de Technique con f\u00f3rmula SLES\/SLS free.\" \/>\n<meta property=\"og:url\" content=\"https:\/\/www.technique-italia.com\/es\/products\/tratamientos\/alkemy-care-es\/alkemy-care-champu-hidratante\/\" \/>\n<meta property=\"og:site_name\" content=\"Technique\" \/>\n<meta property=\"og:image\" content=\"https:\/\/www.technique-italia.com\/wp-content\/uploads\/2023\/10\/02067_technique_treatment_alkemy_care_shampoo_1000ml.png\" \/>\n\t<meta property=\"og:image:width\" content=\"600\" \/>\n\t<meta property=\"og:image:height\" content=\"600\" \/>\n\t<meta property=\"og:image:type\" content=\"image\/png\" \/>\n<meta name=\"twitter:card\" content=\"summary_large_image\" \/>\n<script type=\"application\/ld+json\" class=\"yoast-schema-graph\">{\"@context\":\"https:\/\/schema.org\",\"@graph\":[{\"@type\":\"WebPage\",\"@id\":\"https:\/\/www.technique-italia.com\/es\/products\/tratamientos\/alkemy-care-es\/alkemy-care-champu-hidratante\/\",\"url\":\"https:\/\/www.technique-italia.com\/es\/products\/tratamientos\/alkemy-care-es\/alkemy-care-champu-hidratante\/\",\"name\":\"Alkemy Care | Champ\u00fa hidratante\",\"isPartOf\":{\"@id\":\"https:\/\/www.technique-italia.com\/es\/#website\"},\"primaryImageOfPage\":{\"@id\":\"https:\/\/www.technique-italia.com\/es\/products\/tratamientos\/alkemy-care-es\/alkemy-care-champu-hidratante\/#primaryimage\"},\"image\":{\"@id\":\"https:\/\/www.technique-italia.com\/es\/products\/tratamientos\/alkemy-care-es\/alkemy-care-champu-hidratante\/#primaryimage\"},\"thumbnailUrl\":\"https:\/\/www.technique-italia.com\/wp-content\/uploads\/2023\/10\/02067_technique_treatment_alkemy_care_shampoo_1000ml.png\",\"datePublished\":\"2024-03-28T15:06:09+00:00\",\"description\":\"Alkemy Care es el champ\u00fa hidratante de Technique con f\u00f3rmula SLES\/SLS free.\",\"breadcrumb\":{\"@id\":\"https:\/\/www.technique-italia.com\/es\/products\/tratamientos\/alkemy-care-es\/alkemy-care-champu-hidratante\/#breadcrumb\"},\"inLanguage\":\"es\",\"potentialAction\":[{\"@type\":\"ReadAction\",\"target\":[\"https:\/\/www.technique-italia.com\/es\/products\/tratamientos\/alkemy-care-es\/alkemy-care-champu-hidratante\/\"]}]},{\"@type\":\"ImageObject\",\"inLanguage\":\"es\",\"@id\":\"https:\/\/www.technique-italia.com\/es\/products\/tratamientos\/alkemy-care-es\/alkemy-care-champu-hidratante\/#primaryimage\",\"url\":\"https:\/\/www.technique-italia.com\/wp-content\/uploads\/2023\/10\/02067_technique_treatment_alkemy_care_shampoo_1000ml.png\",\"contentUrl\":\"https:\/\/www.technique-italia.com\/wp-content\/uploads\/2023\/10\/02067_technique_treatment_alkemy_care_shampoo_1000ml.png\",\"width\":600,\"height\":600},{\"@type\":\"BreadcrumbList\",\"@id\":\"https:\/\/www.technique-italia.com\/es\/products\/tratamientos\/alkemy-care-es\/alkemy-care-champu-hidratante\/#breadcrumb\",\"itemListElement\":[{\"@type\":\"ListItem\",\"position\":1,\"name\":\"Home\",\"item\":\"https:\/\/www.technique-italia.com\/es\/\"},{\"@type\":\"ListItem\",\"position\":2,\"name\":\"Productos\",\"item\":\"https:\/\/www.technique-italia.com\/es\/shop\/\"},{\"@type\":\"ListItem\",\"position\":3,\"name\":\"Alkemy Care | Champ\u00fa hidratante\"}]},{\"@type\":\"WebSite\",\"@id\":\"https:\/\/www.technique-italia.com\/es\/#website\",\"url\":\"https:\/\/www.technique-italia.com\/es\/\",\"name\":\"Technique\",\"description\":\"The Italian Concept\",\"potentialAction\":[{\"@type\":\"SearchAction\",\"target\":{\"@type\":\"EntryPoint\",\"urlTemplate\":\"https:\/\/www.technique-italia.com\/es\/?s={search_term_string}\"},\"query-input\":{\"@type\":\"PropertyValueSpecification\",\"valueRequired\":true,\"valueName\":\"search_term_string\"}}],\"inLanguage\":\"es\"}]}<\/script>\n<!-- \/ Yoast SEO plugin. -->","yoast_head_json":{"title":"Alkemy Care | Champ\u00fa hidratante","description":"Alkemy Care es el champ\u00fa hidratante de Technique con f\u00f3rmula SLES\/SLS free.","robots":{"index":"index","follow":"follow","max-snippet":"max-snippet:-1","max-image-preview":"max-image-preview:large","max-video-preview":"max-video-preview:-1"},"canonical":"https:\/\/www.technique-italia.com\/es\/products\/tratamientos\/alkemy-care-es\/alkemy-care-champu-hidratante\/","og_locale":"es_ES","og_type":"article","og_title":"Alkemy Care | Champ\u00fa hidratante","og_description":"Alkemy Care es el champ\u00fa hidratante de Technique con f\u00f3rmula SLES\/SLS free.","og_url":"https:\/\/www.technique-italia.com\/es\/products\/tratamientos\/alkemy-care-es\/alkemy-care-champu-hidratante\/","og_site_name":"Technique","og_image":[{"width":600,"height":600,"url":"https:\/\/www.technique-italia.com\/wp-content\/uploads\/2023\/10\/02067_technique_treatment_alkemy_care_shampoo_1000ml.png","type":"image\/png"}],"twitter_card":"summary_large_image","schema":{"@context":"https:\/\/schema.org","@graph":[{"@type":"WebPage","@id":"https:\/\/www.technique-italia.com\/es\/products\/tratamientos\/alkemy-care-es\/alkemy-care-champu-hidratante\/","url":"https:\/\/www.technique-italia.com\/es\/products\/tratamientos\/alkemy-care-es\/alkemy-care-champu-hidratante\/","name":"Alkemy Care | Champ\u00fa hidratante","isPartOf":{"@id":"https:\/\/www.technique-italia.com\/es\/#website"},"primaryImageOfPage":{"@id":"https:\/\/www.technique-italia.com\/es\/products\/tratamientos\/alkemy-care-es\/alkemy-care-champu-hidratante\/#primaryimage"},"image":{"@id":"https:\/\/www.technique-italia.com\/es\/products\/tratamientos\/alkemy-care-es\/alkemy-care-champu-hidratante\/#primaryimage"},"thumbnailUrl":"https:\/\/www.technique-italia.com\/wp-content\/uploads\/2023\/10\/02067_technique_treatment_alkemy_care_shampoo_1000ml.png","datePublished":"2024-03-28T15:06:09+00:00","description":"Alkemy Care es el champ\u00fa hidratante de Technique con f\u00f3rmula SLES\/SLS free.","breadcrumb":{"@id":"https:\/\/www.technique-italia.com\/es\/products\/tratamientos\/alkemy-care-es\/alkemy-care-champu-hidratante\/#breadcrumb"},"inLanguage":"es","potentialAction":[{"@type":"ReadAction","target":["https:\/\/www.technique-italia.com\/es\/products\/tratamientos\/alkemy-care-es\/alkemy-care-champu-hidratante\/"]}]},{"@type":"ImageObject","inLanguage":"es","@id":"https:\/\/www.technique-italia.com\/es\/products\/tratamientos\/alkemy-care-es\/alkemy-care-champu-hidratante\/#primaryimage","url":"https:\/\/www.technique-italia.com\/wp-content\/uploads\/2023\/10\/02067_technique_treatment_alkemy_care_shampoo_1000ml.png","contentUrl":"https:\/\/www.technique-italia.com\/wp-content\/uploads\/2023\/10\/02067_technique_treatment_alkemy_care_shampoo_1000ml.png","width":600,"height":600},{"@type":"BreadcrumbList","@id":"https:\/\/www.technique-italia.com\/es\/products\/tratamientos\/alkemy-care-es\/alkemy-care-champu-hidratante\/#breadcrumb","itemListElement":[{"@type":"ListItem","position":1,"name":"Home","item":"https:\/\/www.technique-italia.com\/es\/"},{"@type":"ListItem","position":2,"name":"Productos","item":"https:\/\/www.technique-italia.com\/es\/shop\/"},{"@type":"ListItem","position":3,"name":"Alkemy Care | Champ\u00fa hidratante"}]},{"@type":"WebSite","@id":"https:\/\/www.technique-italia.com\/es\/#website","url":"https:\/\/www.technique-italia.com\/es\/","name":"Technique","description":"The Italian Concept","potentialAction":[{"@type":"SearchAction","target":{"@type":"EntryPoint","urlTemplate":"https:\/\/www.technique-italia.com\/es\/?s={search_term_string}"},"query-input":{"@type":"PropertyValueSpecification","valueRequired":true,"valueName":"search_term_string"}}],"inLanguage":"es"}]}},"_links":{"self":[{"href":"https:\/\/www.technique-italia.com\/es\/wp-json\/wp\/v2\/product\/15203","targetHints":{"allow":["GET"]}}],"collection":[{"href":"https:\/\/www.technique-italia.com\/es\/wp-json\/wp\/v2\/product"}],"about":[{"href":"https:\/\/www.technique-italia.com\/es\/wp-json\/wp\/v2\/types\/product"}],"wp:featuredmedia":[{"embeddable":true,"href":"https:\/\/www.technique-italia.com\/es\/wp-json\/wp\/v2\/media\/15208"}],"wp:attachment":[{"href":"https:\/\/www.technique-italia.com\/es\/wp-json\/wp\/v2\/media?parent=15203"}],"wp:term":[{"taxonomy":"product_brand","embeddable":true,"href":"https:\/\/www.technique-italia.com\/es\/wp-json\/wp\/v2\/product_brand?post=15203"},{"taxonomy":"product_cat","embeddable":true,"href":"https:\/\/www.technique-italia.com\/es\/wp-json\/wp\/v2\/product_cat?post=15203"},{"taxonomy":"product_tag","embeddable":true,"href":"https:\/\/www.technique-italia.com\/es\/wp-json\/wp\/v2\/product_tag?post=15203"}],"curies":[{"name":"wp","href":"https:\/\/api.w.org\/{rel}","templated":true}]}}