{"id":14385,"date":"2022-09-09T11:45:04","date_gmt":"2022-09-09T09:45:05","guid":{"rendered":"https:\/\/www.technique-italia.com\/\/?post_type=product&#038;p=14385"},"modified":"2022-09-13T14:56:35","modified_gmt":"2022-09-13T12:56:35","slug":"system-energy-kit-prevencion-caida","status":"publish","type":"product","link":"https:\/\/www.technique-italia.com\/es\/products\/tratamientos\/system-energy-es\/system-energy-kit-prevencion-caida\/","title":{"rendered":"System Energy | Kit prevenci\u00f3n ca\u00edda"},"content":{"rendered":"","protected":false},"excerpt":{"rendered":"<p><span style=\"font-weight: 400;\">El Kit prevenci\u00f3n ca\u00edda System Energy se ha<strong> desarrollado para el cuidado del cabello fr\u00e1gil<\/strong>, debilitado y propenso a la rotura. El ba\u00f1o capilar, el tratamiento en ampollas y el masajeador del cuero cabelludo ayudan a combatir la ca\u00edda del cabello y a<strong> reactivar la microcirculaci\u00f3n para conseguir un cabello m\u00e1s sano y fuerte.<\/strong><\/span><\/p>\n<p><span style=\"font-weight: 400;\">El kit est\u00e1 compuesto por el Ba\u00f1o Capilar de 300 ml, el Tratamiento con 10 ampollas monodosis de 8 ml y el Masajeador Cut\u00e1neo.<\/span><\/p>\n","protected":false},"featured_media":13933,"template":"","meta":[],"product_brand":[],"product_cat":[1050,1041],"product_tag":[],"class_list":{"0":"post-14385","1":"product","2":"type-product","3":"status-publish","4":"has-post-thumbnail","6":"product_cat-system-energy-es","7":"product_cat-tratamientos","8":"description-off","10":"first","11":"instock","12":"shipping-taxable","13":"product-type-simple"},"yoast_head":"<!-- This site is optimized with the Yoast SEO plugin v26.8 - https:\/\/yoast.com\/product\/yoast-seo-wordpress\/ -->\n<title>System Energy | Kit prevenci\u00f3n ca\u00edda<\/title>\n<meta name=\"description\" content=\"El Kit prevenci\u00f3n ca\u00edda System Energy se ha desarrollado para el cuidado del cabello fr\u00e1gil, debilitado y propenso a la rotura.\" \/>\n<meta name=\"robots\" content=\"index, follow, max-snippet:-1, max-image-preview:large, max-video-preview:-1\" \/>\n<link rel=\"canonical\" href=\"https:\/\/www.technique-italia.com\/es\/products\/tratamientos\/system-energy-es\/system-energy-kit-prevencion-caida\/\" \/>\n<meta property=\"og:locale\" content=\"es_ES\" \/>\n<meta property=\"og:type\" content=\"article\" \/>\n<meta property=\"og:title\" content=\"System Energy | Kit prevenci\u00f3n ca\u00edda\" \/>\n<meta property=\"og:description\" content=\"El Kit prevenci\u00f3n ca\u00edda System Energy se ha desarrollado para el cuidado del cabello fr\u00e1gil, debilitado y propenso a la rotura.\" \/>\n<meta property=\"og:url\" content=\"https:\/\/www.technique-italia.com\/es\/products\/tratamientos\/system-energy-es\/system-energy-kit-prevencion-caida\/\" \/>\n<meta property=\"og:site_name\" content=\"Technique\" \/>\n<meta property=\"article:modified_time\" content=\"2022-09-13T12:56:35+00:00\" \/>\n<meta property=\"og:image\" content=\"https:\/\/www.technique-italia.com\/wp-content\/uploads\/2022\/08\/technique_system_energy_kit_massaggiatore.png\" \/>\n\t<meta property=\"og:image:width\" content=\"600\" \/>\n\t<meta property=\"og:image:height\" content=\"600\" \/>\n\t<meta property=\"og:image:type\" content=\"image\/png\" \/>\n<meta name=\"twitter:card\" content=\"summary_large_image\" \/>\n<script type=\"application\/ld+json\" class=\"yoast-schema-graph\">{\"@context\":\"https:\/\/schema.org\",\"@graph\":[{\"@type\":\"WebPage\",\"@id\":\"https:\/\/www.technique-italia.com\/es\/products\/tratamientos\/system-energy-es\/system-energy-kit-prevencion-caida\/\",\"url\":\"https:\/\/www.technique-italia.com\/es\/products\/tratamientos\/system-energy-es\/system-energy-kit-prevencion-caida\/\",\"name\":\"System Energy | Kit prevenci\u00f3n ca\u00edda\",\"isPartOf\":{\"@id\":\"https:\/\/www.technique-italia.com\/es\/#website\"},\"primaryImageOfPage\":{\"@id\":\"https:\/\/www.technique-italia.com\/es\/products\/tratamientos\/system-energy-es\/system-energy-kit-prevencion-caida\/#primaryimage\"},\"image\":{\"@id\":\"https:\/\/www.technique-italia.com\/es\/products\/tratamientos\/system-energy-es\/system-energy-kit-prevencion-caida\/#primaryimage\"},\"thumbnailUrl\":\"https:\/\/www.technique-italia.com\/wp-content\/uploads\/2022\/08\/technique_system_energy_kit_massaggiatore.png\",\"datePublished\":\"2022-09-09T09:45:05+00:00\",\"dateModified\":\"2022-09-13T12:56:35+00:00\",\"description\":\"El Kit prevenci\u00f3n ca\u00edda System Energy se ha desarrollado para el cuidado del cabello fr\u00e1gil, debilitado y propenso a la rotura.\",\"breadcrumb\":{\"@id\":\"https:\/\/www.technique-italia.com\/es\/products\/tratamientos\/system-energy-es\/system-energy-kit-prevencion-caida\/#breadcrumb\"},\"inLanguage\":\"es\",\"potentialAction\":[{\"@type\":\"ReadAction\",\"target\":[\"https:\/\/www.technique-italia.com\/es\/products\/tratamientos\/system-energy-es\/system-energy-kit-prevencion-caida\/\"]}]},{\"@type\":\"ImageObject\",\"inLanguage\":\"es\",\"@id\":\"https:\/\/www.technique-italia.com\/es\/products\/tratamientos\/system-energy-es\/system-energy-kit-prevencion-caida\/#primaryimage\",\"url\":\"https:\/\/www.technique-italia.com\/wp-content\/uploads\/2022\/08\/technique_system_energy_kit_massaggiatore.png\",\"contentUrl\":\"https:\/\/www.technique-italia.com\/wp-content\/uploads\/2022\/08\/technique_system_energy_kit_massaggiatore.png\",\"width\":600,\"height\":600},{\"@type\":\"BreadcrumbList\",\"@id\":\"https:\/\/www.technique-italia.com\/es\/products\/tratamientos\/system-energy-es\/system-energy-kit-prevencion-caida\/#breadcrumb\",\"itemListElement\":[{\"@type\":\"ListItem\",\"position\":1,\"name\":\"Home\",\"item\":\"https:\/\/www.technique-italia.com\/es\/\"},{\"@type\":\"ListItem\",\"position\":2,\"name\":\"Productos\",\"item\":\"https:\/\/www.technique-italia.com\/es\/shop\/\"},{\"@type\":\"ListItem\",\"position\":3,\"name\":\"System Energy | Kit prevenci\u00f3n ca\u00edda\"}]},{\"@type\":\"WebSite\",\"@id\":\"https:\/\/www.technique-italia.com\/es\/#website\",\"url\":\"https:\/\/www.technique-italia.com\/es\/\",\"name\":\"Technique\",\"description\":\"The Italian Concept\",\"potentialAction\":[{\"@type\":\"SearchAction\",\"target\":{\"@type\":\"EntryPoint\",\"urlTemplate\":\"https:\/\/www.technique-italia.com\/es\/?s={search_term_string}\"},\"query-input\":{\"@type\":\"PropertyValueSpecification\",\"valueRequired\":true,\"valueName\":\"search_term_string\"}}],\"inLanguage\":\"es\"}]}<\/script>\n<!-- \/ Yoast SEO plugin. -->","yoast_head_json":{"title":"System Energy | Kit prevenci\u00f3n ca\u00edda","description":"El Kit prevenci\u00f3n ca\u00edda System Energy se ha desarrollado para el cuidado del cabello fr\u00e1gil, debilitado y propenso a la rotura.","robots":{"index":"index","follow":"follow","max-snippet":"max-snippet:-1","max-image-preview":"max-image-preview:large","max-video-preview":"max-video-preview:-1"},"canonical":"https:\/\/www.technique-italia.com\/es\/products\/tratamientos\/system-energy-es\/system-energy-kit-prevencion-caida\/","og_locale":"es_ES","og_type":"article","og_title":"System Energy | Kit prevenci\u00f3n ca\u00edda","og_description":"El Kit prevenci\u00f3n ca\u00edda System Energy se ha desarrollado para el cuidado del cabello fr\u00e1gil, debilitado y propenso a la rotura.","og_url":"https:\/\/www.technique-italia.com\/es\/products\/tratamientos\/system-energy-es\/system-energy-kit-prevencion-caida\/","og_site_name":"Technique","article_modified_time":"2022-09-13T12:56:35+00:00","og_image":[{"width":600,"height":600,"url":"https:\/\/www.technique-italia.com\/wp-content\/uploads\/2022\/08\/technique_system_energy_kit_massaggiatore.png","type":"image\/png"}],"twitter_card":"summary_large_image","schema":{"@context":"https:\/\/schema.org","@graph":[{"@type":"WebPage","@id":"https:\/\/www.technique-italia.com\/es\/products\/tratamientos\/system-energy-es\/system-energy-kit-prevencion-caida\/","url":"https:\/\/www.technique-italia.com\/es\/products\/tratamientos\/system-energy-es\/system-energy-kit-prevencion-caida\/","name":"System Energy | Kit prevenci\u00f3n ca\u00edda","isPartOf":{"@id":"https:\/\/www.technique-italia.com\/es\/#website"},"primaryImageOfPage":{"@id":"https:\/\/www.technique-italia.com\/es\/products\/tratamientos\/system-energy-es\/system-energy-kit-prevencion-caida\/#primaryimage"},"image":{"@id":"https:\/\/www.technique-italia.com\/es\/products\/tratamientos\/system-energy-es\/system-energy-kit-prevencion-caida\/#primaryimage"},"thumbnailUrl":"https:\/\/www.technique-italia.com\/wp-content\/uploads\/2022\/08\/technique_system_energy_kit_massaggiatore.png","datePublished":"2022-09-09T09:45:05+00:00","dateModified":"2022-09-13T12:56:35+00:00","description":"El Kit prevenci\u00f3n ca\u00edda System Energy se ha desarrollado para el cuidado del cabello fr\u00e1gil, debilitado y propenso a la rotura.","breadcrumb":{"@id":"https:\/\/www.technique-italia.com\/es\/products\/tratamientos\/system-energy-es\/system-energy-kit-prevencion-caida\/#breadcrumb"},"inLanguage":"es","potentialAction":[{"@type":"ReadAction","target":["https:\/\/www.technique-italia.com\/es\/products\/tratamientos\/system-energy-es\/system-energy-kit-prevencion-caida\/"]}]},{"@type":"ImageObject","inLanguage":"es","@id":"https:\/\/www.technique-italia.com\/es\/products\/tratamientos\/system-energy-es\/system-energy-kit-prevencion-caida\/#primaryimage","url":"https:\/\/www.technique-italia.com\/wp-content\/uploads\/2022\/08\/technique_system_energy_kit_massaggiatore.png","contentUrl":"https:\/\/www.technique-italia.com\/wp-content\/uploads\/2022\/08\/technique_system_energy_kit_massaggiatore.png","width":600,"height":600},{"@type":"BreadcrumbList","@id":"https:\/\/www.technique-italia.com\/es\/products\/tratamientos\/system-energy-es\/system-energy-kit-prevencion-caida\/#breadcrumb","itemListElement":[{"@type":"ListItem","position":1,"name":"Home","item":"https:\/\/www.technique-italia.com\/es\/"},{"@type":"ListItem","position":2,"name":"Productos","item":"https:\/\/www.technique-italia.com\/es\/shop\/"},{"@type":"ListItem","position":3,"name":"System Energy | Kit prevenci\u00f3n ca\u00edda"}]},{"@type":"WebSite","@id":"https:\/\/www.technique-italia.com\/es\/#website","url":"https:\/\/www.technique-italia.com\/es\/","name":"Technique","description":"The Italian Concept","potentialAction":[{"@type":"SearchAction","target":{"@type":"EntryPoint","urlTemplate":"https:\/\/www.technique-italia.com\/es\/?s={search_term_string}"},"query-input":{"@type":"PropertyValueSpecification","valueRequired":true,"valueName":"search_term_string"}}],"inLanguage":"es"}]}},"_links":{"self":[{"href":"https:\/\/www.technique-italia.com\/es\/wp-json\/wp\/v2\/product\/14385","targetHints":{"allow":["GET"]}}],"collection":[{"href":"https:\/\/www.technique-italia.com\/es\/wp-json\/wp\/v2\/product"}],"about":[{"href":"https:\/\/www.technique-italia.com\/es\/wp-json\/wp\/v2\/types\/product"}],"wp:featuredmedia":[{"embeddable":true,"href":"https:\/\/www.technique-italia.com\/es\/wp-json\/wp\/v2\/media\/13933"}],"wp:attachment":[{"href":"https:\/\/www.technique-italia.com\/es\/wp-json\/wp\/v2\/media?parent=14385"}],"wp:term":[{"taxonomy":"product_brand","embeddable":true,"href":"https:\/\/www.technique-italia.com\/es\/wp-json\/wp\/v2\/product_brand?post=14385"},{"taxonomy":"product_cat","embeddable":true,"href":"https:\/\/www.technique-italia.com\/es\/wp-json\/wp\/v2\/product_cat?post=14385"},{"taxonomy":"product_tag","embeddable":true,"href":"https:\/\/www.technique-italia.com\/es\/wp-json\/wp\/v2\/product_tag?post=14385"}],"curies":[{"name":"wp","href":"https:\/\/api.w.org\/{rel}","templated":true}]}}