{"id":11581,"date":"2015-05-21T15:01:52","date_gmt":"2015-05-21T13:01:52","guid":{"rendered":"https:\/\/www.technique-italia.com\/\/products\/sin%20categor\u00eda\/jetting-up-wet-gel-fijacion-fuerte\/"},"modified":"2023-11-13T16:34:39","modified_gmt":"2023-11-13T15:34:39","slug":"jetting-up-wet-gel-fijacion-fuerte","status":"publish","type":"product","link":"https:\/\/www.technique-italia.com\/es\/products\/finishing-styling-es\/gel-es\/jetting-up-wet-gel-fijacion-fuerte\/","title":{"rendered":"Jetting Up | Edit On \u2013 Gel Efecto Humedad"},"content":{"rendered":"","protected":false},"excerpt":{"rendered":"<p><strong>Jetting Up<\/strong>,\u00a0<strong>Wet Gel extrafijador<\/strong> efecto mojado de larga duraci\u00f3n. <strong>Ofrece\u00a0soporte y fuerza al cabello<\/strong>. F\u00e1cil de aplicar, se seca r\u00e1pidamente y no deja restos. F\u00f3rmula indicada para\u00a0<strong>cabellos cortos o de longitud media<\/strong>. Funcional y eficaz en formato bolsillo de 200 ml.<\/p>\n<p>Uso profesional<\/p>\n<p>Tubo de 200 ml<\/p>\n","protected":false},"featured_media":17460,"template":"","meta":[],"product_brand":[],"product_cat":[1032,1034],"product_tag":[],"class_list":{"0":"post-11581","1":"product","2":"type-product","3":"status-publish","4":"has-post-thumbnail","6":"product_cat-finishing-styling-es","7":"product_cat-gel-es","8":"description-off","10":"first","11":"instock","12":"shipping-taxable","13":"product-type-simple"},"yoast_head":"<!-- This site is optimized with the Yoast SEO plugin v26.8 - https:\/\/yoast.com\/product\/yoast-seo-wordpress\/ -->\n<title>Jetting Up | Wet Gel \u2013 Fijaci\u00f3n Fuerte<\/title>\n<meta name=\"description\" content=\"Jetting Up,\u00a0Wet Gel extrafijador efecto mojado de larga duraci\u00f3n. Ofrece\u00a0soporte y fuerza al cabello.\" \/>\n<meta name=\"robots\" content=\"index, follow, max-snippet:-1, max-image-preview:large, max-video-preview:-1\" \/>\n<link rel=\"canonical\" href=\"https:\/\/www.technique-italia.com\/es\/products\/finishing-styling-es\/gel-es\/jetting-up-wet-gel-fijacion-fuerte\/\" \/>\n<meta property=\"og:locale\" content=\"es_ES\" \/>\n<meta property=\"og:type\" content=\"article\" \/>\n<meta property=\"og:title\" content=\"Jetting Up | Wet Gel \u2013 Fijaci\u00f3n Fuerte\" \/>\n<meta property=\"og:description\" content=\"Jetting Up,\u00a0Wet Gel extrafijador efecto mojado de larga duraci\u00f3n. Ofrece\u00a0soporte y fuerza al cabello.\" \/>\n<meta property=\"og:url\" content=\"https:\/\/www.technique-italia.com\/es\/products\/finishing-styling-es\/gel-es\/jetting-up-wet-gel-fijacion-fuerte\/\" \/>\n<meta property=\"og:site_name\" content=\"Technique\" \/>\n<meta property=\"article:modified_time\" content=\"2023-11-13T15:34:39+00:00\" \/>\n<meta property=\"og:image\" content=\"https:\/\/www.technique-italia.com\/wp-content\/uploads\/2015\/05\/03009_technique_edit_on_wet_effect_gel_200ml.png\" \/>\n\t<meta property=\"og:image:width\" content=\"600\" \/>\n\t<meta property=\"og:image:height\" content=\"600\" \/>\n\t<meta property=\"og:image:type\" content=\"image\/png\" \/>\n<meta name=\"twitter:card\" content=\"summary_large_image\" \/>\n<script type=\"application\/ld+json\" class=\"yoast-schema-graph\">{\"@context\":\"https:\/\/schema.org\",\"@graph\":[{\"@type\":\"WebPage\",\"@id\":\"https:\/\/www.technique-italia.com\/es\/products\/finishing-styling-es\/gel-es\/jetting-up-wet-gel-fijacion-fuerte\/\",\"url\":\"https:\/\/www.technique-italia.com\/es\/products\/finishing-styling-es\/gel-es\/jetting-up-wet-gel-fijacion-fuerte\/\",\"name\":\"Jetting Up | Wet Gel \u2013 Fijaci\u00f3n Fuerte\",\"isPartOf\":{\"@id\":\"https:\/\/www.technique-italia.com\/es\/#website\"},\"primaryImageOfPage\":{\"@id\":\"https:\/\/www.technique-italia.com\/es\/products\/finishing-styling-es\/gel-es\/jetting-up-wet-gel-fijacion-fuerte\/#primaryimage\"},\"image\":{\"@id\":\"https:\/\/www.technique-italia.com\/es\/products\/finishing-styling-es\/gel-es\/jetting-up-wet-gel-fijacion-fuerte\/#primaryimage\"},\"thumbnailUrl\":\"https:\/\/www.technique-italia.com\/wp-content\/uploads\/2015\/05\/03009_technique_edit_on_wet_effect_gel_200ml.png\",\"datePublished\":\"2015-05-21T13:01:52+00:00\",\"dateModified\":\"2023-11-13T15:34:39+00:00\",\"description\":\"Jetting Up,\u00a0Wet Gel extrafijador efecto mojado de larga duraci\u00f3n. Ofrece\u00a0soporte y fuerza al cabello.\",\"breadcrumb\":{\"@id\":\"https:\/\/www.technique-italia.com\/es\/products\/finishing-styling-es\/gel-es\/jetting-up-wet-gel-fijacion-fuerte\/#breadcrumb\"},\"inLanguage\":\"es\",\"potentialAction\":[{\"@type\":\"ReadAction\",\"target\":[\"https:\/\/www.technique-italia.com\/es\/products\/finishing-styling-es\/gel-es\/jetting-up-wet-gel-fijacion-fuerte\/\"]}]},{\"@type\":\"ImageObject\",\"inLanguage\":\"es\",\"@id\":\"https:\/\/www.technique-italia.com\/es\/products\/finishing-styling-es\/gel-es\/jetting-up-wet-gel-fijacion-fuerte\/#primaryimage\",\"url\":\"https:\/\/www.technique-italia.com\/wp-content\/uploads\/2015\/05\/03009_technique_edit_on_wet_effect_gel_200ml.png\",\"contentUrl\":\"https:\/\/www.technique-italia.com\/wp-content\/uploads\/2015\/05\/03009_technique_edit_on_wet_effect_gel_200ml.png\",\"width\":600,\"height\":600},{\"@type\":\"BreadcrumbList\",\"@id\":\"https:\/\/www.technique-italia.com\/es\/products\/finishing-styling-es\/gel-es\/jetting-up-wet-gel-fijacion-fuerte\/#breadcrumb\",\"itemListElement\":[{\"@type\":\"ListItem\",\"position\":1,\"name\":\"Home\",\"item\":\"https:\/\/www.technique-italia.com\/es\/\"},{\"@type\":\"ListItem\",\"position\":2,\"name\":\"Productos\",\"item\":\"https:\/\/www.technique-italia.com\/es\/shop\/\"},{\"@type\":\"ListItem\",\"position\":3,\"name\":\"Jetting Up | Edit On \u2013 Gel Efecto Humedad\"}]},{\"@type\":\"WebSite\",\"@id\":\"https:\/\/www.technique-italia.com\/es\/#website\",\"url\":\"https:\/\/www.technique-italia.com\/es\/\",\"name\":\"Technique\",\"description\":\"The Italian Concept\",\"potentialAction\":[{\"@type\":\"SearchAction\",\"target\":{\"@type\":\"EntryPoint\",\"urlTemplate\":\"https:\/\/www.technique-italia.com\/es\/?s={search_term_string}\"},\"query-input\":{\"@type\":\"PropertyValueSpecification\",\"valueRequired\":true,\"valueName\":\"search_term_string\"}}],\"inLanguage\":\"es\"}]}<\/script>\n<!-- \/ Yoast SEO plugin. -->","yoast_head_json":{"title":"Jetting Up | Wet Gel \u2013 Fijaci\u00f3n Fuerte","description":"Jetting Up,\u00a0Wet Gel extrafijador efecto mojado de larga duraci\u00f3n. Ofrece\u00a0soporte y fuerza al cabello.","robots":{"index":"index","follow":"follow","max-snippet":"max-snippet:-1","max-image-preview":"max-image-preview:large","max-video-preview":"max-video-preview:-1"},"canonical":"https:\/\/www.technique-italia.com\/es\/products\/finishing-styling-es\/gel-es\/jetting-up-wet-gel-fijacion-fuerte\/","og_locale":"es_ES","og_type":"article","og_title":"Jetting Up | Wet Gel \u2013 Fijaci\u00f3n Fuerte","og_description":"Jetting Up,\u00a0Wet Gel extrafijador efecto mojado de larga duraci\u00f3n. Ofrece\u00a0soporte y fuerza al cabello.","og_url":"https:\/\/www.technique-italia.com\/es\/products\/finishing-styling-es\/gel-es\/jetting-up-wet-gel-fijacion-fuerte\/","og_site_name":"Technique","article_modified_time":"2023-11-13T15:34:39+00:00","og_image":[{"width":600,"height":600,"url":"https:\/\/www.technique-italia.com\/wp-content\/uploads\/2015\/05\/03009_technique_edit_on_wet_effect_gel_200ml.png","type":"image\/png"}],"twitter_card":"summary_large_image","schema":{"@context":"https:\/\/schema.org","@graph":[{"@type":"WebPage","@id":"https:\/\/www.technique-italia.com\/es\/products\/finishing-styling-es\/gel-es\/jetting-up-wet-gel-fijacion-fuerte\/","url":"https:\/\/www.technique-italia.com\/es\/products\/finishing-styling-es\/gel-es\/jetting-up-wet-gel-fijacion-fuerte\/","name":"Jetting Up | Wet Gel \u2013 Fijaci\u00f3n Fuerte","isPartOf":{"@id":"https:\/\/www.technique-italia.com\/es\/#website"},"primaryImageOfPage":{"@id":"https:\/\/www.technique-italia.com\/es\/products\/finishing-styling-es\/gel-es\/jetting-up-wet-gel-fijacion-fuerte\/#primaryimage"},"image":{"@id":"https:\/\/www.technique-italia.com\/es\/products\/finishing-styling-es\/gel-es\/jetting-up-wet-gel-fijacion-fuerte\/#primaryimage"},"thumbnailUrl":"https:\/\/www.technique-italia.com\/wp-content\/uploads\/2015\/05\/03009_technique_edit_on_wet_effect_gel_200ml.png","datePublished":"2015-05-21T13:01:52+00:00","dateModified":"2023-11-13T15:34:39+00:00","description":"Jetting Up,\u00a0Wet Gel extrafijador efecto mojado de larga duraci\u00f3n. Ofrece\u00a0soporte y fuerza al cabello.","breadcrumb":{"@id":"https:\/\/www.technique-italia.com\/es\/products\/finishing-styling-es\/gel-es\/jetting-up-wet-gel-fijacion-fuerte\/#breadcrumb"},"inLanguage":"es","potentialAction":[{"@type":"ReadAction","target":["https:\/\/www.technique-italia.com\/es\/products\/finishing-styling-es\/gel-es\/jetting-up-wet-gel-fijacion-fuerte\/"]}]},{"@type":"ImageObject","inLanguage":"es","@id":"https:\/\/www.technique-italia.com\/es\/products\/finishing-styling-es\/gel-es\/jetting-up-wet-gel-fijacion-fuerte\/#primaryimage","url":"https:\/\/www.technique-italia.com\/wp-content\/uploads\/2015\/05\/03009_technique_edit_on_wet_effect_gel_200ml.png","contentUrl":"https:\/\/www.technique-italia.com\/wp-content\/uploads\/2015\/05\/03009_technique_edit_on_wet_effect_gel_200ml.png","width":600,"height":600},{"@type":"BreadcrumbList","@id":"https:\/\/www.technique-italia.com\/es\/products\/finishing-styling-es\/gel-es\/jetting-up-wet-gel-fijacion-fuerte\/#breadcrumb","itemListElement":[{"@type":"ListItem","position":1,"name":"Home","item":"https:\/\/www.technique-italia.com\/es\/"},{"@type":"ListItem","position":2,"name":"Productos","item":"https:\/\/www.technique-italia.com\/es\/shop\/"},{"@type":"ListItem","position":3,"name":"Jetting Up | Edit On \u2013 Gel Efecto Humedad"}]},{"@type":"WebSite","@id":"https:\/\/www.technique-italia.com\/es\/#website","url":"https:\/\/www.technique-italia.com\/es\/","name":"Technique","description":"The Italian Concept","potentialAction":[{"@type":"SearchAction","target":{"@type":"EntryPoint","urlTemplate":"https:\/\/www.technique-italia.com\/es\/?s={search_term_string}"},"query-input":{"@type":"PropertyValueSpecification","valueRequired":true,"valueName":"search_term_string"}}],"inLanguage":"es"}]}},"_links":{"self":[{"href":"https:\/\/www.technique-italia.com\/es\/wp-json\/wp\/v2\/product\/11581","targetHints":{"allow":["GET"]}}],"collection":[{"href":"https:\/\/www.technique-italia.com\/es\/wp-json\/wp\/v2\/product"}],"about":[{"href":"https:\/\/www.technique-italia.com\/es\/wp-json\/wp\/v2\/types\/product"}],"wp:featuredmedia":[{"embeddable":true,"href":"https:\/\/www.technique-italia.com\/es\/wp-json\/wp\/v2\/media\/17460"}],"wp:attachment":[{"href":"https:\/\/www.technique-italia.com\/es\/wp-json\/wp\/v2\/media?parent=11581"}],"wp:term":[{"taxonomy":"product_brand","embeddable":true,"href":"https:\/\/www.technique-italia.com\/es\/wp-json\/wp\/v2\/product_brand?post=11581"},{"taxonomy":"product_cat","embeddable":true,"href":"https:\/\/www.technique-italia.com\/es\/wp-json\/wp\/v2\/product_cat?post=11581"},{"taxonomy":"product_tag","embeddable":true,"href":"https:\/\/www.technique-italia.com\/es\/wp-json\/wp\/v2\/product_tag?post=11581"}],"curies":[{"name":"wp","href":"https:\/\/api.w.org\/{rel}","templated":true}]}}