{"id":11575,"date":"2022-07-19T12:13:08","date_gmt":"2022-07-19T10:13:08","guid":{"rendered":"https:\/\/www.technique-italia.com\/\/products\/sin%20categor\u00eda\/locion-ondulante-para-cabellos-tenidos-y-tratados\/"},"modified":"2022-07-29T12:33:52","modified_gmt":"2022-07-29T10:33:52","slug":"locion-ondulante-para-cabellos-tenidos-y-tratados","status":"publish","type":"product","link":"https:\/\/www.technique-italia.com\/es\/products\/productos-tecnicos\/wave-hit-es\/locion-ondulante-para-cabellos-tenidos-y-tratados\/","title":{"rendered":"Loci\u00f3n ondulante para cabellos te\u00f1idos y tratados"},"content":{"rendered":"","protected":false},"excerpt":{"rendered":"<p><span style=\"font-weight: 400;\">Loci\u00f3n ondulante dise\u00f1ada para cabellos te\u00f1idos y tratados.<\/span><br \/>\n<span style=\"font-weight: 400;\">Da un<\/span><b> nuevo volumen al cabello<\/b><span style=\"font-weight: 400;\"> o crea unos <\/span><b>rizos estrechos y definidos<\/b><span style=\"font-weight: 400;\"> respetando plenamente la fibra capilar, gracias a la formulaci\u00f3n sin <\/span><b>amoniaco ni \u00e1cido tioglic\u00f3lico.<\/b><\/p>\n<p><span style=\"font-weight: 400;\">Uso profesional<\/span><\/p>\n<p><span style=\"font-weight: 400;\">480 ml<\/span><\/p>\n","protected":false},"featured_media":10869,"template":"","meta":[],"product_brand":[],"product_cat":[1037,1040],"product_tag":[],"class_list":{"0":"post-11575","1":"product","2":"type-product","3":"status-publish","4":"has-post-thumbnail","6":"product_cat-productos-tecnicos","7":"product_cat-wave-hit-es","8":"description-off","10":"first","11":"instock","12":"shipping-taxable","13":"product-type-simple"},"yoast_head":"<!-- This site is optimized with the Yoast SEO plugin v26.8 - https:\/\/yoast.com\/product\/yoast-seo-wordpress\/ -->\n<title>Loci\u00f3n ondulante para cabellos te\u00f1idos y tratados<\/title>\n<meta name=\"description\" content=\"Loci\u00f3n ondulante dise\u00f1ada para cabellos te\u00f1idos y tratados.Da un nuevo volumen al cabello o crea unos rizos estrechos y definidos.\" \/>\n<meta name=\"robots\" content=\"index, follow, max-snippet:-1, max-image-preview:large, max-video-preview:-1\" \/>\n<link rel=\"canonical\" href=\"https:\/\/www.technique-italia.com\/es\/products\/productos-tecnicos\/wave-hit-es\/locion-ondulante-para-cabellos-tenidos-y-tratados\/\" \/>\n<meta property=\"og:locale\" content=\"es_ES\" \/>\n<meta property=\"og:type\" content=\"article\" \/>\n<meta property=\"og:title\" content=\"Loci\u00f3n ondulante para cabellos te\u00f1idos y tratados\" \/>\n<meta property=\"og:description\" content=\"Loci\u00f3n ondulante dise\u00f1ada para cabellos te\u00f1idos y tratados.Da un nuevo volumen al cabello o crea unos rizos estrechos y definidos.\" \/>\n<meta property=\"og:url\" content=\"https:\/\/www.technique-italia.com\/es\/products\/productos-tecnicos\/wave-hit-es\/locion-ondulante-para-cabellos-tenidos-y-tratados\/\" \/>\n<meta property=\"og:site_name\" content=\"Technique\" \/>\n<meta property=\"article:modified_time\" content=\"2022-07-29T10:33:52+00:00\" \/>\n<meta property=\"og:image\" content=\"https:\/\/www.technique-italia.com\/wp-content\/uploads\/2022\/06\/01027_technique_waving_lotion_2_480ml.png\" \/>\n\t<meta property=\"og:image:width\" content=\"600\" \/>\n\t<meta property=\"og:image:height\" content=\"600\" \/>\n\t<meta property=\"og:image:type\" content=\"image\/png\" \/>\n<meta name=\"twitter:card\" content=\"summary_large_image\" \/>\n<script type=\"application\/ld+json\" class=\"yoast-schema-graph\">{\"@context\":\"https:\/\/schema.org\",\"@graph\":[{\"@type\":\"WebPage\",\"@id\":\"https:\/\/www.technique-italia.com\/es\/products\/productos-tecnicos\/wave-hit-es\/locion-ondulante-para-cabellos-tenidos-y-tratados\/\",\"url\":\"https:\/\/www.technique-italia.com\/es\/products\/productos-tecnicos\/wave-hit-es\/locion-ondulante-para-cabellos-tenidos-y-tratados\/\",\"name\":\"Loci\u00f3n ondulante para cabellos te\u00f1idos y tratados\",\"isPartOf\":{\"@id\":\"https:\/\/www.technique-italia.com\/es\/#website\"},\"primaryImageOfPage\":{\"@id\":\"https:\/\/www.technique-italia.com\/es\/products\/productos-tecnicos\/wave-hit-es\/locion-ondulante-para-cabellos-tenidos-y-tratados\/#primaryimage\"},\"image\":{\"@id\":\"https:\/\/www.technique-italia.com\/es\/products\/productos-tecnicos\/wave-hit-es\/locion-ondulante-para-cabellos-tenidos-y-tratados\/#primaryimage\"},\"thumbnailUrl\":\"https:\/\/www.technique-italia.com\/wp-content\/uploads\/2022\/06\/01027_technique_waving_lotion_2_480ml.png\",\"datePublished\":\"2022-07-19T10:13:08+00:00\",\"dateModified\":\"2022-07-29T10:33:52+00:00\",\"description\":\"Loci\u00f3n ondulante dise\u00f1ada para cabellos te\u00f1idos y tratados.Da un nuevo volumen al cabello o crea unos rizos estrechos y definidos.\",\"breadcrumb\":{\"@id\":\"https:\/\/www.technique-italia.com\/es\/products\/productos-tecnicos\/wave-hit-es\/locion-ondulante-para-cabellos-tenidos-y-tratados\/#breadcrumb\"},\"inLanguage\":\"es\",\"potentialAction\":[{\"@type\":\"ReadAction\",\"target\":[\"https:\/\/www.technique-italia.com\/es\/products\/productos-tecnicos\/wave-hit-es\/locion-ondulante-para-cabellos-tenidos-y-tratados\/\"]}]},{\"@type\":\"ImageObject\",\"inLanguage\":\"es\",\"@id\":\"https:\/\/www.technique-italia.com\/es\/products\/productos-tecnicos\/wave-hit-es\/locion-ondulante-para-cabellos-tenidos-y-tratados\/#primaryimage\",\"url\":\"https:\/\/www.technique-italia.com\/wp-content\/uploads\/2022\/06\/01027_technique_waving_lotion_2_480ml.png\",\"contentUrl\":\"https:\/\/www.technique-italia.com\/wp-content\/uploads\/2022\/06\/01027_technique_waving_lotion_2_480ml.png\",\"width\":600,\"height\":600},{\"@type\":\"BreadcrumbList\",\"@id\":\"https:\/\/www.technique-italia.com\/es\/products\/productos-tecnicos\/wave-hit-es\/locion-ondulante-para-cabellos-tenidos-y-tratados\/#breadcrumb\",\"itemListElement\":[{\"@type\":\"ListItem\",\"position\":1,\"name\":\"Home\",\"item\":\"https:\/\/www.technique-italia.com\/es\/\"},{\"@type\":\"ListItem\",\"position\":2,\"name\":\"Productos\",\"item\":\"https:\/\/www.technique-italia.com\/es\/shop\/\"},{\"@type\":\"ListItem\",\"position\":3,\"name\":\"Loci\u00f3n ondulante para cabellos te\u00f1idos y tratados\"}]},{\"@type\":\"WebSite\",\"@id\":\"https:\/\/www.technique-italia.com\/es\/#website\",\"url\":\"https:\/\/www.technique-italia.com\/es\/\",\"name\":\"Technique\",\"description\":\"The Italian Concept\",\"potentialAction\":[{\"@type\":\"SearchAction\",\"target\":{\"@type\":\"EntryPoint\",\"urlTemplate\":\"https:\/\/www.technique-italia.com\/es\/?s={search_term_string}\"},\"query-input\":{\"@type\":\"PropertyValueSpecification\",\"valueRequired\":true,\"valueName\":\"search_term_string\"}}],\"inLanguage\":\"es\"}]}<\/script>\n<!-- \/ Yoast SEO plugin. -->","yoast_head_json":{"title":"Loci\u00f3n ondulante para cabellos te\u00f1idos y tratados","description":"Loci\u00f3n ondulante dise\u00f1ada para cabellos te\u00f1idos y tratados.Da un nuevo volumen al cabello o crea unos rizos estrechos y definidos.","robots":{"index":"index","follow":"follow","max-snippet":"max-snippet:-1","max-image-preview":"max-image-preview:large","max-video-preview":"max-video-preview:-1"},"canonical":"https:\/\/www.technique-italia.com\/es\/products\/productos-tecnicos\/wave-hit-es\/locion-ondulante-para-cabellos-tenidos-y-tratados\/","og_locale":"es_ES","og_type":"article","og_title":"Loci\u00f3n ondulante para cabellos te\u00f1idos y tratados","og_description":"Loci\u00f3n ondulante dise\u00f1ada para cabellos te\u00f1idos y tratados.Da un nuevo volumen al cabello o crea unos rizos estrechos y definidos.","og_url":"https:\/\/www.technique-italia.com\/es\/products\/productos-tecnicos\/wave-hit-es\/locion-ondulante-para-cabellos-tenidos-y-tratados\/","og_site_name":"Technique","article_modified_time":"2022-07-29T10:33:52+00:00","og_image":[{"width":600,"height":600,"url":"https:\/\/www.technique-italia.com\/wp-content\/uploads\/2022\/06\/01027_technique_waving_lotion_2_480ml.png","type":"image\/png"}],"twitter_card":"summary_large_image","schema":{"@context":"https:\/\/schema.org","@graph":[{"@type":"WebPage","@id":"https:\/\/www.technique-italia.com\/es\/products\/productos-tecnicos\/wave-hit-es\/locion-ondulante-para-cabellos-tenidos-y-tratados\/","url":"https:\/\/www.technique-italia.com\/es\/products\/productos-tecnicos\/wave-hit-es\/locion-ondulante-para-cabellos-tenidos-y-tratados\/","name":"Loci\u00f3n ondulante para cabellos te\u00f1idos y tratados","isPartOf":{"@id":"https:\/\/www.technique-italia.com\/es\/#website"},"primaryImageOfPage":{"@id":"https:\/\/www.technique-italia.com\/es\/products\/productos-tecnicos\/wave-hit-es\/locion-ondulante-para-cabellos-tenidos-y-tratados\/#primaryimage"},"image":{"@id":"https:\/\/www.technique-italia.com\/es\/products\/productos-tecnicos\/wave-hit-es\/locion-ondulante-para-cabellos-tenidos-y-tratados\/#primaryimage"},"thumbnailUrl":"https:\/\/www.technique-italia.com\/wp-content\/uploads\/2022\/06\/01027_technique_waving_lotion_2_480ml.png","datePublished":"2022-07-19T10:13:08+00:00","dateModified":"2022-07-29T10:33:52+00:00","description":"Loci\u00f3n ondulante dise\u00f1ada para cabellos te\u00f1idos y tratados.Da un nuevo volumen al cabello o crea unos rizos estrechos y definidos.","breadcrumb":{"@id":"https:\/\/www.technique-italia.com\/es\/products\/productos-tecnicos\/wave-hit-es\/locion-ondulante-para-cabellos-tenidos-y-tratados\/#breadcrumb"},"inLanguage":"es","potentialAction":[{"@type":"ReadAction","target":["https:\/\/www.technique-italia.com\/es\/products\/productos-tecnicos\/wave-hit-es\/locion-ondulante-para-cabellos-tenidos-y-tratados\/"]}]},{"@type":"ImageObject","inLanguage":"es","@id":"https:\/\/www.technique-italia.com\/es\/products\/productos-tecnicos\/wave-hit-es\/locion-ondulante-para-cabellos-tenidos-y-tratados\/#primaryimage","url":"https:\/\/www.technique-italia.com\/wp-content\/uploads\/2022\/06\/01027_technique_waving_lotion_2_480ml.png","contentUrl":"https:\/\/www.technique-italia.com\/wp-content\/uploads\/2022\/06\/01027_technique_waving_lotion_2_480ml.png","width":600,"height":600},{"@type":"BreadcrumbList","@id":"https:\/\/www.technique-italia.com\/es\/products\/productos-tecnicos\/wave-hit-es\/locion-ondulante-para-cabellos-tenidos-y-tratados\/#breadcrumb","itemListElement":[{"@type":"ListItem","position":1,"name":"Home","item":"https:\/\/www.technique-italia.com\/es\/"},{"@type":"ListItem","position":2,"name":"Productos","item":"https:\/\/www.technique-italia.com\/es\/shop\/"},{"@type":"ListItem","position":3,"name":"Loci\u00f3n ondulante para cabellos te\u00f1idos y tratados"}]},{"@type":"WebSite","@id":"https:\/\/www.technique-italia.com\/es\/#website","url":"https:\/\/www.technique-italia.com\/es\/","name":"Technique","description":"The Italian Concept","potentialAction":[{"@type":"SearchAction","target":{"@type":"EntryPoint","urlTemplate":"https:\/\/www.technique-italia.com\/es\/?s={search_term_string}"},"query-input":{"@type":"PropertyValueSpecification","valueRequired":true,"valueName":"search_term_string"}}],"inLanguage":"es"}]}},"_links":{"self":[{"href":"https:\/\/www.technique-italia.com\/es\/wp-json\/wp\/v2\/product\/11575","targetHints":{"allow":["GET"]}}],"collection":[{"href":"https:\/\/www.technique-italia.com\/es\/wp-json\/wp\/v2\/product"}],"about":[{"href":"https:\/\/www.technique-italia.com\/es\/wp-json\/wp\/v2\/types\/product"}],"wp:featuredmedia":[{"embeddable":true,"href":"https:\/\/www.technique-italia.com\/es\/wp-json\/wp\/v2\/media\/10869"}],"wp:attachment":[{"href":"https:\/\/www.technique-italia.com\/es\/wp-json\/wp\/v2\/media?parent=11575"}],"wp:term":[{"taxonomy":"product_brand","embeddable":true,"href":"https:\/\/www.technique-italia.com\/es\/wp-json\/wp\/v2\/product_brand?post=11575"},{"taxonomy":"product_cat","embeddable":true,"href":"https:\/\/www.technique-italia.com\/es\/wp-json\/wp\/v2\/product_cat?post=11575"},{"taxonomy":"product_tag","embeddable":true,"href":"https:\/\/www.technique-italia.com\/es\/wp-json\/wp\/v2\/product_tag?post=11575"}],"curies":[{"name":"wp","href":"https:\/\/api.w.org\/{rel}","templated":true}]}}