{"id":11573,"date":"2015-05-22T09:45:36","date_gmt":"2015-05-22T07:45:36","guid":{"rendered":"https:\/\/www.technique-italia.com\/\/products\/sin%20categor\u00eda\/technique-secador-turbo-2000\/"},"modified":"2022-07-29T12:31:15","modified_gmt":"2022-07-29T10:31:15","slug":"technique-secador-turbo-2000","status":"publish","type":"product","link":"https:\/\/www.technique-italia.com\/es\/products\/productos-tecnicos\/salon-es\/technique-secador-turbo-2000\/","title":{"rendered":"Technique | Secador Turbo 2000"},"content":{"rendered":"","protected":false},"excerpt":{"rendered":"<p>Technique,\u00a0<strong>secador turbo profesional<\/strong>\u00a0de 1400 W de potencia,\u00a0<strong>3\u00a0ajustes de velocidad\u00a0<\/strong>y<strong>\u00a0temperatura<\/strong>. Bot\u00f3n para chorro de aire fr\u00edo, \u00fatil para fijar el peinado. Termostato de seguridad, estructura\u00a0<strong>antishock<\/strong>\u00a0y dise\u00f1o\u00a0<strong>ergon\u00f3mico<\/strong>. Mango antideslizante, para un agarre seguro, y predisposici\u00f3n para concentrador y difusor de aire. El secador turbo 2000 es un producto garantizado y\u00a0<strong>fabricado en Italia<\/strong>.<\/p>\n","protected":false},"featured_media":6451,"template":"","meta":[],"product_brand":[],"product_cat":[1037,1039],"product_tag":[],"class_list":{"0":"post-11573","1":"product","2":"type-product","3":"status-publish","4":"has-post-thumbnail","6":"product_cat-productos-tecnicos","7":"product_cat-salon-es","8":"description-off","10":"first","11":"instock","12":"shipping-taxable","13":"product-type-simple"},"yoast_head":"<!-- This site is optimized with the Yoast SEO plugin v26.8 - https:\/\/yoast.com\/product\/yoast-seo-wordpress\/ -->\n<title>Technique | Secador Turbo 2000<\/title>\n<meta name=\"description\" content=\"Technique,\u00a0secador turbo profesional\u00a0de 1400 W de potencia,\u00a03\u00a0ajustes de velocidad\u00a0y\u00a0temperatura.\" \/>\n<meta name=\"robots\" content=\"index, follow, max-snippet:-1, max-image-preview:large, max-video-preview:-1\" \/>\n<link rel=\"canonical\" href=\"https:\/\/www.technique-italia.com\/es\/products\/productos-tecnicos\/salon-es\/technique-secador-turbo-2000\/\" \/>\n<meta property=\"og:locale\" content=\"es_ES\" \/>\n<meta property=\"og:type\" content=\"article\" \/>\n<meta property=\"og:title\" content=\"Technique | Secador Turbo 2000\" \/>\n<meta property=\"og:description\" content=\"Technique,\u00a0secador turbo profesional\u00a0de 1400 W de potencia,\u00a03\u00a0ajustes de velocidad\u00a0y\u00a0temperatura.\" \/>\n<meta property=\"og:url\" content=\"https:\/\/www.technique-italia.com\/es\/products\/productos-tecnicos\/salon-es\/technique-secador-turbo-2000\/\" \/>\n<meta property=\"og:site_name\" content=\"Technique\" \/>\n<meta property=\"article:modified_time\" content=\"2022-07-29T10:31:15+00:00\" \/>\n<meta property=\"og:image\" content=\"https:\/\/www.technique-italia.com\/wp-content\/uploads\/2015\/05\/technique_phon_turbo_1600.png\" \/>\n\t<meta property=\"og:image:width\" content=\"512\" \/>\n\t<meta property=\"og:image:height\" content=\"600\" \/>\n\t<meta property=\"og:image:type\" content=\"image\/png\" \/>\n<meta name=\"twitter:card\" content=\"summary_large_image\" \/>\n<script type=\"application\/ld+json\" class=\"yoast-schema-graph\">{\"@context\":\"https:\/\/schema.org\",\"@graph\":[{\"@type\":\"WebPage\",\"@id\":\"https:\/\/www.technique-italia.com\/es\/products\/productos-tecnicos\/salon-es\/technique-secador-turbo-2000\/\",\"url\":\"https:\/\/www.technique-italia.com\/es\/products\/productos-tecnicos\/salon-es\/technique-secador-turbo-2000\/\",\"name\":\"Technique | Secador Turbo 2000\",\"isPartOf\":{\"@id\":\"https:\/\/www.technique-italia.com\/es\/#website\"},\"primaryImageOfPage\":{\"@id\":\"https:\/\/www.technique-italia.com\/es\/products\/productos-tecnicos\/salon-es\/technique-secador-turbo-2000\/#primaryimage\"},\"image\":{\"@id\":\"https:\/\/www.technique-italia.com\/es\/products\/productos-tecnicos\/salon-es\/technique-secador-turbo-2000\/#primaryimage\"},\"thumbnailUrl\":\"https:\/\/www.technique-italia.com\/wp-content\/uploads\/2015\/05\/technique_phon_turbo_1600.png\",\"datePublished\":\"2015-05-22T07:45:36+00:00\",\"dateModified\":\"2022-07-29T10:31:15+00:00\",\"description\":\"Technique,\u00a0secador turbo profesional\u00a0de 1400 W de potencia,\u00a03\u00a0ajustes de velocidad\u00a0y\u00a0temperatura.\",\"breadcrumb\":{\"@id\":\"https:\/\/www.technique-italia.com\/es\/products\/productos-tecnicos\/salon-es\/technique-secador-turbo-2000\/#breadcrumb\"},\"inLanguage\":\"es\",\"potentialAction\":[{\"@type\":\"ReadAction\",\"target\":[\"https:\/\/www.technique-italia.com\/es\/products\/productos-tecnicos\/salon-es\/technique-secador-turbo-2000\/\"]}]},{\"@type\":\"ImageObject\",\"inLanguage\":\"es\",\"@id\":\"https:\/\/www.technique-italia.com\/es\/products\/productos-tecnicos\/salon-es\/technique-secador-turbo-2000\/#primaryimage\",\"url\":\"https:\/\/www.technique-italia.com\/wp-content\/uploads\/2015\/05\/technique_phon_turbo_1600.png\",\"contentUrl\":\"https:\/\/www.technique-italia.com\/wp-content\/uploads\/2015\/05\/technique_phon_turbo_1600.png\",\"width\":512,\"height\":600},{\"@type\":\"BreadcrumbList\",\"@id\":\"https:\/\/www.technique-italia.com\/es\/products\/productos-tecnicos\/salon-es\/technique-secador-turbo-2000\/#breadcrumb\",\"itemListElement\":[{\"@type\":\"ListItem\",\"position\":1,\"name\":\"Home\",\"item\":\"https:\/\/www.technique-italia.com\/es\/\"},{\"@type\":\"ListItem\",\"position\":2,\"name\":\"Productos\",\"item\":\"https:\/\/www.technique-italia.com\/es\/shop\/\"},{\"@type\":\"ListItem\",\"position\":3,\"name\":\"Technique | Secador Turbo 2000\"}]},{\"@type\":\"WebSite\",\"@id\":\"https:\/\/www.technique-italia.com\/es\/#website\",\"url\":\"https:\/\/www.technique-italia.com\/es\/\",\"name\":\"Technique\",\"description\":\"The Italian Concept\",\"potentialAction\":[{\"@type\":\"SearchAction\",\"target\":{\"@type\":\"EntryPoint\",\"urlTemplate\":\"https:\/\/www.technique-italia.com\/es\/?s={search_term_string}\"},\"query-input\":{\"@type\":\"PropertyValueSpecification\",\"valueRequired\":true,\"valueName\":\"search_term_string\"}}],\"inLanguage\":\"es\"}]}<\/script>\n<!-- \/ Yoast SEO plugin. -->","yoast_head_json":{"title":"Technique | Secador Turbo 2000","description":"Technique,\u00a0secador turbo profesional\u00a0de 1400 W de potencia,\u00a03\u00a0ajustes de velocidad\u00a0y\u00a0temperatura.","robots":{"index":"index","follow":"follow","max-snippet":"max-snippet:-1","max-image-preview":"max-image-preview:large","max-video-preview":"max-video-preview:-1"},"canonical":"https:\/\/www.technique-italia.com\/es\/products\/productos-tecnicos\/salon-es\/technique-secador-turbo-2000\/","og_locale":"es_ES","og_type":"article","og_title":"Technique | Secador Turbo 2000","og_description":"Technique,\u00a0secador turbo profesional\u00a0de 1400 W de potencia,\u00a03\u00a0ajustes de velocidad\u00a0y\u00a0temperatura.","og_url":"https:\/\/www.technique-italia.com\/es\/products\/productos-tecnicos\/salon-es\/technique-secador-turbo-2000\/","og_site_name":"Technique","article_modified_time":"2022-07-29T10:31:15+00:00","og_image":[{"width":512,"height":600,"url":"https:\/\/www.technique-italia.com\/wp-content\/uploads\/2015\/05\/technique_phon_turbo_1600.png","type":"image\/png"}],"twitter_card":"summary_large_image","schema":{"@context":"https:\/\/schema.org","@graph":[{"@type":"WebPage","@id":"https:\/\/www.technique-italia.com\/es\/products\/productos-tecnicos\/salon-es\/technique-secador-turbo-2000\/","url":"https:\/\/www.technique-italia.com\/es\/products\/productos-tecnicos\/salon-es\/technique-secador-turbo-2000\/","name":"Technique | Secador Turbo 2000","isPartOf":{"@id":"https:\/\/www.technique-italia.com\/es\/#website"},"primaryImageOfPage":{"@id":"https:\/\/www.technique-italia.com\/es\/products\/productos-tecnicos\/salon-es\/technique-secador-turbo-2000\/#primaryimage"},"image":{"@id":"https:\/\/www.technique-italia.com\/es\/products\/productos-tecnicos\/salon-es\/technique-secador-turbo-2000\/#primaryimage"},"thumbnailUrl":"https:\/\/www.technique-italia.com\/wp-content\/uploads\/2015\/05\/technique_phon_turbo_1600.png","datePublished":"2015-05-22T07:45:36+00:00","dateModified":"2022-07-29T10:31:15+00:00","description":"Technique,\u00a0secador turbo profesional\u00a0de 1400 W de potencia,\u00a03\u00a0ajustes de velocidad\u00a0y\u00a0temperatura.","breadcrumb":{"@id":"https:\/\/www.technique-italia.com\/es\/products\/productos-tecnicos\/salon-es\/technique-secador-turbo-2000\/#breadcrumb"},"inLanguage":"es","potentialAction":[{"@type":"ReadAction","target":["https:\/\/www.technique-italia.com\/es\/products\/productos-tecnicos\/salon-es\/technique-secador-turbo-2000\/"]}]},{"@type":"ImageObject","inLanguage":"es","@id":"https:\/\/www.technique-italia.com\/es\/products\/productos-tecnicos\/salon-es\/technique-secador-turbo-2000\/#primaryimage","url":"https:\/\/www.technique-italia.com\/wp-content\/uploads\/2015\/05\/technique_phon_turbo_1600.png","contentUrl":"https:\/\/www.technique-italia.com\/wp-content\/uploads\/2015\/05\/technique_phon_turbo_1600.png","width":512,"height":600},{"@type":"BreadcrumbList","@id":"https:\/\/www.technique-italia.com\/es\/products\/productos-tecnicos\/salon-es\/technique-secador-turbo-2000\/#breadcrumb","itemListElement":[{"@type":"ListItem","position":1,"name":"Home","item":"https:\/\/www.technique-italia.com\/es\/"},{"@type":"ListItem","position":2,"name":"Productos","item":"https:\/\/www.technique-italia.com\/es\/shop\/"},{"@type":"ListItem","position":3,"name":"Technique | Secador Turbo 2000"}]},{"@type":"WebSite","@id":"https:\/\/www.technique-italia.com\/es\/#website","url":"https:\/\/www.technique-italia.com\/es\/","name":"Technique","description":"The Italian Concept","potentialAction":[{"@type":"SearchAction","target":{"@type":"EntryPoint","urlTemplate":"https:\/\/www.technique-italia.com\/es\/?s={search_term_string}"},"query-input":{"@type":"PropertyValueSpecification","valueRequired":true,"valueName":"search_term_string"}}],"inLanguage":"es"}]}},"_links":{"self":[{"href":"https:\/\/www.technique-italia.com\/es\/wp-json\/wp\/v2\/product\/11573","targetHints":{"allow":["GET"]}}],"collection":[{"href":"https:\/\/www.technique-italia.com\/es\/wp-json\/wp\/v2\/product"}],"about":[{"href":"https:\/\/www.technique-italia.com\/es\/wp-json\/wp\/v2\/types\/product"}],"wp:featuredmedia":[{"embeddable":true,"href":"https:\/\/www.technique-italia.com\/es\/wp-json\/wp\/v2\/media\/6451"}],"wp:attachment":[{"href":"https:\/\/www.technique-italia.com\/es\/wp-json\/wp\/v2\/media?parent=11573"}],"wp:term":[{"taxonomy":"product_brand","embeddable":true,"href":"https:\/\/www.technique-italia.com\/es\/wp-json\/wp\/v2\/product_brand?post=11573"},{"taxonomy":"product_cat","embeddable":true,"href":"https:\/\/www.technique-italia.com\/es\/wp-json\/wp\/v2\/product_cat?post=11573"},{"taxonomy":"product_tag","embeddable":true,"href":"https:\/\/www.technique-italia.com\/es\/wp-json\/wp\/v2\/product_tag?post=11573"}],"curies":[{"name":"wp","href":"https:\/\/api.w.org\/{rel}","templated":true}]}}