{"id":11572,"date":"2015-05-22T09:51:26","date_gmt":"2015-05-22T07:51:26","guid":{"rendered":"https:\/\/www.technique-italia.com\/\/products\/sin%20categor\u00eda\/technique-champu-frutas-exoticas\/"},"modified":"2022-07-29T12:29:32","modified_gmt":"2022-07-29T10:29:32","slug":"technique-champu-frutas-exoticas","status":"publish","type":"product","link":"https:\/\/www.technique-italia.com\/es\/products\/productos-tecnicos\/salon-es\/technique-champu-frutas-exoticas\/","title":{"rendered":"Technique | Champ\u00fa Frutas Ex\u00f3ticas"},"content":{"rendered":"","protected":false},"excerpt":{"rendered":"<p><strong>Technique, Champ\u00fa frutas ex\u00f3ticas<\/strong>\u00a0limpia con delicadeza y deja un agradable aroma afrutado en la cabellera. F\u00f3rmula enriquecida con los principios activos beneficiosos de los frutos ex\u00f3ticos.<strong>\u00a0Nutre y da esplendor<\/strong>\u00a0al cabello seco. Pr\u00e1ctico y c\u00f3modo en formato maxi.<\/p>\n<p>Garrafa de 10 litros<\/p>\n","protected":false},"featured_media":17470,"template":"","meta":[],"product_brand":[],"product_cat":[1037,1039],"product_tag":[],"class_list":{"0":"post-11572","1":"product","2":"type-product","3":"status-publish","4":"has-post-thumbnail","6":"product_cat-productos-tecnicos","7":"product_cat-salon-es","8":"description-off","10":"first","11":"instock","12":"shipping-taxable","13":"product-type-simple"},"yoast_head":"<!-- This site is optimized with the Yoast SEO plugin v26.8 - https:\/\/yoast.com\/product\/yoast-seo-wordpress\/ -->\n<title>Technique | Champ\u00fa Frutas Ex\u00f3ticas<\/title>\n<meta name=\"description\" content=\"Technique, Champ\u00fa frutas ex\u00f3ticas\u00a0limpia con delicadeza y deja un agradable aroma afrutado en la cabellera.\" \/>\n<meta name=\"robots\" content=\"index, follow, max-snippet:-1, max-image-preview:large, max-video-preview:-1\" \/>\n<link rel=\"canonical\" href=\"https:\/\/www.technique-italia.com\/es\/products\/productos-tecnicos\/salon-es\/technique-champu-frutas-exoticas\/\" \/>\n<meta property=\"og:locale\" content=\"es_ES\" \/>\n<meta property=\"og:type\" content=\"article\" \/>\n<meta property=\"og:title\" content=\"Technique | Champ\u00fa Frutas Ex\u00f3ticas\" \/>\n<meta property=\"og:description\" content=\"Technique, Champ\u00fa frutas ex\u00f3ticas\u00a0limpia con delicadeza y deja un agradable aroma afrutado en la cabellera.\" \/>\n<meta property=\"og:url\" content=\"https:\/\/www.technique-italia.com\/es\/products\/productos-tecnicos\/salon-es\/technique-champu-frutas-exoticas\/\" \/>\n<meta property=\"og:site_name\" content=\"Technique\" \/>\n<meta property=\"article:modified_time\" content=\"2022-07-29T10:29:32+00:00\" \/>\n<meta property=\"og:image\" content=\"https:\/\/www.technique-italia.com\/wp-content\/uploads\/2015\/05\/04001_technique_technic_shampoo_exotic_fruits_10lt-1.png\" \/>\n\t<meta property=\"og:image:width\" content=\"600\" \/>\n\t<meta property=\"og:image:height\" content=\"600\" \/>\n\t<meta property=\"og:image:type\" content=\"image\/png\" \/>\n<meta name=\"twitter:card\" content=\"summary_large_image\" \/>\n<script type=\"application\/ld+json\" class=\"yoast-schema-graph\">{\"@context\":\"https:\/\/schema.org\",\"@graph\":[{\"@type\":\"WebPage\",\"@id\":\"https:\/\/www.technique-italia.com\/es\/products\/productos-tecnicos\/salon-es\/technique-champu-frutas-exoticas\/\",\"url\":\"https:\/\/www.technique-italia.com\/es\/products\/productos-tecnicos\/salon-es\/technique-champu-frutas-exoticas\/\",\"name\":\"Technique | Champ\u00fa Frutas Ex\u00f3ticas\",\"isPartOf\":{\"@id\":\"https:\/\/www.technique-italia.com\/es\/#website\"},\"primaryImageOfPage\":{\"@id\":\"https:\/\/www.technique-italia.com\/es\/products\/productos-tecnicos\/salon-es\/technique-champu-frutas-exoticas\/#primaryimage\"},\"image\":{\"@id\":\"https:\/\/www.technique-italia.com\/es\/products\/productos-tecnicos\/salon-es\/technique-champu-frutas-exoticas\/#primaryimage\"},\"thumbnailUrl\":\"https:\/\/www.technique-italia.com\/wp-content\/uploads\/2015\/05\/04001_technique_technic_shampoo_exotic_fruits_10lt-1.png\",\"datePublished\":\"2015-05-22T07:51:26+00:00\",\"dateModified\":\"2022-07-29T10:29:32+00:00\",\"description\":\"Technique, Champ\u00fa frutas ex\u00f3ticas\u00a0limpia con delicadeza y deja un agradable aroma afrutado en la cabellera.\",\"breadcrumb\":{\"@id\":\"https:\/\/www.technique-italia.com\/es\/products\/productos-tecnicos\/salon-es\/technique-champu-frutas-exoticas\/#breadcrumb\"},\"inLanguage\":\"es\",\"potentialAction\":[{\"@type\":\"ReadAction\",\"target\":[\"https:\/\/www.technique-italia.com\/es\/products\/productos-tecnicos\/salon-es\/technique-champu-frutas-exoticas\/\"]}]},{\"@type\":\"ImageObject\",\"inLanguage\":\"es\",\"@id\":\"https:\/\/www.technique-italia.com\/es\/products\/productos-tecnicos\/salon-es\/technique-champu-frutas-exoticas\/#primaryimage\",\"url\":\"https:\/\/www.technique-italia.com\/wp-content\/uploads\/2015\/05\/04001_technique_technic_shampoo_exotic_fruits_10lt-1.png\",\"contentUrl\":\"https:\/\/www.technique-italia.com\/wp-content\/uploads\/2015\/05\/04001_technique_technic_shampoo_exotic_fruits_10lt-1.png\",\"width\":600,\"height\":600},{\"@type\":\"BreadcrumbList\",\"@id\":\"https:\/\/www.technique-italia.com\/es\/products\/productos-tecnicos\/salon-es\/technique-champu-frutas-exoticas\/#breadcrumb\",\"itemListElement\":[{\"@type\":\"ListItem\",\"position\":1,\"name\":\"Home\",\"item\":\"https:\/\/www.technique-italia.com\/es\/\"},{\"@type\":\"ListItem\",\"position\":2,\"name\":\"Productos\",\"item\":\"https:\/\/www.technique-italia.com\/es\/shop\/\"},{\"@type\":\"ListItem\",\"position\":3,\"name\":\"Technique | Champ\u00fa Frutas Ex\u00f3ticas\"}]},{\"@type\":\"WebSite\",\"@id\":\"https:\/\/www.technique-italia.com\/es\/#website\",\"url\":\"https:\/\/www.technique-italia.com\/es\/\",\"name\":\"Technique\",\"description\":\"The Italian Concept\",\"potentialAction\":[{\"@type\":\"SearchAction\",\"target\":{\"@type\":\"EntryPoint\",\"urlTemplate\":\"https:\/\/www.technique-italia.com\/es\/?s={search_term_string}\"},\"query-input\":{\"@type\":\"PropertyValueSpecification\",\"valueRequired\":true,\"valueName\":\"search_term_string\"}}],\"inLanguage\":\"es\"}]}<\/script>\n<!-- \/ Yoast SEO plugin. -->","yoast_head_json":{"title":"Technique | Champ\u00fa Frutas Ex\u00f3ticas","description":"Technique, Champ\u00fa frutas ex\u00f3ticas\u00a0limpia con delicadeza y deja un agradable aroma afrutado en la cabellera.","robots":{"index":"index","follow":"follow","max-snippet":"max-snippet:-1","max-image-preview":"max-image-preview:large","max-video-preview":"max-video-preview:-1"},"canonical":"https:\/\/www.technique-italia.com\/es\/products\/productos-tecnicos\/salon-es\/technique-champu-frutas-exoticas\/","og_locale":"es_ES","og_type":"article","og_title":"Technique | Champ\u00fa Frutas Ex\u00f3ticas","og_description":"Technique, Champ\u00fa frutas ex\u00f3ticas\u00a0limpia con delicadeza y deja un agradable aroma afrutado en la cabellera.","og_url":"https:\/\/www.technique-italia.com\/es\/products\/productos-tecnicos\/salon-es\/technique-champu-frutas-exoticas\/","og_site_name":"Technique","article_modified_time":"2022-07-29T10:29:32+00:00","og_image":[{"width":600,"height":600,"url":"https:\/\/www.technique-italia.com\/wp-content\/uploads\/2015\/05\/04001_technique_technic_shampoo_exotic_fruits_10lt-1.png","type":"image\/png"}],"twitter_card":"summary_large_image","schema":{"@context":"https:\/\/schema.org","@graph":[{"@type":"WebPage","@id":"https:\/\/www.technique-italia.com\/es\/products\/productos-tecnicos\/salon-es\/technique-champu-frutas-exoticas\/","url":"https:\/\/www.technique-italia.com\/es\/products\/productos-tecnicos\/salon-es\/technique-champu-frutas-exoticas\/","name":"Technique | Champ\u00fa Frutas Ex\u00f3ticas","isPartOf":{"@id":"https:\/\/www.technique-italia.com\/es\/#website"},"primaryImageOfPage":{"@id":"https:\/\/www.technique-italia.com\/es\/products\/productos-tecnicos\/salon-es\/technique-champu-frutas-exoticas\/#primaryimage"},"image":{"@id":"https:\/\/www.technique-italia.com\/es\/products\/productos-tecnicos\/salon-es\/technique-champu-frutas-exoticas\/#primaryimage"},"thumbnailUrl":"https:\/\/www.technique-italia.com\/wp-content\/uploads\/2015\/05\/04001_technique_technic_shampoo_exotic_fruits_10lt-1.png","datePublished":"2015-05-22T07:51:26+00:00","dateModified":"2022-07-29T10:29:32+00:00","description":"Technique, Champ\u00fa frutas ex\u00f3ticas\u00a0limpia con delicadeza y deja un agradable aroma afrutado en la cabellera.","breadcrumb":{"@id":"https:\/\/www.technique-italia.com\/es\/products\/productos-tecnicos\/salon-es\/technique-champu-frutas-exoticas\/#breadcrumb"},"inLanguage":"es","potentialAction":[{"@type":"ReadAction","target":["https:\/\/www.technique-italia.com\/es\/products\/productos-tecnicos\/salon-es\/technique-champu-frutas-exoticas\/"]}]},{"@type":"ImageObject","inLanguage":"es","@id":"https:\/\/www.technique-italia.com\/es\/products\/productos-tecnicos\/salon-es\/technique-champu-frutas-exoticas\/#primaryimage","url":"https:\/\/www.technique-italia.com\/wp-content\/uploads\/2015\/05\/04001_technique_technic_shampoo_exotic_fruits_10lt-1.png","contentUrl":"https:\/\/www.technique-italia.com\/wp-content\/uploads\/2015\/05\/04001_technique_technic_shampoo_exotic_fruits_10lt-1.png","width":600,"height":600},{"@type":"BreadcrumbList","@id":"https:\/\/www.technique-italia.com\/es\/products\/productos-tecnicos\/salon-es\/technique-champu-frutas-exoticas\/#breadcrumb","itemListElement":[{"@type":"ListItem","position":1,"name":"Home","item":"https:\/\/www.technique-italia.com\/es\/"},{"@type":"ListItem","position":2,"name":"Productos","item":"https:\/\/www.technique-italia.com\/es\/shop\/"},{"@type":"ListItem","position":3,"name":"Technique | Champ\u00fa Frutas Ex\u00f3ticas"}]},{"@type":"WebSite","@id":"https:\/\/www.technique-italia.com\/es\/#website","url":"https:\/\/www.technique-italia.com\/es\/","name":"Technique","description":"The Italian Concept","potentialAction":[{"@type":"SearchAction","target":{"@type":"EntryPoint","urlTemplate":"https:\/\/www.technique-italia.com\/es\/?s={search_term_string}"},"query-input":{"@type":"PropertyValueSpecification","valueRequired":true,"valueName":"search_term_string"}}],"inLanguage":"es"}]}},"_links":{"self":[{"href":"https:\/\/www.technique-italia.com\/es\/wp-json\/wp\/v2\/product\/11572","targetHints":{"allow":["GET"]}}],"collection":[{"href":"https:\/\/www.technique-italia.com\/es\/wp-json\/wp\/v2\/product"}],"about":[{"href":"https:\/\/www.technique-italia.com\/es\/wp-json\/wp\/v2\/types\/product"}],"wp:featuredmedia":[{"embeddable":true,"href":"https:\/\/www.technique-italia.com\/es\/wp-json\/wp\/v2\/media\/17470"}],"wp:attachment":[{"href":"https:\/\/www.technique-italia.com\/es\/wp-json\/wp\/v2\/media?parent=11572"}],"wp:term":[{"taxonomy":"product_brand","embeddable":true,"href":"https:\/\/www.technique-italia.com\/es\/wp-json\/wp\/v2\/product_brand?post=11572"},{"taxonomy":"product_cat","embeddable":true,"href":"https:\/\/www.technique-italia.com\/es\/wp-json\/wp\/v2\/product_cat?post=11572"},{"taxonomy":"product_tag","embeddable":true,"href":"https:\/\/www.technique-italia.com\/es\/wp-json\/wp\/v2\/product_tag?post=11572"}],"curies":[{"name":"wp","href":"https:\/\/api.w.org\/{rel}","templated":true}]}}