{"id":11561,"date":"2015-05-25T10:01:16","date_gmt":"2015-05-25T08:01:16","guid":{"rendered":"https:\/\/www.technique-italia.com\/\/products\/sin%20categor\u00eda\/balje-mascarilla-regeneradora\/"},"modified":"2023-01-27T14:51:52","modified_gmt":"2023-01-27T13:51:52","slug":"balje-mascarilla-regeneradora","status":"publish","type":"product","link":"https:\/\/www.technique-italia.com\/es\/products\/tratamientos\/balje-es\/balje-mascarilla-regeneradora\/","title":{"rendered":"Balj\u00e9 | Mascarilla Regeneradora"},"content":{"rendered":"","protected":false},"excerpt":{"rendered":"<p><strong>Balj\u00e9, mascarilla regeneradora,<\/strong> indicada para el cabello quebradizo y tratado. Su f\u00f3rmula a base de <strong>queratina y aceite de arg\u00e1n,<\/strong> deja el cabello perfectamente <strong>hidratado, desenredado <\/strong>y<strong> brillante<\/strong>, para conseguir un efecto de absoluta suavidad. No apelmaza la cabellera.<\/p>\n<p>Uso profesional<\/p>\n<p>Vaso de 500 ml<\/p>\n","protected":false},"featured_media":14777,"template":"","meta":[],"product_brand":[],"product_cat":[1048,1041],"product_tag":[],"class_list":{"0":"post-11561","1":"product","2":"type-product","3":"status-publish","4":"has-post-thumbnail","6":"product_cat-balje-es","7":"product_cat-tratamientos","8":"description-off","10":"first","11":"instock","12":"shipping-taxable","13":"product-type-simple"},"yoast_head":"<!-- This site is optimized with the Yoast SEO plugin v26.8 - https:\/\/yoast.com\/product\/yoast-seo-wordpress\/ -->\n<title>Balj\u00e9 | Mascarilla Regeneradora<\/title>\n<meta name=\"description\" content=\"Balj\u00e9, mascarilla regeneradora, indicada para el cabello quebradizo y tratado. Su f\u00f3rmula a base de queratina y aceite de arg\u00e1n\" \/>\n<meta name=\"robots\" content=\"index, follow, max-snippet:-1, max-image-preview:large, max-video-preview:-1\" \/>\n<link rel=\"canonical\" href=\"https:\/\/www.technique-italia.com\/es\/products\/tratamientos\/balje-es\/balje-mascarilla-regeneradora\/\" \/>\n<meta property=\"og:locale\" content=\"es_ES\" \/>\n<meta property=\"og:type\" content=\"article\" \/>\n<meta property=\"og:title\" content=\"Balj\u00e9 | Mascarilla Regeneradora\" \/>\n<meta property=\"og:description\" content=\"Balj\u00e9, mascarilla regeneradora, indicada para el cabello quebradizo y tratado. Su f\u00f3rmula a base de queratina y aceite de arg\u00e1n\" \/>\n<meta property=\"og:url\" content=\"https:\/\/www.technique-italia.com\/es\/products\/tratamientos\/balje-es\/balje-mascarilla-regeneradora\/\" \/>\n<meta property=\"og:site_name\" content=\"Technique\" \/>\n<meta property=\"article:modified_time\" content=\"2023-01-27T13:51:52+00:00\" \/>\n<meta property=\"og:image\" content=\"https:\/\/www.technique-italia.com\/wp-content\/uploads\/2015\/05\/02044_echnique_treatment_balje_regenerating_mask_500ml.png\" \/>\n\t<meta property=\"og:image:width\" content=\"600\" \/>\n\t<meta property=\"og:image:height\" content=\"600\" \/>\n\t<meta property=\"og:image:type\" content=\"image\/png\" \/>\n<meta name=\"twitter:card\" content=\"summary_large_image\" \/>\n<script type=\"application\/ld+json\" class=\"yoast-schema-graph\">{\"@context\":\"https:\/\/schema.org\",\"@graph\":[{\"@type\":\"WebPage\",\"@id\":\"https:\/\/www.technique-italia.com\/es\/products\/tratamientos\/balje-es\/balje-mascarilla-regeneradora\/\",\"url\":\"https:\/\/www.technique-italia.com\/es\/products\/tratamientos\/balje-es\/balje-mascarilla-regeneradora\/\",\"name\":\"Balj\u00e9 | Mascarilla Regeneradora\",\"isPartOf\":{\"@id\":\"https:\/\/www.technique-italia.com\/es\/#website\"},\"primaryImageOfPage\":{\"@id\":\"https:\/\/www.technique-italia.com\/es\/products\/tratamientos\/balje-es\/balje-mascarilla-regeneradora\/#primaryimage\"},\"image\":{\"@id\":\"https:\/\/www.technique-italia.com\/es\/products\/tratamientos\/balje-es\/balje-mascarilla-regeneradora\/#primaryimage\"},\"thumbnailUrl\":\"https:\/\/www.technique-italia.com\/wp-content\/uploads\/2015\/05\/02044_echnique_treatment_balje_regenerating_mask_500ml.png\",\"datePublished\":\"2015-05-25T08:01:16+00:00\",\"dateModified\":\"2023-01-27T13:51:52+00:00\",\"description\":\"Balj\u00e9, mascarilla regeneradora, indicada para el cabello quebradizo y tratado. Su f\u00f3rmula a base de queratina y aceite de arg\u00e1n\",\"breadcrumb\":{\"@id\":\"https:\/\/www.technique-italia.com\/es\/products\/tratamientos\/balje-es\/balje-mascarilla-regeneradora\/#breadcrumb\"},\"inLanguage\":\"es\",\"potentialAction\":[{\"@type\":\"ReadAction\",\"target\":[\"https:\/\/www.technique-italia.com\/es\/products\/tratamientos\/balje-es\/balje-mascarilla-regeneradora\/\"]}]},{\"@type\":\"ImageObject\",\"inLanguage\":\"es\",\"@id\":\"https:\/\/www.technique-italia.com\/es\/products\/tratamientos\/balje-es\/balje-mascarilla-regeneradora\/#primaryimage\",\"url\":\"https:\/\/www.technique-italia.com\/wp-content\/uploads\/2015\/05\/02044_echnique_treatment_balje_regenerating_mask_500ml.png\",\"contentUrl\":\"https:\/\/www.technique-italia.com\/wp-content\/uploads\/2015\/05\/02044_echnique_treatment_balje_regenerating_mask_500ml.png\",\"width\":600,\"height\":600},{\"@type\":\"BreadcrumbList\",\"@id\":\"https:\/\/www.technique-italia.com\/es\/products\/tratamientos\/balje-es\/balje-mascarilla-regeneradora\/#breadcrumb\",\"itemListElement\":[{\"@type\":\"ListItem\",\"position\":1,\"name\":\"Home\",\"item\":\"https:\/\/www.technique-italia.com\/es\/\"},{\"@type\":\"ListItem\",\"position\":2,\"name\":\"Productos\",\"item\":\"https:\/\/www.technique-italia.com\/es\/shop\/\"},{\"@type\":\"ListItem\",\"position\":3,\"name\":\"Balj\u00e9 | Mascarilla Regeneradora\"}]},{\"@type\":\"WebSite\",\"@id\":\"https:\/\/www.technique-italia.com\/es\/#website\",\"url\":\"https:\/\/www.technique-italia.com\/es\/\",\"name\":\"Technique\",\"description\":\"The Italian Concept\",\"potentialAction\":[{\"@type\":\"SearchAction\",\"target\":{\"@type\":\"EntryPoint\",\"urlTemplate\":\"https:\/\/www.technique-italia.com\/es\/?s={search_term_string}\"},\"query-input\":{\"@type\":\"PropertyValueSpecification\",\"valueRequired\":true,\"valueName\":\"search_term_string\"}}],\"inLanguage\":\"es\"}]}<\/script>\n<!-- \/ Yoast SEO plugin. -->","yoast_head_json":{"title":"Balj\u00e9 | Mascarilla Regeneradora","description":"Balj\u00e9, mascarilla regeneradora, indicada para el cabello quebradizo y tratado. Su f\u00f3rmula a base de queratina y aceite de arg\u00e1n","robots":{"index":"index","follow":"follow","max-snippet":"max-snippet:-1","max-image-preview":"max-image-preview:large","max-video-preview":"max-video-preview:-1"},"canonical":"https:\/\/www.technique-italia.com\/es\/products\/tratamientos\/balje-es\/balje-mascarilla-regeneradora\/","og_locale":"es_ES","og_type":"article","og_title":"Balj\u00e9 | Mascarilla Regeneradora","og_description":"Balj\u00e9, mascarilla regeneradora, indicada para el cabello quebradizo y tratado. Su f\u00f3rmula a base de queratina y aceite de arg\u00e1n","og_url":"https:\/\/www.technique-italia.com\/es\/products\/tratamientos\/balje-es\/balje-mascarilla-regeneradora\/","og_site_name":"Technique","article_modified_time":"2023-01-27T13:51:52+00:00","og_image":[{"width":600,"height":600,"url":"https:\/\/www.technique-italia.com\/wp-content\/uploads\/2015\/05\/02044_echnique_treatment_balje_regenerating_mask_500ml.png","type":"image\/png"}],"twitter_card":"summary_large_image","schema":{"@context":"https:\/\/schema.org","@graph":[{"@type":"WebPage","@id":"https:\/\/www.technique-italia.com\/es\/products\/tratamientos\/balje-es\/balje-mascarilla-regeneradora\/","url":"https:\/\/www.technique-italia.com\/es\/products\/tratamientos\/balje-es\/balje-mascarilla-regeneradora\/","name":"Balj\u00e9 | Mascarilla Regeneradora","isPartOf":{"@id":"https:\/\/www.technique-italia.com\/es\/#website"},"primaryImageOfPage":{"@id":"https:\/\/www.technique-italia.com\/es\/products\/tratamientos\/balje-es\/balje-mascarilla-regeneradora\/#primaryimage"},"image":{"@id":"https:\/\/www.technique-italia.com\/es\/products\/tratamientos\/balje-es\/balje-mascarilla-regeneradora\/#primaryimage"},"thumbnailUrl":"https:\/\/www.technique-italia.com\/wp-content\/uploads\/2015\/05\/02044_echnique_treatment_balje_regenerating_mask_500ml.png","datePublished":"2015-05-25T08:01:16+00:00","dateModified":"2023-01-27T13:51:52+00:00","description":"Balj\u00e9, mascarilla regeneradora, indicada para el cabello quebradizo y tratado. Su f\u00f3rmula a base de queratina y aceite de arg\u00e1n","breadcrumb":{"@id":"https:\/\/www.technique-italia.com\/es\/products\/tratamientos\/balje-es\/balje-mascarilla-regeneradora\/#breadcrumb"},"inLanguage":"es","potentialAction":[{"@type":"ReadAction","target":["https:\/\/www.technique-italia.com\/es\/products\/tratamientos\/balje-es\/balje-mascarilla-regeneradora\/"]}]},{"@type":"ImageObject","inLanguage":"es","@id":"https:\/\/www.technique-italia.com\/es\/products\/tratamientos\/balje-es\/balje-mascarilla-regeneradora\/#primaryimage","url":"https:\/\/www.technique-italia.com\/wp-content\/uploads\/2015\/05\/02044_echnique_treatment_balje_regenerating_mask_500ml.png","contentUrl":"https:\/\/www.technique-italia.com\/wp-content\/uploads\/2015\/05\/02044_echnique_treatment_balje_regenerating_mask_500ml.png","width":600,"height":600},{"@type":"BreadcrumbList","@id":"https:\/\/www.technique-italia.com\/es\/products\/tratamientos\/balje-es\/balje-mascarilla-regeneradora\/#breadcrumb","itemListElement":[{"@type":"ListItem","position":1,"name":"Home","item":"https:\/\/www.technique-italia.com\/es\/"},{"@type":"ListItem","position":2,"name":"Productos","item":"https:\/\/www.technique-italia.com\/es\/shop\/"},{"@type":"ListItem","position":3,"name":"Balj\u00e9 | Mascarilla Regeneradora"}]},{"@type":"WebSite","@id":"https:\/\/www.technique-italia.com\/es\/#website","url":"https:\/\/www.technique-italia.com\/es\/","name":"Technique","description":"The Italian Concept","potentialAction":[{"@type":"SearchAction","target":{"@type":"EntryPoint","urlTemplate":"https:\/\/www.technique-italia.com\/es\/?s={search_term_string}"},"query-input":{"@type":"PropertyValueSpecification","valueRequired":true,"valueName":"search_term_string"}}],"inLanguage":"es"}]}},"_links":{"self":[{"href":"https:\/\/www.technique-italia.com\/es\/wp-json\/wp\/v2\/product\/11561","targetHints":{"allow":["GET"]}}],"collection":[{"href":"https:\/\/www.technique-italia.com\/es\/wp-json\/wp\/v2\/product"}],"about":[{"href":"https:\/\/www.technique-italia.com\/es\/wp-json\/wp\/v2\/types\/product"}],"wp:featuredmedia":[{"embeddable":true,"href":"https:\/\/www.technique-italia.com\/es\/wp-json\/wp\/v2\/media\/14777"}],"wp:attachment":[{"href":"https:\/\/www.technique-italia.com\/es\/wp-json\/wp\/v2\/media?parent=11561"}],"wp:term":[{"taxonomy":"product_brand","embeddable":true,"href":"https:\/\/www.technique-italia.com\/es\/wp-json\/wp\/v2\/product_brand?post=11561"},{"taxonomy":"product_cat","embeddable":true,"href":"https:\/\/www.technique-italia.com\/es\/wp-json\/wp\/v2\/product_cat?post=11561"},{"taxonomy":"product_tag","embeddable":true,"href":"https:\/\/www.technique-italia.com\/es\/wp-json\/wp\/v2\/product_tag?post=11561"}],"curies":[{"name":"wp","href":"https:\/\/api.w.org\/{rel}","templated":true}]}}