{"id":11551,"date":"2017-04-12T12:18:07","date_gmt":"2017-04-12T10:18:07","guid":{"rendered":"https:\/\/www.technique-italia.com\/\/products\/sin%20categor\u00eda\/mirylia-aceite-sublimador-de-brillo\/"},"modified":"2022-07-29T11:52:28","modified_gmt":"2022-07-29T09:52:28","slug":"mirylia-aceite-sublimador-de-brillo","status":"publish","type":"product","link":"https:\/\/www.technique-italia.com\/es\/products\/tratamientos\/mirylia-es\/mirylia-aceite-sublimador-de-brillo\/","title":{"rendered":"Mirylia | Aceite Sublimador de Brillo"},"content":{"rendered":"","protected":false},"excerpt":{"rendered":"<p><strong>Mirylia <\/strong>es el nuevo <strong>aceite sublimador del brillo<\/strong> que ofrece <strong>suavidad <\/strong>extraordinaria, minimiza el <strong>encrespamiento<\/strong> y ayuda a <strong>prevenir las puntas abiertas<\/strong>. F\u00f3rmula con <strong>aceite de arg\u00e1n, c\u00e1\u00f1amo <\/strong>y<strong> pr\u00edmula<\/strong>.<\/p>\n<p>Frasco de 100 ml<\/p>\n","protected":false},"featured_media":14749,"template":"","meta":[],"product_brand":[],"product_cat":[1049,1041],"product_tag":[],"class_list":{"0":"post-11551","1":"product","2":"type-product","3":"status-publish","4":"has-post-thumbnail","6":"product_cat-mirylia-es","7":"product_cat-tratamientos","8":"description-off","10":"first","11":"instock","12":"shipping-taxable","13":"product-type-simple"},"yoast_head":"<!-- This site is optimized with the Yoast SEO plugin v26.8 - https:\/\/yoast.com\/product\/yoast-seo-wordpress\/ -->\n<title>Mirylia | Aceite Sublimador de Brillo - Technique<\/title>\n<meta name=\"description\" content=\"Mirylia es el nuevo aceite sublimador del brillo que ofrece suavidad extraordinaria, minimiza el encrespamiento\" \/>\n<meta name=\"robots\" content=\"index, follow, max-snippet:-1, max-image-preview:large, max-video-preview:-1\" \/>\n<link rel=\"canonical\" href=\"https:\/\/www.technique-italia.com\/es\/products\/tratamientos\/mirylia-es\/mirylia-aceite-sublimador-de-brillo\/\" \/>\n<meta property=\"og:locale\" content=\"es_ES\" \/>\n<meta property=\"og:type\" content=\"article\" \/>\n<meta property=\"og:title\" content=\"Mirylia | Aceite Sublimador de Brillo - Technique\" \/>\n<meta property=\"og:description\" content=\"Mirylia es el nuevo aceite sublimador del brillo que ofrece suavidad extraordinaria, minimiza el encrespamiento\" \/>\n<meta property=\"og:url\" content=\"https:\/\/www.technique-italia.com\/es\/products\/tratamientos\/mirylia-es\/mirylia-aceite-sublimador-de-brillo\/\" \/>\n<meta property=\"og:site_name\" content=\"Technique\" \/>\n<meta property=\"article:modified_time\" content=\"2022-07-29T09:52:28+00:00\" \/>\n<meta property=\"og:image\" content=\"https:\/\/www.technique-italia.com\/wp-content\/uploads\/2023\/01\/02056_technique_treatment_mirylia_sublimating_oil_for_shine_100ml.png\" \/>\n\t<meta property=\"og:image:width\" content=\"600\" \/>\n\t<meta property=\"og:image:height\" content=\"600\" \/>\n\t<meta property=\"og:image:type\" content=\"image\/png\" \/>\n<meta name=\"twitter:card\" content=\"summary_large_image\" \/>\n<script type=\"application\/ld+json\" class=\"yoast-schema-graph\">{\"@context\":\"https:\/\/schema.org\",\"@graph\":[{\"@type\":\"WebPage\",\"@id\":\"https:\/\/www.technique-italia.com\/es\/products\/tratamientos\/mirylia-es\/mirylia-aceite-sublimador-de-brillo\/\",\"url\":\"https:\/\/www.technique-italia.com\/es\/products\/tratamientos\/mirylia-es\/mirylia-aceite-sublimador-de-brillo\/\",\"name\":\"Mirylia | Aceite Sublimador de Brillo - Technique\",\"isPartOf\":{\"@id\":\"https:\/\/www.technique-italia.com\/es\/#website\"},\"primaryImageOfPage\":{\"@id\":\"https:\/\/www.technique-italia.com\/es\/products\/tratamientos\/mirylia-es\/mirylia-aceite-sublimador-de-brillo\/#primaryimage\"},\"image\":{\"@id\":\"https:\/\/www.technique-italia.com\/es\/products\/tratamientos\/mirylia-es\/mirylia-aceite-sublimador-de-brillo\/#primaryimage\"},\"thumbnailUrl\":\"https:\/\/www.technique-italia.com\/wp-content\/uploads\/2023\/01\/02056_technique_treatment_mirylia_sublimating_oil_for_shine_100ml.png\",\"datePublished\":\"2017-04-12T10:18:07+00:00\",\"dateModified\":\"2022-07-29T09:52:28+00:00\",\"description\":\"Mirylia es el nuevo aceite sublimador del brillo que ofrece suavidad extraordinaria, minimiza el encrespamiento\",\"breadcrumb\":{\"@id\":\"https:\/\/www.technique-italia.com\/es\/products\/tratamientos\/mirylia-es\/mirylia-aceite-sublimador-de-brillo\/#breadcrumb\"},\"inLanguage\":\"es\",\"potentialAction\":[{\"@type\":\"ReadAction\",\"target\":[\"https:\/\/www.technique-italia.com\/es\/products\/tratamientos\/mirylia-es\/mirylia-aceite-sublimador-de-brillo\/\"]}]},{\"@type\":\"ImageObject\",\"inLanguage\":\"es\",\"@id\":\"https:\/\/www.technique-italia.com\/es\/products\/tratamientos\/mirylia-es\/mirylia-aceite-sublimador-de-brillo\/#primaryimage\",\"url\":\"https:\/\/www.technique-italia.com\/wp-content\/uploads\/2023\/01\/02056_technique_treatment_mirylia_sublimating_oil_for_shine_100ml.png\",\"contentUrl\":\"https:\/\/www.technique-italia.com\/wp-content\/uploads\/2023\/01\/02056_technique_treatment_mirylia_sublimating_oil_for_shine_100ml.png\",\"width\":600,\"height\":600},{\"@type\":\"BreadcrumbList\",\"@id\":\"https:\/\/www.technique-italia.com\/es\/products\/tratamientos\/mirylia-es\/mirylia-aceite-sublimador-de-brillo\/#breadcrumb\",\"itemListElement\":[{\"@type\":\"ListItem\",\"position\":1,\"name\":\"Home\",\"item\":\"https:\/\/www.technique-italia.com\/es\/\"},{\"@type\":\"ListItem\",\"position\":2,\"name\":\"Productos\",\"item\":\"https:\/\/www.technique-italia.com\/es\/shop\/\"},{\"@type\":\"ListItem\",\"position\":3,\"name\":\"Mirylia | Aceite Sublimador de Brillo\"}]},{\"@type\":\"WebSite\",\"@id\":\"https:\/\/www.technique-italia.com\/es\/#website\",\"url\":\"https:\/\/www.technique-italia.com\/es\/\",\"name\":\"Technique\",\"description\":\"The Italian Concept\",\"potentialAction\":[{\"@type\":\"SearchAction\",\"target\":{\"@type\":\"EntryPoint\",\"urlTemplate\":\"https:\/\/www.technique-italia.com\/es\/?s={search_term_string}\"},\"query-input\":{\"@type\":\"PropertyValueSpecification\",\"valueRequired\":true,\"valueName\":\"search_term_string\"}}],\"inLanguage\":\"es\"}]}<\/script>\n<!-- \/ Yoast SEO plugin. -->","yoast_head_json":{"title":"Mirylia | Aceite Sublimador de Brillo - Technique","description":"Mirylia es el nuevo aceite sublimador del brillo que ofrece suavidad extraordinaria, minimiza el encrespamiento","robots":{"index":"index","follow":"follow","max-snippet":"max-snippet:-1","max-image-preview":"max-image-preview:large","max-video-preview":"max-video-preview:-1"},"canonical":"https:\/\/www.technique-italia.com\/es\/products\/tratamientos\/mirylia-es\/mirylia-aceite-sublimador-de-brillo\/","og_locale":"es_ES","og_type":"article","og_title":"Mirylia | Aceite Sublimador de Brillo - Technique","og_description":"Mirylia es el nuevo aceite sublimador del brillo que ofrece suavidad extraordinaria, minimiza el encrespamiento","og_url":"https:\/\/www.technique-italia.com\/es\/products\/tratamientos\/mirylia-es\/mirylia-aceite-sublimador-de-brillo\/","og_site_name":"Technique","article_modified_time":"2022-07-29T09:52:28+00:00","og_image":[{"width":600,"height":600,"url":"https:\/\/www.technique-italia.com\/wp-content\/uploads\/2023\/01\/02056_technique_treatment_mirylia_sublimating_oil_for_shine_100ml.png","type":"image\/png"}],"twitter_card":"summary_large_image","schema":{"@context":"https:\/\/schema.org","@graph":[{"@type":"WebPage","@id":"https:\/\/www.technique-italia.com\/es\/products\/tratamientos\/mirylia-es\/mirylia-aceite-sublimador-de-brillo\/","url":"https:\/\/www.technique-italia.com\/es\/products\/tratamientos\/mirylia-es\/mirylia-aceite-sublimador-de-brillo\/","name":"Mirylia | Aceite Sublimador de Brillo - Technique","isPartOf":{"@id":"https:\/\/www.technique-italia.com\/es\/#website"},"primaryImageOfPage":{"@id":"https:\/\/www.technique-italia.com\/es\/products\/tratamientos\/mirylia-es\/mirylia-aceite-sublimador-de-brillo\/#primaryimage"},"image":{"@id":"https:\/\/www.technique-italia.com\/es\/products\/tratamientos\/mirylia-es\/mirylia-aceite-sublimador-de-brillo\/#primaryimage"},"thumbnailUrl":"https:\/\/www.technique-italia.com\/wp-content\/uploads\/2023\/01\/02056_technique_treatment_mirylia_sublimating_oil_for_shine_100ml.png","datePublished":"2017-04-12T10:18:07+00:00","dateModified":"2022-07-29T09:52:28+00:00","description":"Mirylia es el nuevo aceite sublimador del brillo que ofrece suavidad extraordinaria, minimiza el encrespamiento","breadcrumb":{"@id":"https:\/\/www.technique-italia.com\/es\/products\/tratamientos\/mirylia-es\/mirylia-aceite-sublimador-de-brillo\/#breadcrumb"},"inLanguage":"es","potentialAction":[{"@type":"ReadAction","target":["https:\/\/www.technique-italia.com\/es\/products\/tratamientos\/mirylia-es\/mirylia-aceite-sublimador-de-brillo\/"]}]},{"@type":"ImageObject","inLanguage":"es","@id":"https:\/\/www.technique-italia.com\/es\/products\/tratamientos\/mirylia-es\/mirylia-aceite-sublimador-de-brillo\/#primaryimage","url":"https:\/\/www.technique-italia.com\/wp-content\/uploads\/2023\/01\/02056_technique_treatment_mirylia_sublimating_oil_for_shine_100ml.png","contentUrl":"https:\/\/www.technique-italia.com\/wp-content\/uploads\/2023\/01\/02056_technique_treatment_mirylia_sublimating_oil_for_shine_100ml.png","width":600,"height":600},{"@type":"BreadcrumbList","@id":"https:\/\/www.technique-italia.com\/es\/products\/tratamientos\/mirylia-es\/mirylia-aceite-sublimador-de-brillo\/#breadcrumb","itemListElement":[{"@type":"ListItem","position":1,"name":"Home","item":"https:\/\/www.technique-italia.com\/es\/"},{"@type":"ListItem","position":2,"name":"Productos","item":"https:\/\/www.technique-italia.com\/es\/shop\/"},{"@type":"ListItem","position":3,"name":"Mirylia | Aceite Sublimador de Brillo"}]},{"@type":"WebSite","@id":"https:\/\/www.technique-italia.com\/es\/#website","url":"https:\/\/www.technique-italia.com\/es\/","name":"Technique","description":"The Italian Concept","potentialAction":[{"@type":"SearchAction","target":{"@type":"EntryPoint","urlTemplate":"https:\/\/www.technique-italia.com\/es\/?s={search_term_string}"},"query-input":{"@type":"PropertyValueSpecification","valueRequired":true,"valueName":"search_term_string"}}],"inLanguage":"es"}]}},"_links":{"self":[{"href":"https:\/\/www.technique-italia.com\/es\/wp-json\/wp\/v2\/product\/11551","targetHints":{"allow":["GET"]}}],"collection":[{"href":"https:\/\/www.technique-italia.com\/es\/wp-json\/wp\/v2\/product"}],"about":[{"href":"https:\/\/www.technique-italia.com\/es\/wp-json\/wp\/v2\/types\/product"}],"wp:featuredmedia":[{"embeddable":true,"href":"https:\/\/www.technique-italia.com\/es\/wp-json\/wp\/v2\/media\/14749"}],"wp:attachment":[{"href":"https:\/\/www.technique-italia.com\/es\/wp-json\/wp\/v2\/media?parent=11551"}],"wp:term":[{"taxonomy":"product_brand","embeddable":true,"href":"https:\/\/www.technique-italia.com\/es\/wp-json\/wp\/v2\/product_brand?post=11551"},{"taxonomy":"product_cat","embeddable":true,"href":"https:\/\/www.technique-italia.com\/es\/wp-json\/wp\/v2\/product_cat?post=11551"},{"taxonomy":"product_tag","embeddable":true,"href":"https:\/\/www.technique-italia.com\/es\/wp-json\/wp\/v2\/product_tag?post=11551"}],"curies":[{"name":"wp","href":"https:\/\/api.w.org\/{rel}","templated":true}]}}