{"id":11539,"date":"2015-05-25T09:52:51","date_gmt":"2015-05-25T07:52:51","guid":{"rendered":"https:\/\/www.technique-italia.com\/\/products\/sin%20categor\u00eda\/system-purify-bano-capilar-bivalente\/"},"modified":"2022-07-29T10:51:13","modified_gmt":"2022-07-29T08:51:13","slug":"system-purify-bano-capilar-bivalente","status":"publish","type":"product","link":"https:\/\/www.technique-italia.com\/es\/products\/tratamientos\/system-purify-es\/system-purify-bano-capilar-bivalente\/","title":{"rendered":"System Purify | Ba\u00f1o Capilar Bivalente"},"content":{"rendered":"","protected":false},"excerpt":{"rendered":"<p><strong>System Purify, ba\u00f1o capilar bivalente<\/strong> est\u00e1 dise\u00f1ado para todo tipo de cabello con <strong>caspa <\/strong>y<strong> piel grasa<\/strong> y para todas las manifestaciones de descamaci\u00f3n del cuero cabelludo. <strong>Acci\u00f3n purificadora<\/strong> que favorece la normalizaci\u00f3n cut\u00e1nea. La acci\u00f3n contin\u00faa en casa, con el formato de bolsillo de 300 ml.<\/p>\n<p>Uso profesional<\/p>\n<p>Frasco de 300 ml<\/p>\n","protected":false},"featured_media":10840,"template":"","meta":[],"product_brand":[],"product_cat":[1051,1041],"product_tag":[],"class_list":{"0":"post-11539","1":"product","2":"type-product","3":"status-publish","4":"has-post-thumbnail","6":"product_cat-system-purify-es","7":"product_cat-tratamientos","8":"description-off","10":"first","11":"instock","12":"shipping-taxable","13":"product-type-simple"},"yoast_head":"<!-- This site is optimized with the Yoast SEO plugin v26.8 - https:\/\/yoast.com\/product\/yoast-seo-wordpress\/ -->\n<title>System Purify | Ba\u00f1o Capilar Bivalente<\/title>\n<meta name=\"description\" content=\"System Purify, ba\u00f1o capilar bivalente est\u00e1 dise\u00f1ado para todo tipo de cabello con caspa y piel grasa y para todas las manifestaciones de descamaci\u00f3n del cuero cabelludo.\" \/>\n<meta name=\"robots\" content=\"index, follow, max-snippet:-1, max-image-preview:large, max-video-preview:-1\" \/>\n<link rel=\"canonical\" href=\"https:\/\/www.technique-italia.com\/es\/products\/tratamientos\/system-purify-es\/system-purify-bano-capilar-bivalente\/\" \/>\n<meta property=\"og:locale\" content=\"es_ES\" \/>\n<meta property=\"og:type\" content=\"article\" \/>\n<meta property=\"og:title\" content=\"System Purify | Ba\u00f1o Capilar Bivalente\" \/>\n<meta property=\"og:description\" content=\"System Purify, ba\u00f1o capilar bivalente est\u00e1 dise\u00f1ado para todo tipo de cabello con caspa y piel grasa y para todas las manifestaciones de descamaci\u00f3n del cuero cabelludo.\" \/>\n<meta property=\"og:url\" content=\"https:\/\/www.technique-italia.com\/es\/products\/tratamientos\/system-purify-es\/system-purify-bano-capilar-bivalente\/\" \/>\n<meta property=\"og:site_name\" content=\"Technique\" \/>\n<meta property=\"article:modified_time\" content=\"2022-07-29T08:51:13+00:00\" \/>\n<meta property=\"og:image\" content=\"https:\/\/www.technique-italia.com\/wp-content\/uploads\/2022\/05\/02028_technique_treatment_system_purify_shampoo_300ml.png\" \/>\n\t<meta property=\"og:image:width\" content=\"600\" \/>\n\t<meta property=\"og:image:height\" content=\"600\" \/>\n\t<meta property=\"og:image:type\" content=\"image\/png\" \/>\n<meta name=\"twitter:card\" content=\"summary_large_image\" \/>\n<script type=\"application\/ld+json\" class=\"yoast-schema-graph\">{\"@context\":\"https:\/\/schema.org\",\"@graph\":[{\"@type\":\"WebPage\",\"@id\":\"https:\/\/www.technique-italia.com\/es\/products\/tratamientos\/system-purify-es\/system-purify-bano-capilar-bivalente\/\",\"url\":\"https:\/\/www.technique-italia.com\/es\/products\/tratamientos\/system-purify-es\/system-purify-bano-capilar-bivalente\/\",\"name\":\"System Purify | Ba\u00f1o Capilar Bivalente\",\"isPartOf\":{\"@id\":\"https:\/\/www.technique-italia.com\/es\/#website\"},\"primaryImageOfPage\":{\"@id\":\"https:\/\/www.technique-italia.com\/es\/products\/tratamientos\/system-purify-es\/system-purify-bano-capilar-bivalente\/#primaryimage\"},\"image\":{\"@id\":\"https:\/\/www.technique-italia.com\/es\/products\/tratamientos\/system-purify-es\/system-purify-bano-capilar-bivalente\/#primaryimage\"},\"thumbnailUrl\":\"https:\/\/www.technique-italia.com\/wp-content\/uploads\/2022\/05\/02028_technique_treatment_system_purify_shampoo_300ml.png\",\"datePublished\":\"2015-05-25T07:52:51+00:00\",\"dateModified\":\"2022-07-29T08:51:13+00:00\",\"description\":\"System Purify, ba\u00f1o capilar bivalente est\u00e1 dise\u00f1ado para todo tipo de cabello con caspa y piel grasa y para todas las manifestaciones de descamaci\u00f3n del cuero cabelludo.\",\"breadcrumb\":{\"@id\":\"https:\/\/www.technique-italia.com\/es\/products\/tratamientos\/system-purify-es\/system-purify-bano-capilar-bivalente\/#breadcrumb\"},\"inLanguage\":\"es\",\"potentialAction\":[{\"@type\":\"ReadAction\",\"target\":[\"https:\/\/www.technique-italia.com\/es\/products\/tratamientos\/system-purify-es\/system-purify-bano-capilar-bivalente\/\"]}]},{\"@type\":\"ImageObject\",\"inLanguage\":\"es\",\"@id\":\"https:\/\/www.technique-italia.com\/es\/products\/tratamientos\/system-purify-es\/system-purify-bano-capilar-bivalente\/#primaryimage\",\"url\":\"https:\/\/www.technique-italia.com\/wp-content\/uploads\/2022\/05\/02028_technique_treatment_system_purify_shampoo_300ml.png\",\"contentUrl\":\"https:\/\/www.technique-italia.com\/wp-content\/uploads\/2022\/05\/02028_technique_treatment_system_purify_shampoo_300ml.png\",\"width\":600,\"height\":600},{\"@type\":\"BreadcrumbList\",\"@id\":\"https:\/\/www.technique-italia.com\/es\/products\/tratamientos\/system-purify-es\/system-purify-bano-capilar-bivalente\/#breadcrumb\",\"itemListElement\":[{\"@type\":\"ListItem\",\"position\":1,\"name\":\"Home\",\"item\":\"https:\/\/www.technique-italia.com\/es\/\"},{\"@type\":\"ListItem\",\"position\":2,\"name\":\"Productos\",\"item\":\"https:\/\/www.technique-italia.com\/es\/shop\/\"},{\"@type\":\"ListItem\",\"position\":3,\"name\":\"System Purify | Ba\u00f1o Capilar Bivalente\"}]},{\"@type\":\"WebSite\",\"@id\":\"https:\/\/www.technique-italia.com\/es\/#website\",\"url\":\"https:\/\/www.technique-italia.com\/es\/\",\"name\":\"Technique\",\"description\":\"The Italian Concept\",\"potentialAction\":[{\"@type\":\"SearchAction\",\"target\":{\"@type\":\"EntryPoint\",\"urlTemplate\":\"https:\/\/www.technique-italia.com\/es\/?s={search_term_string}\"},\"query-input\":{\"@type\":\"PropertyValueSpecification\",\"valueRequired\":true,\"valueName\":\"search_term_string\"}}],\"inLanguage\":\"es\"}]}<\/script>\n<!-- \/ Yoast SEO plugin. -->","yoast_head_json":{"title":"System Purify | Ba\u00f1o Capilar Bivalente","description":"System Purify, ba\u00f1o capilar bivalente est\u00e1 dise\u00f1ado para todo tipo de cabello con caspa y piel grasa y para todas las manifestaciones de descamaci\u00f3n del cuero cabelludo.","robots":{"index":"index","follow":"follow","max-snippet":"max-snippet:-1","max-image-preview":"max-image-preview:large","max-video-preview":"max-video-preview:-1"},"canonical":"https:\/\/www.technique-italia.com\/es\/products\/tratamientos\/system-purify-es\/system-purify-bano-capilar-bivalente\/","og_locale":"es_ES","og_type":"article","og_title":"System Purify | Ba\u00f1o Capilar Bivalente","og_description":"System Purify, ba\u00f1o capilar bivalente est\u00e1 dise\u00f1ado para todo tipo de cabello con caspa y piel grasa y para todas las manifestaciones de descamaci\u00f3n del cuero cabelludo.","og_url":"https:\/\/www.technique-italia.com\/es\/products\/tratamientos\/system-purify-es\/system-purify-bano-capilar-bivalente\/","og_site_name":"Technique","article_modified_time":"2022-07-29T08:51:13+00:00","og_image":[{"width":600,"height":600,"url":"https:\/\/www.technique-italia.com\/wp-content\/uploads\/2022\/05\/02028_technique_treatment_system_purify_shampoo_300ml.png","type":"image\/png"}],"twitter_card":"summary_large_image","schema":{"@context":"https:\/\/schema.org","@graph":[{"@type":"WebPage","@id":"https:\/\/www.technique-italia.com\/es\/products\/tratamientos\/system-purify-es\/system-purify-bano-capilar-bivalente\/","url":"https:\/\/www.technique-italia.com\/es\/products\/tratamientos\/system-purify-es\/system-purify-bano-capilar-bivalente\/","name":"System Purify | Ba\u00f1o Capilar Bivalente","isPartOf":{"@id":"https:\/\/www.technique-italia.com\/es\/#website"},"primaryImageOfPage":{"@id":"https:\/\/www.technique-italia.com\/es\/products\/tratamientos\/system-purify-es\/system-purify-bano-capilar-bivalente\/#primaryimage"},"image":{"@id":"https:\/\/www.technique-italia.com\/es\/products\/tratamientos\/system-purify-es\/system-purify-bano-capilar-bivalente\/#primaryimage"},"thumbnailUrl":"https:\/\/www.technique-italia.com\/wp-content\/uploads\/2022\/05\/02028_technique_treatment_system_purify_shampoo_300ml.png","datePublished":"2015-05-25T07:52:51+00:00","dateModified":"2022-07-29T08:51:13+00:00","description":"System Purify, ba\u00f1o capilar bivalente est\u00e1 dise\u00f1ado para todo tipo de cabello con caspa y piel grasa y para todas las manifestaciones de descamaci\u00f3n del cuero cabelludo.","breadcrumb":{"@id":"https:\/\/www.technique-italia.com\/es\/products\/tratamientos\/system-purify-es\/system-purify-bano-capilar-bivalente\/#breadcrumb"},"inLanguage":"es","potentialAction":[{"@type":"ReadAction","target":["https:\/\/www.technique-italia.com\/es\/products\/tratamientos\/system-purify-es\/system-purify-bano-capilar-bivalente\/"]}]},{"@type":"ImageObject","inLanguage":"es","@id":"https:\/\/www.technique-italia.com\/es\/products\/tratamientos\/system-purify-es\/system-purify-bano-capilar-bivalente\/#primaryimage","url":"https:\/\/www.technique-italia.com\/wp-content\/uploads\/2022\/05\/02028_technique_treatment_system_purify_shampoo_300ml.png","contentUrl":"https:\/\/www.technique-italia.com\/wp-content\/uploads\/2022\/05\/02028_technique_treatment_system_purify_shampoo_300ml.png","width":600,"height":600},{"@type":"BreadcrumbList","@id":"https:\/\/www.technique-italia.com\/es\/products\/tratamientos\/system-purify-es\/system-purify-bano-capilar-bivalente\/#breadcrumb","itemListElement":[{"@type":"ListItem","position":1,"name":"Home","item":"https:\/\/www.technique-italia.com\/es\/"},{"@type":"ListItem","position":2,"name":"Productos","item":"https:\/\/www.technique-italia.com\/es\/shop\/"},{"@type":"ListItem","position":3,"name":"System Purify | Ba\u00f1o Capilar Bivalente"}]},{"@type":"WebSite","@id":"https:\/\/www.technique-italia.com\/es\/#website","url":"https:\/\/www.technique-italia.com\/es\/","name":"Technique","description":"The Italian Concept","potentialAction":[{"@type":"SearchAction","target":{"@type":"EntryPoint","urlTemplate":"https:\/\/www.technique-italia.com\/es\/?s={search_term_string}"},"query-input":{"@type":"PropertyValueSpecification","valueRequired":true,"valueName":"search_term_string"}}],"inLanguage":"es"}]}},"_links":{"self":[{"href":"https:\/\/www.technique-italia.com\/es\/wp-json\/wp\/v2\/product\/11539","targetHints":{"allow":["GET"]}}],"collection":[{"href":"https:\/\/www.technique-italia.com\/es\/wp-json\/wp\/v2\/product"}],"about":[{"href":"https:\/\/www.technique-italia.com\/es\/wp-json\/wp\/v2\/types\/product"}],"wp:featuredmedia":[{"embeddable":true,"href":"https:\/\/www.technique-italia.com\/es\/wp-json\/wp\/v2\/media\/10840"}],"wp:attachment":[{"href":"https:\/\/www.technique-italia.com\/es\/wp-json\/wp\/v2\/media?parent=11539"}],"wp:term":[{"taxonomy":"product_brand","embeddable":true,"href":"https:\/\/www.technique-italia.com\/es\/wp-json\/wp\/v2\/product_brand?post=11539"},{"taxonomy":"product_cat","embeddable":true,"href":"https:\/\/www.technique-italia.com\/es\/wp-json\/wp\/v2\/product_cat?post=11539"},{"taxonomy":"product_tag","embeddable":true,"href":"https:\/\/www.technique-italia.com\/es\/wp-json\/wp\/v2\/product_tag?post=11539"}],"curies":[{"name":"wp","href":"https:\/\/api.w.org\/{rel}","templated":true}]}}