{"id":11536,"date":"2015-05-25T09:35:25","date_gmt":"2015-05-25T07:35:25","guid":{"rendered":"https:\/\/www.technique-italia.com\/\/products\/sin%20categor\u00eda\/system-energy-tratamiento-intensivo-prevencion-caida\/"},"modified":"2022-07-29T10:45:18","modified_gmt":"2022-07-29T08:45:18","slug":"system-energy-tratamiento-intensivo-prevencion-caida","status":"publish","type":"product","link":"https:\/\/www.technique-italia.com\/es\/products\/tratamientos\/system-energy-es\/system-energy-tratamiento-intensivo-prevencion-caida\/","title":{"rendered":"System Energy | Tratamiento Intensivo Prevenci\u00f3n Ca\u00edda"},"content":{"rendered":"","protected":false},"excerpt":{"rendered":"<p><strong>System Energy, tratamiento intensivo prevenci\u00f3n antica\u00edda<\/strong> consiste en un sistema de principios activos y sustancias funcionales de <strong>acci\u00f3n estimulante<\/strong>. F\u00f3rmula enriquecida con <strong>queratina hidrolizada, complejo multivitam\u00ednico <\/strong>y<strong> aceites esenciales<\/strong>, que revitalizan y fortalecen la estructura del cabello.<\/p>\n<p>Uso profesional<\/p>\n<p>10 viales monodosis de 8 ml<\/p>\n","protected":false},"featured_media":14402,"template":"","meta":[],"product_brand":[],"product_cat":[1050,1041],"product_tag":[],"class_list":{"0":"post-11536","1":"product","2":"type-product","3":"status-publish","4":"has-post-thumbnail","6":"product_cat-system-energy-es","7":"product_cat-tratamientos","8":"description-off","10":"first","11":"instock","12":"shipping-taxable","13":"product-type-simple"},"yoast_head":"<!-- This site is optimized with the Yoast SEO plugin v26.8 - https:\/\/yoast.com\/product\/yoast-seo-wordpress\/ -->\n<title>System Energy | Tratamiento Intensivo Prevenci\u00f3n Ca\u00edda<\/title>\n<meta name=\"description\" content=\"System Energy, tratamiento intensivo prevenci\u00f3n antica\u00edda consiste en un sistema de principios activos y sustancias funcionales de acci\u00f3n estimulante.\" \/>\n<meta name=\"robots\" content=\"index, follow, max-snippet:-1, max-image-preview:large, max-video-preview:-1\" \/>\n<link rel=\"canonical\" href=\"https:\/\/www.technique-italia.com\/es\/products\/tratamientos\/system-energy-es\/system-energy-tratamiento-intensivo-prevencion-caida\/\" \/>\n<meta property=\"og:locale\" content=\"es_ES\" \/>\n<meta property=\"og:type\" content=\"article\" \/>\n<meta property=\"og:title\" content=\"System Energy | Tratamiento Intensivo Prevenci\u00f3n Ca\u00edda\" \/>\n<meta property=\"og:description\" content=\"System Energy, tratamiento intensivo prevenci\u00f3n antica\u00edda consiste en un sistema de principios activos y sustancias funcionales de acci\u00f3n estimulante.\" \/>\n<meta property=\"og:url\" content=\"https:\/\/www.technique-italia.com\/es\/products\/tratamientos\/system-energy-es\/system-energy-tratamiento-intensivo-prevencion-caida\/\" \/>\n<meta property=\"og:site_name\" content=\"Technique\" \/>\n<meta property=\"article:modified_time\" content=\"2022-07-29T08:45:18+00:00\" \/>\n<meta property=\"og:image\" content=\"https:\/\/www.technique-italia.com\/wp-content\/uploads\/2015\/05\/02027_technique_treatment_system_energy_hair_loss_prevention_treatment.png\" \/>\n\t<meta property=\"og:image:width\" content=\"600\" \/>\n\t<meta property=\"og:image:height\" content=\"600\" \/>\n\t<meta property=\"og:image:type\" content=\"image\/png\" \/>\n<meta name=\"twitter:card\" content=\"summary_large_image\" \/>\n<script type=\"application\/ld+json\" class=\"yoast-schema-graph\">{\"@context\":\"https:\/\/schema.org\",\"@graph\":[{\"@type\":\"WebPage\",\"@id\":\"https:\/\/www.technique-italia.com\/es\/products\/tratamientos\/system-energy-es\/system-energy-tratamiento-intensivo-prevencion-caida\/\",\"url\":\"https:\/\/www.technique-italia.com\/es\/products\/tratamientos\/system-energy-es\/system-energy-tratamiento-intensivo-prevencion-caida\/\",\"name\":\"System Energy | Tratamiento Intensivo Prevenci\u00f3n Ca\u00edda\",\"isPartOf\":{\"@id\":\"https:\/\/www.technique-italia.com\/es\/#website\"},\"primaryImageOfPage\":{\"@id\":\"https:\/\/www.technique-italia.com\/es\/products\/tratamientos\/system-energy-es\/system-energy-tratamiento-intensivo-prevencion-caida\/#primaryimage\"},\"image\":{\"@id\":\"https:\/\/www.technique-italia.com\/es\/products\/tratamientos\/system-energy-es\/system-energy-tratamiento-intensivo-prevencion-caida\/#primaryimage\"},\"thumbnailUrl\":\"https:\/\/www.technique-italia.com\/wp-content\/uploads\/2015\/05\/02027_technique_treatment_system_energy_hair_loss_prevention_treatment.png\",\"datePublished\":\"2015-05-25T07:35:25+00:00\",\"dateModified\":\"2022-07-29T08:45:18+00:00\",\"description\":\"System Energy, tratamiento intensivo prevenci\u00f3n antica\u00edda consiste en un sistema de principios activos y sustancias funcionales de acci\u00f3n estimulante.\",\"breadcrumb\":{\"@id\":\"https:\/\/www.technique-italia.com\/es\/products\/tratamientos\/system-energy-es\/system-energy-tratamiento-intensivo-prevencion-caida\/#breadcrumb\"},\"inLanguage\":\"es\",\"potentialAction\":[{\"@type\":\"ReadAction\",\"target\":[\"https:\/\/www.technique-italia.com\/es\/products\/tratamientos\/system-energy-es\/system-energy-tratamiento-intensivo-prevencion-caida\/\"]}]},{\"@type\":\"ImageObject\",\"inLanguage\":\"es\",\"@id\":\"https:\/\/www.technique-italia.com\/es\/products\/tratamientos\/system-energy-es\/system-energy-tratamiento-intensivo-prevencion-caida\/#primaryimage\",\"url\":\"https:\/\/www.technique-italia.com\/wp-content\/uploads\/2015\/05\/02027_technique_treatment_system_energy_hair_loss_prevention_treatment.png\",\"contentUrl\":\"https:\/\/www.technique-italia.com\/wp-content\/uploads\/2015\/05\/02027_technique_treatment_system_energy_hair_loss_prevention_treatment.png\",\"width\":600,\"height\":600},{\"@type\":\"BreadcrumbList\",\"@id\":\"https:\/\/www.technique-italia.com\/es\/products\/tratamientos\/system-energy-es\/system-energy-tratamiento-intensivo-prevencion-caida\/#breadcrumb\",\"itemListElement\":[{\"@type\":\"ListItem\",\"position\":1,\"name\":\"Home\",\"item\":\"https:\/\/www.technique-italia.com\/es\/\"},{\"@type\":\"ListItem\",\"position\":2,\"name\":\"Productos\",\"item\":\"https:\/\/www.technique-italia.com\/es\/shop\/\"},{\"@type\":\"ListItem\",\"position\":3,\"name\":\"System Energy | Tratamiento Intensivo Prevenci\u00f3n Ca\u00edda\"}]},{\"@type\":\"WebSite\",\"@id\":\"https:\/\/www.technique-italia.com\/es\/#website\",\"url\":\"https:\/\/www.technique-italia.com\/es\/\",\"name\":\"Technique\",\"description\":\"The Italian Concept\",\"potentialAction\":[{\"@type\":\"SearchAction\",\"target\":{\"@type\":\"EntryPoint\",\"urlTemplate\":\"https:\/\/www.technique-italia.com\/es\/?s={search_term_string}\"},\"query-input\":{\"@type\":\"PropertyValueSpecification\",\"valueRequired\":true,\"valueName\":\"search_term_string\"}}],\"inLanguage\":\"es\"}]}<\/script>\n<!-- \/ Yoast SEO plugin. -->","yoast_head_json":{"title":"System Energy | Tratamiento Intensivo Prevenci\u00f3n Ca\u00edda","description":"System Energy, tratamiento intensivo prevenci\u00f3n antica\u00edda consiste en un sistema de principios activos y sustancias funcionales de acci\u00f3n estimulante.","robots":{"index":"index","follow":"follow","max-snippet":"max-snippet:-1","max-image-preview":"max-image-preview:large","max-video-preview":"max-video-preview:-1"},"canonical":"https:\/\/www.technique-italia.com\/es\/products\/tratamientos\/system-energy-es\/system-energy-tratamiento-intensivo-prevencion-caida\/","og_locale":"es_ES","og_type":"article","og_title":"System Energy | Tratamiento Intensivo Prevenci\u00f3n Ca\u00edda","og_description":"System Energy, tratamiento intensivo prevenci\u00f3n antica\u00edda consiste en un sistema de principios activos y sustancias funcionales de acci\u00f3n estimulante.","og_url":"https:\/\/www.technique-italia.com\/es\/products\/tratamientos\/system-energy-es\/system-energy-tratamiento-intensivo-prevencion-caida\/","og_site_name":"Technique","article_modified_time":"2022-07-29T08:45:18+00:00","og_image":[{"width":600,"height":600,"url":"https:\/\/www.technique-italia.com\/wp-content\/uploads\/2015\/05\/02027_technique_treatment_system_energy_hair_loss_prevention_treatment.png","type":"image\/png"}],"twitter_card":"summary_large_image","schema":{"@context":"https:\/\/schema.org","@graph":[{"@type":"WebPage","@id":"https:\/\/www.technique-italia.com\/es\/products\/tratamientos\/system-energy-es\/system-energy-tratamiento-intensivo-prevencion-caida\/","url":"https:\/\/www.technique-italia.com\/es\/products\/tratamientos\/system-energy-es\/system-energy-tratamiento-intensivo-prevencion-caida\/","name":"System Energy | Tratamiento Intensivo Prevenci\u00f3n Ca\u00edda","isPartOf":{"@id":"https:\/\/www.technique-italia.com\/es\/#website"},"primaryImageOfPage":{"@id":"https:\/\/www.technique-italia.com\/es\/products\/tratamientos\/system-energy-es\/system-energy-tratamiento-intensivo-prevencion-caida\/#primaryimage"},"image":{"@id":"https:\/\/www.technique-italia.com\/es\/products\/tratamientos\/system-energy-es\/system-energy-tratamiento-intensivo-prevencion-caida\/#primaryimage"},"thumbnailUrl":"https:\/\/www.technique-italia.com\/wp-content\/uploads\/2015\/05\/02027_technique_treatment_system_energy_hair_loss_prevention_treatment.png","datePublished":"2015-05-25T07:35:25+00:00","dateModified":"2022-07-29T08:45:18+00:00","description":"System Energy, tratamiento intensivo prevenci\u00f3n antica\u00edda consiste en un sistema de principios activos y sustancias funcionales de acci\u00f3n estimulante.","breadcrumb":{"@id":"https:\/\/www.technique-italia.com\/es\/products\/tratamientos\/system-energy-es\/system-energy-tratamiento-intensivo-prevencion-caida\/#breadcrumb"},"inLanguage":"es","potentialAction":[{"@type":"ReadAction","target":["https:\/\/www.technique-italia.com\/es\/products\/tratamientos\/system-energy-es\/system-energy-tratamiento-intensivo-prevencion-caida\/"]}]},{"@type":"ImageObject","inLanguage":"es","@id":"https:\/\/www.technique-italia.com\/es\/products\/tratamientos\/system-energy-es\/system-energy-tratamiento-intensivo-prevencion-caida\/#primaryimage","url":"https:\/\/www.technique-italia.com\/wp-content\/uploads\/2015\/05\/02027_technique_treatment_system_energy_hair_loss_prevention_treatment.png","contentUrl":"https:\/\/www.technique-italia.com\/wp-content\/uploads\/2015\/05\/02027_technique_treatment_system_energy_hair_loss_prevention_treatment.png","width":600,"height":600},{"@type":"BreadcrumbList","@id":"https:\/\/www.technique-italia.com\/es\/products\/tratamientos\/system-energy-es\/system-energy-tratamiento-intensivo-prevencion-caida\/#breadcrumb","itemListElement":[{"@type":"ListItem","position":1,"name":"Home","item":"https:\/\/www.technique-italia.com\/es\/"},{"@type":"ListItem","position":2,"name":"Productos","item":"https:\/\/www.technique-italia.com\/es\/shop\/"},{"@type":"ListItem","position":3,"name":"System Energy | Tratamiento Intensivo Prevenci\u00f3n Ca\u00edda"}]},{"@type":"WebSite","@id":"https:\/\/www.technique-italia.com\/es\/#website","url":"https:\/\/www.technique-italia.com\/es\/","name":"Technique","description":"The Italian Concept","potentialAction":[{"@type":"SearchAction","target":{"@type":"EntryPoint","urlTemplate":"https:\/\/www.technique-italia.com\/es\/?s={search_term_string}"},"query-input":{"@type":"PropertyValueSpecification","valueRequired":true,"valueName":"search_term_string"}}],"inLanguage":"es"}]}},"_links":{"self":[{"href":"https:\/\/www.technique-italia.com\/es\/wp-json\/wp\/v2\/product\/11536","targetHints":{"allow":["GET"]}}],"collection":[{"href":"https:\/\/www.technique-italia.com\/es\/wp-json\/wp\/v2\/product"}],"about":[{"href":"https:\/\/www.technique-italia.com\/es\/wp-json\/wp\/v2\/types\/product"}],"wp:featuredmedia":[{"embeddable":true,"href":"https:\/\/www.technique-italia.com\/es\/wp-json\/wp\/v2\/media\/14402"}],"wp:attachment":[{"href":"https:\/\/www.technique-italia.com\/es\/wp-json\/wp\/v2\/media?parent=11536"}],"wp:term":[{"taxonomy":"product_brand","embeddable":true,"href":"https:\/\/www.technique-italia.com\/es\/wp-json\/wp\/v2\/product_brand?post=11536"},{"taxonomy":"product_cat","embeddable":true,"href":"https:\/\/www.technique-italia.com\/es\/wp-json\/wp\/v2\/product_cat?post=11536"},{"taxonomy":"product_tag","embeddable":true,"href":"https:\/\/www.technique-italia.com\/es\/wp-json\/wp\/v2\/product_tag?post=11536"}],"curies":[{"name":"wp","href":"https:\/\/api.w.org\/{rel}","templated":true}]}}