{"id":11529,"date":"2015-05-22T13:30:55","date_gmt":"2015-05-22T11:30:55","guid":{"rendered":"https:\/\/www.technique-italia.com\/\/products\/sin%20categor\u00eda\/alkemy-nutro-cristales-para-las-puntas-abiertas-y-sin-fibra\/"},"modified":"2022-07-29T10:38:44","modified_gmt":"2022-07-29T08:38:44","slug":"alkemy-nutro-cristales-para-las-puntas-abiertas-y-sin-fibra","status":"publish","type":"product","link":"https:\/\/www.technique-italia.com\/es\/products\/tratamientos\/alkemy-nutro-es\/alkemy-nutro-cristales-para-las-puntas-abiertas-y-sin-fibra\/","title":{"rendered":"Alkemy Nutro | Cristales para las Puntas Abiertas y sin Fibra"},"content":{"rendered":"","protected":false},"excerpt":{"rendered":"<p><strong>Alkemy Nutro, Cristales para las puntas abiertas y sin fibra<\/strong>, est\u00e1 dise\u00f1ado para proteger la fibra capilar de las agresiones externas. F\u00f3rmula enriquecida con <strong>aceite de linaza<\/strong> para dar cuerpo y brillo al cabello. Reduce las puntas abiertas y controla el encrespamiento. No necesita aclarar.<\/p>\n<p>Uso externo<\/p>\n<p>Frasco de 100 ml<\/p>\n","protected":false},"featured_media":6515,"template":"","meta":[],"product_brand":[],"product_cat":[1045,1041],"product_tag":[],"class_list":{"0":"post-11529","1":"product","2":"type-product","3":"status-publish","4":"has-post-thumbnail","6":"product_cat-alkemy-nutro-es","7":"product_cat-tratamientos","8":"description-off","10":"first","11":"instock","12":"shipping-taxable","13":"product-type-simple"},"yoast_head":"<!-- This site is optimized with the Yoast SEO plugin v26.8 - https:\/\/yoast.com\/product\/yoast-seo-wordpress\/ -->\n<title>Alkemy Nutro | Cristales para las Puntas Abiertas y sin Fibra<\/title>\n<meta name=\"description\" content=\"Alkemy Nutro, Cristales para las puntas abiertas y sin fibra, est\u00e1 dise\u00f1ado para proteger la fibra capilar de las agresiones externas.\" \/>\n<meta name=\"robots\" content=\"index, follow, max-snippet:-1, max-image-preview:large, max-video-preview:-1\" \/>\n<link rel=\"canonical\" href=\"https:\/\/www.technique-italia.com\/es\/products\/tratamientos\/alkemy-nutro-es\/alkemy-nutro-cristales-para-las-puntas-abiertas-y-sin-fibra\/\" \/>\n<meta property=\"og:locale\" content=\"es_ES\" \/>\n<meta property=\"og:type\" content=\"article\" \/>\n<meta property=\"og:title\" content=\"Alkemy Nutro | Cristales para las Puntas Abiertas y sin Fibra\" \/>\n<meta property=\"og:description\" content=\"Alkemy Nutro, Cristales para las puntas abiertas y sin fibra, est\u00e1 dise\u00f1ado para proteger la fibra capilar de las agresiones externas.\" \/>\n<meta property=\"og:url\" content=\"https:\/\/www.technique-italia.com\/es\/products\/tratamientos\/alkemy-nutro-es\/alkemy-nutro-cristales-para-las-puntas-abiertas-y-sin-fibra\/\" \/>\n<meta property=\"og:site_name\" content=\"Technique\" \/>\n<meta property=\"article:modified_time\" content=\"2022-07-29T08:38:44+00:00\" \/>\n<meta property=\"og:image\" content=\"https:\/\/www.technique-italia.com\/wp-content\/uploads\/2019\/02\/technique_alkemy_nutro_cristalli_liquisi_semi_di_lino_100ml.png\" \/>\n\t<meta property=\"og:image:width\" content=\"512\" \/>\n\t<meta property=\"og:image:height\" content=\"600\" \/>\n\t<meta property=\"og:image:type\" content=\"image\/png\" \/>\n<meta name=\"twitter:card\" content=\"summary_large_image\" \/>\n<script type=\"application\/ld+json\" class=\"yoast-schema-graph\">{\"@context\":\"https:\/\/schema.org\",\"@graph\":[{\"@type\":\"WebPage\",\"@id\":\"https:\/\/www.technique-italia.com\/es\/products\/tratamientos\/alkemy-nutro-es\/alkemy-nutro-cristales-para-las-puntas-abiertas-y-sin-fibra\/\",\"url\":\"https:\/\/www.technique-italia.com\/es\/products\/tratamientos\/alkemy-nutro-es\/alkemy-nutro-cristales-para-las-puntas-abiertas-y-sin-fibra\/\",\"name\":\"Alkemy Nutro | Cristales para las Puntas Abiertas y sin Fibra\",\"isPartOf\":{\"@id\":\"https:\/\/www.technique-italia.com\/es\/#website\"},\"primaryImageOfPage\":{\"@id\":\"https:\/\/www.technique-italia.com\/es\/products\/tratamientos\/alkemy-nutro-es\/alkemy-nutro-cristales-para-las-puntas-abiertas-y-sin-fibra\/#primaryimage\"},\"image\":{\"@id\":\"https:\/\/www.technique-italia.com\/es\/products\/tratamientos\/alkemy-nutro-es\/alkemy-nutro-cristales-para-las-puntas-abiertas-y-sin-fibra\/#primaryimage\"},\"thumbnailUrl\":\"https:\/\/www.technique-italia.com\/wp-content\/uploads\/2019\/02\/technique_alkemy_nutro_cristalli_liquisi_semi_di_lino_100ml.png\",\"datePublished\":\"2015-05-22T11:30:55+00:00\",\"dateModified\":\"2022-07-29T08:38:44+00:00\",\"description\":\"Alkemy Nutro, Cristales para las puntas abiertas y sin fibra, est\u00e1 dise\u00f1ado para proteger la fibra capilar de las agresiones externas.\",\"breadcrumb\":{\"@id\":\"https:\/\/www.technique-italia.com\/es\/products\/tratamientos\/alkemy-nutro-es\/alkemy-nutro-cristales-para-las-puntas-abiertas-y-sin-fibra\/#breadcrumb\"},\"inLanguage\":\"es\",\"potentialAction\":[{\"@type\":\"ReadAction\",\"target\":[\"https:\/\/www.technique-italia.com\/es\/products\/tratamientos\/alkemy-nutro-es\/alkemy-nutro-cristales-para-las-puntas-abiertas-y-sin-fibra\/\"]}]},{\"@type\":\"ImageObject\",\"inLanguage\":\"es\",\"@id\":\"https:\/\/www.technique-italia.com\/es\/products\/tratamientos\/alkemy-nutro-es\/alkemy-nutro-cristales-para-las-puntas-abiertas-y-sin-fibra\/#primaryimage\",\"url\":\"https:\/\/www.technique-italia.com\/wp-content\/uploads\/2019\/02\/technique_alkemy_nutro_cristalli_liquisi_semi_di_lino_100ml.png\",\"contentUrl\":\"https:\/\/www.technique-italia.com\/wp-content\/uploads\/2019\/02\/technique_alkemy_nutro_cristalli_liquisi_semi_di_lino_100ml.png\",\"width\":512,\"height\":600},{\"@type\":\"BreadcrumbList\",\"@id\":\"https:\/\/www.technique-italia.com\/es\/products\/tratamientos\/alkemy-nutro-es\/alkemy-nutro-cristales-para-las-puntas-abiertas-y-sin-fibra\/#breadcrumb\",\"itemListElement\":[{\"@type\":\"ListItem\",\"position\":1,\"name\":\"Home\",\"item\":\"https:\/\/www.technique-italia.com\/es\/\"},{\"@type\":\"ListItem\",\"position\":2,\"name\":\"Productos\",\"item\":\"https:\/\/www.technique-italia.com\/es\/shop\/\"},{\"@type\":\"ListItem\",\"position\":3,\"name\":\"Alkemy Nutro | Cristales para las Puntas Abiertas y sin Fibra\"}]},{\"@type\":\"WebSite\",\"@id\":\"https:\/\/www.technique-italia.com\/es\/#website\",\"url\":\"https:\/\/www.technique-italia.com\/es\/\",\"name\":\"Technique\",\"description\":\"The Italian Concept\",\"potentialAction\":[{\"@type\":\"SearchAction\",\"target\":{\"@type\":\"EntryPoint\",\"urlTemplate\":\"https:\/\/www.technique-italia.com\/es\/?s={search_term_string}\"},\"query-input\":{\"@type\":\"PropertyValueSpecification\",\"valueRequired\":true,\"valueName\":\"search_term_string\"}}],\"inLanguage\":\"es\"}]}<\/script>\n<!-- \/ Yoast SEO plugin. -->","yoast_head_json":{"title":"Alkemy Nutro | Cristales para las Puntas Abiertas y sin Fibra","description":"Alkemy Nutro, Cristales para las puntas abiertas y sin fibra, est\u00e1 dise\u00f1ado para proteger la fibra capilar de las agresiones externas.","robots":{"index":"index","follow":"follow","max-snippet":"max-snippet:-1","max-image-preview":"max-image-preview:large","max-video-preview":"max-video-preview:-1"},"canonical":"https:\/\/www.technique-italia.com\/es\/products\/tratamientos\/alkemy-nutro-es\/alkemy-nutro-cristales-para-las-puntas-abiertas-y-sin-fibra\/","og_locale":"es_ES","og_type":"article","og_title":"Alkemy Nutro | Cristales para las Puntas Abiertas y sin Fibra","og_description":"Alkemy Nutro, Cristales para las puntas abiertas y sin fibra, est\u00e1 dise\u00f1ado para proteger la fibra capilar de las agresiones externas.","og_url":"https:\/\/www.technique-italia.com\/es\/products\/tratamientos\/alkemy-nutro-es\/alkemy-nutro-cristales-para-las-puntas-abiertas-y-sin-fibra\/","og_site_name":"Technique","article_modified_time":"2022-07-29T08:38:44+00:00","og_image":[{"width":512,"height":600,"url":"https:\/\/www.technique-italia.com\/wp-content\/uploads\/2019\/02\/technique_alkemy_nutro_cristalli_liquisi_semi_di_lino_100ml.png","type":"image\/png"}],"twitter_card":"summary_large_image","schema":{"@context":"https:\/\/schema.org","@graph":[{"@type":"WebPage","@id":"https:\/\/www.technique-italia.com\/es\/products\/tratamientos\/alkemy-nutro-es\/alkemy-nutro-cristales-para-las-puntas-abiertas-y-sin-fibra\/","url":"https:\/\/www.technique-italia.com\/es\/products\/tratamientos\/alkemy-nutro-es\/alkemy-nutro-cristales-para-las-puntas-abiertas-y-sin-fibra\/","name":"Alkemy Nutro | Cristales para las Puntas Abiertas y sin Fibra","isPartOf":{"@id":"https:\/\/www.technique-italia.com\/es\/#website"},"primaryImageOfPage":{"@id":"https:\/\/www.technique-italia.com\/es\/products\/tratamientos\/alkemy-nutro-es\/alkemy-nutro-cristales-para-las-puntas-abiertas-y-sin-fibra\/#primaryimage"},"image":{"@id":"https:\/\/www.technique-italia.com\/es\/products\/tratamientos\/alkemy-nutro-es\/alkemy-nutro-cristales-para-las-puntas-abiertas-y-sin-fibra\/#primaryimage"},"thumbnailUrl":"https:\/\/www.technique-italia.com\/wp-content\/uploads\/2019\/02\/technique_alkemy_nutro_cristalli_liquisi_semi_di_lino_100ml.png","datePublished":"2015-05-22T11:30:55+00:00","dateModified":"2022-07-29T08:38:44+00:00","description":"Alkemy Nutro, Cristales para las puntas abiertas y sin fibra, est\u00e1 dise\u00f1ado para proteger la fibra capilar de las agresiones externas.","breadcrumb":{"@id":"https:\/\/www.technique-italia.com\/es\/products\/tratamientos\/alkemy-nutro-es\/alkemy-nutro-cristales-para-las-puntas-abiertas-y-sin-fibra\/#breadcrumb"},"inLanguage":"es","potentialAction":[{"@type":"ReadAction","target":["https:\/\/www.technique-italia.com\/es\/products\/tratamientos\/alkemy-nutro-es\/alkemy-nutro-cristales-para-las-puntas-abiertas-y-sin-fibra\/"]}]},{"@type":"ImageObject","inLanguage":"es","@id":"https:\/\/www.technique-italia.com\/es\/products\/tratamientos\/alkemy-nutro-es\/alkemy-nutro-cristales-para-las-puntas-abiertas-y-sin-fibra\/#primaryimage","url":"https:\/\/www.technique-italia.com\/wp-content\/uploads\/2019\/02\/technique_alkemy_nutro_cristalli_liquisi_semi_di_lino_100ml.png","contentUrl":"https:\/\/www.technique-italia.com\/wp-content\/uploads\/2019\/02\/technique_alkemy_nutro_cristalli_liquisi_semi_di_lino_100ml.png","width":512,"height":600},{"@type":"BreadcrumbList","@id":"https:\/\/www.technique-italia.com\/es\/products\/tratamientos\/alkemy-nutro-es\/alkemy-nutro-cristales-para-las-puntas-abiertas-y-sin-fibra\/#breadcrumb","itemListElement":[{"@type":"ListItem","position":1,"name":"Home","item":"https:\/\/www.technique-italia.com\/es\/"},{"@type":"ListItem","position":2,"name":"Productos","item":"https:\/\/www.technique-italia.com\/es\/shop\/"},{"@type":"ListItem","position":3,"name":"Alkemy Nutro | Cristales para las Puntas Abiertas y sin Fibra"}]},{"@type":"WebSite","@id":"https:\/\/www.technique-italia.com\/es\/#website","url":"https:\/\/www.technique-italia.com\/es\/","name":"Technique","description":"The Italian Concept","potentialAction":[{"@type":"SearchAction","target":{"@type":"EntryPoint","urlTemplate":"https:\/\/www.technique-italia.com\/es\/?s={search_term_string}"},"query-input":{"@type":"PropertyValueSpecification","valueRequired":true,"valueName":"search_term_string"}}],"inLanguage":"es"}]}},"_links":{"self":[{"href":"https:\/\/www.technique-italia.com\/es\/wp-json\/wp\/v2\/product\/11529","targetHints":{"allow":["GET"]}}],"collection":[{"href":"https:\/\/www.technique-italia.com\/es\/wp-json\/wp\/v2\/product"}],"about":[{"href":"https:\/\/www.technique-italia.com\/es\/wp-json\/wp\/v2\/types\/product"}],"wp:featuredmedia":[{"embeddable":true,"href":"https:\/\/www.technique-italia.com\/es\/wp-json\/wp\/v2\/media\/6515"}],"wp:attachment":[{"href":"https:\/\/www.technique-italia.com\/es\/wp-json\/wp\/v2\/media?parent=11529"}],"wp:term":[{"taxonomy":"product_brand","embeddable":true,"href":"https:\/\/www.technique-italia.com\/es\/wp-json\/wp\/v2\/product_brand?post=11529"},{"taxonomy":"product_cat","embeddable":true,"href":"https:\/\/www.technique-italia.com\/es\/wp-json\/wp\/v2\/product_cat?post=11529"},{"taxonomy":"product_tag","embeddable":true,"href":"https:\/\/www.technique-italia.com\/es\/wp-json\/wp\/v2\/product_tag?post=11529"}],"curies":[{"name":"wp","href":"https:\/\/api.w.org\/{rel}","templated":true}]}}