{"id":11519,"date":"2015-05-22T11:09:20","date_gmt":"2015-05-22T09:09:20","guid":{"rendered":"https:\/\/www.technique-italia.com\/\/products\/sin%20categor\u00eda\/alkemy-sleek-crema-antiencrespamiento-alisadora\/"},"modified":"2022-07-29T10:23:29","modified_gmt":"2022-07-29T08:23:29","slug":"alkemy-sleek-crema-antiencrespamiento-alisadora","status":"publish","type":"product","link":"https:\/\/www.technique-italia.com\/es\/products\/tratamientos\/alkemy-sleek-es\/alkemy-sleek-crema-antiencrespamiento-alisadora\/","title":{"rendered":"Alkemy Sleek | Crema Antiencrespamiento Alisadora"},"content":{"rendered":"","protected":false},"excerpt":{"rendered":"<p><strong>Alkemy Sleek, crema cabello liso,<\/strong> tratamiento alisador para el cabello <strong>encrespado y rebelde<\/strong>. F\u00f3rmula enriquecida con aceite de algod\u00f3n que ayuda a mantener la hidrataci\u00f3n, recubriendo la cut\u00edcula y protegi\u00e9ndola de la humedad. Mantiene el peinado y facilita los bucles.<\/p>\n<p>Uso externo<\/p>\n<p>Tubo de 200 ml<\/p>\n","protected":false},"featured_media":6349,"template":"","meta":[],"product_brand":[],"product_cat":[1047,1041],"product_tag":[],"class_list":{"0":"post-11519","1":"product","2":"type-product","3":"status-publish","4":"has-post-thumbnail","6":"product_cat-alkemy-sleek-es","7":"product_cat-tratamientos","8":"description-off","10":"first","11":"instock","12":"shipping-taxable","13":"product-type-simple"},"yoast_head":"<!-- This site is optimized with the Yoast SEO plugin v26.8 - https:\/\/yoast.com\/product\/yoast-seo-wordpress\/ -->\n<title>Alkemy Sleek | Crema Antiencrespamiento Alisadora<\/title>\n<meta name=\"robots\" content=\"index, follow, max-snippet:-1, max-image-preview:large, max-video-preview:-1\" \/>\n<link rel=\"canonical\" href=\"https:\/\/www.technique-italia.com\/es\/products\/tratamientos\/alkemy-sleek-es\/alkemy-sleek-crema-antiencrespamiento-alisadora\/\" \/>\n<meta property=\"og:locale\" content=\"es_ES\" \/>\n<meta property=\"og:type\" content=\"article\" \/>\n<meta property=\"og:title\" content=\"Alkemy Sleek | Crema Antiencrespamiento Alisadora\" \/>\n<meta property=\"og:description\" content=\"Alkemy Sleek, crema cabello liso, tratamiento alisador para el cabello encrespado y rebelde. F\u00f3rmula enriquecida con aceite de algod\u00f3n que ayuda a mantener la hidrataci\u00f3n, recubriendo la cut\u00edcula y protegi\u00e9ndola de la humedad. Mantiene el peinado y facilita los bucles.  Uso externo  Tubo de 200 ml\" \/>\n<meta property=\"og:url\" content=\"https:\/\/www.technique-italia.com\/es\/products\/tratamientos\/alkemy-sleek-es\/alkemy-sleek-crema-antiencrespamiento-alisadora\/\" \/>\n<meta property=\"og:site_name\" content=\"Technique\" \/>\n<meta property=\"article:modified_time\" content=\"2022-07-29T08:23:29+00:00\" \/>\n<meta property=\"og:image\" content=\"https:\/\/www.technique-italia.com\/wp-content\/uploads\/2018\/02\/technique_alkemy_sleek_crema_200ml.png\" \/>\n\t<meta property=\"og:image:width\" content=\"510\" \/>\n\t<meta property=\"og:image:height\" content=\"600\" \/>\n\t<meta property=\"og:image:type\" content=\"image\/png\" \/>\n<meta name=\"twitter:card\" content=\"summary_large_image\" \/>\n<script type=\"application\/ld+json\" class=\"yoast-schema-graph\">{\"@context\":\"https:\/\/schema.org\",\"@graph\":[{\"@type\":\"WebPage\",\"@id\":\"https:\/\/www.technique-italia.com\/es\/products\/tratamientos\/alkemy-sleek-es\/alkemy-sleek-crema-antiencrespamiento-alisadora\/\",\"url\":\"https:\/\/www.technique-italia.com\/es\/products\/tratamientos\/alkemy-sleek-es\/alkemy-sleek-crema-antiencrespamiento-alisadora\/\",\"name\":\"Alkemy Sleek | Crema Antiencrespamiento Alisadora\",\"isPartOf\":{\"@id\":\"https:\/\/www.technique-italia.com\/es\/#website\"},\"primaryImageOfPage\":{\"@id\":\"https:\/\/www.technique-italia.com\/es\/products\/tratamientos\/alkemy-sleek-es\/alkemy-sleek-crema-antiencrespamiento-alisadora\/#primaryimage\"},\"image\":{\"@id\":\"https:\/\/www.technique-italia.com\/es\/products\/tratamientos\/alkemy-sleek-es\/alkemy-sleek-crema-antiencrespamiento-alisadora\/#primaryimage\"},\"thumbnailUrl\":\"https:\/\/www.technique-italia.com\/wp-content\/uploads\/2018\/02\/technique_alkemy_sleek_crema_200ml.png\",\"datePublished\":\"2015-05-22T09:09:20+00:00\",\"dateModified\":\"2022-07-29T08:23:29+00:00\",\"breadcrumb\":{\"@id\":\"https:\/\/www.technique-italia.com\/es\/products\/tratamientos\/alkemy-sleek-es\/alkemy-sleek-crema-antiencrespamiento-alisadora\/#breadcrumb\"},\"inLanguage\":\"es\",\"potentialAction\":[{\"@type\":\"ReadAction\",\"target\":[\"https:\/\/www.technique-italia.com\/es\/products\/tratamientos\/alkemy-sleek-es\/alkemy-sleek-crema-antiencrespamiento-alisadora\/\"]}]},{\"@type\":\"ImageObject\",\"inLanguage\":\"es\",\"@id\":\"https:\/\/www.technique-italia.com\/es\/products\/tratamientos\/alkemy-sleek-es\/alkemy-sleek-crema-antiencrespamiento-alisadora\/#primaryimage\",\"url\":\"https:\/\/www.technique-italia.com\/wp-content\/uploads\/2018\/02\/technique_alkemy_sleek_crema_200ml.png\",\"contentUrl\":\"https:\/\/www.technique-italia.com\/wp-content\/uploads\/2018\/02\/technique_alkemy_sleek_crema_200ml.png\",\"width\":510,\"height\":600},{\"@type\":\"BreadcrumbList\",\"@id\":\"https:\/\/www.technique-italia.com\/es\/products\/tratamientos\/alkemy-sleek-es\/alkemy-sleek-crema-antiencrespamiento-alisadora\/#breadcrumb\",\"itemListElement\":[{\"@type\":\"ListItem\",\"position\":1,\"name\":\"Home\",\"item\":\"https:\/\/www.technique-italia.com\/es\/\"},{\"@type\":\"ListItem\",\"position\":2,\"name\":\"Productos\",\"item\":\"https:\/\/www.technique-italia.com\/es\/shop\/\"},{\"@type\":\"ListItem\",\"position\":3,\"name\":\"Alkemy Sleek | Crema Antiencrespamiento Alisadora\"}]},{\"@type\":\"WebSite\",\"@id\":\"https:\/\/www.technique-italia.com\/es\/#website\",\"url\":\"https:\/\/www.technique-italia.com\/es\/\",\"name\":\"Technique\",\"description\":\"The Italian Concept\",\"potentialAction\":[{\"@type\":\"SearchAction\",\"target\":{\"@type\":\"EntryPoint\",\"urlTemplate\":\"https:\/\/www.technique-italia.com\/es\/?s={search_term_string}\"},\"query-input\":{\"@type\":\"PropertyValueSpecification\",\"valueRequired\":true,\"valueName\":\"search_term_string\"}}],\"inLanguage\":\"es\"}]}<\/script>\n<!-- \/ Yoast SEO plugin. -->","yoast_head_json":{"title":"Alkemy Sleek | Crema Antiencrespamiento Alisadora","robots":{"index":"index","follow":"follow","max-snippet":"max-snippet:-1","max-image-preview":"max-image-preview:large","max-video-preview":"max-video-preview:-1"},"canonical":"https:\/\/www.technique-italia.com\/es\/products\/tratamientos\/alkemy-sleek-es\/alkemy-sleek-crema-antiencrespamiento-alisadora\/","og_locale":"es_ES","og_type":"article","og_title":"Alkemy Sleek | Crema Antiencrespamiento Alisadora","og_description":"Alkemy Sleek, crema cabello liso, tratamiento alisador para el cabello encrespado y rebelde. F\u00f3rmula enriquecida con aceite de algod\u00f3n que ayuda a mantener la hidrataci\u00f3n, recubriendo la cut\u00edcula y protegi\u00e9ndola de la humedad. Mantiene el peinado y facilita los bucles.  Uso externo  Tubo de 200 ml","og_url":"https:\/\/www.technique-italia.com\/es\/products\/tratamientos\/alkemy-sleek-es\/alkemy-sleek-crema-antiencrespamiento-alisadora\/","og_site_name":"Technique","article_modified_time":"2022-07-29T08:23:29+00:00","og_image":[{"width":510,"height":600,"url":"https:\/\/www.technique-italia.com\/wp-content\/uploads\/2018\/02\/technique_alkemy_sleek_crema_200ml.png","type":"image\/png"}],"twitter_card":"summary_large_image","schema":{"@context":"https:\/\/schema.org","@graph":[{"@type":"WebPage","@id":"https:\/\/www.technique-italia.com\/es\/products\/tratamientos\/alkemy-sleek-es\/alkemy-sleek-crema-antiencrespamiento-alisadora\/","url":"https:\/\/www.technique-italia.com\/es\/products\/tratamientos\/alkemy-sleek-es\/alkemy-sleek-crema-antiencrespamiento-alisadora\/","name":"Alkemy Sleek | Crema Antiencrespamiento Alisadora","isPartOf":{"@id":"https:\/\/www.technique-italia.com\/es\/#website"},"primaryImageOfPage":{"@id":"https:\/\/www.technique-italia.com\/es\/products\/tratamientos\/alkemy-sleek-es\/alkemy-sleek-crema-antiencrespamiento-alisadora\/#primaryimage"},"image":{"@id":"https:\/\/www.technique-italia.com\/es\/products\/tratamientos\/alkemy-sleek-es\/alkemy-sleek-crema-antiencrespamiento-alisadora\/#primaryimage"},"thumbnailUrl":"https:\/\/www.technique-italia.com\/wp-content\/uploads\/2018\/02\/technique_alkemy_sleek_crema_200ml.png","datePublished":"2015-05-22T09:09:20+00:00","dateModified":"2022-07-29T08:23:29+00:00","breadcrumb":{"@id":"https:\/\/www.technique-italia.com\/es\/products\/tratamientos\/alkemy-sleek-es\/alkemy-sleek-crema-antiencrespamiento-alisadora\/#breadcrumb"},"inLanguage":"es","potentialAction":[{"@type":"ReadAction","target":["https:\/\/www.technique-italia.com\/es\/products\/tratamientos\/alkemy-sleek-es\/alkemy-sleek-crema-antiencrespamiento-alisadora\/"]}]},{"@type":"ImageObject","inLanguage":"es","@id":"https:\/\/www.technique-italia.com\/es\/products\/tratamientos\/alkemy-sleek-es\/alkemy-sleek-crema-antiencrespamiento-alisadora\/#primaryimage","url":"https:\/\/www.technique-italia.com\/wp-content\/uploads\/2018\/02\/technique_alkemy_sleek_crema_200ml.png","contentUrl":"https:\/\/www.technique-italia.com\/wp-content\/uploads\/2018\/02\/technique_alkemy_sleek_crema_200ml.png","width":510,"height":600},{"@type":"BreadcrumbList","@id":"https:\/\/www.technique-italia.com\/es\/products\/tratamientos\/alkemy-sleek-es\/alkemy-sleek-crema-antiencrespamiento-alisadora\/#breadcrumb","itemListElement":[{"@type":"ListItem","position":1,"name":"Home","item":"https:\/\/www.technique-italia.com\/es\/"},{"@type":"ListItem","position":2,"name":"Productos","item":"https:\/\/www.technique-italia.com\/es\/shop\/"},{"@type":"ListItem","position":3,"name":"Alkemy Sleek | Crema Antiencrespamiento Alisadora"}]},{"@type":"WebSite","@id":"https:\/\/www.technique-italia.com\/es\/#website","url":"https:\/\/www.technique-italia.com\/es\/","name":"Technique","description":"The Italian Concept","potentialAction":[{"@type":"SearchAction","target":{"@type":"EntryPoint","urlTemplate":"https:\/\/www.technique-italia.com\/es\/?s={search_term_string}"},"query-input":{"@type":"PropertyValueSpecification","valueRequired":true,"valueName":"search_term_string"}}],"inLanguage":"es"}]}},"_links":{"self":[{"href":"https:\/\/www.technique-italia.com\/es\/wp-json\/wp\/v2\/product\/11519","targetHints":{"allow":["GET"]}}],"collection":[{"href":"https:\/\/www.technique-italia.com\/es\/wp-json\/wp\/v2\/product"}],"about":[{"href":"https:\/\/www.technique-italia.com\/es\/wp-json\/wp\/v2\/types\/product"}],"wp:featuredmedia":[{"embeddable":true,"href":"https:\/\/www.technique-italia.com\/es\/wp-json\/wp\/v2\/media\/6349"}],"wp:attachment":[{"href":"https:\/\/www.technique-italia.com\/es\/wp-json\/wp\/v2\/media?parent=11519"}],"wp:term":[{"taxonomy":"product_brand","embeddable":true,"href":"https:\/\/www.technique-italia.com\/es\/wp-json\/wp\/v2\/product_brand?post=11519"},{"taxonomy":"product_cat","embeddable":true,"href":"https:\/\/www.technique-italia.com\/es\/wp-json\/wp\/v2\/product_cat?post=11519"},{"taxonomy":"product_tag","embeddable":true,"href":"https:\/\/www.technique-italia.com\/es\/wp-json\/wp\/v2\/product_tag?post=11519"}],"curies":[{"name":"wp","href":"https:\/\/api.w.org\/{rel}","templated":true}]}}