{"id":11518,"date":"2015-05-22T09:59:50","date_gmt":"2015-05-22T07:59:50","guid":{"rendered":"https:\/\/www.technique-italia.com\/\/products\/sin%20categor\u00eda\/alkemy-sleek-champu-alisador-antiencrespamiento-2\/"},"modified":"2022-07-29T10:23:52","modified_gmt":"2022-07-29T08:23:52","slug":"alkemy-sleek-champu-alisador-antiencrespamiento-2","status":"publish","type":"product","link":"https:\/\/www.technique-italia.com\/es\/products\/tratamientos\/alkemy-sleek-es\/alkemy-sleek-champu-alisador-antiencrespamiento-2\/","title":{"rendered":"Alkemy Sleek | Champ\u00fa Alisador Antiencrespamiento"},"content":{"rendered":"","protected":false},"excerpt":{"rendered":"<p><strong>Alkemy Sleek, champ\u00fa alisador antiencrespamiento<\/strong>, enriquecido con extracto de algod\u00f3n, asegura un efecto brillante y controla el encrespamiento del cabello rebelde.<strong> Limpia<\/strong> delicadamente y <strong>purifica<\/strong> el cuero cabelludo. Agradable aroma afrutado.<\/p>\n<p>Uso externo<\/p>\n<p>Frasco de 300 ml<\/p>\n","protected":false},"featured_media":18005,"template":"","meta":[],"product_brand":[],"product_cat":[1047,1041],"product_tag":[],"class_list":{"0":"post-11518","1":"product","2":"type-product","3":"status-publish","4":"has-post-thumbnail","6":"product_cat-alkemy-sleek-es","7":"product_cat-tratamientos","8":"description-off","10":"first","11":"instock","12":"shipping-taxable","13":"product-type-simple"},"yoast_head":"<!-- This site is optimized with the Yoast SEO plugin v26.8 - https:\/\/yoast.com\/product\/yoast-seo-wordpress\/ -->\n<title>Alkemy Sleek | Champ\u00fa Alisador Antiencrespamiento<\/title>\n<meta name=\"description\" content=\"Alkemy Sleek, champ\u00fa alisador antiencrespamiento, enriquecido con extracto de algod\u00f3n, asegura un efecto brillante y controla el encrespamiento\" \/>\n<meta name=\"robots\" content=\"index, follow, max-snippet:-1, max-image-preview:large, max-video-preview:-1\" \/>\n<link rel=\"canonical\" href=\"https:\/\/www.technique-italia.com\/es\/products\/tratamientos\/alkemy-sleek-es\/alkemy-sleek-champu-alisador-antiencrespamiento-2\/\" \/>\n<meta property=\"og:locale\" content=\"es_ES\" \/>\n<meta property=\"og:type\" content=\"article\" \/>\n<meta property=\"og:title\" content=\"Alkemy Sleek | Champ\u00fa Alisador Antiencrespamiento\" \/>\n<meta property=\"og:description\" content=\"Alkemy Sleek, champ\u00fa alisador antiencrespamiento, enriquecido con extracto de algod\u00f3n, asegura un efecto brillante y controla el encrespamiento\" \/>\n<meta property=\"og:url\" content=\"https:\/\/www.technique-italia.com\/es\/products\/tratamientos\/alkemy-sleek-es\/alkemy-sleek-champu-alisador-antiencrespamiento-2\/\" \/>\n<meta property=\"og:site_name\" content=\"Technique\" \/>\n<meta property=\"article:modified_time\" content=\"2022-07-29T08:23:52+00:00\" \/>\n<meta property=\"og:image\" content=\"https:\/\/www.technique-italia.com\/wp-content\/uploads\/2026\/03\/02072_technique_treatment_alkemy_sleek_anti-frizz_smoothing_shampoo_300ml.png\" \/>\n\t<meta property=\"og:image:width\" content=\"800\" \/>\n\t<meta property=\"og:image:height\" content=\"800\" \/>\n\t<meta property=\"og:image:type\" content=\"image\/png\" \/>\n<meta name=\"twitter:card\" content=\"summary_large_image\" \/>\n<script type=\"application\/ld+json\" class=\"yoast-schema-graph\">{\"@context\":\"https:\/\/schema.org\",\"@graph\":[{\"@type\":\"WebPage\",\"@id\":\"https:\/\/www.technique-italia.com\/es\/products\/tratamientos\/alkemy-sleek-es\/alkemy-sleek-champu-alisador-antiencrespamiento-2\/\",\"url\":\"https:\/\/www.technique-italia.com\/es\/products\/tratamientos\/alkemy-sleek-es\/alkemy-sleek-champu-alisador-antiencrespamiento-2\/\",\"name\":\"Alkemy Sleek | Champ\u00fa Alisador Antiencrespamiento\",\"isPartOf\":{\"@id\":\"https:\/\/www.technique-italia.com\/es\/#website\"},\"primaryImageOfPage\":{\"@id\":\"https:\/\/www.technique-italia.com\/es\/products\/tratamientos\/alkemy-sleek-es\/alkemy-sleek-champu-alisador-antiencrespamiento-2\/#primaryimage\"},\"image\":{\"@id\":\"https:\/\/www.technique-italia.com\/es\/products\/tratamientos\/alkemy-sleek-es\/alkemy-sleek-champu-alisador-antiencrespamiento-2\/#primaryimage\"},\"thumbnailUrl\":\"https:\/\/www.technique-italia.com\/wp-content\/uploads\/2026\/03\/02072_technique_treatment_alkemy_sleek_anti-frizz_smoothing_shampoo_300ml.png\",\"datePublished\":\"2015-05-22T07:59:50+00:00\",\"dateModified\":\"2022-07-29T08:23:52+00:00\",\"description\":\"Alkemy Sleek, champ\u00fa alisador antiencrespamiento, enriquecido con extracto de algod\u00f3n, asegura un efecto brillante y controla el encrespamiento\",\"breadcrumb\":{\"@id\":\"https:\/\/www.technique-italia.com\/es\/products\/tratamientos\/alkemy-sleek-es\/alkemy-sleek-champu-alisador-antiencrespamiento-2\/#breadcrumb\"},\"inLanguage\":\"es\",\"potentialAction\":[{\"@type\":\"ReadAction\",\"target\":[\"https:\/\/www.technique-italia.com\/es\/products\/tratamientos\/alkemy-sleek-es\/alkemy-sleek-champu-alisador-antiencrespamiento-2\/\"]}]},{\"@type\":\"ImageObject\",\"inLanguage\":\"es\",\"@id\":\"https:\/\/www.technique-italia.com\/es\/products\/tratamientos\/alkemy-sleek-es\/alkemy-sleek-champu-alisador-antiencrespamiento-2\/#primaryimage\",\"url\":\"https:\/\/www.technique-italia.com\/wp-content\/uploads\/2026\/03\/02072_technique_treatment_alkemy_sleek_anti-frizz_smoothing_shampoo_300ml.png\",\"contentUrl\":\"https:\/\/www.technique-italia.com\/wp-content\/uploads\/2026\/03\/02072_technique_treatment_alkemy_sleek_anti-frizz_smoothing_shampoo_300ml.png\",\"width\":800,\"height\":800},{\"@type\":\"BreadcrumbList\",\"@id\":\"https:\/\/www.technique-italia.com\/es\/products\/tratamientos\/alkemy-sleek-es\/alkemy-sleek-champu-alisador-antiencrespamiento-2\/#breadcrumb\",\"itemListElement\":[{\"@type\":\"ListItem\",\"position\":1,\"name\":\"Home\",\"item\":\"https:\/\/www.technique-italia.com\/es\/\"},{\"@type\":\"ListItem\",\"position\":2,\"name\":\"Productos\",\"item\":\"https:\/\/www.technique-italia.com\/es\/shop\/\"},{\"@type\":\"ListItem\",\"position\":3,\"name\":\"Alkemy Sleek | Champ\u00fa Alisador Antiencrespamiento\"}]},{\"@type\":\"WebSite\",\"@id\":\"https:\/\/www.technique-italia.com\/es\/#website\",\"url\":\"https:\/\/www.technique-italia.com\/es\/\",\"name\":\"Technique\",\"description\":\"The Italian Concept\",\"potentialAction\":[{\"@type\":\"SearchAction\",\"target\":{\"@type\":\"EntryPoint\",\"urlTemplate\":\"https:\/\/www.technique-italia.com\/es\/?s={search_term_string}\"},\"query-input\":{\"@type\":\"PropertyValueSpecification\",\"valueRequired\":true,\"valueName\":\"search_term_string\"}}],\"inLanguage\":\"es\"}]}<\/script>\n<!-- \/ Yoast SEO plugin. -->","yoast_head_json":{"title":"Alkemy Sleek | Champ\u00fa Alisador Antiencrespamiento","description":"Alkemy Sleek, champ\u00fa alisador antiencrespamiento, enriquecido con extracto de algod\u00f3n, asegura un efecto brillante y controla el encrespamiento","robots":{"index":"index","follow":"follow","max-snippet":"max-snippet:-1","max-image-preview":"max-image-preview:large","max-video-preview":"max-video-preview:-1"},"canonical":"https:\/\/www.technique-italia.com\/es\/products\/tratamientos\/alkemy-sleek-es\/alkemy-sleek-champu-alisador-antiencrespamiento-2\/","og_locale":"es_ES","og_type":"article","og_title":"Alkemy Sleek | Champ\u00fa Alisador Antiencrespamiento","og_description":"Alkemy Sleek, champ\u00fa alisador antiencrespamiento, enriquecido con extracto de algod\u00f3n, asegura un efecto brillante y controla el encrespamiento","og_url":"https:\/\/www.technique-italia.com\/es\/products\/tratamientos\/alkemy-sleek-es\/alkemy-sleek-champu-alisador-antiencrespamiento-2\/","og_site_name":"Technique","article_modified_time":"2022-07-29T08:23:52+00:00","og_image":[{"width":800,"height":800,"url":"https:\/\/www.technique-italia.com\/wp-content\/uploads\/2026\/03\/02072_technique_treatment_alkemy_sleek_anti-frizz_smoothing_shampoo_300ml.png","type":"image\/png"}],"twitter_card":"summary_large_image","schema":{"@context":"https:\/\/schema.org","@graph":[{"@type":"WebPage","@id":"https:\/\/www.technique-italia.com\/es\/products\/tratamientos\/alkemy-sleek-es\/alkemy-sleek-champu-alisador-antiencrespamiento-2\/","url":"https:\/\/www.technique-italia.com\/es\/products\/tratamientos\/alkemy-sleek-es\/alkemy-sleek-champu-alisador-antiencrespamiento-2\/","name":"Alkemy Sleek | Champ\u00fa Alisador Antiencrespamiento","isPartOf":{"@id":"https:\/\/www.technique-italia.com\/es\/#website"},"primaryImageOfPage":{"@id":"https:\/\/www.technique-italia.com\/es\/products\/tratamientos\/alkemy-sleek-es\/alkemy-sleek-champu-alisador-antiencrespamiento-2\/#primaryimage"},"image":{"@id":"https:\/\/www.technique-italia.com\/es\/products\/tratamientos\/alkemy-sleek-es\/alkemy-sleek-champu-alisador-antiencrespamiento-2\/#primaryimage"},"thumbnailUrl":"https:\/\/www.technique-italia.com\/wp-content\/uploads\/2026\/03\/02072_technique_treatment_alkemy_sleek_anti-frizz_smoothing_shampoo_300ml.png","datePublished":"2015-05-22T07:59:50+00:00","dateModified":"2022-07-29T08:23:52+00:00","description":"Alkemy Sleek, champ\u00fa alisador antiencrespamiento, enriquecido con extracto de algod\u00f3n, asegura un efecto brillante y controla el encrespamiento","breadcrumb":{"@id":"https:\/\/www.technique-italia.com\/es\/products\/tratamientos\/alkemy-sleek-es\/alkemy-sleek-champu-alisador-antiencrespamiento-2\/#breadcrumb"},"inLanguage":"es","potentialAction":[{"@type":"ReadAction","target":["https:\/\/www.technique-italia.com\/es\/products\/tratamientos\/alkemy-sleek-es\/alkemy-sleek-champu-alisador-antiencrespamiento-2\/"]}]},{"@type":"ImageObject","inLanguage":"es","@id":"https:\/\/www.technique-italia.com\/es\/products\/tratamientos\/alkemy-sleek-es\/alkemy-sleek-champu-alisador-antiencrespamiento-2\/#primaryimage","url":"https:\/\/www.technique-italia.com\/wp-content\/uploads\/2026\/03\/02072_technique_treatment_alkemy_sleek_anti-frizz_smoothing_shampoo_300ml.png","contentUrl":"https:\/\/www.technique-italia.com\/wp-content\/uploads\/2026\/03\/02072_technique_treatment_alkemy_sleek_anti-frizz_smoothing_shampoo_300ml.png","width":800,"height":800},{"@type":"BreadcrumbList","@id":"https:\/\/www.technique-italia.com\/es\/products\/tratamientos\/alkemy-sleek-es\/alkemy-sleek-champu-alisador-antiencrespamiento-2\/#breadcrumb","itemListElement":[{"@type":"ListItem","position":1,"name":"Home","item":"https:\/\/www.technique-italia.com\/es\/"},{"@type":"ListItem","position":2,"name":"Productos","item":"https:\/\/www.technique-italia.com\/es\/shop\/"},{"@type":"ListItem","position":3,"name":"Alkemy Sleek | Champ\u00fa Alisador Antiencrespamiento"}]},{"@type":"WebSite","@id":"https:\/\/www.technique-italia.com\/es\/#website","url":"https:\/\/www.technique-italia.com\/es\/","name":"Technique","description":"The Italian Concept","potentialAction":[{"@type":"SearchAction","target":{"@type":"EntryPoint","urlTemplate":"https:\/\/www.technique-italia.com\/es\/?s={search_term_string}"},"query-input":{"@type":"PropertyValueSpecification","valueRequired":true,"valueName":"search_term_string"}}],"inLanguage":"es"}]}},"_links":{"self":[{"href":"https:\/\/www.technique-italia.com\/es\/wp-json\/wp\/v2\/product\/11518","targetHints":{"allow":["GET"]}}],"collection":[{"href":"https:\/\/www.technique-italia.com\/es\/wp-json\/wp\/v2\/product"}],"about":[{"href":"https:\/\/www.technique-italia.com\/es\/wp-json\/wp\/v2\/types\/product"}],"wp:featuredmedia":[{"embeddable":true,"href":"https:\/\/www.technique-italia.com\/es\/wp-json\/wp\/v2\/media\/18005"}],"wp:attachment":[{"href":"https:\/\/www.technique-italia.com\/es\/wp-json\/wp\/v2\/media?parent=11518"}],"wp:term":[{"taxonomy":"product_brand","embeddable":true,"href":"https:\/\/www.technique-italia.com\/es\/wp-json\/wp\/v2\/product_brand?post=11518"},{"taxonomy":"product_cat","embeddable":true,"href":"https:\/\/www.technique-italia.com\/es\/wp-json\/wp\/v2\/product_cat?post=11518"},{"taxonomy":"product_tag","embeddable":true,"href":"https:\/\/www.technique-italia.com\/es\/wp-json\/wp\/v2\/product_tag?post=11518"}],"curies":[{"name":"wp","href":"https:\/\/api.w.org\/{rel}","templated":true}]}}