{"id":11499,"date":"2015-05-21T10:45:25","date_gmt":"2015-05-21T08:45:25","guid":{"rendered":"https:\/\/www.technique-italia.com\/\/products\/sin%20categor\u00eda\/technique-emulsion-oxidativa-30-vol\/"},"modified":"2023-11-13T15:03:23","modified_gmt":"2023-11-13T14:03:23","slug":"technique-emulsion-oxidativa-30-vol","status":"publish","type":"product","link":"https:\/\/www.technique-italia.com\/es\/products\/tintes\/oxidacion\/technique-emulsion-oxidativa-30-vol\/","title":{"rendered":"Oxilogy | Emulsi\u00f3n Oxidativa 30 vol."},"content":{"rendered":"","protected":false},"excerpt":{"rendered":"<p>Technique, <strong>emulsi\u00f3n oxidativa 30 vol\u00famenes (9%)<\/strong> de consistencia cremosa, ideal para garantizar un <strong>\u00f3ptimo desarrollo del color<\/strong>, activa y controla uniformemente la liberaci\u00f3n del ox\u00edgeno durante la aplicaci\u00f3n. Indispensable para cada sal\u00f3n en su pr\u00e1ctico formato de 1000 ml.<\/p>\n<p>Uso profesional<\/p>\n<p>Frasco de 1000 ml<\/p>\n<p>30 vol\u00famenes (9%)<\/p>\n","protected":false},"featured_media":17419,"template":"","meta":[],"product_brand":[],"product_cat":[1031,1026],"product_tag":[],"class_list":{"0":"post-11499","1":"product","2":"type-product","3":"status-publish","4":"has-post-thumbnail","6":"product_cat-oxidacion","7":"product_cat-tintes","8":"description-off","10":"first","11":"instock","12":"shipping-taxable","13":"product-type-simple"},"yoast_head":"<!-- This site is optimized with the Yoast SEO plugin v26.8 - https:\/\/yoast.com\/product\/yoast-seo-wordpress\/ -->\n<title>Technique | Emulsi\u00f3n Oxidativa 30 vol.<\/title>\n<meta name=\"description\" content=\"Technique, emulsi\u00f3n oxidativa 30 vol\u00famenes (9%) de consistencia cremosa, ideal para garantizar un \u00f3ptimo desarrollo del color\" \/>\n<meta name=\"robots\" content=\"index, follow, max-snippet:-1, max-image-preview:large, max-video-preview:-1\" \/>\n<link rel=\"canonical\" href=\"https:\/\/www.technique-italia.com\/es\/products\/tintes\/oxidacion\/technique-emulsion-oxidativa-30-vol\/\" \/>\n<meta property=\"og:locale\" content=\"es_ES\" \/>\n<meta property=\"og:type\" content=\"article\" \/>\n<meta property=\"og:title\" content=\"Technique | Emulsi\u00f3n Oxidativa 30 vol.\" \/>\n<meta property=\"og:description\" content=\"Technique, emulsi\u00f3n oxidativa 30 vol\u00famenes (9%) de consistencia cremosa, ideal para garantizar un \u00f3ptimo desarrollo del color\" \/>\n<meta property=\"og:url\" content=\"https:\/\/www.technique-italia.com\/es\/products\/tintes\/oxidacion\/technique-emulsion-oxidativa-30-vol\/\" \/>\n<meta property=\"og:site_name\" content=\"Technique\" \/>\n<meta property=\"article:modified_time\" content=\"2023-11-13T14:03:23+00:00\" \/>\n<meta property=\"og:image\" content=\"https:\/\/www.technique-italia.com\/wp-content\/uploads\/2015\/05\/01002_technique_oxidizing_creamy_oxygen_30vol_1000ml-1.png\" \/>\n\t<meta property=\"og:image:width\" content=\"600\" \/>\n\t<meta property=\"og:image:height\" content=\"600\" \/>\n\t<meta property=\"og:image:type\" content=\"image\/png\" \/>\n<meta name=\"twitter:card\" content=\"summary_large_image\" \/>\n<script type=\"application\/ld+json\" class=\"yoast-schema-graph\">{\"@context\":\"https:\/\/schema.org\",\"@graph\":[{\"@type\":\"WebPage\",\"@id\":\"https:\/\/www.technique-italia.com\/es\/products\/tintes\/oxidacion\/technique-emulsion-oxidativa-30-vol\/\",\"url\":\"https:\/\/www.technique-italia.com\/es\/products\/tintes\/oxidacion\/technique-emulsion-oxidativa-30-vol\/\",\"name\":\"Technique | Emulsi\u00f3n Oxidativa 30 vol.\",\"isPartOf\":{\"@id\":\"https:\/\/www.technique-italia.com\/es\/#website\"},\"primaryImageOfPage\":{\"@id\":\"https:\/\/www.technique-italia.com\/es\/products\/tintes\/oxidacion\/technique-emulsion-oxidativa-30-vol\/#primaryimage\"},\"image\":{\"@id\":\"https:\/\/www.technique-italia.com\/es\/products\/tintes\/oxidacion\/technique-emulsion-oxidativa-30-vol\/#primaryimage\"},\"thumbnailUrl\":\"https:\/\/www.technique-italia.com\/wp-content\/uploads\/2015\/05\/01002_technique_oxidizing_creamy_oxygen_30vol_1000ml-1.png\",\"datePublished\":\"2015-05-21T08:45:25+00:00\",\"dateModified\":\"2023-11-13T14:03:23+00:00\",\"description\":\"Technique, emulsi\u00f3n oxidativa 30 vol\u00famenes (9%) de consistencia cremosa, ideal para garantizar un \u00f3ptimo desarrollo del color\",\"breadcrumb\":{\"@id\":\"https:\/\/www.technique-italia.com\/es\/products\/tintes\/oxidacion\/technique-emulsion-oxidativa-30-vol\/#breadcrumb\"},\"inLanguage\":\"es\",\"potentialAction\":[{\"@type\":\"ReadAction\",\"target\":[\"https:\/\/www.technique-italia.com\/es\/products\/tintes\/oxidacion\/technique-emulsion-oxidativa-30-vol\/\"]}]},{\"@type\":\"ImageObject\",\"inLanguage\":\"es\",\"@id\":\"https:\/\/www.technique-italia.com\/es\/products\/tintes\/oxidacion\/technique-emulsion-oxidativa-30-vol\/#primaryimage\",\"url\":\"https:\/\/www.technique-italia.com\/wp-content\/uploads\/2015\/05\/01002_technique_oxidizing_creamy_oxygen_30vol_1000ml-1.png\",\"contentUrl\":\"https:\/\/www.technique-italia.com\/wp-content\/uploads\/2015\/05\/01002_technique_oxidizing_creamy_oxygen_30vol_1000ml-1.png\",\"width\":600,\"height\":600},{\"@type\":\"BreadcrumbList\",\"@id\":\"https:\/\/www.technique-italia.com\/es\/products\/tintes\/oxidacion\/technique-emulsion-oxidativa-30-vol\/#breadcrumb\",\"itemListElement\":[{\"@type\":\"ListItem\",\"position\":1,\"name\":\"Home\",\"item\":\"https:\/\/www.technique-italia.com\/es\/\"},{\"@type\":\"ListItem\",\"position\":2,\"name\":\"Productos\",\"item\":\"https:\/\/www.technique-italia.com\/es\/shop\/\"},{\"@type\":\"ListItem\",\"position\":3,\"name\":\"Oxilogy | Emulsi\u00f3n Oxidativa 30 vol.\"}]},{\"@type\":\"WebSite\",\"@id\":\"https:\/\/www.technique-italia.com\/es\/#website\",\"url\":\"https:\/\/www.technique-italia.com\/es\/\",\"name\":\"Technique\",\"description\":\"The Italian Concept\",\"potentialAction\":[{\"@type\":\"SearchAction\",\"target\":{\"@type\":\"EntryPoint\",\"urlTemplate\":\"https:\/\/www.technique-italia.com\/es\/?s={search_term_string}\"},\"query-input\":{\"@type\":\"PropertyValueSpecification\",\"valueRequired\":true,\"valueName\":\"search_term_string\"}}],\"inLanguage\":\"es\"}]}<\/script>\n<!-- \/ Yoast SEO plugin. -->","yoast_head_json":{"title":"Technique | Emulsi\u00f3n Oxidativa 30 vol.","description":"Technique, emulsi\u00f3n oxidativa 30 vol\u00famenes (9%) de consistencia cremosa, ideal para garantizar un \u00f3ptimo desarrollo del color","robots":{"index":"index","follow":"follow","max-snippet":"max-snippet:-1","max-image-preview":"max-image-preview:large","max-video-preview":"max-video-preview:-1"},"canonical":"https:\/\/www.technique-italia.com\/es\/products\/tintes\/oxidacion\/technique-emulsion-oxidativa-30-vol\/","og_locale":"es_ES","og_type":"article","og_title":"Technique | Emulsi\u00f3n Oxidativa 30 vol.","og_description":"Technique, emulsi\u00f3n oxidativa 30 vol\u00famenes (9%) de consistencia cremosa, ideal para garantizar un \u00f3ptimo desarrollo del color","og_url":"https:\/\/www.technique-italia.com\/es\/products\/tintes\/oxidacion\/technique-emulsion-oxidativa-30-vol\/","og_site_name":"Technique","article_modified_time":"2023-11-13T14:03:23+00:00","og_image":[{"width":600,"height":600,"url":"https:\/\/www.technique-italia.com\/wp-content\/uploads\/2015\/05\/01002_technique_oxidizing_creamy_oxygen_30vol_1000ml-1.png","type":"image\/png"}],"twitter_card":"summary_large_image","schema":{"@context":"https:\/\/schema.org","@graph":[{"@type":"WebPage","@id":"https:\/\/www.technique-italia.com\/es\/products\/tintes\/oxidacion\/technique-emulsion-oxidativa-30-vol\/","url":"https:\/\/www.technique-italia.com\/es\/products\/tintes\/oxidacion\/technique-emulsion-oxidativa-30-vol\/","name":"Technique | Emulsi\u00f3n Oxidativa 30 vol.","isPartOf":{"@id":"https:\/\/www.technique-italia.com\/es\/#website"},"primaryImageOfPage":{"@id":"https:\/\/www.technique-italia.com\/es\/products\/tintes\/oxidacion\/technique-emulsion-oxidativa-30-vol\/#primaryimage"},"image":{"@id":"https:\/\/www.technique-italia.com\/es\/products\/tintes\/oxidacion\/technique-emulsion-oxidativa-30-vol\/#primaryimage"},"thumbnailUrl":"https:\/\/www.technique-italia.com\/wp-content\/uploads\/2015\/05\/01002_technique_oxidizing_creamy_oxygen_30vol_1000ml-1.png","datePublished":"2015-05-21T08:45:25+00:00","dateModified":"2023-11-13T14:03:23+00:00","description":"Technique, emulsi\u00f3n oxidativa 30 vol\u00famenes (9%) de consistencia cremosa, ideal para garantizar un \u00f3ptimo desarrollo del color","breadcrumb":{"@id":"https:\/\/www.technique-italia.com\/es\/products\/tintes\/oxidacion\/technique-emulsion-oxidativa-30-vol\/#breadcrumb"},"inLanguage":"es","potentialAction":[{"@type":"ReadAction","target":["https:\/\/www.technique-italia.com\/es\/products\/tintes\/oxidacion\/technique-emulsion-oxidativa-30-vol\/"]}]},{"@type":"ImageObject","inLanguage":"es","@id":"https:\/\/www.technique-italia.com\/es\/products\/tintes\/oxidacion\/technique-emulsion-oxidativa-30-vol\/#primaryimage","url":"https:\/\/www.technique-italia.com\/wp-content\/uploads\/2015\/05\/01002_technique_oxidizing_creamy_oxygen_30vol_1000ml-1.png","contentUrl":"https:\/\/www.technique-italia.com\/wp-content\/uploads\/2015\/05\/01002_technique_oxidizing_creamy_oxygen_30vol_1000ml-1.png","width":600,"height":600},{"@type":"BreadcrumbList","@id":"https:\/\/www.technique-italia.com\/es\/products\/tintes\/oxidacion\/technique-emulsion-oxidativa-30-vol\/#breadcrumb","itemListElement":[{"@type":"ListItem","position":1,"name":"Home","item":"https:\/\/www.technique-italia.com\/es\/"},{"@type":"ListItem","position":2,"name":"Productos","item":"https:\/\/www.technique-italia.com\/es\/shop\/"},{"@type":"ListItem","position":3,"name":"Oxilogy | Emulsi\u00f3n Oxidativa 30 vol."}]},{"@type":"WebSite","@id":"https:\/\/www.technique-italia.com\/es\/#website","url":"https:\/\/www.technique-italia.com\/es\/","name":"Technique","description":"The Italian Concept","potentialAction":[{"@type":"SearchAction","target":{"@type":"EntryPoint","urlTemplate":"https:\/\/www.technique-italia.com\/es\/?s={search_term_string}"},"query-input":{"@type":"PropertyValueSpecification","valueRequired":true,"valueName":"search_term_string"}}],"inLanguage":"es"}]}},"_links":{"self":[{"href":"https:\/\/www.technique-italia.com\/es\/wp-json\/wp\/v2\/product\/11499","targetHints":{"allow":["GET"]}}],"collection":[{"href":"https:\/\/www.technique-italia.com\/es\/wp-json\/wp\/v2\/product"}],"about":[{"href":"https:\/\/www.technique-italia.com\/es\/wp-json\/wp\/v2\/types\/product"}],"wp:featuredmedia":[{"embeddable":true,"href":"https:\/\/www.technique-italia.com\/es\/wp-json\/wp\/v2\/media\/17419"}],"wp:attachment":[{"href":"https:\/\/www.technique-italia.com\/es\/wp-json\/wp\/v2\/media?parent=11499"}],"wp:term":[{"taxonomy":"product_brand","embeddable":true,"href":"https:\/\/www.technique-italia.com\/es\/wp-json\/wp\/v2\/product_brand?post=11499"},{"taxonomy":"product_cat","embeddable":true,"href":"https:\/\/www.technique-italia.com\/es\/wp-json\/wp\/v2\/product_cat?post=11499"},{"taxonomy":"product_tag","embeddable":true,"href":"https:\/\/www.technique-italia.com\/es\/wp-json\/wp\/v2\/product_tag?post=11499"}],"curies":[{"name":"wp","href":"https:\/\/api.w.org\/{rel}","templated":true}]}}