{"id":11459,"date":"2015-05-21T09:07:04","date_gmt":"2015-05-21T07:07:04","guid":{"rendered":"https:\/\/www.technique-italia.com\/\/products\/sin%20categor\u00eda\/hello-cream-tinte-tono-sobre-tono\/"},"modified":"2023-01-20T17:06:52","modified_gmt":"2023-01-20T16:06:52","slug":"hello-cream-tinte-tono-sobre-tono","status":"publish","type":"product","link":"https:\/\/www.technique-italia.com\/es\/products\/tintes\/hello-cream-es\/hello-cream-tinte-tono-sobre-tono\/","title":{"rendered":"Hello Cream | Tinte Tono sobre Tono"},"content":{"rendered":"","protected":false},"excerpt":{"rendered":"<p><strong>Hello Cream<\/strong>,\u00a0<strong>tinte tono sobre tono semipermanente<\/strong>, de larga duraci\u00f3n y sin amoniaco. F\u00f3rmula altamente cosm\u00e9tica y nutritiva, enriquecida con<span style=\"font-weight: 400;\"> Aceite de Algod\u00f3n y Extracto de Nuez.<\/span>\u00a0M\u00e1xima uniformidad de tinte, para <strong>reflejos intensos y duraderos<\/strong>.<\/p>\n<p>Uso profesional<\/p>\n<p>22 tonos disponibles<\/p>\n<p>Tubo de 100 ml<\/p>\n","protected":false},"featured_media":17244,"template":"","meta":[],"product_brand":[],"product_cat":[1029,1026],"product_tag":[],"class_list":{"0":"post-11459","1":"product","2":"type-product","3":"status-publish","4":"has-post-thumbnail","6":"product_cat-hello-cream-es","7":"product_cat-tintes","8":"description-off","10":"first","11":"instock","12":"shipping-taxable","13":"purchasable","14":"product-type-variable"},"yoast_head":"<!-- This site is optimized with the Yoast SEO plugin v26.8 - https:\/\/yoast.com\/product\/yoast-seo-wordpress\/ -->\n<title>Hello Cream | Tinte Tono sobre Tono<\/title>\n<meta name=\"description\" content=\"Hello Cream,\u00a0tinte tono sobre tono semipermanente, de larga duraci\u00f3n y sin amoniaco. F\u00f3rmula altamente cosm\u00e9tica y nutritiva\" \/>\n<meta name=\"robots\" content=\"index, follow, max-snippet:-1, max-image-preview:large, max-video-preview:-1\" \/>\n<link rel=\"canonical\" href=\"https:\/\/www.technique-italia.com\/es\/products\/tintes\/hello-cream-es\/hello-cream-tinte-tono-sobre-tono\/\" \/>\n<meta property=\"og:locale\" content=\"es_ES\" \/>\n<meta property=\"og:type\" content=\"article\" \/>\n<meta property=\"og:title\" content=\"Hello Cream | Tinte Tono sobre Tono\" \/>\n<meta property=\"og:description\" content=\"Hello Cream,\u00a0tinte tono sobre tono semipermanente, de larga duraci\u00f3n y sin amoniaco. F\u00f3rmula altamente cosm\u00e9tica y nutritiva\" \/>\n<meta property=\"og:url\" content=\"https:\/\/www.technique-italia.com\/es\/products\/tintes\/hello-cream-es\/hello-cream-tinte-tono-sobre-tono\/\" \/>\n<meta property=\"og:site_name\" content=\"Technique\" \/>\n<meta property=\"article:modified_time\" content=\"2023-01-20T16:06:52+00:00\" \/>\n<meta property=\"og:image\" content=\"https:\/\/www.technique-italia.com\/wp-content\/uploads\/2015\/05\/00000_technique_hello_cream_100ml_.png\" \/>\n\t<meta property=\"og:image:width\" content=\"600\" \/>\n\t<meta property=\"og:image:height\" content=\"600\" \/>\n\t<meta property=\"og:image:type\" content=\"image\/png\" \/>\n<meta name=\"twitter:card\" content=\"summary_large_image\" \/>\n<script type=\"application\/ld+json\" class=\"yoast-schema-graph\">{\"@context\":\"https:\/\/schema.org\",\"@graph\":[{\"@type\":\"WebPage\",\"@id\":\"https:\/\/www.technique-italia.com\/es\/products\/tintes\/hello-cream-es\/hello-cream-tinte-tono-sobre-tono\/\",\"url\":\"https:\/\/www.technique-italia.com\/es\/products\/tintes\/hello-cream-es\/hello-cream-tinte-tono-sobre-tono\/\",\"name\":\"Hello Cream | Tinte Tono sobre Tono\",\"isPartOf\":{\"@id\":\"https:\/\/www.technique-italia.com\/es\/#website\"},\"primaryImageOfPage\":{\"@id\":\"https:\/\/www.technique-italia.com\/es\/products\/tintes\/hello-cream-es\/hello-cream-tinte-tono-sobre-tono\/#primaryimage\"},\"image\":{\"@id\":\"https:\/\/www.technique-italia.com\/es\/products\/tintes\/hello-cream-es\/hello-cream-tinte-tono-sobre-tono\/#primaryimage\"},\"thumbnailUrl\":\"https:\/\/www.technique-italia.com\/wp-content\/uploads\/2015\/05\/00000_technique_hello_cream_100ml_.png\",\"datePublished\":\"2015-05-21T07:07:04+00:00\",\"dateModified\":\"2023-01-20T16:06:52+00:00\",\"description\":\"Hello Cream,\u00a0tinte tono sobre tono semipermanente, de larga duraci\u00f3n y sin amoniaco. F\u00f3rmula altamente cosm\u00e9tica y nutritiva\",\"breadcrumb\":{\"@id\":\"https:\/\/www.technique-italia.com\/es\/products\/tintes\/hello-cream-es\/hello-cream-tinte-tono-sobre-tono\/#breadcrumb\"},\"inLanguage\":\"es\",\"potentialAction\":[{\"@type\":\"ReadAction\",\"target\":[\"https:\/\/www.technique-italia.com\/es\/products\/tintes\/hello-cream-es\/hello-cream-tinte-tono-sobre-tono\/\"]}]},{\"@type\":\"ImageObject\",\"inLanguage\":\"es\",\"@id\":\"https:\/\/www.technique-italia.com\/es\/products\/tintes\/hello-cream-es\/hello-cream-tinte-tono-sobre-tono\/#primaryimage\",\"url\":\"https:\/\/www.technique-italia.com\/wp-content\/uploads\/2015\/05\/00000_technique_hello_cream_100ml_.png\",\"contentUrl\":\"https:\/\/www.technique-italia.com\/wp-content\/uploads\/2015\/05\/00000_technique_hello_cream_100ml_.png\",\"width\":600,\"height\":600},{\"@type\":\"BreadcrumbList\",\"@id\":\"https:\/\/www.technique-italia.com\/es\/products\/tintes\/hello-cream-es\/hello-cream-tinte-tono-sobre-tono\/#breadcrumb\",\"itemListElement\":[{\"@type\":\"ListItem\",\"position\":1,\"name\":\"Home\",\"item\":\"https:\/\/www.technique-italia.com\/es\/\"},{\"@type\":\"ListItem\",\"position\":2,\"name\":\"Productos\",\"item\":\"https:\/\/www.technique-italia.com\/es\/shop\/\"},{\"@type\":\"ListItem\",\"position\":3,\"name\":\"Hello Cream | Tinte Tono sobre Tono\"}]},{\"@type\":\"WebSite\",\"@id\":\"https:\/\/www.technique-italia.com\/es\/#website\",\"url\":\"https:\/\/www.technique-italia.com\/es\/\",\"name\":\"Technique\",\"description\":\"The Italian Concept\",\"potentialAction\":[{\"@type\":\"SearchAction\",\"target\":{\"@type\":\"EntryPoint\",\"urlTemplate\":\"https:\/\/www.technique-italia.com\/es\/?s={search_term_string}\"},\"query-input\":{\"@type\":\"PropertyValueSpecification\",\"valueRequired\":true,\"valueName\":\"search_term_string\"}}],\"inLanguage\":\"es\"}]}<\/script>\n<!-- \/ Yoast SEO plugin. -->","yoast_head_json":{"title":"Hello Cream | Tinte Tono sobre Tono","description":"Hello Cream,\u00a0tinte tono sobre tono semipermanente, de larga duraci\u00f3n y sin amoniaco. F\u00f3rmula altamente cosm\u00e9tica y nutritiva","robots":{"index":"index","follow":"follow","max-snippet":"max-snippet:-1","max-image-preview":"max-image-preview:large","max-video-preview":"max-video-preview:-1"},"canonical":"https:\/\/www.technique-italia.com\/es\/products\/tintes\/hello-cream-es\/hello-cream-tinte-tono-sobre-tono\/","og_locale":"es_ES","og_type":"article","og_title":"Hello Cream | Tinte Tono sobre Tono","og_description":"Hello Cream,\u00a0tinte tono sobre tono semipermanente, de larga duraci\u00f3n y sin amoniaco. F\u00f3rmula altamente cosm\u00e9tica y nutritiva","og_url":"https:\/\/www.technique-italia.com\/es\/products\/tintes\/hello-cream-es\/hello-cream-tinte-tono-sobre-tono\/","og_site_name":"Technique","article_modified_time":"2023-01-20T16:06:52+00:00","og_image":[{"width":600,"height":600,"url":"https:\/\/www.technique-italia.com\/wp-content\/uploads\/2015\/05\/00000_technique_hello_cream_100ml_.png","type":"image\/png"}],"twitter_card":"summary_large_image","schema":{"@context":"https:\/\/schema.org","@graph":[{"@type":"WebPage","@id":"https:\/\/www.technique-italia.com\/es\/products\/tintes\/hello-cream-es\/hello-cream-tinte-tono-sobre-tono\/","url":"https:\/\/www.technique-italia.com\/es\/products\/tintes\/hello-cream-es\/hello-cream-tinte-tono-sobre-tono\/","name":"Hello Cream | Tinte Tono sobre Tono","isPartOf":{"@id":"https:\/\/www.technique-italia.com\/es\/#website"},"primaryImageOfPage":{"@id":"https:\/\/www.technique-italia.com\/es\/products\/tintes\/hello-cream-es\/hello-cream-tinte-tono-sobre-tono\/#primaryimage"},"image":{"@id":"https:\/\/www.technique-italia.com\/es\/products\/tintes\/hello-cream-es\/hello-cream-tinte-tono-sobre-tono\/#primaryimage"},"thumbnailUrl":"https:\/\/www.technique-italia.com\/wp-content\/uploads\/2015\/05\/00000_technique_hello_cream_100ml_.png","datePublished":"2015-05-21T07:07:04+00:00","dateModified":"2023-01-20T16:06:52+00:00","description":"Hello Cream,\u00a0tinte tono sobre tono semipermanente, de larga duraci\u00f3n y sin amoniaco. F\u00f3rmula altamente cosm\u00e9tica y nutritiva","breadcrumb":{"@id":"https:\/\/www.technique-italia.com\/es\/products\/tintes\/hello-cream-es\/hello-cream-tinte-tono-sobre-tono\/#breadcrumb"},"inLanguage":"es","potentialAction":[{"@type":"ReadAction","target":["https:\/\/www.technique-italia.com\/es\/products\/tintes\/hello-cream-es\/hello-cream-tinte-tono-sobre-tono\/"]}]},{"@type":"ImageObject","inLanguage":"es","@id":"https:\/\/www.technique-italia.com\/es\/products\/tintes\/hello-cream-es\/hello-cream-tinte-tono-sobre-tono\/#primaryimage","url":"https:\/\/www.technique-italia.com\/wp-content\/uploads\/2015\/05\/00000_technique_hello_cream_100ml_.png","contentUrl":"https:\/\/www.technique-italia.com\/wp-content\/uploads\/2015\/05\/00000_technique_hello_cream_100ml_.png","width":600,"height":600},{"@type":"BreadcrumbList","@id":"https:\/\/www.technique-italia.com\/es\/products\/tintes\/hello-cream-es\/hello-cream-tinte-tono-sobre-tono\/#breadcrumb","itemListElement":[{"@type":"ListItem","position":1,"name":"Home","item":"https:\/\/www.technique-italia.com\/es\/"},{"@type":"ListItem","position":2,"name":"Productos","item":"https:\/\/www.technique-italia.com\/es\/shop\/"},{"@type":"ListItem","position":3,"name":"Hello Cream | Tinte Tono sobre Tono"}]},{"@type":"WebSite","@id":"https:\/\/www.technique-italia.com\/es\/#website","url":"https:\/\/www.technique-italia.com\/es\/","name":"Technique","description":"The Italian Concept","potentialAction":[{"@type":"SearchAction","target":{"@type":"EntryPoint","urlTemplate":"https:\/\/www.technique-italia.com\/es\/?s={search_term_string}"},"query-input":{"@type":"PropertyValueSpecification","valueRequired":true,"valueName":"search_term_string"}}],"inLanguage":"es"}]}},"_links":{"self":[{"href":"https:\/\/www.technique-italia.com\/es\/wp-json\/wp\/v2\/product\/11459","targetHints":{"allow":["GET"]}}],"collection":[{"href":"https:\/\/www.technique-italia.com\/es\/wp-json\/wp\/v2\/product"}],"about":[{"href":"https:\/\/www.technique-italia.com\/es\/wp-json\/wp\/v2\/types\/product"}],"wp:featuredmedia":[{"embeddable":true,"href":"https:\/\/www.technique-italia.com\/es\/wp-json\/wp\/v2\/media\/17244"}],"wp:attachment":[{"href":"https:\/\/www.technique-italia.com\/es\/wp-json\/wp\/v2\/media?parent=11459"}],"wp:term":[{"taxonomy":"product_brand","embeddable":true,"href":"https:\/\/www.technique-italia.com\/es\/wp-json\/wp\/v2\/product_brand?post=11459"},{"taxonomy":"product_cat","embeddable":true,"href":"https:\/\/www.technique-italia.com\/es\/wp-json\/wp\/v2\/product_cat?post=11459"},{"taxonomy":"product_tag","embeddable":true,"href":"https:\/\/www.technique-italia.com\/es\/wp-json\/wp\/v2\/product_tag?post=11459"}],"curies":[{"name":"wp","href":"https:\/\/api.w.org\/{rel}","templated":true}]}}