{"id":15101,"date":"2023-05-04T16:24:16","date_gmt":"2023-05-04T14:24:16","guid":{"rendered":"https:\/\/www.technique-italia.com\/\/thank-you-page\/"},"modified":"2023-05-04T16:24:16","modified_gmt":"2023-05-04T14:24:16","slug":"thank-you-page","status":"publish","type":"page","link":"https:\/\/www.technique-italia.com\/es\/thank-you-page\/","title":{"rendered":"Thank you page"},"content":{"rendered":"<div class=\"wpb-content-wrapper\"><p>[vc_row][vc_column][vc_empty_space][vc_column_text]<\/p>\n<h1>GRACIAS POR PONERSE EN CONTACTO CON NOSOTROS<\/h1>\n<p>Hemos recibido su mensaje. Uno de nuestros asesores se pondr\u00e1 en contacto contigo lo antes posible. Si quieres hablar con nuestro equipo de atenci\u00f3n al cliente, puedes llamar al 800.273.708 o ponerte en contacto con nosotros en nuestra p\u00e1gina de Facebook.[\/vc_column_text][vc_single_image image=\u00bb6549&#8243; img_size=\u00bb40X40&#8243; onclick=\u00bbcustom_link\u00bb img_link_target=\u00bb_blank\u00bb link=\u00bbhttps:\/\/www.facebook.com\/TechniqueOfficial\/\u00bb title=\u00bbContattaci su Facebook\u00bb][vc_separator][\/vc_column][\/vc_row]<\/p>\n<\/div>","protected":false},"excerpt":{"rendered":"<p>[vc_row][vc_column][vc_empty_space][vc_column_text] GRACIAS POR PONERSE EN CONTACTO CON NOSOTROS Hemos recibido su mensaje. Uno de nuestros asesores se pondr\u00e1 en contacto contigo lo antes posible. Si quieres hablar con nuestro equipo de atenci\u00f3n al cliente, puedes llamar al 800.273.708 o ponerte en contacto con nosotros en nuestra p\u00e1gina de Facebook.[\/vc_column_text][vc_single_image image=\u00bb6549&#8243; img_size=\u00bb40X40&#8243; onclick=\u00bbcustom_link\u00bb img_link_target=\u00bb_blank\u00bb link=\u00bbhttps:\/\/www.facebook.com\/TechniqueOfficial\/\u00bb title=\u00bbContattaci&hellip;<\/p>\n","protected":false},"author":1,"featured_media":0,"parent":0,"menu_order":0,"comment_status":"closed","ping_status":"closed","template":"","meta":{"footnotes":""},"class_list":["post-15101","page","type-page","status-publish","hentry","description-off"],"yoast_head":"<!-- This site is optimized with the Yoast SEO plugin v26.8 - https:\/\/yoast.com\/product\/yoast-seo-wordpress\/ -->\n<title>Thank you page - Technique<\/title>\n<meta name=\"robots\" content=\"noindex, nofollow\" \/>\n<meta property=\"og:locale\" content=\"es_ES\" \/>\n<meta property=\"og:type\" content=\"article\" \/>\n<meta property=\"og:title\" content=\"Thank you page - Technique\" \/>\n<meta property=\"og:description\" content=\"[vc_row][vc_column][vc_empty_space][vc_column_text] GRACIAS POR PONERSE EN CONTACTO CON NOSOTROS Hemos recibido su mensaje. Uno de nuestros asesores se pondr\u00e1 en contacto contigo lo antes posible. Si quieres hablar con nuestro equipo de atenci\u00f3n al cliente, puedes llamar al 800.273.708 o ponerte en contacto con nosotros en nuestra p\u00e1gina de Facebook.[\/vc_column_text][vc_single_image image=\u00bb6549&#8243; img_size=\u00bb40X40&#8243; onclick=\u00bbcustom_link\u00bb img_link_target=\u00bb_blank\u00bb link=\u00bbhttps:\/\/www.facebook.com\/TechniqueOfficial\/\u00bb title=\u00bbContattaci&hellip;\" \/>\n<meta property=\"og:url\" content=\"https:\/\/www.technique-italia.com\/es\/thank-you-page\/\" \/>\n<meta property=\"og:site_name\" content=\"Technique\" \/>\n<meta name=\"twitter:card\" content=\"summary_large_image\" \/>\n<script type=\"application\/ld+json\" class=\"yoast-schema-graph\">{\"@context\":\"https:\/\/schema.org\",\"@graph\":[{\"@type\":\"WebPage\",\"@id\":\"https:\/\/www.technique-italia.com\/es\/thank-you-page\/\",\"url\":\"https:\/\/www.technique-italia.com\/es\/thank-you-page\/\",\"name\":\"Thank you page - Technique\",\"isPartOf\":{\"@id\":\"https:\/\/www.technique-italia.com\/es\/#website\"},\"datePublished\":\"2023-05-04T14:24:16+00:00\",\"breadcrumb\":{\"@id\":\"https:\/\/www.technique-italia.com\/es\/thank-you-page\/#breadcrumb\"},\"inLanguage\":\"es\",\"potentialAction\":[{\"@type\":\"ReadAction\",\"target\":[\"https:\/\/www.technique-italia.com\/es\/thank-you-page\/\"]}]},{\"@type\":\"BreadcrumbList\",\"@id\":\"https:\/\/www.technique-italia.com\/es\/thank-you-page\/#breadcrumb\",\"itemListElement\":[{\"@type\":\"ListItem\",\"position\":1,\"name\":\"Home\",\"item\":\"https:\/\/www.technique-italia.com\/es\/\"},{\"@type\":\"ListItem\",\"position\":2,\"name\":\"Thank you page\"}]},{\"@type\":\"WebSite\",\"@id\":\"https:\/\/www.technique-italia.com\/es\/#website\",\"url\":\"https:\/\/www.technique-italia.com\/es\/\",\"name\":\"Technique\",\"description\":\"The Italian Concept\",\"potentialAction\":[{\"@type\":\"SearchAction\",\"target\":{\"@type\":\"EntryPoint\",\"urlTemplate\":\"https:\/\/www.technique-italia.com\/es\/?s={search_term_string}\"},\"query-input\":{\"@type\":\"PropertyValueSpecification\",\"valueRequired\":true,\"valueName\":\"search_term_string\"}}],\"inLanguage\":\"es\"}]}<\/script>\n<!-- \/ Yoast SEO plugin. -->","yoast_head_json":{"title":"Thank you page - Technique","robots":{"index":"noindex","follow":"nofollow"},"og_locale":"es_ES","og_type":"article","og_title":"Thank you page - Technique","og_description":"[vc_row][vc_column][vc_empty_space][vc_column_text] GRACIAS POR PONERSE EN CONTACTO CON NOSOTROS Hemos recibido su mensaje. Uno de nuestros asesores se pondr\u00e1 en contacto contigo lo antes posible. Si quieres hablar con nuestro equipo de atenci\u00f3n al cliente, puedes llamar al 800.273.708 o ponerte en contacto con nosotros en nuestra p\u00e1gina de Facebook.[\/vc_column_text][vc_single_image image=\u00bb6549&#8243; img_size=\u00bb40X40&#8243; onclick=\u00bbcustom_link\u00bb img_link_target=\u00bb_blank\u00bb link=\u00bbhttps:\/\/www.facebook.com\/TechniqueOfficial\/\u00bb title=\u00bbContattaci&hellip;","og_url":"https:\/\/www.technique-italia.com\/es\/thank-you-page\/","og_site_name":"Technique","twitter_card":"summary_large_image","schema":{"@context":"https:\/\/schema.org","@graph":[{"@type":"WebPage","@id":"https:\/\/www.technique-italia.com\/es\/thank-you-page\/","url":"https:\/\/www.technique-italia.com\/es\/thank-you-page\/","name":"Thank you page - Technique","isPartOf":{"@id":"https:\/\/www.technique-italia.com\/es\/#website"},"datePublished":"2023-05-04T14:24:16+00:00","breadcrumb":{"@id":"https:\/\/www.technique-italia.com\/es\/thank-you-page\/#breadcrumb"},"inLanguage":"es","potentialAction":[{"@type":"ReadAction","target":["https:\/\/www.technique-italia.com\/es\/thank-you-page\/"]}]},{"@type":"BreadcrumbList","@id":"https:\/\/www.technique-italia.com\/es\/thank-you-page\/#breadcrumb","itemListElement":[{"@type":"ListItem","position":1,"name":"Home","item":"https:\/\/www.technique-italia.com\/es\/"},{"@type":"ListItem","position":2,"name":"Thank you page"}]},{"@type":"WebSite","@id":"https:\/\/www.technique-italia.com\/es\/#website","url":"https:\/\/www.technique-italia.com\/es\/","name":"Technique","description":"The Italian Concept","potentialAction":[{"@type":"SearchAction","target":{"@type":"EntryPoint","urlTemplate":"https:\/\/www.technique-italia.com\/es\/?s={search_term_string}"},"query-input":{"@type":"PropertyValueSpecification","valueRequired":true,"valueName":"search_term_string"}}],"inLanguage":"es"}]}},"_links":{"self":[{"href":"https:\/\/www.technique-italia.com\/es\/wp-json\/wp\/v2\/pages\/15101","targetHints":{"allow":["GET"]}}],"collection":[{"href":"https:\/\/www.technique-italia.com\/es\/wp-json\/wp\/v2\/pages"}],"about":[{"href":"https:\/\/www.technique-italia.com\/es\/wp-json\/wp\/v2\/types\/page"}],"author":[{"embeddable":true,"href":"https:\/\/www.technique-italia.com\/es\/wp-json\/wp\/v2\/users\/1"}],"replies":[{"embeddable":true,"href":"https:\/\/www.technique-italia.com\/es\/wp-json\/wp\/v2\/comments?post=15101"}],"version-history":[{"count":0,"href":"https:\/\/www.technique-italia.com\/es\/wp-json\/wp\/v2\/pages\/15101\/revisions"}],"wp:attachment":[{"href":"https:\/\/www.technique-italia.com\/es\/wp-json\/wp\/v2\/media?parent=15101"}],"curies":[{"name":"wp","href":"https:\/\/api.w.org\/{rel}","templated":true}]}}