{"id":11261,"date":"2022-07-28T12:33:50","date_gmt":"2022-07-28T10:33:50","guid":{"rendered":"https:\/\/www.technique-italia.com\/\/cookie-policy\/"},"modified":"2022-07-28T12:35:14","modified_gmt":"2022-07-28T10:35:14","slug":"cookie-policy","status":"publish","type":"page","link":"https:\/\/www.technique-italia.com\/es\/cookie-policy\/","title":{"rendered":"Cookie Policy"},"content":{"rendered":"<div class=\"wpb-content-wrapper\"><p>[vc_row][vc_column][vc_column_text]<\/p>\n<h4><b>COOKIE POLICY<\/b><\/h4>\n<h4><b>Informaciones generales, desactivaci\u00f3n y gesti\u00f3n de cookie<\/b><\/h4>\n<p>Los cookie son datos que se env\u00edan desde el sitio web y son memorizados por el browser internet en el ordenador u otro dispositivo (por ejemplo, tablet o m\u00f3vil) del usuario. Nuestro sitio web o sus subdominios pueden instalar cookies t\u00e9cnicas y cookies de terceros.<\/p>\n<p>Por lo tanto, el usuario podr\u00e1 gestionar, es decir, solicitar la desactivaci\u00f3n general o la eliminaci\u00f3n de cookies, modificando la configuraci\u00f3n de su navegador de internet. Sin embargo, dicha desactivaci\u00f3n puede ralentizar o impedir el acceso a ciertas partes del sitio.<\/p>\n<p>La configuraci\u00f3n para gestionar o desactivar cookies pueden variar seg\u00fan el navegador internet utilizado, por lo tanto, para obtener m\u00e1s informaci\u00f3n sobre las modalidades para cumplir estas operaciones, recomendamos al Usuario consultar el manual de su dispositivo o la funci\u00f3n \u201cAyuda\u201d o \u201cHelp\u201d de su navegador internet.<\/p>\n<p>A continuaci\u00f3n se indican a los Usuarios los link que explican c\u00f3mo gestionar o deshabilitar cookies para los navegadores m\u00e1s utilizados:<\/p>\n<p>Internet Explorer:<a href=\"http:\/\/windows.microsoft.com\/it-IT\/internet-explorer\/delete-manage-cookies\">\u00a0Delete and manage cookies<\/a><\/p>\n<p>Google Chrome:<a href=\"https:\/\/support.google.com\/chrome\/answer\/95647\">\u00a0Clear, enable, and manage cookies in Chrome \u2013 Android \u2013\u00a0Google Chrome Help<\/a><\/p>\n<p>Mozilla Firefox:<a href=\"http:\/\/support.mozilla.org\/it\/kb\/Gestione%2520dei%2520cookie\">\u00a0Gestione dei cookie | Supporto a Firefox<\/a><\/p>\n<p>Opera:<a href=\"http:\/\/help.opera.com\/Windows\/10.00\/it\/cookies.html\">\u00a0Web preferences<\/a><\/p>\n<p>Safari:<a href=\"https:\/\/support.apple.com\/it-it\/guide\/safari\/sfri11471\/mac\">\u00a0Gestire i cookie e i dati dei siti web in Safari sul Mac<\/a><\/p>\n<h4><b>Cookies t\u00e9cnicos<\/b><\/h4>\n<p>El uso de cookies t\u00e9cnicas, es decir, cookies necesarias para la transmisi\u00f3n de comunicaciones en la red de comunicaci\u00f3n electr\u00f3nica o cookies estrictamente necesarias para que el proveedor preste el servicio solicitado por el cliente, permite el uso seguro y eficiente de nuestro sitio.<\/p>\n<p>Podr\u00e1n ser instalados cookies de sesi\u00f3n a fin de consentir el acceso y la permanencia en el \u00e1rea reservada del portal como usuario autenticado.<\/p>\n<p>Las cookies t\u00e9cnicas son esenciales para el correcto funcionamiento de nuestro sitio internet y son utilizadas para permitir la normal navegaci\u00f3n a los usuarios y la posibilidad de disfrutar de los servicios avanzados disponibles en nuestro sitio web.<\/p>\n<p>Las cookies t\u00e9cnicas utilizadas se diferencian en cookies de sesi\u00f3n, que se memorizan exclusivamente por la duraci\u00f3n de la navegaci\u00f3n hasta el cierre del browser, y cookies persistentes que se salvan en la memoria del dispositivo del usuario hasta su expiraci\u00f3n o eliminaci\u00f3n por parte del usuario mismo. Nuestro Sitio utiliza las siguientes cookie t\u00e9cnicas:<\/p>\n<p>Cookie t\u00e9cnicas de navegaci\u00f3n o de sesi\u00f3n, utilizados para administrar la navegaci\u00f3n normal y la autenticaci\u00f3n del usuario;<\/p>\n<p>Cookie t\u00e9cnicas funcionales, utilizadas para memorizar personalizaciones elegidas por el usuario, como, por ejemplo, el idioma;<\/p>\n<p>Cookie t\u00e9cnicas analytics, utilizados para conocer la forma en que los usuarios utilizan nuestro sitio web para poder evaluar y mejorar el funcionamiento.<\/p>\n<h4><b>Cookie de tercera parte<\/b><\/h4>\n<p>Podr\u00e1n ser instalados cookies de tercera parte: se trata de cookies, anal\u00edticos y de perfilaci\u00f3n, de Google Analytics, Google Doubleclick, Criteo, Rocket Fuel, Youtube, Yahoo, Bing y Facebook.<\/p>\n<p>Estas cookies son enviadas desde los sitios internet de predichas terceras partes a nuestro sitio.<\/p>\n<p>Las cookies anal\u00edticas de terceras partes son empleadas para relevar informaci\u00f3n del comportamiento de los usuarios en el sitio.<\/p>\n<p>La detecci\u00f3n se realiza de forma an\u00f3nima, con el fin de monitorear el rendimiento y mejorar la usabilidad del sitio. Las cookies de elaboraci\u00f3n de perfiles de terceros se utilizan para crear perfiles relativos a los usuarios, con el fin de ofrecer mensajes publicitarios en l\u00ednea con las opciones manifestadas por los usuarios.<\/p>\n<p>El uso de estas cookies se rige por las reglas establecidas por los terceros, por lo tanto, se invita a los Usuarios a consultar las declaraciones de privacidad y las indicaciones para gestionar o desactivar las cookies publicadas en las siguientes p\u00e1ginas web:<\/p>\n<p>Para cookies de Google Analytics:<\/p>\n<p>\u2013 privacy policy:<a href=\"https:\/\/www.google.com\/intl\/it\/policies\/privacy\/\">\u00a0Norme sulla privacy \u2013 Privacy e termini \u2013 Google<\/a><\/p>\n<p>\u2013 indicaciones para administrar o deshabilitar las cookies:<a href=\"https:\/\/support.google.com\/accounts\/answer\/61416?hl=it\">\u00a0Attivare o disattivare\u00a0i cookie \u2013 Android \u2013 Guida di Account Google<\/a><\/p>\n<h4><b>Cookies de perfilaci\u00f3n<\/b><\/h4>\n<p>Pueden ser instalados por parte del\/de los Titular\/es, mediante software de c.d. web analytics, cookies de perfilaci\u00f3n, los cuales son utilizados para preparar reportes de an\u00e1lisis detallados y en tiempo real relativos a informaciones sobre: visitantes de un sitio web, motores de b\u00fasqueda de procedencia, palabras clave utilizadas, idioma de uso, p\u00e1ginas m\u00e1s visitadas.<\/p>\n<p>Los mismos pueden recoger informaciones y datos como direcci\u00f3n IP, nacionalidad, ciudad, fecha\/hora, dispositivo, navegador, sistema operativo, resoluci\u00f3n de la pantalla, procedencia de navegaci\u00f3n, p\u00e1ginas visitadas y n\u00famero de p\u00e1ginas, duraci\u00f3n de la visita, n\u00famero de visitas realizadas.<\/p>\n<p>&nbsp;<\/p>\n<\/div>","protected":false},"excerpt":{"rendered":"<p>[vc_row][vc_column][vc_column_text] COOKIE POLICY Informaciones generales, desactivaci\u00f3n y gesti\u00f3n de cookie Los cookie son datos que se env\u00edan desde el sitio web y son memorizados por el browser internet en el ordenador u otro dispositivo (por ejemplo, tablet o m\u00f3vil) del usuario. Nuestro sitio web o sus subdominios pueden instalar cookies t\u00e9cnicas y cookies de terceros.&hellip;<\/p>\n","protected":false},"author":1,"featured_media":0,"parent":0,"menu_order":0,"comment_status":"closed","ping_status":"closed","template":"","meta":{"footnotes":""},"class_list":["post-11261","page","type-page","status-publish","hentry","description-off"],"yoast_head":"<!-- This site is optimized with the Yoast SEO plugin v26.8 - https:\/\/yoast.com\/product\/yoast-seo-wordpress\/ -->\n<title>Cookie Policy - Technique<\/title>\n<meta name=\"description\" content=\"Technique, adeguandosi alla nuova normativa, utilizza i cookies per migliorare l&#039;esperienza dell&#039;utente.\" \/>\n<meta name=\"robots\" content=\"index, follow, max-snippet:-1, max-image-preview:large, max-video-preview:-1\" \/>\n<link rel=\"canonical\" href=\"https:\/\/www.technique-italia.com\/es\/cookie-policy\/\" \/>\n<meta property=\"og:locale\" content=\"es_ES\" \/>\n<meta property=\"og:type\" content=\"article\" \/>\n<meta property=\"og:title\" content=\"Cookie Policy - Technique\" \/>\n<meta property=\"og:description\" content=\"Technique, adeguandosi alla nuova normativa, utilizza i cookies per migliorare l&#039;esperienza dell&#039;utente.\" \/>\n<meta property=\"og:url\" content=\"https:\/\/www.technique-italia.com\/es\/cookie-policy\/\" \/>\n<meta property=\"og:site_name\" content=\"Technique\" \/>\n<meta property=\"article:modified_time\" content=\"2022-07-28T10:35:14+00:00\" \/>\n<meta name=\"twitter:card\" content=\"summary_large_image\" \/>\n<meta name=\"twitter:label1\" content=\"Tiempo de lectura\" \/>\n\t<meta name=\"twitter:data1\" content=\"4 minutos\" \/>\n<script type=\"application\/ld+json\" class=\"yoast-schema-graph\">{\"@context\":\"https:\/\/schema.org\",\"@graph\":[{\"@type\":\"WebPage\",\"@id\":\"https:\/\/www.technique-italia.com\/es\/cookie-policy\/\",\"url\":\"https:\/\/www.technique-italia.com\/es\/cookie-policy\/\",\"name\":\"Cookie Policy - Technique\",\"isPartOf\":{\"@id\":\"https:\/\/www.technique-italia.com\/es\/#website\"},\"datePublished\":\"2022-07-28T10:33:50+00:00\",\"dateModified\":\"2022-07-28T10:35:14+00:00\",\"description\":\"Technique, adeguandosi alla nuova normativa, utilizza i cookies per migliorare l'esperienza dell'utente.\",\"breadcrumb\":{\"@id\":\"https:\/\/www.technique-italia.com\/es\/cookie-policy\/#breadcrumb\"},\"inLanguage\":\"es\",\"potentialAction\":[{\"@type\":\"ReadAction\",\"target\":[\"https:\/\/www.technique-italia.com\/es\/cookie-policy\/\"]}]},{\"@type\":\"BreadcrumbList\",\"@id\":\"https:\/\/www.technique-italia.com\/es\/cookie-policy\/#breadcrumb\",\"itemListElement\":[{\"@type\":\"ListItem\",\"position\":1,\"name\":\"Home\",\"item\":\"https:\/\/www.technique-italia.com\/es\/\"},{\"@type\":\"ListItem\",\"position\":2,\"name\":\"Cookie Policy\"}]},{\"@type\":\"WebSite\",\"@id\":\"https:\/\/www.technique-italia.com\/es\/#website\",\"url\":\"https:\/\/www.technique-italia.com\/es\/\",\"name\":\"Technique\",\"description\":\"The Italian Concept\",\"potentialAction\":[{\"@type\":\"SearchAction\",\"target\":{\"@type\":\"EntryPoint\",\"urlTemplate\":\"https:\/\/www.technique-italia.com\/es\/?s={search_term_string}\"},\"query-input\":{\"@type\":\"PropertyValueSpecification\",\"valueRequired\":true,\"valueName\":\"search_term_string\"}}],\"inLanguage\":\"es\"}]}<\/script>\n<!-- \/ Yoast SEO plugin. -->","yoast_head_json":{"title":"Cookie Policy - Technique","description":"Technique, adeguandosi alla nuova normativa, utilizza i cookies per migliorare l'esperienza dell'utente.","robots":{"index":"index","follow":"follow","max-snippet":"max-snippet:-1","max-image-preview":"max-image-preview:large","max-video-preview":"max-video-preview:-1"},"canonical":"https:\/\/www.technique-italia.com\/es\/cookie-policy\/","og_locale":"es_ES","og_type":"article","og_title":"Cookie Policy - Technique","og_description":"Technique, adeguandosi alla nuova normativa, utilizza i cookies per migliorare l'esperienza dell'utente.","og_url":"https:\/\/www.technique-italia.com\/es\/cookie-policy\/","og_site_name":"Technique","article_modified_time":"2022-07-28T10:35:14+00:00","twitter_card":"summary_large_image","twitter_misc":{"Tiempo de lectura":"4 minutos"},"schema":{"@context":"https:\/\/schema.org","@graph":[{"@type":"WebPage","@id":"https:\/\/www.technique-italia.com\/es\/cookie-policy\/","url":"https:\/\/www.technique-italia.com\/es\/cookie-policy\/","name":"Cookie Policy - Technique","isPartOf":{"@id":"https:\/\/www.technique-italia.com\/es\/#website"},"datePublished":"2022-07-28T10:33:50+00:00","dateModified":"2022-07-28T10:35:14+00:00","description":"Technique, adeguandosi alla nuova normativa, utilizza i cookies per migliorare l'esperienza dell'utente.","breadcrumb":{"@id":"https:\/\/www.technique-italia.com\/es\/cookie-policy\/#breadcrumb"},"inLanguage":"es","potentialAction":[{"@type":"ReadAction","target":["https:\/\/www.technique-italia.com\/es\/cookie-policy\/"]}]},{"@type":"BreadcrumbList","@id":"https:\/\/www.technique-italia.com\/es\/cookie-policy\/#breadcrumb","itemListElement":[{"@type":"ListItem","position":1,"name":"Home","item":"https:\/\/www.technique-italia.com\/es\/"},{"@type":"ListItem","position":2,"name":"Cookie Policy"}]},{"@type":"WebSite","@id":"https:\/\/www.technique-italia.com\/es\/#website","url":"https:\/\/www.technique-italia.com\/es\/","name":"Technique","description":"The Italian Concept","potentialAction":[{"@type":"SearchAction","target":{"@type":"EntryPoint","urlTemplate":"https:\/\/www.technique-italia.com\/es\/?s={search_term_string}"},"query-input":{"@type":"PropertyValueSpecification","valueRequired":true,"valueName":"search_term_string"}}],"inLanguage":"es"}]}},"_links":{"self":[{"href":"https:\/\/www.technique-italia.com\/es\/wp-json\/wp\/v2\/pages\/11261","targetHints":{"allow":["GET"]}}],"collection":[{"href":"https:\/\/www.technique-italia.com\/es\/wp-json\/wp\/v2\/pages"}],"about":[{"href":"https:\/\/www.technique-italia.com\/es\/wp-json\/wp\/v2\/types\/page"}],"author":[{"embeddable":true,"href":"https:\/\/www.technique-italia.com\/es\/wp-json\/wp\/v2\/users\/1"}],"replies":[{"embeddable":true,"href":"https:\/\/www.technique-italia.com\/es\/wp-json\/wp\/v2\/comments?post=11261"}],"version-history":[{"count":0,"href":"https:\/\/www.technique-italia.com\/es\/wp-json\/wp\/v2\/pages\/11261\/revisions"}],"wp:attachment":[{"href":"https:\/\/www.technique-italia.com\/es\/wp-json\/wp\/v2\/media?parent=11261"}],"curies":[{"name":"wp","href":"https:\/\/api.w.org\/{rel}","templated":true}]}}